{"id":6716,"date":"2021-06-03T13:39:26","date_gmt":"2021-06-03T11:39:26","guid":{"rendered":"https:\/\/sapor.twindisc.pl\/mb-104\/"},"modified":"2023-10-28T20:28:41","modified_gmt":"2023-10-28T18:28:41","slug":"mb-104","status":"publish","type":"page","link":"http:\/\/sapor.twindisc.pl\/de\/mb-104\/","title":{"rendered":"MB-104"},"content":{"rendered":"<div class=\"fusion-fullwidth fullwidth-box fusion-builder-row-1 fusion-flex-container nonhundred-percent-fullwidth non-hundred-percent-height-scrolling\" style=\"--awb-border-radius-top-left:0px;--awb-border-radius-top-right:0px;--awb-border-radius-bottom-right:0px;--awb-border-radius-bottom-left:0px;--awb-flex-wrap:wrap;\" ><div class=\"fusion-builder-row fusion-row fusion-flex-align-items-flex-start fusion-flex-content-wrap\" style=\"max-width:1528.8px;margin-left: calc(-4% \/ 2 );margin-right: calc(-4% \/ 2 );\"><div class=\"fusion-layout-column fusion_builder_column fusion-builder-column-0 fusion_builder_column_1_1 1_1 fusion-flex-column\" style=\"--awb-bg-size:cover;--awb-width-large:100%;--awb-margin-top-large:0px;--awb-spacing-right-large:1.92%;--awb-margin-bottom-large:20px;--awb-spacing-left-large:1.92%;--awb-width-medium:100%;--awb-order-medium:0;--awb-spacing-right-medium:1.92%;--awb-spacing-left-medium:1.92%;--awb-width-small:100%;--awb-order-small:0;--awb-spacing-right-small:1.92%;--awb-spacing-left-small:1.92%;\"><div class=\"fusion-column-wrapper fusion-column-has-shadow fusion-flex-justify-content-flex-start fusion-content-layout-column\"><div class=\"fusion-text fusion-text-1\"><h2><span style=\"font-weight: 400;\">MB-104 Aluminiumfenster<\/span><\/h2>\n<\/div><div class=\"fusion-text fusion-text-2\"><h4><span style=\"font-weight: 400;\">Innovative W\u00e4rmed\u00e4mmung | Eleganz und maximale Verglasung<\/span><\/h4>\n<\/div><\/div><\/div><div class=\"fusion-layout-column fusion_builder_column fusion-builder-column-1 fusion_builder_column_1_2 1_2 fusion-flex-column fusion-flex-align-self-center fusion-animated\" style=\"--awb-bg-size:cover;--awb-width-large:50%;--awb-margin-top-large:0px;--awb-spacing-right-large:3.84%;--awb-margin-bottom-large:20px;--awb-spacing-left-large:3.84%;--awb-width-medium:50%;--awb-order-medium:0;--awb-spacing-right-medium:3.84%;--awb-spacing-left-medium:3.84%;--awb-width-small:100%;--awb-order-small:0;--awb-spacing-right-small:1.92%;--awb-spacing-left-small:1.92%;\" data-animationType=\"slideInLeft\" data-animationDuration=\"0.9\" data-animationOffset=\"top-into-view\"><div class=\"fusion-column-wrapper fusion-column-has-shadow fusion-flex-justify-content-flex-start fusion-content-layout-column\"><div class=\"fusion-text fusion-text-3\" style=\"--awb-font-size:18px;--awb-margin-right:10px;--awb-margin-left:10px;\"><p><span style=\"font-weight: 400;\">Das MB-104 Aluminiumfenster bietet h\u00f6chste Verarbeitungsqualit\u00e4t, hervorragende W\u00e4rmed\u00e4mmung und ein \u00e4sthetisches Design. Dank des innovativen W\u00e4rmed\u00e4mmsystems Advanced und der fortschrittlichen Aluminiumprofile bietet dieses Fenster eine au\u00dfergew\u00f6hnliche W\u00e4rme- und Schalld\u00e4mmung. Der hohe Uw-Koeffizient zeugt von seiner au\u00dfergew\u00f6hnlichen Energieeffizienz, die sich in Energieeinsparungen und Komfort niederschl\u00e4gt.<\/span><\/p>\n<\/div><\/div><\/div><div class=\"fusion-layout-column fusion_builder_column fusion-builder-column-2 fusion_builder_column_1_2 1_2 fusion-flex-column fusion-animated\" style=\"--awb-padding-top-small:0px;--awb-bg-size:cover;--awb-width-large:50%;--awb-margin-top-large:0px;--awb-spacing-right-large:3.84%;--awb-margin-bottom-large:20px;--awb-spacing-left-large:3.84%;--awb-width-medium:50%;--awb-order-medium:0;--awb-spacing-right-medium:3.84%;--awb-spacing-left-medium:3.84%;--awb-width-small:100%;--awb-order-small:0;--awb-spacing-right-small:1.92%;--awb-spacing-left-small:1.92%;\" data-animationType=\"slideInRight\" data-animationDuration=\"0.9\" data-animationOffset=\"top-into-view\"><div class=\"fusion-column-wrapper fusion-column-has-shadow fusion-flex-justify-content-flex-start fusion-content-layout-column\"><div class=\"fusion-image-element \" style=\"text-align:center;--awb-max-width:450px;--awb-caption-title-font-family:var(--h2_typography-font-family);--awb-caption-title-font-weight:var(--h2_typography-font-weight);--awb-caption-title-font-style:var(--h2_typography-font-style);--awb-caption-title-size:var(--h2_typography-font-size);--awb-caption-title-transform:var(--h2_typography-text-transform);--awb-caption-title-line-height:var(--h2_typography-line-height);--awb-caption-title-letter-spacing:var(--h2_typography-letter-spacing);\"><span class=\" fusion-imageframe imageframe-none imageframe-1 hover-type-none\"><img decoding=\"async\" width=\"300\" height=\"400\" title=\"mb-104\" src=\"http:\/\/sapor.twindisc.pl\/wp-content\/uploads\/2021\/06\/mb-104.jpg\" data-orig-src=\"http:\/\/sapor.twindisc.pl\/wp-content\/uploads\/2021\/06\/mb-104.jpg\" alt class=\"lazyload img-responsive wp-image-1797\" srcset=\"data:image\/svg+xml,%3Csvg%20xmlns%3D%27http%3A%2F%2Fwww.w3.org%2F2000%2Fsvg%27%20width%3D%27300%27%20height%3D%27400%27%20viewBox%3D%270%200%20300%20400%27%3E%3Crect%20width%3D%27300%27%20height%3D%27400%27%20fill-opacity%3D%220%22%2F%3E%3C%2Fsvg%3E\" data-srcset=\"http:\/\/sapor.twindisc.pl\/wp-content\/uploads\/2021\/06\/mb-104-200x267.jpg 200w, http:\/\/sapor.twindisc.pl\/wp-content\/uploads\/2021\/06\/mb-104.jpg 300w\" data-sizes=\"auto\" data-orig-sizes=\"(max-width: 640px) 100vw, 300px\" \/><\/span><\/div><\/div><\/div><div class=\"fusion-layout-column fusion_builder_column fusion-builder-column-3 fusion_builder_column_1_3 1_3 fusion-flex-column fusion-flex-align-self-center fusion-animated\" style=\"--awb-bg-size:cover;--awb-width-large:33.333333333333%;--awb-margin-top-large:0px;--awb-spacing-right-large:5.76%;--awb-margin-bottom-large:20px;--awb-spacing-left-large:5.76%;--awb-width-medium:33.333333333333%;--awb-order-medium:0;--awb-spacing-right-medium:5.76%;--awb-spacing-left-medium:5.76%;--awb-width-small:100%;--awb-order-small:0;--awb-spacing-right-small:1.92%;--awb-spacing-left-small:1.92%;\" data-animationType=\"slideInLeft\" data-animationDuration=\"0.9\" data-animationOffset=\"top-into-view\"><div class=\"fusion-column-wrapper fusion-column-has-shadow fusion-flex-justify-content-flex-start fusion-content-layout-column\"><div class=\"fusion-image-element \" style=\"text-align:center;--awb-caption-title-font-family:var(--h2_typography-font-family);--awb-caption-title-font-weight:var(--h2_typography-font-weight);--awb-caption-title-font-style:var(--h2_typography-font-style);--awb-caption-title-size:var(--h2_typography-font-size);--awb-caption-title-transform:var(--h2_typography-text-transform);--awb-caption-title-line-height:var(--h2_typography-line-height);--awb-caption-title-letter-spacing:var(--h2_typography-letter-spacing);\"><span class=\" fusion-imageframe imageframe-none imageframe-2 hover-type-none\"><img decoding=\"async\" width=\"800\" height=\"560\" title=\"mb-104-passive-3\" src=\"http:\/\/sapor.twindisc.pl\/wp-content\/uploads\/2021\/06\/mb-104-passive-3.jpg\" data-orig-src=\"http:\/\/sapor.twindisc.pl\/wp-content\/uploads\/2021\/06\/mb-104-passive-3.jpg\" alt class=\"lazyload img-responsive wp-image-2000\" srcset=\"data:image\/svg+xml,%3Csvg%20xmlns%3D%27http%3A%2F%2Fwww.w3.org%2F2000%2Fsvg%27%20width%3D%27800%27%20height%3D%27560%27%20viewBox%3D%270%200%20800%20560%27%3E%3Crect%20width%3D%27800%27%20height%3D%27560%27%20fill-opacity%3D%220%22%2F%3E%3C%2Fsvg%3E\" data-srcset=\"http:\/\/sapor.twindisc.pl\/wp-content\/uploads\/2021\/06\/mb-104-passive-3-200x140.jpg 200w, http:\/\/sapor.twindisc.pl\/wp-content\/uploads\/2021\/06\/mb-104-passive-3-400x280.jpg 400w, http:\/\/sapor.twindisc.pl\/wp-content\/uploads\/2021\/06\/mb-104-passive-3-600x420.jpg 600w, http:\/\/sapor.twindisc.pl\/wp-content\/uploads\/2021\/06\/mb-104-passive-3.jpg 800w\" data-sizes=\"auto\" data-orig-sizes=\"(max-width: 640px) 100vw, 600px\" \/><\/span><\/div><\/div><\/div><div class=\"fusion-layout-column fusion_builder_column fusion-builder-column-4 fusion_builder_column_2_3 2_3 fusion-flex-column fusion-flex-align-self-center fusion-animated\" style=\"--awb-bg-size:cover;--awb-width-large:66.666666666667%;--awb-margin-top-large:0px;--awb-spacing-right-large:2.88%;--awb-margin-bottom-large:20px;--awb-spacing-left-large:2.88%;--awb-width-medium:66.666666666667%;--awb-order-medium:0;--awb-spacing-right-medium:2.88%;--awb-spacing-left-medium:2.88%;--awb-width-small:100%;--awb-order-small:0;--awb-spacing-right-small:1.92%;--awb-spacing-left-small:1.92%;\" data-animationType=\"slideInRight\" data-animationDuration=\"0.9\" data-animationOffset=\"top-into-view\"><div class=\"fusion-column-wrapper fusion-column-has-shadow fusion-flex-justify-content-flex-start fusion-content-layout-column\">\n<div class=\"table-2\">\n<div class=\"table-2\">\n<div class=\"table-2\">\n<div class=\"table-2\">\n<div class=\"table-2\">\n<table style=\"height: 345px;\" width=\"900\">\n<thead>\n<tr>\n<th align=\"left\">Allgemeine Informationen:<\/th>\n<th align=\"left\"><\/th>\n<\/tr>\n<\/thead>\n<tbody>\n<tr>\n<td align=\"left\"><strong>Anzahl der Fensterscheiben<\/strong><\/td>\n<td align=\"left\">3\/4<\/td>\n<\/tr>\n<tr>\n<td align=\"left\"><strong>Anzahl der Dichtungen<\/strong><\/td>\n<td align=\"left\">3<\/td>\n<\/tr>\n<tr>\n<td align=\"left\"><strong>Anzahl der Kammern<\/strong><\/td>\n<td align=\"left\">4\/5<\/td>\n<\/tr>\n<tr>\n<td align=\"left\"><strong>Uw-Koeffizient<\/strong><\/td>\n<td align=\"left\">0.5<\/td>\n<\/tr>\n<tr>\n<td align=\"left\"><strong>W\u00e4rmed\u00e4mmendes System<\/strong><\/td>\n<td align=\"left\">Advanced<\/td>\n<\/tr>\n<tr>\n<td align=\"left\"><strong>Profiltyp<\/strong><\/td>\n<td align=\"left\">Aluminium<\/td>\n<\/tr>\n<tr>\n<td align=\"left\"><strong>Profiltiefe<\/strong><\/td>\n<td align=\"left\">104 mm<\/td>\n<\/tr>\n<tr>\n<td align=\"left\"><strong>Max. Verglasung<\/strong><\/td>\n<td align=\"left\">bis zu 81 mm<\/td>\n<\/tr>\n<\/tbody>\n<\/table>\n<\/div>\n<\/div>\n<\/div>\n<\/div>\n<\/div>\n<\/div><\/div><div class=\"fusion-layout-column fusion_builder_column fusion-builder-column-5 fusion_builder_column_2_3 2_3 fusion-flex-column fusion-flex-align-self-center fusion-animated\" style=\"--awb-bg-size:cover;--awb-width-large:66.666666666667%;--awb-margin-top-large:0px;--awb-spacing-right-large:2.88%;--awb-margin-bottom-large:20px;--awb-spacing-left-large:2.88%;--awb-width-medium:66.666666666667%;--awb-order-medium:0;--awb-spacing-right-medium:2.88%;--awb-spacing-left-medium:2.88%;--awb-width-small:100%;--awb-order-small:0;--awb-spacing-right-small:1.92%;--awb-spacing-left-small:1.92%;\" data-animationType=\"slideInLeft\" data-animationDuration=\"0.9\" data-animationOffset=\"top-into-view\"><div class=\"fusion-column-wrapper fusion-column-has-shadow fusion-flex-justify-content-flex-start fusion-content-layout-column\">\n<div class=\"table-2\">\n<div class=\"table-2\">\n<div class=\"table-2\">\n<div class=\"table-2\">\n<div class=\"table-2\">\n<div class=\"table-2\">\n<table style=\"height: 345px;\" width=\"900\">\n<thead>\n<tr>\n<th align=\"left\">Technische Daten<\/th>\n<th align=\"left\"><\/th>\n<\/tr>\n<\/thead>\n<tbody>\n<tr>\n<td align=\"left\"><strong>Marke<\/strong><\/td>\n<td align=\"left\">Aluprof<\/td>\n<\/tr>\n<tr>\n<td align=\"left\"><strong>Uf<\/strong><\/td>\n<td align=\"left\">0.67<\/td>\n<\/tr>\n<tr>\n<td align=\"left\"><strong>Ug<\/strong><\/td>\n<td align=\"left\">0.5<\/td>\n<\/tr>\n<tr>\n<td align=\"left\"><b>Uw<\/b><\/td>\n<td align=\"left\">0.5<\/td>\n<\/tr>\n<tr>\n<td align=\"left\"><strong>Rahmentiefe<\/strong><\/td>\n<td align=\"left\">104 mm<\/td>\n<\/tr>\n<tr>\n<td align=\"left\"><strong>Fl\u00fcgeltiefe<\/strong><\/td>\n<td align=\"left\">118 mm<\/td>\n<\/tr>\n<tr>\n<td align=\"left\"><strong>Maximale Fl\u00fcgelgr\u00f6\u00dfe<\/strong><\/td>\n<td align=\"left\">2,5\/2,8 m2<\/td>\n<\/tr>\n<tr>\n<td align=\"left\"><strong>Max. Gewicht des Fl\u00fcgels<\/strong><\/td>\n<td align=\"left\">240 kg<\/td>\n<\/tr>\n<\/tbody>\n<\/table>\n<\/div>\n<\/div>\n<\/div>\n<\/div>\n<\/div>\n<\/div>\n<\/div><\/div><div class=\"fusion-layout-column fusion_builder_column fusion-builder-column-6 fusion_builder_column_1_3 1_3 fusion-flex-column fusion-flex-align-self-center fusion-animated\" style=\"--awb-bg-size:cover;--awb-width-large:33.333333333333%;--awb-margin-top-large:0px;--awb-spacing-right-large:5.76%;--awb-margin-bottom-large:20px;--awb-spacing-left-large:5.76%;--awb-width-medium:33.333333333333%;--awb-order-medium:0;--awb-spacing-right-medium:5.76%;--awb-spacing-left-medium:5.76%;--awb-width-small:100%;--awb-order-small:0;--awb-spacing-right-small:1.92%;--awb-spacing-left-small:1.92%;\" data-animationType=\"slideInRight\" data-animationDuration=\"0.9\" data-animationOffset=\"top-into-view\"><div class=\"fusion-column-wrapper fusion-column-has-shadow fusion-flex-justify-content-flex-start fusion-content-layout-column\"><div class=\"fusion-image-element \" style=\"text-align:center;--awb-caption-title-font-family:var(--h2_typography-font-family);--awb-caption-title-font-weight:var(--h2_typography-font-weight);--awb-caption-title-font-style:var(--h2_typography-font-style);--awb-caption-title-size:var(--h2_typography-font-size);--awb-caption-title-transform:var(--h2_typography-text-transform);--awb-caption-title-line-height:var(--h2_typography-line-height);--awb-caption-title-letter-spacing:var(--h2_typography-letter-spacing);\"><span class=\" fusion-imageframe imageframe-none imageframe-3 hover-type-none fusion-animated\" data-animationType=\"slideInRight\" data-animationDuration=\"0.9\" data-animationOffset=\"top-into-view\"><img decoding=\"async\" width=\"600\" height=\"543\" title=\"mb-104-passive-2\" src=\"http:\/\/sapor.twindisc.pl\/wp-content\/uploads\/2021\/06\/mb-104-passive-2.jpg\" data-orig-src=\"http:\/\/sapor.twindisc.pl\/wp-content\/uploads\/2021\/06\/mb-104-passive-2.jpg\" alt class=\"lazyload img-responsive wp-image-1996\" srcset=\"data:image\/svg+xml,%3Csvg%20xmlns%3D%27http%3A%2F%2Fwww.w3.org%2F2000%2Fsvg%27%20width%3D%27600%27%20height%3D%27543%27%20viewBox%3D%270%200%20600%20543%27%3E%3Crect%20width%3D%27600%27%20height%3D%27543%27%20fill-opacity%3D%220%22%2F%3E%3C%2Fsvg%3E\" data-srcset=\"http:\/\/sapor.twindisc.pl\/wp-content\/uploads\/2021\/06\/mb-104-passive-2-200x181.jpg 200w, http:\/\/sapor.twindisc.pl\/wp-content\/uploads\/2021\/06\/mb-104-passive-2-400x362.jpg 400w, http:\/\/sapor.twindisc.pl\/wp-content\/uploads\/2021\/06\/mb-104-passive-2.jpg 600w\" data-sizes=\"auto\" data-orig-sizes=\"(max-width: 640px) 100vw, 600px\" \/><\/span><\/div><\/div><\/div><div class=\"fusion-layout-column fusion_builder_column fusion-builder-column-7 fusion_builder_column_1_1 1_1 fusion-flex-column\" style=\"--awb-bg-size:cover;--awb-width-large:100%;--awb-margin-top-large:0px;--awb-spacing-right-large:1.92%;--awb-margin-bottom-large:20px;--awb-spacing-left-large:1.92%;--awb-width-medium:100%;--awb-order-medium:0;--awb-spacing-right-medium:1.92%;--awb-spacing-left-medium:1.92%;--awb-width-small:100%;--awb-order-small:0;--awb-spacing-right-small:1.92%;--awb-spacing-left-small:1.92%;\"><div class=\"fusion-column-wrapper fusion-column-has-shadow fusion-flex-justify-content-flex-start fusion-content-layout-column\"><div class=\"fusion-text fusion-text-4\"><h3><strong>Entdecken Sie das Aluminium-Fensterprofil MB-104<\/strong><\/h3>\n<p><span style=\"font-weight: 400;\">Das MB-104 Aluminiumfenster bietet h\u00f6chste Verarbeitungsqualit\u00e4t, hervorragende W\u00e4rmed\u00e4mmung und ein \u00e4sthetisches Design. Dank des innovativen W\u00e4rmed\u00e4mmsystems Advanced und der fortschrittlichen Aluminiumprofile bietet dieses Fenster eine au\u00dfergew\u00f6hnliche W\u00e4rme- und Schalld\u00e4mmung. Der hohe Uw-Koeffizient zeugt von seiner au\u00dfergew\u00f6hnlichen Energieeffizienz, die sich in Energieeinsparungen und Komfort niederschl\u00e4gt.<\/span><\/p>\n<h3><\/h3>\n<h3><strong>Wem empfehlen wir das Aluminiumfenster MB-104?<\/strong><\/h3>\n<p><span style=\"font-weight: 400;\">Personen, die h\u00f6chste Qualit\u00e4t und Liebe zum Detail bei ihrer Inneneinrichtung erwarten.<\/span><span style=\"font-weight: 400;\"><br \/>\n<\/span><span style=\"font-weight: 400;\">Investoren und Architekten, die bei ihren Fenstern Wert auf fortschrittliche Technologie und Eleganz legen.<\/span><\/p>\n<h3><\/h3>\n<h3><strong>F\u00fcr welchen Endkunden sind die MB-104 Aluminiumfenster interessant?<\/strong><\/h3>\n<p><span style=\"font-weight: 400;\">F\u00fcr Kunden, die Wert auf h\u00f6chste Qualit\u00e4tsstandards legen, ohne Kompromisse bei der W\u00e4rme- und Schalld\u00e4mmung einzugehen.<\/span><\/p>\n<p><span style=\"font-weight: 400;\">F\u00fcr Menschen, die lichtdurchflutete Innenr\u00e4ume mit gro\u00dfen Glasfl\u00e4chen w\u00fcnschen, die eine Harmonie zwischen dem Innenraum und der Umgebung schaffen.<\/span><\/p>\n<h3><\/h3>\n<h3><strong>Eine gute Alternative zum Aluminiumfenster MB-104 \u2013 das Sch\u00fcco AWS 112.IC<\/strong><\/h3>\n<p><span style=\"font-weight: 400;\">Wenn Sie an einer noch h\u00f6heren thermischen Leistung und einer hervorragenden Verarbeitungsqualit\u00e4t interessiert sind, sollten Sie das Sch\u00fcco Fenster AWS 112.IC als Alternative in Betracht ziehen. Dieses Modell bietet fortschrittliche L\u00f6sungen und eine au\u00dfergew\u00f6hnliche W\u00e4rmed\u00e4mmung.<\/span><\/p>\n<h3><\/h3>\n<h3><strong>Mehr \u00fcber den Hersteller der MB-104 Aluminiumfenster<\/strong><\/h3>\n<p><span style=\"font-weight: 400;\">Aluprof ist ein angesehener Hersteller von Aluminiumsystemen, der f\u00fcr sein Engagement bei der Entwicklung neuer Technologien und das Angebot von Produkten h\u00f6chster Qualit\u00e4t bekannt ist. Das MB-104 Aluminiumfenster ist das Ergebnis ihrer fortschrittlichen L\u00f6sungen und ihrer Leidenschaft f\u00fcr Spitzenleistungen.<\/span><\/p>\n<h3><\/h3>\n<h4><strong>Mehr \u00fcber die St\u00e4rken des MB-104 Aluminiumfensters<\/strong><\/h4>\n<p><span style=\"font-weight: 400;\">-Fortschrittliches W\u00e4rmed\u00e4mmsystem f\u00fcr hervorragenden Schutz vor W\u00e4rmeverlust und Au\u00dfenger\u00e4uschen.<\/span><span style=\"font-weight: 400;\"><br \/>\n<\/span><span style=\"font-weight: 400;\">&#8211; Aluminiumprofil mit elegantem und modernem Design, mit maximaler Verglasung f\u00fcr lichtdurchflutete Innenr\u00e4ume.<\/span><\/p>\n<h3><\/h3>\n<h3><strong>Zusammenfassung der MB-104 Aluminiumfenster<\/strong><\/h3>\n<p><span style=\"font-weight: 400;\">Das Aluminiumfenster MB-104 vereint h\u00f6chste Qualit\u00e4t und fortschrittliche technische L\u00f6sungen in einem. Dank seiner hervorragenden W\u00e4rmed\u00e4mmung garantiert dieses Fenster Komfort und Energieeinsparungen. Entscheiden Sie sich f\u00fcr das MB-104 Aluminiumfenster, um Eleganz, Langlebigkeit und eine maximale Verglasung zu genie\u00dfen, die die Sch\u00f6nheit Ihrer Innenr\u00e4ume und die Harmonie mit Ihrer Umgebung unterstreichen wird.<\/span><\/p>\n<\/div><\/div><\/div><\/div><\/div>\n","protected":false},"excerpt":{"rendered":"","protected":false},"author":1,"featured_media":0,"parent":0,"menu_order":0,"comment_status":"closed","ping_status":"closed","template":"","meta":{"footnotes":""},"class_list":["post-6716","page","type-page","status-publish","hentry"],"yoast_head":"<!-- This site is optimized with the Yoast SEO plugin v26.5 - https:\/\/yoast.com\/wordpress\/plugins\/seo\/ -->\n<title>MB-104 - Sapor<\/title>\n<meta name=\"robots\" content=\"index, follow, max-snippet:-1, max-image-preview:large, max-video-preview:-1\" \/>\n<link rel=\"canonical\" href=\"http:\/\/sapor.twindisc.pl\/de\/mb-104\/\" \/>\n<meta property=\"og:locale\" content=\"de_DE\" \/>\n<meta property=\"og:type\" content=\"article\" \/>\n<meta property=\"og:title\" content=\"MB-104 - Sapor\" \/>\n<meta property=\"og:url\" content=\"http:\/\/sapor.twindisc.pl\/de\/mb-104\/\" \/>\n<meta property=\"og:site_name\" content=\"Sapor\" \/>\n<meta property=\"article:publisher\" content=\"https:\/\/www.facebook.com\/SAPOR.Fabryka.okien.i.drzwi\/\" \/>\n<meta property=\"article:modified_time\" content=\"2023-10-28T18:28:41+00:00\" \/>\n<meta name=\"twitter:card\" content=\"summary_large_image\" \/>\n<meta name=\"twitter:label1\" content=\"Gesch\u00e4tzte Lesezeit\" \/>\n\t<meta name=\"twitter:data1\" content=\"11\u00a0Minuten\" \/>\n<script type=\"application\/ld+json\" class=\"yoast-schema-graph\">{\"@context\":\"https:\/\/schema.org\",\"@graph\":[{\"@type\":\"WebPage\",\"@id\":\"http:\/\/sapor.twindisc.pl\/de\/mb-104\/\",\"url\":\"http:\/\/sapor.twindisc.pl\/de\/mb-104\/\",\"name\":\"MB-104 - Sapor\",\"isPartOf\":{\"@id\":\"https:\/\/sapor.twindisc.pl\/#website\"},\"datePublished\":\"2021-06-03T11:39:26+00:00\",\"dateModified\":\"2023-10-28T18:28:41+00:00\",\"breadcrumb\":{\"@id\":\"http:\/\/sapor.twindisc.pl\/de\/mb-104\/#breadcrumb\"},\"inLanguage\":\"de\",\"potentialAction\":[{\"@type\":\"ReadAction\",\"target\":[\"http:\/\/sapor.twindisc.pl\/de\/mb-104\/\"]}]},{\"@type\":\"BreadcrumbList\",\"@id\":\"http:\/\/sapor.twindisc.pl\/de\/mb-104\/#breadcrumb\",\"itemListElement\":[{\"@type\":\"ListItem\",\"position\":1,\"name\":\"Startseite\",\"item\":\"https:\/\/sapor.twindisc.pl\/de\/\"},{\"@type\":\"ListItem\",\"position\":2,\"name\":\"MB-104\"}]},{\"@type\":\"WebSite\",\"@id\":\"https:\/\/sapor.twindisc.pl\/#website\",\"url\":\"https:\/\/sapor.twindisc.pl\/\",\"name\":\"Sapor\",\"description\":\"\",\"publisher\":{\"@id\":\"https:\/\/sapor.twindisc.pl\/#organization\"},\"potentialAction\":[{\"@type\":\"SearchAction\",\"target\":{\"@type\":\"EntryPoint\",\"urlTemplate\":\"https:\/\/sapor.twindisc.pl\/?s={search_term_string}\"},\"query-input\":{\"@type\":\"PropertyValueSpecification\",\"valueRequired\":true,\"valueName\":\"search_term_string\"}}],\"inLanguage\":\"de\"},{\"@type\":\"Organization\",\"@id\":\"https:\/\/sapor.twindisc.pl\/#organization\",\"name\":\"Sapor Sp. z o. o.\",\"url\":\"https:\/\/sapor.twindisc.pl\/\",\"logo\":{\"@type\":\"ImageObject\",\"inLanguage\":\"de\",\"@id\":\"https:\/\/sapor.twindisc.pl\/#\/schema\/logo\/image\/\",\"url\":\"http:\/\/sapor.twindisc.pl\/wp-content\/uploads\/2021\/04\/logo-sapor-e1618419520128.png\",\"contentUrl\":\"http:\/\/sapor.twindisc.pl\/wp-content\/uploads\/2021\/04\/logo-sapor-e1618419520128.png\",\"width\":140,\"height\":67,\"caption\":\"Sapor Sp. z o. o.\"},\"image\":{\"@id\":\"https:\/\/sapor.twindisc.pl\/#\/schema\/logo\/image\/\"},\"sameAs\":[\"https:\/\/www.facebook.com\/SAPOR.Fabryka.okien.i.drzwi\/\"]}]}<\/script>\n<!-- \/ Yoast SEO plugin. -->","yoast_head_json":{"title":"MB-104 - Sapor","robots":{"index":"index","follow":"follow","max-snippet":"max-snippet:-1","max-image-preview":"max-image-preview:large","max-video-preview":"max-video-preview:-1"},"canonical":"http:\/\/sapor.twindisc.pl\/de\/mb-104\/","og_locale":"de_DE","og_type":"article","og_title":"MB-104 - Sapor","og_url":"http:\/\/sapor.twindisc.pl\/de\/mb-104\/","og_site_name":"Sapor","article_publisher":"https:\/\/www.facebook.com\/SAPOR.Fabryka.okien.i.drzwi\/","article_modified_time":"2023-10-28T18:28:41+00:00","twitter_card":"summary_large_image","twitter_misc":{"Gesch\u00e4tzte Lesezeit":"11\u00a0Minuten"},"schema":{"@context":"https:\/\/schema.org","@graph":[{"@type":"WebPage","@id":"http:\/\/sapor.twindisc.pl\/de\/mb-104\/","url":"http:\/\/sapor.twindisc.pl\/de\/mb-104\/","name":"MB-104 - Sapor","isPartOf":{"@id":"https:\/\/sapor.twindisc.pl\/#website"},"datePublished":"2021-06-03T11:39:26+00:00","dateModified":"2023-10-28T18:28:41+00:00","breadcrumb":{"@id":"http:\/\/sapor.twindisc.pl\/de\/mb-104\/#breadcrumb"},"inLanguage":"de","potentialAction":[{"@type":"ReadAction","target":["http:\/\/sapor.twindisc.pl\/de\/mb-104\/"]}]},{"@type":"BreadcrumbList","@id":"http:\/\/sapor.twindisc.pl\/de\/mb-104\/#breadcrumb","itemListElement":[{"@type":"ListItem","position":1,"name":"Startseite","item":"https:\/\/sapor.twindisc.pl\/de\/"},{"@type":"ListItem","position":2,"name":"MB-104"}]},{"@type":"WebSite","@id":"https:\/\/sapor.twindisc.pl\/#website","url":"https:\/\/sapor.twindisc.pl\/","name":"Sapor","description":"","publisher":{"@id":"https:\/\/sapor.twindisc.pl\/#organization"},"potentialAction":[{"@type":"SearchAction","target":{"@type":"EntryPoint","urlTemplate":"https:\/\/sapor.twindisc.pl\/?s={search_term_string}"},"query-input":{"@type":"PropertyValueSpecification","valueRequired":true,"valueName":"search_term_string"}}],"inLanguage":"de"},{"@type":"Organization","@id":"https:\/\/sapor.twindisc.pl\/#organization","name":"Sapor Sp. z o. o.","url":"https:\/\/sapor.twindisc.pl\/","logo":{"@type":"ImageObject","inLanguage":"de","@id":"https:\/\/sapor.twindisc.pl\/#\/schema\/logo\/image\/","url":"http:\/\/sapor.twindisc.pl\/wp-content\/uploads\/2021\/04\/logo-sapor-e1618419520128.png","contentUrl":"http:\/\/sapor.twindisc.pl\/wp-content\/uploads\/2021\/04\/logo-sapor-e1618419520128.png","width":140,"height":67,"caption":"Sapor Sp. z o. o."},"image":{"@id":"https:\/\/sapor.twindisc.pl\/#\/schema\/logo\/image\/"},"sameAs":["https:\/\/www.facebook.com\/SAPOR.Fabryka.okien.i.drzwi\/"]}]}},"_links":{"self":[{"href":"http:\/\/sapor.twindisc.pl\/de\/wp-json\/wp\/v2\/pages\/6716","targetHints":{"allow":["GET"]}}],"collection":[{"href":"http:\/\/sapor.twindisc.pl\/de\/wp-json\/wp\/v2\/pages"}],"about":[{"href":"http:\/\/sapor.twindisc.pl\/de\/wp-json\/wp\/v2\/types\/page"}],"author":[{"embeddable":true,"href":"http:\/\/sapor.twindisc.pl\/de\/wp-json\/wp\/v2\/users\/1"}],"replies":[{"embeddable":true,"href":"http:\/\/sapor.twindisc.pl\/de\/wp-json\/wp\/v2\/comments?post=6716"}],"version-history":[{"count":1,"href":"http:\/\/sapor.twindisc.pl\/de\/wp-json\/wp\/v2\/pages\/6716\/revisions"}],"predecessor-version":[{"id":6717,"href":"http:\/\/sapor.twindisc.pl\/de\/wp-json\/wp\/v2\/pages\/6716\/revisions\/6717"}],"wp:attachment":[{"href":"http:\/\/sapor.twindisc.pl\/de\/wp-json\/wp\/v2\/media?parent=6716"}],"curies":[{"name":"wp","href":"https:\/\/api.w.org\/{rel}","templated":true}]}}