{"id":6737,"date":"2021-06-03T13:38:52","date_gmt":"2021-06-03T11:38:52","guid":{"rendered":"http:\/\/sapor.twindisc.pl\/mb-86-si\/"},"modified":"2023-10-29T17:29:31","modified_gmt":"2023-10-29T16:29:31","slug":"mb-86-si","status":"publish","type":"page","link":"http:\/\/sapor.twindisc.pl\/de\/mb-86-si\/","title":{"rendered":"MB-86 SI"},"content":{"rendered":"<div class=\"fusion-fullwidth fullwidth-box fusion-builder-row-1 fusion-flex-container nonhundred-percent-fullwidth non-hundred-percent-height-scrolling\" style=\"--awb-border-radius-top-left:0px;--awb-border-radius-top-right:0px;--awb-border-radius-bottom-right:0px;--awb-border-radius-bottom-left:0px;--awb-flex-wrap:wrap;\" ><div class=\"fusion-builder-row fusion-row fusion-flex-align-items-flex-start fusion-flex-content-wrap\" style=\"max-width:1528.8px;margin-left: calc(-4% \/ 2 );margin-right: calc(-4% \/ 2 );\"><div class=\"fusion-layout-column fusion_builder_column fusion-builder-column-0 fusion_builder_column_1_1 1_1 fusion-flex-column\" style=\"--awb-bg-size:cover;--awb-width-large:100%;--awb-margin-top-large:0px;--awb-spacing-right-large:1.92%;--awb-margin-bottom-large:20px;--awb-spacing-left-large:1.92%;--awb-width-medium:100%;--awb-order-medium:0;--awb-spacing-right-medium:1.92%;--awb-spacing-left-medium:1.92%;--awb-width-small:100%;--awb-order-small:0;--awb-spacing-right-small:1.92%;--awb-spacing-left-small:1.92%;\"><div class=\"fusion-column-wrapper fusion-column-has-shadow fusion-flex-justify-content-flex-start fusion-content-layout-column\"><div class=\"fusion-text fusion-text-1\"><h2><span style=\"font-weight: 400;\">Aluminiumfenster MB-86 SI<\/span><\/h2>\n<\/div><div class=\"fusion-text fusion-text-2\"><h4><span style=\"font-weight: 400;\">Fortschrittliche W\u00e4rmed\u00e4mmung | Eleganz und Energieeinsparung<\/span><\/h4>\n<\/div><\/div><\/div><div class=\"fusion-layout-column fusion_builder_column fusion-builder-column-1 fusion_builder_column_1_2 1_2 fusion-flex-column fusion-flex-align-self-center fusion-animated\" style=\"--awb-bg-size:cover;--awb-width-large:50%;--awb-margin-top-large:0px;--awb-spacing-right-large:3.84%;--awb-margin-bottom-large:20px;--awb-spacing-left-large:3.84%;--awb-width-medium:50%;--awb-order-medium:0;--awb-spacing-right-medium:3.84%;--awb-spacing-left-medium:3.84%;--awb-width-small:100%;--awb-order-small:0;--awb-spacing-right-small:1.92%;--awb-spacing-left-small:1.92%;\" data-animationType=\"slideInLeft\" data-animationDuration=\"0.9\" data-animationOffset=\"top-into-view\"><div class=\"fusion-column-wrapper fusion-column-has-shadow fusion-flex-justify-content-flex-start fusion-content-layout-column\"><div class=\"fusion-text fusion-text-3\" style=\"--awb-font-size:18px;--awb-margin-right:10px;--awb-margin-left:10px;\"><p><span style=\"font-weight: 400;\">Das MB-86 SI Aluminiumfenster ist eine innovative L\u00f6sung f\u00fcr alle, die Eleganz mit fortschrittlicher W\u00e4rmed\u00e4mmung kombinieren m\u00f6chten. Dank des SI-W\u00e4rmed\u00e4mmsystems (Super Insulation) und der fortschrittlichen Aluminiumprofile bietet dieses Fenster eine hervorragende W\u00e4rme- und Schalld\u00e4mmung. Der au\u00dfergew\u00f6hnlich niedrige Uw-Koeffizient beweist seine hohe Energieeffizienz, die sich in Energieeinsparungen niederschl\u00e4gt.<\/span><\/p>\n<\/div><\/div><\/div><div class=\"fusion-layout-column fusion_builder_column fusion-builder-column-2 fusion_builder_column_1_2 1_2 fusion-flex-column fusion-animated\" style=\"--awb-padding-top-small:0px;--awb-bg-size:cover;--awb-width-large:50%;--awb-margin-top-large:0px;--awb-spacing-right-large:3.84%;--awb-margin-bottom-large:20px;--awb-spacing-left-large:3.84%;--awb-width-medium:50%;--awb-order-medium:0;--awb-spacing-right-medium:3.84%;--awb-spacing-left-medium:3.84%;--awb-width-small:100%;--awb-order-small:0;--awb-spacing-right-small:1.92%;--awb-spacing-left-small:1.92%;\" data-animationType=\"slideInRight\" data-animationDuration=\"0.9\" data-animationOffset=\"top-into-view\"><div class=\"fusion-column-wrapper fusion-column-has-shadow fusion-flex-justify-content-flex-start fusion-content-layout-column\"><div class=\"fusion-image-element \" style=\"text-align:center;--awb-max-width:450px;--awb-caption-title-font-family:var(--h2_typography-font-family);--awb-caption-title-font-weight:var(--h2_typography-font-weight);--awb-caption-title-font-style:var(--h2_typography-font-style);--awb-caption-title-size:var(--h2_typography-font-size);--awb-caption-title-transform:var(--h2_typography-text-transform);--awb-caption-title-line-height:var(--h2_typography-line-height);--awb-caption-title-letter-spacing:var(--h2_typography-letter-spacing);\"><span class=\" fusion-imageframe imageframe-none imageframe-1 hover-type-none\"><img decoding=\"async\" width=\"300\" height=\"400\" title=\"mb-86si-4\" src=\"http:\/\/sapor.twindisc.pl\/wp-content\/uploads\/2021\/06\/mb-86si-4.jpg\" data-orig-src=\"http:\/\/sapor.twindisc.pl\/wp-content\/uploads\/2021\/06\/mb-86si-4.jpg\" alt class=\"lazyload img-responsive wp-image-1962\" srcset=\"data:image\/svg+xml,%3Csvg%20xmlns%3D%27http%3A%2F%2Fwww.w3.org%2F2000%2Fsvg%27%20width%3D%27300%27%20height%3D%27400%27%20viewBox%3D%270%200%20300%20400%27%3E%3Crect%20width%3D%27300%27%20height%3D%27400%27%20fill-opacity%3D%220%22%2F%3E%3C%2Fsvg%3E\" data-srcset=\"http:\/\/sapor.twindisc.pl\/wp-content\/uploads\/2021\/06\/mb-86si-4-200x267.jpg 200w, http:\/\/sapor.twindisc.pl\/wp-content\/uploads\/2021\/06\/mb-86si-4.jpg 300w\" data-sizes=\"auto\" data-orig-sizes=\"(max-width: 640px) 100vw, 300px\" \/><\/span><\/div><\/div><\/div><div class=\"fusion-layout-column fusion_builder_column fusion-builder-column-3 fusion_builder_column_1_3 1_3 fusion-flex-column fusion-flex-align-self-center fusion-animated\" style=\"--awb-bg-size:cover;--awb-width-large:33.333333333333%;--awb-margin-top-large:0px;--awb-spacing-right-large:5.76%;--awb-margin-bottom-large:20px;--awb-spacing-left-large:5.76%;--awb-width-medium:33.333333333333%;--awb-order-medium:0;--awb-spacing-right-medium:5.76%;--awb-spacing-left-medium:5.76%;--awb-width-small:100%;--awb-order-small:0;--awb-spacing-right-small:1.92%;--awb-spacing-left-small:1.92%;\" data-animationType=\"slideInLeft\" data-animationDuration=\"0.9\" data-animationOffset=\"top-into-view\"><div class=\"fusion-column-wrapper fusion-column-has-shadow fusion-flex-justify-content-flex-start fusion-content-layout-column\"><div class=\"fusion-image-element \" style=\"text-align:center;--awb-caption-title-font-family:var(--h2_typography-font-family);--awb-caption-title-font-weight:var(--h2_typography-font-weight);--awb-caption-title-font-style:var(--h2_typography-font-style);--awb-caption-title-size:var(--h2_typography-font-size);--awb-caption-title-transform:var(--h2_typography-text-transform);--awb-caption-title-line-height:var(--h2_typography-line-height);--awb-caption-title-letter-spacing:var(--h2_typography-letter-spacing);\"><span class=\" fusion-imageframe imageframe-none imageframe-2 hover-type-none\"><img decoding=\"async\" width=\"300\" height=\"400\" title=\"mb-86si-3\" src=\"http:\/\/sapor.twindisc.pl\/wp-content\/uploads\/2021\/06\/mb-86si-3.jpg\" data-orig-src=\"http:\/\/sapor.twindisc.pl\/wp-content\/uploads\/2021\/06\/mb-86si-3.jpg\" alt class=\"lazyload img-responsive wp-image-1966\" srcset=\"data:image\/svg+xml,%3Csvg%20xmlns%3D%27http%3A%2F%2Fwww.w3.org%2F2000%2Fsvg%27%20width%3D%27300%27%20height%3D%27400%27%20viewBox%3D%270%200%20300%20400%27%3E%3Crect%20width%3D%27300%27%20height%3D%27400%27%20fill-opacity%3D%220%22%2F%3E%3C%2Fsvg%3E\" data-srcset=\"http:\/\/sapor.twindisc.pl\/wp-content\/uploads\/2021\/06\/mb-86si-3-200x267.jpg 200w, http:\/\/sapor.twindisc.pl\/wp-content\/uploads\/2021\/06\/mb-86si-3.jpg 300w\" data-sizes=\"auto\" data-orig-sizes=\"(max-width: 640px) 100vw, 300px\" \/><\/span><\/div><\/div><\/div><div class=\"fusion-layout-column fusion_builder_column fusion-builder-column-4 fusion_builder_column_2_3 2_3 fusion-flex-column fusion-flex-align-self-center fusion-animated\" style=\"--awb-bg-size:cover;--awb-width-large:66.666666666667%;--awb-margin-top-large:0px;--awb-spacing-right-large:2.88%;--awb-margin-bottom-large:20px;--awb-spacing-left-large:2.88%;--awb-width-medium:66.666666666667%;--awb-order-medium:0;--awb-spacing-right-medium:2.88%;--awb-spacing-left-medium:2.88%;--awb-width-small:100%;--awb-order-small:0;--awb-spacing-right-small:1.92%;--awb-spacing-left-small:1.92%;\" data-animationType=\"slideInRight\" data-animationDuration=\"0.9\" data-animationOffset=\"top-into-view\"><div class=\"fusion-column-wrapper fusion-column-has-shadow fusion-flex-justify-content-flex-start fusion-content-layout-column\">\n<div class=\"table-2\">\n<div class=\"table-2\">\n<div class=\"table-2\">\n<div class=\"table-2\">\n<div class=\"table-2\">\n<table style=\"height: 345px;\" width=\"900\">\n<thead>\n<tr>\n<th align=\"left\">Allgemeine Informationen<\/th>\n<th align=\"left\">\u00a0<\/th>\n<\/tr>\n<\/thead>\n<tbody>\n<tr>\n<td align=\"left\"><strong>Anzahl der Fensterscheiben<\/strong><\/td>\n<td align=\"left\">3<\/td>\n<\/tr>\n<tr>\n<td align=\"left\"><strong>Anzahl der Dichtungen<\/strong><\/td>\n<td align=\"left\">3<\/td>\n<\/tr>\n<tr>\n<td align=\"left\"><strong>Uw-Koeffizient<\/strong><\/td>\n<td align=\"left\">0.7<\/td>\n<\/tr>\n<tr>\n<td align=\"left\"><strong>Tiefe des Profils<\/strong><\/td>\n<td align=\"left\">86 mm<\/td>\n<\/tr>\n<tr>\n<td align=\"left\"><strong>W\u00e4rmed\u00e4mmendes System<\/strong><\/td>\n<td align=\"left\">SI &#8211; Super Insulation<\/td>\n<\/tr>\n<tr>\n<td align=\"left\"><strong>Profiltyp<br \/><\/strong><\/td>\n<td align=\"left\">aluminium<\/td>\n<\/tr>\n<tr>\n<td align=\"left\"><strong>Anzahl der Kammern<\/strong><\/td>\n<td align=\"left\">3 oder 4<\/td>\n<\/tr>\n<tr>\n<td align=\"left\"><strong>Max. Verglasung<\/strong><\/td>\n<td align=\"left\">bis zu 58 mm<\/td>\n<\/tr>\n<\/tbody>\n<\/table>\n<\/div>\n<\/div>\n<\/div>\n<\/div>\n<\/div>\n<\/div><\/div><div class=\"fusion-layout-column fusion_builder_column fusion-builder-column-5 fusion_builder_column_2_3 2_3 fusion-flex-column fusion-flex-align-self-center fusion-animated\" style=\"--awb-bg-size:cover;--awb-width-large:66.666666666667%;--awb-margin-top-large:0px;--awb-spacing-right-large:2.88%;--awb-margin-bottom-large:20px;--awb-spacing-left-large:2.88%;--awb-width-medium:66.666666666667%;--awb-order-medium:0;--awb-spacing-right-medium:2.88%;--awb-spacing-left-medium:2.88%;--awb-width-small:100%;--awb-order-small:0;--awb-spacing-right-small:1.92%;--awb-spacing-left-small:1.92%;\" data-animationType=\"slideInLeft\" data-animationDuration=\"0.9\" data-animationOffset=\"top-into-view\"><div class=\"fusion-column-wrapper fusion-column-has-shadow fusion-flex-justify-content-flex-start fusion-content-layout-column\">\n<div class=\"table-2\">\n<div class=\"table-2\">\n<div class=\"table-2\">\n<div class=\"table-2\">\n<div class=\"table-2\">\n<div class=\"table-2\">\n<table style=\"height: 345px;\" width=\"900\">\n<thead>\n<tr>\n<th align=\"left\">Technische Daten<\/th>\n<th align=\"left\">\u00a0<\/th>\n<\/tr>\n<\/thead>\n<tbody>\n<tr>\n<td align=\"left\"><strong>Material<\/strong><\/td>\n<td align=\"left\">aluminium<\/td>\n<\/tr>\n<tr>\n<td align=\"left\"><strong>Uf<\/strong><\/td>\n<td align=\"left\">0.8<\/td>\n<\/tr>\n<tr>\n<td align=\"left\"><strong>Ug<\/strong><\/td>\n<td align=\"left\">0.5<\/td>\n<\/tr>\n<tr>\n<td align=\"left\"><b>Uw<\/b><\/td>\n<td align=\"left\">0.7<\/td>\n<\/tr>\n<tr>\n<td align=\"left\"><strong>Rahmentiefe<\/strong><\/td>\n<td align=\"left\">86 mm<\/td>\n<\/tr>\n<tr>\n<td align=\"left\"><strong>Fl\u00fcgeltiefe<\/strong><\/td>\n<td align=\"left\">91 mm<\/td>\n<\/tr>\n<tr>\n<td align=\"left\"><strong>Maximale Fl\u00fcgelgr\u00f6\u00dfe<\/strong><\/td>\n<td align=\"left\">2,5\/2,8 m2<\/td>\n<\/tr>\n<tr>\n<td align=\"left\"><strong>Max. Gewicht des Fl\u00fcgels<\/strong><\/td>\n<td align=\"left\">170 kg<\/td>\n<\/tr>\n<tr>\n<td align=\"left\"><strong>Marke<\/strong><\/td>\n<td align=\"left\">Aluprof<\/td>\n<\/tr>\n<\/tbody>\n<\/table>\n<\/div>\n<\/div>\n<\/div>\n<\/div>\n<\/div>\n<\/div>\n<\/div><\/div><div class=\"fusion-layout-column fusion_builder_column fusion-builder-column-6 fusion_builder_column_1_3 1_3 fusion-flex-column fusion-flex-align-self-center fusion-animated\" style=\"--awb-bg-size:cover;--awb-width-large:33.333333333333%;--awb-margin-top-large:0px;--awb-spacing-right-large:5.76%;--awb-margin-bottom-large:20px;--awb-spacing-left-large:5.76%;--awb-width-medium:33.333333333333%;--awb-order-medium:0;--awb-spacing-right-medium:5.76%;--awb-spacing-left-medium:5.76%;--awb-width-small:100%;--awb-order-small:0;--awb-spacing-right-small:1.92%;--awb-spacing-left-small:1.92%;\" data-animationType=\"slideInRight\" data-animationDuration=\"0.9\" data-animationOffset=\"top-into-view\"><div class=\"fusion-column-wrapper fusion-column-has-shadow fusion-flex-justify-content-flex-start fusion-content-layout-column\"><div class=\"fusion-image-element \" style=\"text-align:center;--awb-caption-title-font-family:var(--h2_typography-font-family);--awb-caption-title-font-weight:var(--h2_typography-font-weight);--awb-caption-title-font-style:var(--h2_typography-font-style);--awb-caption-title-size:var(--h2_typography-font-size);--awb-caption-title-transform:var(--h2_typography-text-transform);--awb-caption-title-line-height:var(--h2_typography-line-height);--awb-caption-title-letter-spacing:var(--h2_typography-letter-spacing);\"><span class=\" fusion-imageframe imageframe-none imageframe-3 hover-type-none fusion-animated\" data-animationType=\"slideInRight\" data-animationDuration=\"0.9\" data-animationOffset=\"top-into-view\"><img decoding=\"async\" width=\"300\" height=\"400\" title=\"mb-86si-2\" src=\"http:\/\/sapor.twindisc.pl\/wp-content\/uploads\/2021\/06\/mb-86si-2.jpg\" data-orig-src=\"http:\/\/sapor.twindisc.pl\/wp-content\/uploads\/2021\/06\/mb-86si-2.jpg\" alt class=\"lazyload img-responsive wp-image-1970\" srcset=\"data:image\/svg+xml,%3Csvg%20xmlns%3D%27http%3A%2F%2Fwww.w3.org%2F2000%2Fsvg%27%20width%3D%27300%27%20height%3D%27400%27%20viewBox%3D%270%200%20300%20400%27%3E%3Crect%20width%3D%27300%27%20height%3D%27400%27%20fill-opacity%3D%220%22%2F%3E%3C%2Fsvg%3E\" data-srcset=\"http:\/\/sapor.twindisc.pl\/wp-content\/uploads\/2021\/06\/mb-86si-2-200x267.jpg 200w, http:\/\/sapor.twindisc.pl\/wp-content\/uploads\/2021\/06\/mb-86si-2.jpg 300w\" data-sizes=\"auto\" data-orig-sizes=\"(max-width: 640px) 100vw, 300px\" \/><\/span><\/div><\/div><\/div><div class=\"fusion-layout-column fusion_builder_column fusion-builder-column-7 fusion_builder_column_2_3 2_3 fusion-flex-column fusion-animated\" style=\"--awb-bg-size:cover;--awb-width-large:66.666666666667%;--awb-margin-top-large:80px;--awb-spacing-right-large:2.88%;--awb-margin-bottom-large:20px;--awb-spacing-left-large:2.88%;--awb-width-medium:66.666666666667%;--awb-order-medium:0;--awb-spacing-right-medium:2.88%;--awb-spacing-left-medium:2.88%;--awb-width-small:100%;--awb-order-small:0;--awb-spacing-right-small:1.92%;--awb-spacing-left-small:1.92%;\" data-animationType=\"slideInLeft\" data-animationDuration=\"0.9\" data-animationOffset=\"top-into-view\"><div class=\"fusion-column-wrapper fusion-column-has-shadow fusion-flex-justify-content-flex-start fusion-content-layout-column\"><div class=\"fusion-text fusion-text-4\" style=\"--awb-font-size:18px;\"><h3><strong>Entdecken Sie das Aluminium-Fensterprofil MB-86 SI<\/strong><\/h3>\n<p><span style=\"font-weight: 400;\">Das MB-86 SI Aluminiumfenster ist eine innovative L\u00f6sung f\u00fcr alle, die Eleganz mit fortschrittlicher W\u00e4rmed\u00e4mmung kombinieren m\u00f6chten. Dank des SI-W\u00e4rmed\u00e4mmsystems (Super Insulation) und der fortschrittlichen Aluminiumprofile bietet dieses Fenster eine hervorragende W\u00e4rme- und Schalld\u00e4mmung. Der au\u00dfergew\u00f6hnlich niedrige Uw-Koeffizient beweist seine hohe Energieeffizienz, die sich in Energieeinsparungen niederschl\u00e4gt.<\/span><\/p>\n<h3>\u00a0<\/h3>\n<h3><strong>Wem empfehlen wir das MB-86 SI Aluminiumfenster?<\/strong><\/h3>\n<p><span style=\"font-weight: 400;\">Personen, die auf der Suche nach Fenstern mit elegantem Design sind, die die h\u00f6chste W\u00e4rmed\u00e4mmung in ihrer Klasse garantieren.<\/span><span style=\"font-weight: 400;\"><br \/><\/span><span style=\"font-weight: 400;\">Investoren und Architekten, die Wert auf moderne L\u00f6sungen, Energieeinsparung und Benutzerkomfort legen.<\/span><\/p>\n<h3>\u00a0<\/h3>\n<h3><strong>F\u00fcr welchen Endkunden sind die MB-86 SI Aluminiumfenster interessant?<\/strong><\/h3>\n<p><span style=\"font-weight: 400;\">F\u00fcr Kunden, die Wert auf h\u00f6chste Qualit\u00e4t und Energieeinsparungen legen und gleichzeitig Wert auf das anspruchsvolle Aussehen ihres Hauses legen.<\/span><span style=\"font-weight: 400;\"><br \/><\/span><span style=\"font-weight: 400;\">F\u00fcr Personen, die einen Raum schaffen m\u00f6chten, der Komfort bietet und gleichzeitig die h\u00f6chsten Standards der Energieeffizienz erf\u00fcllt.<\/span><\/p>\n<h3>\u00a0<\/h3>\n<h3><strong>Eine gute Alternative zum Aluminiumfenster MB-86 SI &#8211; Sch\u00fcco AWS 90.SI<\/strong><\/h3>\n<p><span style=\"font-weight: 400;\">Wenn Sie an einer noch besseren W\u00e4rmeleistung und einer gro\u00dfen Auswahl an Designl\u00f6sungen interessiert sind, sollten Sie das Sch\u00fcco AWS 90.SI Fenster als Alternative in Betracht ziehen. Dieses Modell bietet eine au\u00dfergew\u00f6hnliche W\u00e4rmed\u00e4mmung und die M\u00f6glichkeit der individuellen Gestaltung.<\/span><\/p>\n<h3>\u00a0<\/h3>\n<h3><strong>Mehr \u00fcber den Hersteller der Aluminiumfenster MB-86 SI<\/strong><\/h3>\n<p><span style=\"font-weight: 400;\">Aluprof ist ein angesehener Hersteller von Aluminiumsystemen, der f\u00fcr die Innovation und Qualit\u00e4t seiner Produkte bekannt ist. Das MB-86 SI Aluminiumfenster ist das Ergebnis seiner fortschrittlichen Technologie und seines Engagements f\u00fcr die Herstellung au\u00dfergew\u00f6hnlicher Fenster.<\/span><\/p>\n<h3>\u00a0<\/h3>\n<h4><strong>Mehr \u00fcber die St\u00e4rken des MB-86 SI Aluminiumfensters<\/strong><\/h4>\n<p><span style=\"font-weight: 400;\">&#8211; SI (Super Insulation) W\u00e4rmed\u00e4mmsystem, das einen ausgezeichneten Schutz gegen W\u00e4rmeverluste bietet und den Au\u00dfenl\u00e4rm reduziert.<\/span><span style=\"font-weight: 400;\"><br \/><\/span><span style=\"font-weight: 400;\">&#8211; Aluminiumprofil mit einem eleganten Design, das zu den modernen architektonischen Trends passt.<\/span><\/p>\n<h3>\u00a0<\/h3>\n<h3><strong>Zusammenfassung der MB-86 SI Aluminiumfenster<\/strong><\/h3>\n<p><span style=\"font-weight: 400;\">Das MB-86 SI Aluminium-Fenster ist die perfekte L\u00f6sung f\u00fcr alle, die sich eine fortschrittliche W\u00e4rmed\u00e4mmung in Kombination mit Eleganz w\u00fcnschen. Dank modernster Technologie und einem kosteneffektiven Design erf\u00fcllt dieses Fenster die h\u00f6chsten Standards der Energieeffizienz und bietet gleichzeitig ein au\u00dfergew\u00f6hnliches Aussehen und Komfort. Entscheiden Sie sich f\u00fcr das MB-86 SI Aluminiumfenster und genie\u00dfen Sie Energieeinsparungen und einen einzigartigen Stil Ihrer Inneneinrichtung.<\/span><\/p>\n<\/div><\/div><\/div><\/div><\/div>\n","protected":false},"excerpt":{"rendered":"","protected":false},"author":1,"featured_media":0,"parent":0,"menu_order":0,"comment_status":"closed","ping_status":"closed","template":"","meta":{"footnotes":""},"class_list":["post-6737","page","type-page","status-publish","hentry"],"yoast_head":"<!-- This site is optimized with the Yoast SEO plugin v26.5 - https:\/\/yoast.com\/wordpress\/plugins\/seo\/ -->\n<title>MB-86 SI - Sapor<\/title>\n<meta name=\"robots\" content=\"index, follow, max-snippet:-1, max-image-preview:large, max-video-preview:-1\" \/>\n<link rel=\"canonical\" href=\"http:\/\/sapor.twindisc.pl\/de\/mb-86-si\/\" \/>\n<meta property=\"og:locale\" content=\"de_DE\" \/>\n<meta property=\"og:type\" content=\"article\" \/>\n<meta property=\"og:title\" content=\"MB-86 SI - Sapor\" \/>\n<meta property=\"og:url\" content=\"http:\/\/sapor.twindisc.pl\/de\/mb-86-si\/\" \/>\n<meta property=\"og:site_name\" content=\"Sapor\" \/>\n<meta property=\"article:publisher\" content=\"https:\/\/www.facebook.com\/SAPOR.Fabryka.okien.i.drzwi\/\" \/>\n<meta property=\"article:modified_time\" content=\"2023-10-29T16:29:31+00:00\" \/>\n<meta name=\"twitter:card\" content=\"summary_large_image\" \/>\n<meta name=\"twitter:label1\" content=\"Gesch\u00e4tzte Lesezeit\" \/>\n\t<meta name=\"twitter:data1\" content=\"12\u00a0Minuten\" \/>\n<script type=\"application\/ld+json\" class=\"yoast-schema-graph\">{\"@context\":\"https:\/\/schema.org\",\"@graph\":[{\"@type\":\"WebPage\",\"@id\":\"http:\/\/sapor.twindisc.pl\/de\/mb-86-si\/\",\"url\":\"http:\/\/sapor.twindisc.pl\/de\/mb-86-si\/\",\"name\":\"MB-86 SI - Sapor\",\"isPartOf\":{\"@id\":\"https:\/\/sapor.twindisc.pl\/#website\"},\"datePublished\":\"2021-06-03T11:38:52+00:00\",\"dateModified\":\"2023-10-29T16:29:31+00:00\",\"breadcrumb\":{\"@id\":\"http:\/\/sapor.twindisc.pl\/de\/mb-86-si\/#breadcrumb\"},\"inLanguage\":\"de\",\"potentialAction\":[{\"@type\":\"ReadAction\",\"target\":[\"http:\/\/sapor.twindisc.pl\/de\/mb-86-si\/\"]}]},{\"@type\":\"BreadcrumbList\",\"@id\":\"http:\/\/sapor.twindisc.pl\/de\/mb-86-si\/#breadcrumb\",\"itemListElement\":[{\"@type\":\"ListItem\",\"position\":1,\"name\":\"Startseite\",\"item\":\"https:\/\/sapor.twindisc.pl\/de\/\"},{\"@type\":\"ListItem\",\"position\":2,\"name\":\"MB-86 SI\"}]},{\"@type\":\"WebSite\",\"@id\":\"https:\/\/sapor.twindisc.pl\/#website\",\"url\":\"https:\/\/sapor.twindisc.pl\/\",\"name\":\"Sapor\",\"description\":\"\",\"publisher\":{\"@id\":\"https:\/\/sapor.twindisc.pl\/#organization\"},\"potentialAction\":[{\"@type\":\"SearchAction\",\"target\":{\"@type\":\"EntryPoint\",\"urlTemplate\":\"https:\/\/sapor.twindisc.pl\/?s={search_term_string}\"},\"query-input\":{\"@type\":\"PropertyValueSpecification\",\"valueRequired\":true,\"valueName\":\"search_term_string\"}}],\"inLanguage\":\"de\"},{\"@type\":\"Organization\",\"@id\":\"https:\/\/sapor.twindisc.pl\/#organization\",\"name\":\"Sapor Sp. z o. o.\",\"url\":\"https:\/\/sapor.twindisc.pl\/\",\"logo\":{\"@type\":\"ImageObject\",\"inLanguage\":\"de\",\"@id\":\"https:\/\/sapor.twindisc.pl\/#\/schema\/logo\/image\/\",\"url\":\"http:\/\/sapor.twindisc.pl\/wp-content\/uploads\/2021\/04\/logo-sapor-e1618419520128.png\",\"contentUrl\":\"http:\/\/sapor.twindisc.pl\/wp-content\/uploads\/2021\/04\/logo-sapor-e1618419520128.png\",\"width\":140,\"height\":67,\"caption\":\"Sapor Sp. z o. o.\"},\"image\":{\"@id\":\"https:\/\/sapor.twindisc.pl\/#\/schema\/logo\/image\/\"},\"sameAs\":[\"https:\/\/www.facebook.com\/SAPOR.Fabryka.okien.i.drzwi\/\"]}]}<\/script>\n<!-- \/ Yoast SEO plugin. -->","yoast_head_json":{"title":"MB-86 SI - Sapor","robots":{"index":"index","follow":"follow","max-snippet":"max-snippet:-1","max-image-preview":"max-image-preview:large","max-video-preview":"max-video-preview:-1"},"canonical":"http:\/\/sapor.twindisc.pl\/de\/mb-86-si\/","og_locale":"de_DE","og_type":"article","og_title":"MB-86 SI - Sapor","og_url":"http:\/\/sapor.twindisc.pl\/de\/mb-86-si\/","og_site_name":"Sapor","article_publisher":"https:\/\/www.facebook.com\/SAPOR.Fabryka.okien.i.drzwi\/","article_modified_time":"2023-10-29T16:29:31+00:00","twitter_card":"summary_large_image","twitter_misc":{"Gesch\u00e4tzte Lesezeit":"12\u00a0Minuten"},"schema":{"@context":"https:\/\/schema.org","@graph":[{"@type":"WebPage","@id":"http:\/\/sapor.twindisc.pl\/de\/mb-86-si\/","url":"http:\/\/sapor.twindisc.pl\/de\/mb-86-si\/","name":"MB-86 SI - Sapor","isPartOf":{"@id":"https:\/\/sapor.twindisc.pl\/#website"},"datePublished":"2021-06-03T11:38:52+00:00","dateModified":"2023-10-29T16:29:31+00:00","breadcrumb":{"@id":"http:\/\/sapor.twindisc.pl\/de\/mb-86-si\/#breadcrumb"},"inLanguage":"de","potentialAction":[{"@type":"ReadAction","target":["http:\/\/sapor.twindisc.pl\/de\/mb-86-si\/"]}]},{"@type":"BreadcrumbList","@id":"http:\/\/sapor.twindisc.pl\/de\/mb-86-si\/#breadcrumb","itemListElement":[{"@type":"ListItem","position":1,"name":"Startseite","item":"https:\/\/sapor.twindisc.pl\/de\/"},{"@type":"ListItem","position":2,"name":"MB-86 SI"}]},{"@type":"WebSite","@id":"https:\/\/sapor.twindisc.pl\/#website","url":"https:\/\/sapor.twindisc.pl\/","name":"Sapor","description":"","publisher":{"@id":"https:\/\/sapor.twindisc.pl\/#organization"},"potentialAction":[{"@type":"SearchAction","target":{"@type":"EntryPoint","urlTemplate":"https:\/\/sapor.twindisc.pl\/?s={search_term_string}"},"query-input":{"@type":"PropertyValueSpecification","valueRequired":true,"valueName":"search_term_string"}}],"inLanguage":"de"},{"@type":"Organization","@id":"https:\/\/sapor.twindisc.pl\/#organization","name":"Sapor Sp. z o. o.","url":"https:\/\/sapor.twindisc.pl\/","logo":{"@type":"ImageObject","inLanguage":"de","@id":"https:\/\/sapor.twindisc.pl\/#\/schema\/logo\/image\/","url":"http:\/\/sapor.twindisc.pl\/wp-content\/uploads\/2021\/04\/logo-sapor-e1618419520128.png","contentUrl":"http:\/\/sapor.twindisc.pl\/wp-content\/uploads\/2021\/04\/logo-sapor-e1618419520128.png","width":140,"height":67,"caption":"Sapor Sp. z o. o."},"image":{"@id":"https:\/\/sapor.twindisc.pl\/#\/schema\/logo\/image\/"},"sameAs":["https:\/\/www.facebook.com\/SAPOR.Fabryka.okien.i.drzwi\/"]}]}},"_links":{"self":[{"href":"http:\/\/sapor.twindisc.pl\/de\/wp-json\/wp\/v2\/pages\/6737","targetHints":{"allow":["GET"]}}],"collection":[{"href":"http:\/\/sapor.twindisc.pl\/de\/wp-json\/wp\/v2\/pages"}],"about":[{"href":"http:\/\/sapor.twindisc.pl\/de\/wp-json\/wp\/v2\/types\/page"}],"author":[{"embeddable":true,"href":"http:\/\/sapor.twindisc.pl\/de\/wp-json\/wp\/v2\/users\/1"}],"replies":[{"embeddable":true,"href":"http:\/\/sapor.twindisc.pl\/de\/wp-json\/wp\/v2\/comments?post=6737"}],"version-history":[{"count":2,"href":"http:\/\/sapor.twindisc.pl\/de\/wp-json\/wp\/v2\/pages\/6737\/revisions"}],"predecessor-version":[{"id":6739,"href":"http:\/\/sapor.twindisc.pl\/de\/wp-json\/wp\/v2\/pages\/6737\/revisions\/6739"}],"wp:attachment":[{"href":"http:\/\/sapor.twindisc.pl\/de\/wp-json\/wp\/v2\/media?parent=6737"}],"curies":[{"name":"wp","href":"https:\/\/api.w.org\/{rel}","templated":true}]}}