{"id":4019,"date":"2021-05-26T18:10:11","date_gmt":"2021-05-26T16:10:11","guid":{"rendered":"http:\/\/sapor.twindisc.pl\/perfectline-standard\/"},"modified":"2023-12-03T20:43:38","modified_gmt":"2023-12-03T19:43:38","slug":"perfectline-standard","status":"publish","type":"page","link":"http:\/\/sapor.twindisc.pl\/it\/perfectline-standard\/","title":{"rendered":"Perfectline Standard"},"content":{"rendered":"<div class=\"fusion-fullwidth fullwidth-box fusion-builder-row-1 fusion-flex-container nonhundred-percent-fullwidth non-hundred-percent-height-scrolling\" style=\"--awb-border-radius-top-left:0px;--awb-border-radius-top-right:0px;--awb-border-radius-bottom-right:0px;--awb-border-radius-bottom-left:0px;--awb-flex-wrap:wrap;\" ><div class=\"fusion-builder-row fusion-row fusion-flex-align-items-flex-start fusion-flex-content-wrap\" style=\"max-width:1528.8px;margin-left: calc(-4% \/ 2 );margin-right: calc(-4% \/ 2 );\"><div class=\"fusion-layout-column fusion_builder_column fusion-builder-column-0 fusion_builder_column_1_1 1_1 fusion-flex-column\" style=\"--awb-bg-size:cover;--awb-width-large:100%;--awb-margin-top-large:0px;--awb-spacing-right-large:1.92%;--awb-margin-bottom-large:20px;--awb-spacing-left-large:1.92%;--awb-width-medium:100%;--awb-order-medium:0;--awb-spacing-right-medium:1.92%;--awb-spacing-left-medium:1.92%;--awb-width-small:100%;--awb-order-small:0;--awb-spacing-right-small:1.92%;--awb-spacing-left-small:1.92%;\"><div class=\"fusion-column-wrapper fusion-column-has-shadow fusion-flex-justify-content-flex-start fusion-content-layout-column\"><div class=\"fusion-text fusion-text-1 fusion-animated\" data-animationType=\"slideInUp\" data-animationDuration=\"0.9\" data-animationOffset=\"top-into-view\"><h2><span style=\"font-weight: 400;\">Finestre in PVC Veka Perfectline Standard<\/span><\/h2>\n<\/div><div class=\"fusion-text fusion-text-2\"><h4><span style=\"font-weight: 400;\">La funzionalit\u00e0 in armonia con la semplicit\u00e0 | una finestra solida e versatile per ogni casa<\/span><\/h4>\n<\/div><\/div><\/div><div class=\"fusion-layout-column fusion_builder_column fusion-builder-column-1 fusion_builder_column_2_3 2_3 fusion-flex-column fusion-animated\" style=\"--awb-bg-size:cover;--awb-width-large:66.666666666667%;--awb-margin-top-large:0px;--awb-spacing-right-large:2.88%;--awb-margin-bottom-large:20px;--awb-spacing-left-large:2.88%;--awb-width-medium:66.666666666667%;--awb-order-medium:0;--awb-spacing-right-medium:2.88%;--awb-spacing-left-medium:2.88%;--awb-width-small:100%;--awb-order-small:0;--awb-spacing-right-small:1.92%;--awb-spacing-left-small:1.92%;\" data-animationType=\"slideInLeft\" data-animationDuration=\"0.9\" data-animationOffset=\"top-into-view\"><div class=\"fusion-column-wrapper fusion-column-has-shadow fusion-flex-justify-content-flex-start fusion-content-layout-column\"><div class=\"fusion-text fusion-text-3\"><p><span style=\"font-weight: 400;\">Veka Perfectline Standard \u00e8 una finestra in PVC affidabile che unisce funzionalit\u00e0 a semplicit\u00e0 e solidit\u00e0. Questo modello \u00e8 una scelta eccellente per coloro che cercano finestre versatili, che si adattino bene ai vari tipi di edifici. Semplice nella forma, Veka Perfectline Standard offre qualit\u00e0 elevata e affidabilit\u00e0 a un prezzo accessibile<\/span><\/p>\n<\/div><\/div><\/div><div class=\"fusion-layout-column fusion_builder_column fusion-builder-column-2 fusion_builder_column_1_3 1_3 fusion-flex-column fusion-flex-align-self-center fusion-animated\" style=\"--awb-bg-size:cover;--awb-width-large:33.333333333333%;--awb-margin-top-large:0px;--awb-spacing-right-large:5.76%;--awb-margin-bottom-large:20px;--awb-spacing-left-large:5.76%;--awb-width-medium:33.333333333333%;--awb-order-medium:0;--awb-spacing-right-medium:5.76%;--awb-spacing-left-medium:5.76%;--awb-width-small:100%;--awb-order-small:0;--awb-spacing-right-small:1.92%;--awb-spacing-left-small:1.92%;\" data-animationType=\"slideInRight\" data-animationDuration=\"0.9\" data-animationOffset=\"top-into-view\"><div class=\"fusion-column-wrapper fusion-column-has-shadow fusion-flex-justify-content-flex-start fusion-content-layout-column\"><div class=\"fusion-image-element \" style=\"--awb-caption-title-font-family:var(--h2_typography-font-family);--awb-caption-title-font-weight:var(--h2_typography-font-weight);--awb-caption-title-font-style:var(--h2_typography-font-style);--awb-caption-title-size:var(--h2_typography-font-size);--awb-caption-title-transform:var(--h2_typography-text-transform);--awb-caption-title-line-height:var(--h2_typography-line-height);--awb-caption-title-letter-spacing:var(--h2_typography-letter-spacing);\"><span class=\" fusion-imageframe imageframe-none imageframe-1 hover-type-none\"><img decoding=\"async\" width=\"300\" height=\"401\" title=\"perfectline-standard\" src=\"http:\/\/sapor.twindisc.pl\/wp-content\/uploads\/2021\/05\/perfectline-standard-1.png\" data-orig-src=\"http:\/\/sapor.twindisc.pl\/wp-content\/uploads\/2021\/05\/perfectline-standard-1.png\" alt class=\"lazyload img-responsive wp-image-1075\" srcset=\"data:image\/svg+xml,%3Csvg%20xmlns%3D%27http%3A%2F%2Fwww.w3.org%2F2000%2Fsvg%27%20width%3D%27300%27%20height%3D%27401%27%20viewBox%3D%270%200%20300%20401%27%3E%3Crect%20width%3D%27300%27%20height%3D%27401%27%20fill-opacity%3D%220%22%2F%3E%3C%2Fsvg%3E\" data-srcset=\"http:\/\/sapor.twindisc.pl\/wp-content\/uploads\/2021\/05\/perfectline-standard-1-200x267.png 200w, http:\/\/sapor.twindisc.pl\/wp-content\/uploads\/2021\/05\/perfectline-standard-1.png 300w\" data-sizes=\"auto\" data-orig-sizes=\"(max-width: 1024px) 100vw, 300px\" \/><\/span><\/div><\/div><\/div><div class=\"fusion-layout-column fusion_builder_column fusion-builder-column-3 fusion_builder_column_1_3 1_3 fusion-flex-column fusion-flex-align-self-center fusion-animated\" style=\"--awb-bg-size:cover;--awb-width-large:33.333333333333%;--awb-margin-top-large:0px;--awb-spacing-right-large:5.76%;--awb-margin-bottom-large:20px;--awb-spacing-left-large:5.76%;--awb-width-medium:33.333333333333%;--awb-order-medium:0;--awb-spacing-right-medium:5.76%;--awb-spacing-left-medium:5.76%;--awb-width-small:100%;--awb-order-small:0;--awb-spacing-right-small:1.92%;--awb-spacing-left-small:1.92%;\" data-animationType=\"slideInLeft\" data-animationDuration=\"0.9\" data-animationOffset=\"top-into-view\"><div class=\"fusion-column-wrapper fusion-column-has-shadow fusion-flex-justify-content-flex-start fusion-content-layout-column\"><div class=\"fusion-image-element \" style=\"--awb-caption-title-font-family:var(--h2_typography-font-family);--awb-caption-title-font-weight:var(--h2_typography-font-weight);--awb-caption-title-font-style:var(--h2_typography-font-style);--awb-caption-title-size:var(--h2_typography-font-size);--awb-caption-title-transform:var(--h2_typography-text-transform);--awb-caption-title-line-height:var(--h2_typography-line-height);--awb-caption-title-letter-spacing:var(--h2_typography-letter-spacing);\"><span class=\" fusion-imageframe imageframe-none imageframe-2 hover-type-none\"><img decoding=\"async\" width=\"359\" height=\"260\" title=\"perfectline-standard-schemat\" src=\"http:\/\/sapor.twindisc.pl\/wp-content\/uploads\/2021\/05\/perfectline-standard-schemat.jpg\" data-orig-src=\"http:\/\/sapor.twindisc.pl\/wp-content\/uploads\/2021\/05\/perfectline-standard-schemat.jpg\" alt class=\"lazyload img-responsive wp-image-1104\" srcset=\"data:image\/svg+xml,%3Csvg%20xmlns%3D%27http%3A%2F%2Fwww.w3.org%2F2000%2Fsvg%27%20width%3D%27359%27%20height%3D%27260%27%20viewBox%3D%270%200%20359%20260%27%3E%3Crect%20width%3D%27359%27%20height%3D%27260%27%20fill-opacity%3D%220%22%2F%3E%3C%2Fsvg%3E\" data-srcset=\"http:\/\/sapor.twindisc.pl\/wp-content\/uploads\/2021\/05\/perfectline-standard-schemat-200x145.jpg 200w, http:\/\/sapor.twindisc.pl\/wp-content\/uploads\/2021\/05\/perfectline-standard-schemat.jpg 359w\" data-sizes=\"auto\" data-orig-sizes=\"(max-width: 1024px) 100vw, 359px\" \/><\/span><\/div><div style=\"text-align:center;\"><a class=\"fusion-button button-flat fusion-button-default-size button-custom fusion-button-default button-1 fusion-button-default-span fusion-button-default-type\" style=\"--button_accent_color:#ffffff;--button_accent_hover_color:#ffffff;--button_border_hover_color:#780404;--button-border-radius-top-left:0;--button-border-radius-top-right:0;--button-border-radius-bottom-right:0;--button-border-radius-bottom-left:0;--button_gradient_top_color:var(--awb-custom_color_1);--button_gradient_bottom_color:var(--awb-custom_color_1);--button_gradient_top_color_hover:var(--awb-custom_color_2);--button_gradient_bottom_color_hover:var(--awb-custom_color_2);--button_margin-top:50px;\" target=\"_blank\" rel=\"noopener noreferrer\" href=\"\/wp-content\/uploads\/2021\/05\/perfectline.pdf\"><span class=\"fusion-button-text\">Scarica l&#8217;opuscolo<\/span><\/a><\/div><\/div><\/div><div class=\"fusion-layout-column fusion_builder_column fusion-builder-column-4 fusion_builder_column_2_3 2_3 fusion-flex-column fusion-animated\" style=\"--awb-bg-size:cover;--awb-width-large:66.666666666667%;--awb-margin-top-large:0px;--awb-spacing-right-large:2.88%;--awb-margin-bottom-large:20px;--awb-spacing-left-large:2.88%;--awb-width-medium:66.666666666667%;--awb-order-medium:0;--awb-spacing-right-medium:2.88%;--awb-spacing-left-medium:2.88%;--awb-width-small:100%;--awb-order-small:0;--awb-spacing-right-small:1.92%;--awb-spacing-left-small:1.92%;\" data-animationType=\"slideInRight\" data-animationDuration=\"0.9\" data-animationOffset=\"top-into-view\"><div class=\"fusion-column-wrapper fusion-column-has-shadow fusion-flex-justify-content-flex-start fusion-content-layout-column\">\n<div class=\"table-2\">\n<div class=\"table-2\">\n<table width=\"100%\">\n<thead>\n<tr>\n<th align=\"left\">Informazioni fondamentali<\/th>\n<th align=\"left\"><\/th>\n<\/tr>\n<\/thead>\n<tbody>\n<tr>\n<td align=\"left\"><strong>Numero di vetri<\/strong><\/td>\n<td align=\"left\">2<\/td>\n<\/tr>\n<tr>\n<td align=\"left\"><strong>Numero di guarnizioni<\/strong><\/td>\n<td align=\"left\">2<\/td>\n<\/tr>\n<tr>\n<td align=\"left\"><strong>Numero di camere<\/strong><\/td>\n<td align=\"left\">5<\/td>\n<\/tr>\n<tr>\n<td align=\"left\"><strong>Coefficiente Uw<\/strong><\/td>\n<td align=\"left\">1.1<\/td>\n<\/tr>\n<tr>\n<td align=\"left\"><strong>Profondit\u00e0 del profilo<\/strong><\/td>\n<td align=\"left\">70 mm<\/td>\n<\/tr>\n<tr>\n<td align=\"left\"><strong>Saldature<\/strong><\/td>\n<td align=\"left\">standard<\/td>\n<\/tr>\n<\/tbody>\n<\/table>\n<\/div>\n<\/div>\n<\/div><\/div><div class=\"fusion-layout-column fusion_builder_column fusion-builder-column-5 fusion_builder_column_1_1 1_1 fusion-flex-column\" style=\"--awb-bg-size:cover;--awb-width-large:100%;--awb-margin-top-large:0px;--awb-spacing-right-large:1.92%;--awb-margin-bottom-large:20px;--awb-spacing-left-large:1.92%;--awb-width-medium:100%;--awb-order-medium:0;--awb-spacing-right-medium:1.92%;--awb-spacing-left-medium:1.92%;--awb-width-small:100%;--awb-order-small:0;--awb-spacing-right-small:1.92%;--awb-spacing-left-small:1.92%;\"><div class=\"fusion-column-wrapper fusion-column-has-shadow fusion-flex-justify-content-flex-start fusion-content-layout-column\">\n<div class=\"table-2\">\n<div class=\"table-2\">\n<table width=\"100%\">\n<thead>\n<tr>\n<th align=\"left\">Parametri tecnici<\/th>\n<th align=\"left\"><\/th>\n<\/tr>\n<\/thead>\n<tbody>\n<tr>\n<td align=\"left\"><strong>Materiale<\/strong><\/td>\n<td align=\"left\">PVC<\/td>\n<\/tr>\n<tr>\n<td align=\"left\"><strong>Marchio<\/strong><\/td>\n<td align=\"left\">Veka<\/td>\n<\/tr>\n<tr>\n<td align=\"left\"><strong>Uf<\/strong><\/td>\n<td align=\"left\">1.2<\/td>\n<\/tr>\n<tr>\n<td align=\"left\"><strong>Ug<\/strong><\/td>\n<td align=\"left\">1.0<\/td>\n<\/tr>\n<tr>\n<td align=\"left\"><strong>Uw<\/strong><\/td>\n<td align=\"left\">1.1<\/td>\n<\/tr>\n<tr>\n<td align=\"left\"><strong>Profondit\u00e0 del telaio<\/strong><\/td>\n<td align=\"left\">70 mm<\/td>\n<\/tr>\n<tr>\n<td align=\"left\"><strong>Profondit\u00e0 dell\u2019anta<\/strong><\/td>\n<td align=\"left\">70 mm<\/td>\n<\/tr>\n<tr>\n<td align=\"left\"><strong>Dimensioni massime dell\u2019anta<\/strong><\/td>\n<td align=\"left\">2,0\/2,3 m2<\/td>\n<\/tr>\n<tr>\n<td align=\"left\"><strong>Peso massimo dell\u2019anta<\/strong><\/td>\n<td align=\"left\">100 kg<\/td>\n<\/tr>\n<tr>\n<td align=\"left\"><strong>Spessore massimo della vetrata<\/strong><\/td>\n<td align=\"left\">49 mm<\/td>\n<\/tr>\n<\/tbody>\n<\/table>\n<\/div>\n<\/div>\n<div class=\"fusion-text fusion-text-4\"><h3>Conosciamo il profilo delle finestre in PVC Veka Perfectline Standard<\/h3>\n<p>Veka Perfectline Standard \u00e8 una finestra in PVC affidabile che unisce funzionalit\u00e0 a semplicit\u00e0 e solidit\u00e0. Questo modello \u00e8 una scelta eccellente per coloro che cercano finestre versatili, che si adattino bene ai vari tipi di edifici. Semplice nella forma, Veka Perfectline Standard offre qualit\u00e0 elevata e affidabilit\u00e0 a un prezzo accessibile.<\/p>\n<h3>A chi raccomandiamo le finestre in PVC Veka Perfectline Standard?<\/h3>\n<p>A coloro che apprezzano la semplicit\u00e0 e la funzionalit\u00e0 e desiderano dotare la propria casa di finestre affidabili con buone caratteristiche.<\/p>\n<p>Ai costruttori e investitori che necessitano di finestre solide per molti progetti di costruzione diversi.<\/p>\n<h3>Quali clienti finali potrebbero essere interessati alle finestre Veka Perfectline Standard?<\/h3>\n<p>Clienti che si aspettano un prodotto solido a un prezzo accessibile che soddisfi i requisiti di base per le finestre per abitazioni.<\/p>\n<p>Persone che stanno progettando di ristrutturare o costruire una casa e sono alla ricerca di una soluzione duratura e affidabile.<\/p>\n<h3>Una buona alternativa alle finestre Veka Perfectline Standard: Gealan S8000<\/h3>\n<p>Se ti interessano parametri termici e acustici migliori, potresti considerare in alternativa la finestra Gealan S8000, che offre tecnologie pi\u00f9 avanzate e migliori parametri di isolamento termico.<\/p>\n<h3>Maggiori informazioni sul produttore delle finestre Veka Perfectline Standard<\/h3>\n<p>L&#8217;azienda Veka \u00e8 un\u2019apprezzata produttrice di finestre in PVC, nota per l&#8217;affidabilit\u00e0 e la durata dei suoi prodotti. Veka Perfectline Standard \u00e8 un perfetto esempio di semplicit\u00e0 che va di pari passo con la qualit\u00e0.<\/p>\n<h4>Maggiori informazioni sui punti di forza delle finestre Veka Perfectline Standard<\/h4>\n<p>&#8211; Lavorazione solida e alta resistenza, che assicurano un uso a lungo termine.<\/p>\n<p>&#8211; Prezzo accessibile, che rende queste finestre una soluzione attraente per un ampio gruppo di clienti.<\/p>\n<h3>Sintesi delle finestre Veka Perfectline Standard<\/h3>\n<p>Veka Perfectline Standard \u00e8 una finestra in PVC che unisce semplicit\u00e0 e funzionalit\u00e0, offrendo una soluzione solida e affidabile per ogni casa. Sebbene abbia un coefficiente di trasmittanza termica di livello inferiore rispetto ad alcuni modelli pi\u00f9 avanzati, rimane comunque una buona scelta per coloro che cercano una finestra durevole a un prezzo conveniente. \u00c8 un prodotto versatile, che risulta adatto per diversi progetti di costruzione e che soddisfa i requisiti di qualit\u00e0 fondamentali.<\/p>\n<\/div><\/div><\/div><\/div><\/div>\n","protected":false},"excerpt":{"rendered":"","protected":false},"author":1,"featured_media":0,"parent":0,"menu_order":0,"comment_status":"closed","ping_status":"closed","template":"","meta":{"footnotes":""},"class_list":["post-4019","page","type-page","status-publish","hentry"],"yoast_head":"<!-- This site is optimized with the Yoast SEO plugin v26.5 - https:\/\/yoast.com\/wordpress\/plugins\/seo\/ -->\n<title>Perfectline Standard - Sapor<\/title>\n<meta name=\"robots\" content=\"index, follow, max-snippet:-1, max-image-preview:large, max-video-preview:-1\" \/>\n<link rel=\"canonical\" href=\"http:\/\/sapor.twindisc.pl\/it\/perfectline-standard\/\" \/>\n<meta property=\"og:locale\" content=\"it_IT\" \/>\n<meta property=\"og:type\" content=\"article\" \/>\n<meta property=\"og:title\" content=\"Perfectline Standard - Sapor\" \/>\n<meta property=\"og:url\" content=\"http:\/\/sapor.twindisc.pl\/it\/perfectline-standard\/\" \/>\n<meta property=\"og:site_name\" content=\"Sapor\" \/>\n<meta property=\"article:publisher\" content=\"https:\/\/www.facebook.com\/SAPOR.Fabryka.okien.i.drzwi\/\" \/>\n<meta property=\"article:modified_time\" content=\"2023-12-03T19:43:38+00:00\" \/>\n<meta name=\"twitter:card\" content=\"summary_large_image\" \/>\n<meta name=\"twitter:label1\" content=\"Tempo di lettura stimato\" \/>\n\t<meta name=\"twitter:data1\" content=\"9 minuti\" \/>\n<script type=\"application\/ld+json\" class=\"yoast-schema-graph\">{\"@context\":\"https:\/\/schema.org\",\"@graph\":[{\"@type\":\"WebPage\",\"@id\":\"http:\/\/sapor.twindisc.pl\/it\/perfectline-standard\/\",\"url\":\"http:\/\/sapor.twindisc.pl\/it\/perfectline-standard\/\",\"name\":\"Perfectline Standard - Sapor\",\"isPartOf\":{\"@id\":\"https:\/\/sapor.twindisc.pl\/#website\"},\"datePublished\":\"2021-05-26T16:10:11+00:00\",\"dateModified\":\"2023-12-03T19:43:38+00:00\",\"breadcrumb\":{\"@id\":\"http:\/\/sapor.twindisc.pl\/it\/perfectline-standard\/#breadcrumb\"},\"inLanguage\":\"it-IT\",\"potentialAction\":[{\"@type\":\"ReadAction\",\"target\":[\"http:\/\/sapor.twindisc.pl\/it\/perfectline-standard\/\"]}]},{\"@type\":\"BreadcrumbList\",\"@id\":\"http:\/\/sapor.twindisc.pl\/it\/perfectline-standard\/#breadcrumb\",\"itemListElement\":[{\"@type\":\"ListItem\",\"position\":1,\"name\":\"Homepage\",\"item\":\"https:\/\/sapor.twindisc.pl\/it\/\"},{\"@type\":\"ListItem\",\"position\":2,\"name\":\"Perfectline Standard\"}]},{\"@type\":\"WebSite\",\"@id\":\"https:\/\/sapor.twindisc.pl\/#website\",\"url\":\"https:\/\/sapor.twindisc.pl\/\",\"name\":\"Sapor\",\"description\":\"\",\"publisher\":{\"@id\":\"https:\/\/sapor.twindisc.pl\/#organization\"},\"potentialAction\":[{\"@type\":\"SearchAction\",\"target\":{\"@type\":\"EntryPoint\",\"urlTemplate\":\"https:\/\/sapor.twindisc.pl\/?s={search_term_string}\"},\"query-input\":{\"@type\":\"PropertyValueSpecification\",\"valueRequired\":true,\"valueName\":\"search_term_string\"}}],\"inLanguage\":\"it-IT\"},{\"@type\":\"Organization\",\"@id\":\"https:\/\/sapor.twindisc.pl\/#organization\",\"name\":\"Sapor Sp. z o. o.\",\"url\":\"https:\/\/sapor.twindisc.pl\/\",\"logo\":{\"@type\":\"ImageObject\",\"inLanguage\":\"it-IT\",\"@id\":\"https:\/\/sapor.twindisc.pl\/#\/schema\/logo\/image\/\",\"url\":\"http:\/\/sapor.twindisc.pl\/wp-content\/uploads\/2021\/04\/logo-sapor-e1618419520128.png\",\"contentUrl\":\"http:\/\/sapor.twindisc.pl\/wp-content\/uploads\/2021\/04\/logo-sapor-e1618419520128.png\",\"width\":140,\"height\":67,\"caption\":\"Sapor Sp. z o. o.\"},\"image\":{\"@id\":\"https:\/\/sapor.twindisc.pl\/#\/schema\/logo\/image\/\"},\"sameAs\":[\"https:\/\/www.facebook.com\/SAPOR.Fabryka.okien.i.drzwi\/\"]}]}<\/script>\n<!-- \/ Yoast SEO plugin. -->","yoast_head_json":{"title":"Perfectline Standard - Sapor","robots":{"index":"index","follow":"follow","max-snippet":"max-snippet:-1","max-image-preview":"max-image-preview:large","max-video-preview":"max-video-preview:-1"},"canonical":"http:\/\/sapor.twindisc.pl\/it\/perfectline-standard\/","og_locale":"it_IT","og_type":"article","og_title":"Perfectline Standard - Sapor","og_url":"http:\/\/sapor.twindisc.pl\/it\/perfectline-standard\/","og_site_name":"Sapor","article_publisher":"https:\/\/www.facebook.com\/SAPOR.Fabryka.okien.i.drzwi\/","article_modified_time":"2023-12-03T19:43:38+00:00","twitter_card":"summary_large_image","twitter_misc":{"Tempo di lettura stimato":"9 minuti"},"schema":{"@context":"https:\/\/schema.org","@graph":[{"@type":"WebPage","@id":"http:\/\/sapor.twindisc.pl\/it\/perfectline-standard\/","url":"http:\/\/sapor.twindisc.pl\/it\/perfectline-standard\/","name":"Perfectline Standard - Sapor","isPartOf":{"@id":"https:\/\/sapor.twindisc.pl\/#website"},"datePublished":"2021-05-26T16:10:11+00:00","dateModified":"2023-12-03T19:43:38+00:00","breadcrumb":{"@id":"http:\/\/sapor.twindisc.pl\/it\/perfectline-standard\/#breadcrumb"},"inLanguage":"it-IT","potentialAction":[{"@type":"ReadAction","target":["http:\/\/sapor.twindisc.pl\/it\/perfectline-standard\/"]}]},{"@type":"BreadcrumbList","@id":"http:\/\/sapor.twindisc.pl\/it\/perfectline-standard\/#breadcrumb","itemListElement":[{"@type":"ListItem","position":1,"name":"Homepage","item":"https:\/\/sapor.twindisc.pl\/it\/"},{"@type":"ListItem","position":2,"name":"Perfectline Standard"}]},{"@type":"WebSite","@id":"https:\/\/sapor.twindisc.pl\/#website","url":"https:\/\/sapor.twindisc.pl\/","name":"Sapor","description":"","publisher":{"@id":"https:\/\/sapor.twindisc.pl\/#organization"},"potentialAction":[{"@type":"SearchAction","target":{"@type":"EntryPoint","urlTemplate":"https:\/\/sapor.twindisc.pl\/?s={search_term_string}"},"query-input":{"@type":"PropertyValueSpecification","valueRequired":true,"valueName":"search_term_string"}}],"inLanguage":"it-IT"},{"@type":"Organization","@id":"https:\/\/sapor.twindisc.pl\/#organization","name":"Sapor Sp. z o. o.","url":"https:\/\/sapor.twindisc.pl\/","logo":{"@type":"ImageObject","inLanguage":"it-IT","@id":"https:\/\/sapor.twindisc.pl\/#\/schema\/logo\/image\/","url":"http:\/\/sapor.twindisc.pl\/wp-content\/uploads\/2021\/04\/logo-sapor-e1618419520128.png","contentUrl":"http:\/\/sapor.twindisc.pl\/wp-content\/uploads\/2021\/04\/logo-sapor-e1618419520128.png","width":140,"height":67,"caption":"Sapor Sp. z o. o."},"image":{"@id":"https:\/\/sapor.twindisc.pl\/#\/schema\/logo\/image\/"},"sameAs":["https:\/\/www.facebook.com\/SAPOR.Fabryka.okien.i.drzwi\/"]}]}},"_links":{"self":[{"href":"http:\/\/sapor.twindisc.pl\/it\/wp-json\/wp\/v2\/pages\/4019","targetHints":{"allow":["GET"]}}],"collection":[{"href":"http:\/\/sapor.twindisc.pl\/it\/wp-json\/wp\/v2\/pages"}],"about":[{"href":"http:\/\/sapor.twindisc.pl\/it\/wp-json\/wp\/v2\/types\/page"}],"author":[{"embeddable":true,"href":"http:\/\/sapor.twindisc.pl\/it\/wp-json\/wp\/v2\/users\/1"}],"replies":[{"embeddable":true,"href":"http:\/\/sapor.twindisc.pl\/it\/wp-json\/wp\/v2\/comments?post=4019"}],"version-history":[{"count":2,"href":"http:\/\/sapor.twindisc.pl\/it\/wp-json\/wp\/v2\/pages\/4019\/revisions"}],"predecessor-version":[{"id":7311,"href":"http:\/\/sapor.twindisc.pl\/it\/wp-json\/wp\/v2\/pages\/4019\/revisions\/7311"}],"wp:attachment":[{"href":"http:\/\/sapor.twindisc.pl\/it\/wp-json\/wp\/v2\/media?parent=4019"}],"curies":[{"name":"wp","href":"https:\/\/api.w.org\/{rel}","templated":true}]}}