{"id":4073,"date":"2021-06-03T11:54:17","date_gmt":"2021-06-03T09:54:17","guid":{"rendered":"http:\/\/sapor.twindisc.pl\/mb-78-ei\/"},"modified":"2023-12-03T21:19:43","modified_gmt":"2023-12-03T20:19:43","slug":"mb-78-ei","status":"publish","type":"page","link":"https:\/\/sapor.twindisc.pl\/de\/mb-78-ei\/","title":{"rendered":"MB-78 EI"},"content":{"rendered":"<div class=\"fusion-fullwidth fullwidth-box fusion-builder-row-1 fusion-flex-container nonhundred-percent-fullwidth non-hundred-percent-height-scrolling\" style=\"--awb-border-radius-top-left:0px;--awb-border-radius-top-right:0px;--awb-border-radius-bottom-right:0px;--awb-border-radius-bottom-left:0px;--awb-flex-wrap:wrap;\" ><div class=\"fusion-builder-row fusion-row fusion-flex-align-items-flex-start fusion-flex-content-wrap\" style=\"max-width:1528.8px;margin-left: calc(-4% \/ 2 );margin-right: calc(-4% \/ 2 );\"><div class=\"fusion-layout-column fusion_builder_column fusion-builder-column-0 fusion_builder_column_1_1 1_1 fusion-flex-column\" style=\"--awb-bg-size:cover;--awb-width-large:100%;--awb-margin-top-large:0px;--awb-spacing-right-large:1.92%;--awb-margin-bottom-large:20px;--awb-spacing-left-large:1.92%;--awb-width-medium:100%;--awb-order-medium:0;--awb-spacing-right-medium:1.92%;--awb-spacing-left-medium:1.92%;--awb-width-small:100%;--awb-order-small:0;--awb-spacing-right-small:1.92%;--awb-spacing-left-small:1.92%;\"><div class=\"fusion-column-wrapper fusion-column-has-shadow fusion-flex-justify-content-flex-start fusion-content-layout-column\"><div class=\"fusion-text fusion-text-1\"><h2>Brandschutzfenster MB-78 EI<\/h2>\n<h2><span style=\"font-weight: 400;\">\u00a0<\/span><\/h2>\n<\/div><div class=\"fusion-text fusion-text-2\"><h4>Brandschutz und Sicherheit | innovative L\u00f6sungen f\u00fcr<br \/>\nGeb\u00e4ude, die erstklassige Brandschutzfenster ben\u00f6tigen<\/h4>\n<h4><span style=\"font-weight: 400;\">\u00a0<\/span><\/h4>\n<\/div><\/div><\/div><div class=\"fusion-layout-column fusion_builder_column fusion-builder-column-1 fusion_builder_column_2_3 2_3 fusion-flex-column fusion-flex-align-self-center fusion-animated\" style=\"--awb-bg-size:cover;--awb-width-large:66.666666666667%;--awb-margin-top-large:0px;--awb-spacing-right-large:2.88%;--awb-margin-bottom-large:20px;--awb-spacing-left-large:2.88%;--awb-width-medium:66.666666666667%;--awb-order-medium:0;--awb-spacing-right-medium:2.88%;--awb-spacing-left-medium:2.88%;--awb-width-small:100%;--awb-order-small:0;--awb-spacing-right-small:1.92%;--awb-spacing-left-small:1.92%;\" data-animationType=\"slideInLeft\" data-animationDuration=\"0.9\" data-animationOffset=\"top-into-view\"><div class=\"fusion-column-wrapper fusion-column-has-shadow fusion-flex-justify-content-flex-start fusion-content-layout-column\"><div class=\"fusion-text fusion-text-3\" style=\"--awb-font-size:18px;\"><p>MB-78 EI Brandschutzfenster sind eine fortschrittliche L\u00f6sung f\u00fcr Geb\u00e4ude, die einen hochwertigen Brandschutz ben\u00f6tigen. Diese aus hochwertigem Aluminium gefertigten Fenster haben eine ausgezeichnete Feuerbest\u00e4ndigkeit und bieten Schutz und Sicherheit im Falle eines Brandes. MB-78 EI Brandschutzfenster sind in den Feuerwiderstandsklassen von EI 30 bis EI 120 zugelassen und k\u00f6nnen so an eine Vielzahl von Projektanforderungen angepasst werden. Es ist die ideale L\u00f6sung f\u00fcr \u00f6ffentliche, industrielle und gewerbliche Geb\u00e4ude, die auf innovative und zuverl\u00e4ssige Schutzl\u00f6sungen angewiesen sind<\/p>\n<\/div><\/div><\/div><div class=\"fusion-layout-column fusion_builder_column fusion-builder-column-2 fusion_builder_column_1_3 1_3 fusion-flex-column fusion-animated\" style=\"--awb-padding-top-small:0px;--awb-bg-size:cover;--awb-width-large:33.333333333333%;--awb-margin-top-large:0px;--awb-spacing-right-large:5.76%;--awb-margin-bottom-large:20px;--awb-spacing-left-large:5.76%;--awb-width-medium:33.333333333333%;--awb-order-medium:0;--awb-spacing-right-medium:5.76%;--awb-spacing-left-medium:5.76%;--awb-width-small:100%;--awb-order-small:0;--awb-spacing-right-small:1.92%;--awb-spacing-left-small:1.92%;\" data-animationType=\"slideInRight\" data-animationDuration=\"0.9\" data-animationOffset=\"top-into-view\"><div class=\"fusion-column-wrapper fusion-column-has-shadow fusion-flex-justify-content-flex-start fusion-content-layout-column\"><div class=\"fusion-image-element \" style=\"text-align:center;--awb-max-width:450px;--awb-caption-title-font-family:var(--h2_typography-font-family);--awb-caption-title-font-weight:var(--h2_typography-font-weight);--awb-caption-title-font-style:var(--h2_typography-font-style);--awb-caption-title-size:var(--h2_typography-font-size);--awb-caption-title-transform:var(--h2_typography-text-transform);--awb-caption-title-line-height:var(--h2_typography-line-height);--awb-caption-title-letter-spacing:var(--h2_typography-letter-spacing);\"><span class=\" fusion-imageframe imageframe-none imageframe-1 hover-type-none\"><img decoding=\"async\" width=\"300\" height=\"400\" title=\"mb-78ei\" src=\"https:\/\/sapor.twindisc.pl\/wp-content\/uploads\/2021\/06\/mb-78ei.jpg\" data-orig-src=\"http:\/\/sapor.twindisc.pl\/wp-content\/uploads\/2021\/06\/mb-78ei.jpg\" alt class=\"lazyload img-responsive wp-image-1412\" srcset=\"data:image\/svg+xml,%3Csvg%20xmlns%3D%27http%3A%2F%2Fwww.w3.org%2F2000%2Fsvg%27%20width%3D%27300%27%20height%3D%27400%27%20viewBox%3D%270%200%20300%20400%27%3E%3Crect%20width%3D%27300%27%20height%3D%27400%27%20fill-opacity%3D%220%22%2F%3E%3C%2Fsvg%3E\" data-srcset=\"https:\/\/sapor.twindisc.pl\/wp-content\/uploads\/2021\/06\/mb-78ei-200x267.jpg 200w, https:\/\/sapor.twindisc.pl\/wp-content\/uploads\/2021\/06\/mb-78ei.jpg 300w\" data-sizes=\"auto\" data-orig-sizes=\"(max-width: 640px) 100vw, 300px\" \/><\/span><\/div><\/div><\/div><div class=\"fusion-layout-column fusion_builder_column fusion-builder-column-3 fusion_builder_column_1_3 1_3 fusion-flex-column fusion-animated\" style=\"--awb-bg-size:cover;--awb-width-large:33.333333333333%;--awb-margin-top-large:0px;--awb-spacing-right-large:5.76%;--awb-margin-bottom-large:20px;--awb-spacing-left-large:5.76%;--awb-width-medium:33.333333333333%;--awb-order-medium:0;--awb-spacing-right-medium:5.76%;--awb-spacing-left-medium:5.76%;--awb-width-small:100%;--awb-order-small:0;--awb-spacing-right-small:1.92%;--awb-spacing-left-small:1.92%;\" data-animationType=\"slideInLeft\" data-animationDuration=\"0.9\" data-animationOffset=\"top-into-view\"><div class=\"fusion-column-wrapper fusion-column-has-shadow fusion-flex-justify-content-flex-start fusion-content-layout-column\"><div class=\"fusion-image-element \" style=\"text-align:center;--awb-max-width:450px;--awb-caption-title-font-family:var(--h2_typography-font-family);--awb-caption-title-font-weight:var(--h2_typography-font-weight);--awb-caption-title-font-style:var(--h2_typography-font-style);--awb-caption-title-size:var(--h2_typography-font-size);--awb-caption-title-transform:var(--h2_typography-text-transform);--awb-caption-title-line-height:var(--h2_typography-line-height);--awb-caption-title-letter-spacing:var(--h2_typography-letter-spacing);\"><span class=\" fusion-imageframe imageframe-none imageframe-2 hover-type-none\"><img decoding=\"async\" width=\"300\" height=\"400\" title=\"mb-78ei-3\" src=\"https:\/\/sapor.twindisc.pl\/wp-content\/uploads\/2021\/06\/mb-78ei-3.jpg\" data-orig-src=\"http:\/\/sapor.twindisc.pl\/wp-content\/uploads\/2021\/06\/mb-78ei-3.jpg\" alt class=\"lazyload img-responsive wp-image-1448\" srcset=\"data:image\/svg+xml,%3Csvg%20xmlns%3D%27http%3A%2F%2Fwww.w3.org%2F2000%2Fsvg%27%20width%3D%27300%27%20height%3D%27400%27%20viewBox%3D%270%200%20300%20400%27%3E%3Crect%20width%3D%27300%27%20height%3D%27400%27%20fill-opacity%3D%220%22%2F%3E%3C%2Fsvg%3E\" data-srcset=\"https:\/\/sapor.twindisc.pl\/wp-content\/uploads\/2021\/06\/mb-78ei-3-200x267.jpg 200w, https:\/\/sapor.twindisc.pl\/wp-content\/uploads\/2021\/06\/mb-78ei-3.jpg 300w\" data-sizes=\"auto\" data-orig-sizes=\"(max-width: 640px) 100vw, 300px\" \/><\/span><\/div><\/div><\/div><div class=\"fusion-layout-column fusion_builder_column fusion-builder-column-4 fusion_builder_column_2_3 2_3 fusion-flex-column fusion-flex-align-self-center fusion-animated\" style=\"--awb-bg-size:cover;--awb-width-large:66.666666666667%;--awb-margin-top-large:0px;--awb-spacing-right-large:2.88%;--awb-margin-bottom-large:20px;--awb-spacing-left-large:2.88%;--awb-width-medium:66.666666666667%;--awb-order-medium:0;--awb-spacing-right-medium:2.88%;--awb-spacing-left-medium:2.88%;--awb-width-small:100%;--awb-order-small:0;--awb-spacing-right-small:1.92%;--awb-spacing-left-small:1.92%;\" data-animationType=\"slideInRight\" data-animationDuration=\"0.9\" data-animationOffset=\"top-into-view\"><div class=\"fusion-column-wrapper fusion-column-has-shadow fusion-flex-justify-content-flex-start fusion-content-layout-column\">\n<div class=\"table-2\">\n<div class=\"table-2\">\n<div class=\"table-2\">\n<div class=\"table-2\">\n<div class=\"table-2\">\n<div class=\"table-2\">\n<table style=\"height: 345px;\" width=\"900\">\n<thead>\n<tr>\n<th align=\"left\">Allgemeine Informationen<\/th>\n<th align=\"left\"><\/th>\n<\/tr>\n<\/thead>\n<tbody>\n<tr>\n<td align=\"left\"><strong>Art der Fenster und T\u00fcren<\/strong><\/td>\n<td align=\"left\">MB-78 EI Brandschutzfenster<\/td>\n<\/tr>\n<tr>\n<td align=\"left\"><strong>Anwendung<\/strong><\/td>\n<td align=\"left\">\u00d6ffentliche, industrielle und gewerbliche Geb\u00e4ude<\/td>\n<\/tr>\n<tr>\n<td align=\"left\"><strong>Material<\/strong><\/td>\n<td align=\"left\">Aluminium<\/td>\n<\/tr>\n<tr>\n<td align=\"left\"><strong>Farben<\/strong><\/td>\n<td align=\"left\">Verschiedene Farben und Oberfl\u00e4chenbehandlungen<\/td>\n<\/tr>\n<tr>\n<td align=\"left\"><strong>Feuerwiderstandsklasse<\/strong><\/td>\n<td align=\"left\">EI 30, EI 60, EI 90, EI 120<\/td>\n<\/tr>\n<tr>\n<td align=\"left\"><strong>Feuerbest\u00e4ndigkeit<\/strong><\/td>\n<td align=\"left\">Ja<\/td>\n<\/tr>\n<tr>\n<td align=\"left\"><strong>Witterungsbest\u00e4ndigkeit<\/strong><\/td>\n<td align=\"left\">Ja<\/td>\n<\/tr>\n<tr>\n<td align=\"left\"><strong>UV-Best\u00e4ndigkeit<\/strong><\/td>\n<td align=\"left\">Ja<\/td>\n<\/tr>\n<tr>\n<td align=\"left\"><strong>Feuchtigkeitsresistenz<\/strong><\/td>\n<td align=\"left\">Ja<\/td>\n<\/tr>\n<tr>\n<td align=\"left\"><strong>Verf\u00fcgbare Gr\u00f6\u00dfen<\/strong><\/td>\n<td align=\"left\">Anpassbar an der Brandschutzfenster<\/td>\n<\/tr>\n<\/tbody>\n<\/table>\n<\/div>\n<\/div>\n<\/div>\n<\/div>\n<\/div>\n<\/div>\n<\/div><\/div><div class=\"fusion-layout-column fusion_builder_column fusion-builder-column-5 fusion_builder_column_2_3 2_3 fusion-flex-column fusion-flex-align-self-center fusion-animated\" style=\"--awb-bg-size:cover;--awb-width-large:66.666666666667%;--awb-margin-top-large:0px;--awb-spacing-right-large:2.88%;--awb-margin-bottom-large:20px;--awb-spacing-left-large:2.88%;--awb-width-medium:66.666666666667%;--awb-order-medium:0;--awb-spacing-right-medium:2.88%;--awb-spacing-left-medium:2.88%;--awb-width-small:100%;--awb-order-small:0;--awb-spacing-right-small:1.92%;--awb-spacing-left-small:1.92%;\" data-animationType=\"slideInLeft\" data-animationDuration=\"0.9\" data-animationOffset=\"top-into-view\"><div class=\"fusion-column-wrapper fusion-column-has-shadow fusion-flex-justify-content-flex-start fusion-content-layout-column\">\n<div class=\"table-2\">\n<table width=\"100%\">\n<thead>\n<tr>\n<th align=\"left\">Technische Daten<\/th>\n<th align=\"left\"><\/th>\n<\/tr>\n<\/thead>\n<tbody>\n<tr>\n<td align=\"left\"><strong>Profiltiefe<\/strong><\/td>\n<td align=\"left\">78 mm<\/td>\n<\/tr>\n<tr>\n<td align=\"left\"><strong>Profilsysteme<\/strong><\/td>\n<td align=\"left\">MB-78 EI<\/td>\n<\/tr>\n<tr>\n<td align=\"left\"><strong>Windlastwiderstandsklasse<\/strong><\/td>\n<td align=\"left\">Bis zu Klasse C5<\/td>\n<\/tr>\n<tr>\n<td align=\"left\"><strong>Art der Verglasung<\/strong><\/td>\n<td align=\"left\">Feuerfestes, laminiertes, vorgespanntes Glas<\/td>\n<\/tr>\n<tr>\n<td align=\"left\"><strong>Maximale H\u00f6he<\/strong><\/td>\n<td align=\"left\">Abh\u00e4ngig vom Projekt<\/td>\n<\/tr>\n<tr>\n<td align=\"left\"><strong>Maximale Breite<\/strong><\/td>\n<td align=\"left\">Ma\u00dfgeschneidert f\u00fcr das Projekt<\/td>\n<\/tr>\n<\/tbody>\n<\/table>\n<\/div>\n<\/div><\/div><div class=\"fusion-layout-column fusion_builder_column fusion-builder-column-6 fusion_builder_column_1_3 1_3 fusion-flex-column fusion-animated\" style=\"--awb-bg-size:cover;--awb-width-large:33.333333333333%;--awb-margin-top-large:0px;--awb-spacing-right-large:5.76%;--awb-margin-bottom-large:20px;--awb-spacing-left-large:5.76%;--awb-width-medium:33.333333333333%;--awb-order-medium:0;--awb-spacing-right-medium:5.76%;--awb-spacing-left-medium:5.76%;--awb-width-small:100%;--awb-order-small:0;--awb-spacing-right-small:1.92%;--awb-spacing-left-small:1.92%;\" data-animationType=\"slideInRight\" data-animationDuration=\"0.9\" data-animationOffset=\"top-into-view\"><div class=\"fusion-column-wrapper fusion-column-has-shadow fusion-flex-justify-content-flex-start fusion-content-layout-column\"><div class=\"fusion-image-element \" style=\"text-align:center;--awb-max-width:450px;--awb-caption-title-font-family:var(--h2_typography-font-family);--awb-caption-title-font-weight:var(--h2_typography-font-weight);--awb-caption-title-font-style:var(--h2_typography-font-style);--awb-caption-title-size:var(--h2_typography-font-size);--awb-caption-title-transform:var(--h2_typography-text-transform);--awb-caption-title-line-height:var(--h2_typography-line-height);--awb-caption-title-letter-spacing:var(--h2_typography-letter-spacing);\"><span class=\" fusion-imageframe imageframe-none imageframe-3 hover-type-none\"><img decoding=\"async\" width=\"300\" height=\"400\" title=\"mb-78ei-2\" src=\"https:\/\/sapor.twindisc.pl\/wp-content\/uploads\/2021\/06\/mb-78ei-2.jpg\" data-orig-src=\"http:\/\/sapor.twindisc.pl\/wp-content\/uploads\/2021\/06\/mb-78ei-2.jpg\" alt class=\"lazyload img-responsive wp-image-1452\" srcset=\"data:image\/svg+xml,%3Csvg%20xmlns%3D%27http%3A%2F%2Fwww.w3.org%2F2000%2Fsvg%27%20width%3D%27300%27%20height%3D%27400%27%20viewBox%3D%270%200%20300%20400%27%3E%3Crect%20width%3D%27300%27%20height%3D%27400%27%20fill-opacity%3D%220%22%2F%3E%3C%2Fsvg%3E\" data-srcset=\"https:\/\/sapor.twindisc.pl\/wp-content\/uploads\/2021\/06\/mb-78ei-2-200x267.jpg 200w, https:\/\/sapor.twindisc.pl\/wp-content\/uploads\/2021\/06\/mb-78ei-2.jpg 300w\" data-sizes=\"auto\" data-orig-sizes=\"(max-width: 640px) 100vw, 300px\" \/><\/span><\/div><\/div><\/div><div class=\"fusion-layout-column fusion_builder_column fusion-builder-column-7 fusion_builder_column_1_1 1_1 fusion-flex-column fusion-animated\" style=\"--awb-bg-size:cover;--awb-width-large:100%;--awb-margin-top-large:80px;--awb-spacing-right-large:1.92%;--awb-margin-bottom-large:20px;--awb-spacing-left-large:1.92%;--awb-width-medium:100%;--awb-order-medium:0;--awb-spacing-right-medium:1.92%;--awb-spacing-left-medium:1.92%;--awb-width-small:100%;--awb-order-small:0;--awb-spacing-right-small:1.92%;--awb-spacing-left-small:1.92%;\" data-animationType=\"slideInLeft\" data-animationDuration=\"0.9\" data-animationOffset=\"top-into-view\"><div class=\"fusion-column-wrapper fusion-column-has-shadow fusion-flex-justify-content-flex-start fusion-content-layout-column\"><div class=\"fusion-text fusion-text-4\"><h2>Entdecken Sie die MB-78 EI Brandschutzfenster<\/h2>\n<p>MB-78 EI Brandschutzfenster sind eine fortschrittliche L\u00f6sung f\u00fcr Geb\u00e4ude, die einen hochwertigen Brandschutz ben\u00f6tigen. Diese aus hochwertigem Aluminium gefertigten Fenster haben eine ausgezeichnete Feuerbest\u00e4ndigkeit und bieten Schutz und Sicherheit im Falle eines Brandes. MB-78 EI Brandschutzfenster sind in den Feuerwiderstandsklassen von EI 30 bis EI 120 zugelassen und k\u00f6nnen so an eine Vielzahl von Projektanforderungen angepasst werden. Es ist die ideale L\u00f6sung f\u00fcr \u00f6ffentliche, industrielle und gewerbliche Geb\u00e4ude, die auf innovative und zuverl\u00e4ssige Schutzl\u00f6sungen angewiesen sind.<\/p>\n<h3>Verwendung von MB-78 EI feuerfesten Brandschutzfenstern:<\/h3>\n<p>&#8211; In Krankenh\u00e4usern, Schulen und \u00f6ffentlichen Einrichtungen, in denen Sicherheit oberste Priorit\u00e4t hat.<br \/>\n&#8211; In Industriehallen, Lagerh\u00e4usern und Gesch\u00e4ftsgeb\u00e4uden, um Eigentum zu sch\u00fctzen und die Ausbreitung von Feuer zu verhindern.<br \/>\n&#8211; In Gesch\u00e4ftsgeb\u00e4uden und B\u00fcrokomplexen, in denen ein Brandrisiko besteht und Tischlerarbeiten erforderlich sind, die hohen Brandschutzstandards entsprechen.<\/p>\n<h3>Wem empfehlen wir die feuerfeste Tischlerei MB-78 EI?<\/h3>\n<p>Investoren und Architekten, die bei ihren Projekten der Sicherheit und dem Brandschutz Priorit\u00e4t einr\u00e4umen.<br \/>\nVerantwortlichen f\u00fcr \u00f6ffentliche und industrielle Geb\u00e4ude, die eine qualitativ hochwertige Brandschutzschreinerei ben\u00f6tigen.<\/p>\n<h3>F\u00fcr welche Endkunden ist die MB-78 EI Brandschutzschreinerei interessant?<\/h3>\n<p>F\u00fcr Kunden, die die h\u00f6chsten Brandschutzstandards erf\u00fcllen und die Sicherheit ihrer Einrichtungen gew\u00e4hrleisten m\u00f6chten.<br \/>\nF\u00fcr Investoren und Entwickler, die nach zuverl\u00e4ssigen und innovativen Schutzl\u00f6sungen f\u00fcr ihre Projekte suchen.<\/p>\n<h3>Eine gute Alternative der MB-78 EI Brandschutzfenster &#8211; MB-78 EI REI Fenster<\/h3>\n<p>Wenn Sie an einem noch h\u00f6heren Grad an Feuerbest\u00e4ndigkeit interessiert sind, sollten Sie die Alternative MB-78 EI REI in Betracht ziehen. Dieses Modell bietet erweiterte Feuerwiderstandsparameter und erf\u00fcllt die Anforderungen fortgeschrittener Projekte.<\/p>\n<h3>Mehr \u00fcber den Hersteller der MB-78 EI Brandschutzfenster<\/h3>\n<p>Der Hersteller der MB-78 EI Brandschutzfenster ist ein angesehener Hersteller von hochwertigen Brandschutzl\u00f6sungen, der f\u00fcr sein Engagement f\u00fcr Sicherheit und die Qualit\u00e4t seiner Produkte bekannt ist. Die MB-78 EI Brandschutzfenster ist das Ergebnis ihrer kontinuierlichen Forschung und Innovation auf dem Gebiet des Brandschutzes.<\/p>\n<h4>Erfahren Sie mehr \u00fcber die St\u00e4rken der feuerfesten MB-78 EI-Tischlerei:<\/h4>\n<p>&#8211; Ausgezeichnete Feuerbest\u00e4ndigkeit, die ein H\u00f6chstma\u00df an Sicherheit garantiert.<br \/>\n&#8211; Witterungsbest\u00e4ndigkeit, die eine lange Haltbarkeit der Tischlerarbeiten gew\u00e4hrleistet.<\/p>\n<h3>Zusammenfassung der MB-78 EI Brandschutzfenster:<\/h3>\n<p>Die Brandschutzfenster MB-78 EI sind eine fortschrittliche L\u00f6sung f\u00fcr Geb\u00e4ude, die eine feuerfeste Tischlerei der Spitzenklasse erfordern. Dank innovativer technischer Parameter und einer breiten Palette von Feuerwiderstandsklassen erf\u00fcllt diese Tischlerei die verschiedenen Anforderungen von Projekten und bietet zuverl\u00e4ssigen Schutz und Sicherheit im Falle eines Brandes.<\/p>\n<\/div><\/div><\/div><\/div><\/div>\n","protected":false},"excerpt":{"rendered":"","protected":false},"author":1,"featured_media":0,"parent":0,"menu_order":0,"comment_status":"closed","ping_status":"closed","template":"","meta":{"footnotes":""},"class_list":["post-4073","page","type-page","status-publish","hentry"],"yoast_head":"<!-- This site is optimized with the Yoast SEO plugin v26.5 - https:\/\/yoast.com\/wordpress\/plugins\/seo\/ -->\n<title>MB-78 EI - Sapor<\/title>\n<meta name=\"robots\" content=\"index, follow, max-snippet:-1, max-image-preview:large, max-video-preview:-1\" \/>\n<link rel=\"canonical\" href=\"https:\/\/sapor.twindisc.pl\/de\/mb-78-ei\/\" \/>\n<meta property=\"og:locale\" content=\"de_DE\" \/>\n<meta property=\"og:type\" content=\"article\" \/>\n<meta property=\"og:title\" content=\"MB-78 EI - Sapor\" \/>\n<meta property=\"og:url\" content=\"https:\/\/sapor.twindisc.pl\/de\/mb-78-ei\/\" \/>\n<meta property=\"og:site_name\" content=\"Sapor\" \/>\n<meta property=\"article:publisher\" content=\"https:\/\/www.facebook.com\/SAPOR.Fabryka.okien.i.drzwi\/\" \/>\n<meta property=\"article:modified_time\" content=\"2023-12-03T20:19:43+00:00\" \/>\n<meta name=\"twitter:card\" content=\"summary_large_image\" \/>\n<meta name=\"twitter:label1\" content=\"Gesch\u00e4tzte Lesezeit\" \/>\n\t<meta name=\"twitter:data1\" content=\"12\u00a0Minuten\" \/>\n<script type=\"application\/ld+json\" class=\"yoast-schema-graph\">{\"@context\":\"https:\/\/schema.org\",\"@graph\":[{\"@type\":\"WebPage\",\"@id\":\"https:\/\/sapor.twindisc.pl\/de\/mb-78-ei\/\",\"url\":\"https:\/\/sapor.twindisc.pl\/de\/mb-78-ei\/\",\"name\":\"MB-78 EI - Sapor\",\"isPartOf\":{\"@id\":\"https:\/\/sapor.twindisc.pl\/#website\"},\"datePublished\":\"2021-06-03T09:54:17+00:00\",\"dateModified\":\"2023-12-03T20:19:43+00:00\",\"breadcrumb\":{\"@id\":\"https:\/\/sapor.twindisc.pl\/de\/mb-78-ei\/#breadcrumb\"},\"inLanguage\":\"de\",\"potentialAction\":[{\"@type\":\"ReadAction\",\"target\":[\"https:\/\/sapor.twindisc.pl\/de\/mb-78-ei\/\"]}]},{\"@type\":\"BreadcrumbList\",\"@id\":\"https:\/\/sapor.twindisc.pl\/de\/mb-78-ei\/#breadcrumb\",\"itemListElement\":[{\"@type\":\"ListItem\",\"position\":1,\"name\":\"Startseite\",\"item\":\"https:\/\/sapor.twindisc.pl\/de\/\"},{\"@type\":\"ListItem\",\"position\":2,\"name\":\"MB-78 EI\"}]},{\"@type\":\"WebSite\",\"@id\":\"https:\/\/sapor.twindisc.pl\/#website\",\"url\":\"https:\/\/sapor.twindisc.pl\/\",\"name\":\"Sapor\",\"description\":\"\",\"publisher\":{\"@id\":\"https:\/\/sapor.twindisc.pl\/#organization\"},\"potentialAction\":[{\"@type\":\"SearchAction\",\"target\":{\"@type\":\"EntryPoint\",\"urlTemplate\":\"https:\/\/sapor.twindisc.pl\/?s={search_term_string}\"},\"query-input\":{\"@type\":\"PropertyValueSpecification\",\"valueRequired\":true,\"valueName\":\"search_term_string\"}}],\"inLanguage\":\"de\"},{\"@type\":\"Organization\",\"@id\":\"https:\/\/sapor.twindisc.pl\/#organization\",\"name\":\"Sapor Sp. z o. o.\",\"url\":\"https:\/\/sapor.twindisc.pl\/\",\"logo\":{\"@type\":\"ImageObject\",\"inLanguage\":\"de\",\"@id\":\"https:\/\/sapor.twindisc.pl\/#\/schema\/logo\/image\/\",\"url\":\"http:\/\/sapor.twindisc.pl\/wp-content\/uploads\/2021\/04\/logo-sapor-e1618419520128.png\",\"contentUrl\":\"http:\/\/sapor.twindisc.pl\/wp-content\/uploads\/2021\/04\/logo-sapor-e1618419520128.png\",\"width\":140,\"height\":67,\"caption\":\"Sapor Sp. z o. o.\"},\"image\":{\"@id\":\"https:\/\/sapor.twindisc.pl\/#\/schema\/logo\/image\/\"},\"sameAs\":[\"https:\/\/www.facebook.com\/SAPOR.Fabryka.okien.i.drzwi\/\"]}]}<\/script>\n<!-- \/ Yoast SEO plugin. -->","yoast_head_json":{"title":"MB-78 EI - Sapor","robots":{"index":"index","follow":"follow","max-snippet":"max-snippet:-1","max-image-preview":"max-image-preview:large","max-video-preview":"max-video-preview:-1"},"canonical":"https:\/\/sapor.twindisc.pl\/de\/mb-78-ei\/","og_locale":"de_DE","og_type":"article","og_title":"MB-78 EI - Sapor","og_url":"https:\/\/sapor.twindisc.pl\/de\/mb-78-ei\/","og_site_name":"Sapor","article_publisher":"https:\/\/www.facebook.com\/SAPOR.Fabryka.okien.i.drzwi\/","article_modified_time":"2023-12-03T20:19:43+00:00","twitter_card":"summary_large_image","twitter_misc":{"Gesch\u00e4tzte Lesezeit":"12\u00a0Minuten"},"schema":{"@context":"https:\/\/schema.org","@graph":[{"@type":"WebPage","@id":"https:\/\/sapor.twindisc.pl\/de\/mb-78-ei\/","url":"https:\/\/sapor.twindisc.pl\/de\/mb-78-ei\/","name":"MB-78 EI - Sapor","isPartOf":{"@id":"https:\/\/sapor.twindisc.pl\/#website"},"datePublished":"2021-06-03T09:54:17+00:00","dateModified":"2023-12-03T20:19:43+00:00","breadcrumb":{"@id":"https:\/\/sapor.twindisc.pl\/de\/mb-78-ei\/#breadcrumb"},"inLanguage":"de","potentialAction":[{"@type":"ReadAction","target":["https:\/\/sapor.twindisc.pl\/de\/mb-78-ei\/"]}]},{"@type":"BreadcrumbList","@id":"https:\/\/sapor.twindisc.pl\/de\/mb-78-ei\/#breadcrumb","itemListElement":[{"@type":"ListItem","position":1,"name":"Startseite","item":"https:\/\/sapor.twindisc.pl\/de\/"},{"@type":"ListItem","position":2,"name":"MB-78 EI"}]},{"@type":"WebSite","@id":"https:\/\/sapor.twindisc.pl\/#website","url":"https:\/\/sapor.twindisc.pl\/","name":"Sapor","description":"","publisher":{"@id":"https:\/\/sapor.twindisc.pl\/#organization"},"potentialAction":[{"@type":"SearchAction","target":{"@type":"EntryPoint","urlTemplate":"https:\/\/sapor.twindisc.pl\/?s={search_term_string}"},"query-input":{"@type":"PropertyValueSpecification","valueRequired":true,"valueName":"search_term_string"}}],"inLanguage":"de"},{"@type":"Organization","@id":"https:\/\/sapor.twindisc.pl\/#organization","name":"Sapor Sp. z o. o.","url":"https:\/\/sapor.twindisc.pl\/","logo":{"@type":"ImageObject","inLanguage":"de","@id":"https:\/\/sapor.twindisc.pl\/#\/schema\/logo\/image\/","url":"http:\/\/sapor.twindisc.pl\/wp-content\/uploads\/2021\/04\/logo-sapor-e1618419520128.png","contentUrl":"http:\/\/sapor.twindisc.pl\/wp-content\/uploads\/2021\/04\/logo-sapor-e1618419520128.png","width":140,"height":67,"caption":"Sapor Sp. z o. o."},"image":{"@id":"https:\/\/sapor.twindisc.pl\/#\/schema\/logo\/image\/"},"sameAs":["https:\/\/www.facebook.com\/SAPOR.Fabryka.okien.i.drzwi\/"]}]}},"_links":{"self":[{"href":"https:\/\/sapor.twindisc.pl\/de\/wp-json\/wp\/v2\/pages\/4073","targetHints":{"allow":["GET"]}}],"collection":[{"href":"https:\/\/sapor.twindisc.pl\/de\/wp-json\/wp\/v2\/pages"}],"about":[{"href":"https:\/\/sapor.twindisc.pl\/de\/wp-json\/wp\/v2\/types\/page"}],"author":[{"embeddable":true,"href":"https:\/\/sapor.twindisc.pl\/de\/wp-json\/wp\/v2\/users\/1"}],"replies":[{"embeddable":true,"href":"https:\/\/sapor.twindisc.pl\/de\/wp-json\/wp\/v2\/comments?post=4073"}],"version-history":[{"count":3,"href":"https:\/\/sapor.twindisc.pl\/de\/wp-json\/wp\/v2\/pages\/4073\/revisions"}],"predecessor-version":[{"id":7322,"href":"https:\/\/sapor.twindisc.pl\/de\/wp-json\/wp\/v2\/pages\/4073\/revisions\/7322"}],"wp:attachment":[{"href":"https:\/\/sapor.twindisc.pl\/de\/wp-json\/wp\/v2\/media?parent=4073"}],"curies":[{"name":"wp","href":"https:\/\/api.w.org\/{rel}","templated":true}]}}