{"id":4092,"date":"2021-05-23T19:04:48","date_gmt":"2021-05-23T17:04:48","guid":{"rendered":"http:\/\/sapor.twindisc.pl\/refleksole-125\/"},"modified":"2023-10-29T16:18:49","modified_gmt":"2023-10-29T15:18:49","slug":"refleksole-125","status":"publish","type":"page","link":"https:\/\/sapor.twindisc.pl\/de\/refleksole-125\/","title":{"rendered":"Refleksole 125"},"content":{"rendered":"<div class=\"fusion-fullwidth fullwidth-box fusion-builder-row-1 fusion-flex-container nonhundred-percent-fullwidth non-hundred-percent-height-scrolling\" style=\"--awb-border-radius-top-left:0px;--awb-border-radius-top-right:0px;--awb-border-radius-bottom-right:0px;--awb-border-radius-bottom-left:0px;--awb-flex-wrap:wrap;\" ><div class=\"fusion-builder-row fusion-row fusion-flex-align-items-flex-start fusion-flex-content-wrap\" style=\"max-width:1528.8px;margin-left: calc(-4% \/ 2 );margin-right: calc(-4% \/ 2 );\"><div class=\"fusion-layout-column fusion_builder_column fusion-builder-column-0 fusion_builder_column_1_1 1_1 fusion-flex-column\" style=\"--awb-bg-size:cover;--awb-width-large:100%;--awb-margin-top-large:0px;--awb-spacing-right-large:1.92%;--awb-margin-bottom-large:20px;--awb-spacing-left-large:1.92%;--awb-width-medium:100%;--awb-order-medium:0;--awb-spacing-right-medium:1.92%;--awb-spacing-left-medium:1.92%;--awb-width-small:100%;--awb-order-small:0;--awb-spacing-right-small:1.92%;--awb-spacing-left-small:1.92%;\"><div class=\"fusion-column-wrapper fusion-column-has-shadow fusion-flex-justify-content-flex-start fusion-content-layout-column\"><div class=\"fusion-text fusion-text-1\"><h2><span style=\"font-weight: 400;\">Verdunklungstechnik Refleksole 125<\/span><\/h2>\n<\/div><div class=\"fusion-text fusion-text-2\"><h4><span style=\"font-weight: 400;\">Effektiver Schutz und hohe Leistung | Eleganz in jeder Phase<\/span><\/h4>\n<\/div><\/div><\/div><div class=\"fusion-layout-column fusion_builder_column fusion-builder-column-1 fusion_builder_column_1_2 1_2 fusion-flex-column fusion-animated\" style=\"--awb-bg-size:cover;--awb-width-large:50%;--awb-margin-top-large:0px;--awb-spacing-right-large:3.84%;--awb-margin-bottom-large:20px;--awb-spacing-left-large:3.84%;--awb-width-medium:50%;--awb-order-medium:0;--awb-spacing-right-medium:3.84%;--awb-spacing-left-medium:3.84%;--awb-width-small:100%;--awb-order-small:0;--awb-spacing-right-small:1.92%;--awb-spacing-left-small:1.92%;\" data-animationType=\"slideInLeft\" data-animationDuration=\"0.9\" data-animationOffset=\"top-into-view\"><div class=\"fusion-column-wrapper fusion-column-has-shadow fusion-flex-justify-content-flex-start fusion-content-layout-column\"><div class=\"fusion-image-element \" style=\"--awb-caption-title-font-family:var(--h2_typography-font-family);--awb-caption-title-font-weight:var(--h2_typography-font-weight);--awb-caption-title-font-style:var(--h2_typography-font-style);--awb-caption-title-size:var(--h2_typography-font-size);--awb-caption-title-transform:var(--h2_typography-text-transform);--awb-caption-title-line-height:var(--h2_typography-line-height);--awb-caption-title-letter-spacing:var(--h2_typography-letter-spacing);\"><span class=\" fusion-imageframe imageframe-none imageframe-1 hover-type-zoomin\"><a href=\"http:\/\/sapor.twindisc.pl\/wp-content\/uploads\/2021\/05\/refleksole-120-2.jpg\" class=\"fusion-lightbox\" data-rel=\"iLightbox[24b9322d5abf469637d]\" data-title=\"refleksole-120-2\" title=\"refleksole-120-2\"><img decoding=\"async\" width=\"1000\" height=\"667\" src=\"https:\/\/sapor.twindisc.pl\/wp-content\/uploads\/2021\/05\/refleksole-120-2.jpg\" data-orig-src=\"http:\/\/sapor.twindisc.pl\/wp-content\/uploads\/2021\/05\/refleksole-120-2.jpg\" alt class=\"lazyload img-responsive wp-image-859\" srcset=\"data:image\/svg+xml,%3Csvg%20xmlns%3D%27http%3A%2F%2Fwww.w3.org%2F2000%2Fsvg%27%20width%3D%271000%27%20height%3D%27667%27%20viewBox%3D%270%200%201000%20667%27%3E%3Crect%20width%3D%271000%27%20height%3D%27667%27%20fill-opacity%3D%220%22%2F%3E%3C%2Fsvg%3E\" data-srcset=\"https:\/\/sapor.twindisc.pl\/wp-content\/uploads\/2021\/05\/refleksole-120-2-200x133.jpg 200w, https:\/\/sapor.twindisc.pl\/wp-content\/uploads\/2021\/05\/refleksole-120-2-400x267.jpg 400w, https:\/\/sapor.twindisc.pl\/wp-content\/uploads\/2021\/05\/refleksole-120-2-600x400.jpg 600w, https:\/\/sapor.twindisc.pl\/wp-content\/uploads\/2021\/05\/refleksole-120-2-800x534.jpg 800w, https:\/\/sapor.twindisc.pl\/wp-content\/uploads\/2021\/05\/refleksole-120-2.jpg 1000w\" data-sizes=\"auto\" data-orig-sizes=\"(max-width: 640px) 100vw, 800px\" \/><\/a><\/span><\/div><\/div><\/div><div class=\"fusion-layout-column fusion_builder_column fusion-builder-column-2 fusion_builder_column_1_2 1_2 fusion-flex-column fusion-animated\" style=\"--awb-bg-size:cover;--awb-width-large:50%;--awb-margin-top-large:0px;--awb-spacing-right-large:3.84%;--awb-margin-bottom-large:20px;--awb-spacing-left-large:3.84%;--awb-width-medium:50%;--awb-order-medium:0;--awb-spacing-right-medium:3.84%;--awb-spacing-left-medium:3.84%;--awb-width-small:100%;--awb-order-small:0;--awb-spacing-right-small:1.92%;--awb-spacing-left-small:1.92%;\" data-animationType=\"slideInRight\" data-animationDuration=\"0.3\" data-animationOffset=\"top-into-view\"><div class=\"fusion-column-wrapper fusion-column-has-shadow fusion-flex-justify-content-flex-start fusion-content-layout-column\">\n<div class=\"table-2\">\n<div class=\"table-2\">\n<div class=\"table-2\">\n<div class=\"table-2\">\n<div class=\"table-2\">\n<div class=\"table-2\">\n<div class=\"table-2\">\n<div class=\"table-2\">\n<div class=\"table-2\">\n<table width=\"100%\">\n<thead>\n<tr>\n<th align=\"left\">Allgemeine Informationen<\/th>\n<th align=\"left\"><\/th>\n<\/tr>\n<\/thead>\n<tbody>\n<tr>\n<td align=\"left\"><strong>Art der Verdunklungstechnik<\/strong><\/td>\n<td align=\"left\">Refleksole 125<\/td>\n<\/tr>\n<tr>\n<td align=\"left\"><strong>Kabel aus rostfreiem Stahl<\/strong><\/td>\n<td align=\"left\">Durchmesser 10 mm<\/td>\n<\/tr>\n<tr>\n<td align=\"left\"><strong>Materialkassette<\/strong><\/td>\n<td align=\"left\">aus stranggepresstem Aluminium mit rundem Querschnitt<\/td>\n<\/tr>\n<tr>\n<td align=\"left\"><strong>Farben<\/strong><\/td>\n<td align=\"left\">nach RAL und eine breite Palette von Stoffen<\/td>\n<\/tr>\n<tr>\n<td align=\"left\"><strong>M\u00f6glichkeit, Module horizontal und vertikal bis<\/strong><\/td>\n<td align=\"left\">zu 8,5 m zu erstellen<\/td>\n<\/tr>\n<tr>\n<td align=\"left\"><strong>Witterungsbest\u00e4ndig<\/strong><\/td>\n<td align=\"left\">Ja<\/td>\n<\/tr>\n<tr>\n<td align=\"left\"><strong>UV best\u00e4ndig<\/strong><\/td>\n<td align=\"left\">Ja<\/td>\n<\/tr>\n<tr>\n<td align=\"left\"><strong>Feuchtigkeitsresistent<\/strong><\/td>\n<td align=\"left\">Ja<\/td>\n<\/tr>\n<tr>\n<td align=\"left\"><strong>Inspektionszugang von der Vorderseite des Systems<\/strong><\/td>\n<td align=\"left\"><\/td>\n<\/tr>\n<tr>\n<td align=\"left\"><strong>Das System ist f\u00fcr die Installation an der Fassade konzipiert<\/strong><\/td>\n<td align=\"left\"><\/td>\n<\/tr>\n<\/tbody>\n<\/table>\n<\/div>\n<\/div>\n<\/div>\n<\/div>\n<\/div>\n<\/div>\n<\/div>\n<\/div>\n<\/div>\n<\/div><\/div><div class=\"fusion-layout-column fusion_builder_column fusion-builder-column-3 fusion_builder_column_1_2 1_2 fusion-flex-column fusion-flex-align-self-center fusion-animated\" style=\"--awb-bg-size:cover;--awb-width-large:50%;--awb-margin-top-large:0px;--awb-spacing-right-large:3.84%;--awb-margin-bottom-large:20px;--awb-spacing-left-large:3.84%;--awb-width-medium:50%;--awb-order-medium:0;--awb-spacing-right-medium:3.84%;--awb-spacing-left-medium:3.84%;--awb-width-small:100%;--awb-order-small:0;--awb-spacing-right-small:1.92%;--awb-spacing-left-small:1.92%;\" data-animationType=\"slideInLeft\" data-animationDuration=\"0.3\" data-animationOffset=\"top-into-view\"><div class=\"fusion-column-wrapper fusion-column-has-shadow fusion-flex-justify-content-flex-start fusion-content-layout-column\">\n<div class=\"table-2\">\n<div class=\"table-2\">\n<div class=\"table-2\">\n<div class=\"table-2\">\n<table width=\"100%\">\n<thead>\n<tr>\n<th align=\"left\"><b>Technische Daten<\/b><\/th>\n<th align=\"left\"><\/th>\n<\/tr>\n<\/thead>\n<tbody>\n<tr>\n<td align=\"left\"><strong>Lichtreflexionsfaktor<\/strong><\/td>\n<td align=\"left\">85%<\/td>\n<\/tr>\n<tr>\n<td align=\"left\"><strong>Lichttransmissionskoeffizient<\/strong><\/td>\n<td align=\"left\">15%<\/td>\n<\/tr>\n<tr>\n<td align=\"left\"><strong>Offenheitskoeffizient<\/strong><\/td>\n<td align=\"left\">1-99%<\/td>\n<\/tr>\n<tr>\n<td align=\"left\"><strong>Windwiderstandsklasse bis<\/strong><\/td>\n<td align=\"left\">zu 80 km\/h<\/td>\n<\/tr>\n<tr>\n<td align=\"left\"><strong>Elektrischer Antrieb<\/strong><\/td>\n<td align=\"left\">Ja<\/td>\n<\/tr>\n<tr>\n<td align=\"left\"><strong>Manueller Antrieb<\/strong><\/td>\n<td align=\"left\">Nein<\/td>\n<\/tr>\n<tr>\n<td align=\"left\"><strong>Maximale Breite<\/strong><\/td>\n<td align=\"left\">3.5 m<\/td>\n<\/tr>\n<tr>\n<td align=\"left\"><strong>Maximale Reichweite<\/strong><\/td>\n<td align=\"left\">4.25 m<\/td>\n<\/tr>\n<tr>\n<td align=\"left\"><strong>Externe Verwendung<\/strong><\/td>\n<td align=\"left\">Ja<\/td>\n<\/tr>\n<tr>\n<td align=\"left\"><strong>Interne Verwendung<\/strong><\/td>\n<td align=\"left\">Nein<\/td>\n<\/tr>\n<\/tbody>\n<\/table>\n<\/div>\n<\/div>\n<\/div>\n<\/div>\n<\/div><\/div><div class=\"fusion-layout-column fusion_builder_column fusion-builder-column-4 fusion_builder_column_1_2 1_2 fusion-flex-column fusion-animated\" style=\"--awb-bg-size:cover;--awb-width-large:50%;--awb-margin-top-large:0px;--awb-spacing-right-large:3.84%;--awb-margin-bottom-large:20px;--awb-spacing-left-large:3.84%;--awb-width-medium:50%;--awb-order-medium:0;--awb-spacing-right-medium:3.84%;--awb-spacing-left-medium:3.84%;--awb-width-small:100%;--awb-order-small:0;--awb-spacing-right-small:1.92%;--awb-spacing-left-small:1.92%;\" data-animationType=\"slideInRight\" data-animationDuration=\"0.9\" data-animationOffset=\"top-into-view\"><div class=\"fusion-column-wrapper fusion-column-has-shadow fusion-flex-justify-content-flex-start fusion-content-layout-column\"><div class=\"fusion-image-element \" style=\"--awb-caption-title-font-family:var(--h2_typography-font-family);--awb-caption-title-font-weight:var(--h2_typography-font-weight);--awb-caption-title-font-style:var(--h2_typography-font-style);--awb-caption-title-size:var(--h2_typography-font-size);--awb-caption-title-transform:var(--h2_typography-text-transform);--awb-caption-title-line-height:var(--h2_typography-line-height);--awb-caption-title-letter-spacing:var(--h2_typography-letter-spacing);\"><span class=\" fusion-imageframe imageframe-none imageframe-2 hover-type-zoomin\"><a href=\"http:\/\/sapor.twindisc.pl\/wp-content\/uploads\/2021\/05\/refleksole-120-1.jpg\" class=\"fusion-lightbox\" data-rel=\"iLightbox[72106cf5df063e8ea59]\" data-title=\"refleksole-120-1\" title=\"refleksole-120-1\"><img decoding=\"async\" width=\"1000\" height=\"667\" src=\"https:\/\/sapor.twindisc.pl\/wp-content\/uploads\/2021\/05\/refleksole-120-1.jpg\" data-orig-src=\"http:\/\/sapor.twindisc.pl\/wp-content\/uploads\/2021\/05\/refleksole-120-1.jpg\" alt class=\"lazyload img-responsive wp-image-870\" srcset=\"data:image\/svg+xml,%3Csvg%20xmlns%3D%27http%3A%2F%2Fwww.w3.org%2F2000%2Fsvg%27%20width%3D%271000%27%20height%3D%27667%27%20viewBox%3D%270%200%201000%20667%27%3E%3Crect%20width%3D%271000%27%20height%3D%27667%27%20fill-opacity%3D%220%22%2F%3E%3C%2Fsvg%3E\" data-srcset=\"https:\/\/sapor.twindisc.pl\/wp-content\/uploads\/2021\/05\/refleksole-120-1-200x133.jpg 200w, https:\/\/sapor.twindisc.pl\/wp-content\/uploads\/2021\/05\/refleksole-120-1-400x267.jpg 400w, https:\/\/sapor.twindisc.pl\/wp-content\/uploads\/2021\/05\/refleksole-120-1-600x400.jpg 600w, https:\/\/sapor.twindisc.pl\/wp-content\/uploads\/2021\/05\/refleksole-120-1-800x534.jpg 800w, https:\/\/sapor.twindisc.pl\/wp-content\/uploads\/2021\/05\/refleksole-120-1.jpg 1000w\" data-sizes=\"auto\" data-orig-sizes=\"(max-width: 640px) 100vw, 800px\" \/><\/a><\/span><\/div><\/div><\/div><div class=\"fusion-layout-column fusion_builder_column fusion-builder-column-5 fusion_builder_column_1_1 1_1 fusion-flex-column\" style=\"--awb-bg-size:cover;--awb-width-large:100%;--awb-margin-top-large:0px;--awb-spacing-right-large:1.92%;--awb-margin-bottom-large:20px;--awb-spacing-left-large:1.92%;--awb-width-medium:100%;--awb-order-medium:0;--awb-spacing-right-medium:1.92%;--awb-spacing-left-medium:1.92%;--awb-width-small:100%;--awb-order-small:0;--awb-spacing-right-small:1.92%;--awb-spacing-left-small:1.92%;\"><div class=\"fusion-column-wrapper fusion-column-has-shadow fusion-flex-justify-content-flex-start fusion-content-layout-column\"><div class=\"fusion-text fusion-text-3\"><h3>Erfahren Sie mehr \u00fcber Verdunklungstechnik Refleksole 125<\/h3>\n<p>Die Verdunklungstechnik Refleksole 125 ist eine moderne L\u00f6sung f\u00fcr alle, die maximalen Schutz vor \u00fcberm\u00e4\u00dfiger Sonneneinstrahlung w\u00fcnschen und die volle Kontrolle \u00fcber die Lichtmenge in ihren Innenr\u00e4umen behalten wollen. Refleksole 125 besteht aus Stoff mit einer metallisierten Beschichtung und bietet eine wirksame W\u00e4rmed\u00e4mmung, die R\u00e4ume vor \u00dcberhitzung sch\u00fctzt und gleichzeitig f\u00fcr Privatsph\u00e4re und Komfort sorgt. Die Vielfalt an Designs und Farben erm\u00f6glicht eine individuelle Anpassung an den eigenen Geschmack und Einrichtungsstil.<\/p>\n<h3>Einsatz der Verdunklungstechnik Refleksole 125:<\/h3>\n<p>&#8211; In Fenstern und Schiebet\u00fcren, um den Lichteinfall effektiv zu steuern und gleichzeitig Intimit\u00e4t und Eleganz zu bewahren.<\/p>\n<p>&#8211; In R\u00e4umen, die eine fortschrittliche W\u00e4rmed\u00e4mmung erfordern, um zu jeder Jahreszeit ein angenehmes Klima zu schaffen.<br \/>\n&#8211; In B\u00fcros und Gesch\u00e4ftsr\u00e4umen, um professionelle und freundliche Arbeitsbereiche zu schaffen.<\/p>\n<h3>Wem empfehlen wir die Verdunklungstechnik Refleksole 125?<\/h3>\n<p>Personen, die auf der Suche nach fortschrittlicher Technologie und \u00fcberlegener Qualit\u00e4t im Bereich der Fensterabdeckungen sind.<br \/>\nInvestoren und Architekten, die ihren Kunden effektive und \u00e4sthetisch ansprechende L\u00f6sungen f\u00fcr die Steuerung der Innenbeleuchtung anbieten m\u00f6chten.<\/p>\n<h3>F\u00fcr welchen Endkunden sollte die Verdunklungstechnik Refleksole 125 interessant sein?<\/h3>\n<p>F\u00fcr Kunden, die davon tr\u00e4umen, elegante und funktionelle Innenr\u00e4ume zu schaffen und dabei das Potenzial des nat\u00fcrlichen Lichts voll auszusch\u00f6pfen.<br \/>\nF\u00fcr Personen, die elegante L\u00f6sungen sch\u00e4tzen und gleichzeitig die Energieeinsparungen maximieren m\u00f6chten.<\/p>\n<h3>Eine gute Alternative zur Verdunklungstechnik Refleksole 125 \u2013 die Soltis Perform 92<\/h3>\n<p>Wenn Sie an einer noch besseren W\u00e4rmed\u00e4mmung und einer hervorragenden Energieeffizienz interessiert sind, sollten Sie die Verdunklungstechnik Soltis Perform 92 als Alternative in Betracht ziehen. Dieses Modell bietet innovative L\u00f6sungen und einzigartige Anpassungsm\u00f6glichkeiten.<\/p>\n<h3>Mehr \u00fcber den Hersteller der Verdunklungstechnik Refleksole 125<\/h3>\n<p>Der Hersteller der Serie Refleksole ist ein angesehener Produzent von hochmoderner Verdunklungstechnik, der f\u00fcr seine hervorragende Qualit\u00e4t und Liebe zum Detail bekannt ist. Die Verdunklungstechnik Refleksole 125 ist das Ergebnis des Engagements des Unternehmens, funktionelle und \u00e4sthetisch ansprechende L\u00f6sungen f\u00fcr seine Kunden zu schaffen.<\/p>\n<h4>Mehr \u00fcber die St\u00e4rken der Verdunklungstechnik Refleksole 125:<\/h4>\n<p>&#8211; Hohe Lichtreflexion, um das Sonnenlicht zu kontrollieren und den Innenraumkomfort zu erhalten.<br \/>\n&#8211; Strapazierf\u00e4higer Stoff mit metallisierter Beschichtung, resistent gegen Feuchtigkeit und UV-Strahlung.<\/p>\n<h3>Zusammenfassung der Verdunklungstechnik Refleksole 125:<\/h3>\n<p>Die Verdunklungstechnik Refleksole 125 ist eine fortschrittliche L\u00f6sung f\u00fcr alle, die einen hervorragenden Sonnenschutz und eine elegante Innenraum\u00e4sthetik w\u00fcnschen. Dank ihrer fortschrittlichen technischen Eigenschaften garantiert diese Beschattung Komfort und Bequemlichkeit bei der Gestaltung angenehmer und harmonischer Innenr\u00e4ume. Entscheiden Sie sich f\u00fcr die Verdunklungstechnik Refleksole 125, um die Eleganz, Effizienz und den einzigartigen Stil Ihrer Innenr\u00e4ume zu genie\u00dfen.<\/p>\n<\/div><\/div><\/div><\/div><\/div>\n","protected":false},"excerpt":{"rendered":"","protected":false},"author":1,"featured_media":0,"parent":0,"menu_order":0,"comment_status":"closed","ping_status":"closed","template":"","meta":{"footnotes":""},"class_list":["post-4092","page","type-page","status-publish","hentry"],"yoast_head":"<!-- This site is optimized with the Yoast SEO plugin v26.5 - https:\/\/yoast.com\/wordpress\/plugins\/seo\/ -->\n<title>Refleksole 125 - Sapor<\/title>\n<meta name=\"robots\" content=\"index, follow, max-snippet:-1, max-image-preview:large, max-video-preview:-1\" \/>\n<link rel=\"canonical\" href=\"http:\/\/sapor.twindisc.pl\/de\/refleksole-125\/\" \/>\n<meta property=\"og:locale\" content=\"de_DE\" \/>\n<meta property=\"og:type\" content=\"article\" \/>\n<meta property=\"og:title\" content=\"Refleksole 125 - Sapor\" \/>\n<meta property=\"og:url\" content=\"http:\/\/sapor.twindisc.pl\/de\/refleksole-125\/\" \/>\n<meta property=\"og:site_name\" content=\"Sapor\" \/>\n<meta property=\"article:publisher\" content=\"https:\/\/www.facebook.com\/SAPOR.Fabryka.okien.i.drzwi\/\" \/>\n<meta property=\"article:modified_time\" content=\"2023-10-29T15:18:49+00:00\" \/>\n<meta name=\"twitter:card\" content=\"summary_large_image\" \/>\n<meta name=\"twitter:label1\" content=\"Gesch\u00e4tzte Lesezeit\" \/>\n\t<meta name=\"twitter:data1\" content=\"9\u00a0Minuten\" \/>\n<script type=\"application\/ld+json\" class=\"yoast-schema-graph\">{\"@context\":\"https:\/\/schema.org\",\"@graph\":[{\"@type\":\"WebPage\",\"@id\":\"http:\/\/sapor.twindisc.pl\/de\/refleksole-125\/\",\"url\":\"http:\/\/sapor.twindisc.pl\/de\/refleksole-125\/\",\"name\":\"Refleksole 125 - Sapor\",\"isPartOf\":{\"@id\":\"https:\/\/sapor.twindisc.pl\/#website\"},\"datePublished\":\"2021-05-23T17:04:48+00:00\",\"dateModified\":\"2023-10-29T15:18:49+00:00\",\"breadcrumb\":{\"@id\":\"http:\/\/sapor.twindisc.pl\/de\/refleksole-125\/#breadcrumb\"},\"inLanguage\":\"de\",\"potentialAction\":[{\"@type\":\"ReadAction\",\"target\":[\"http:\/\/sapor.twindisc.pl\/de\/refleksole-125\/\"]}]},{\"@type\":\"BreadcrumbList\",\"@id\":\"http:\/\/sapor.twindisc.pl\/de\/refleksole-125\/#breadcrumb\",\"itemListElement\":[{\"@type\":\"ListItem\",\"position\":1,\"name\":\"Startseite\",\"item\":\"https:\/\/sapor.twindisc.pl\/de\/\"},{\"@type\":\"ListItem\",\"position\":2,\"name\":\"Refleksole 125\"}]},{\"@type\":\"WebSite\",\"@id\":\"https:\/\/sapor.twindisc.pl\/#website\",\"url\":\"https:\/\/sapor.twindisc.pl\/\",\"name\":\"Sapor\",\"description\":\"\",\"publisher\":{\"@id\":\"https:\/\/sapor.twindisc.pl\/#organization\"},\"potentialAction\":[{\"@type\":\"SearchAction\",\"target\":{\"@type\":\"EntryPoint\",\"urlTemplate\":\"https:\/\/sapor.twindisc.pl\/?s={search_term_string}\"},\"query-input\":{\"@type\":\"PropertyValueSpecification\",\"valueRequired\":true,\"valueName\":\"search_term_string\"}}],\"inLanguage\":\"de\"},{\"@type\":\"Organization\",\"@id\":\"https:\/\/sapor.twindisc.pl\/#organization\",\"name\":\"Sapor Sp. z o. o.\",\"url\":\"https:\/\/sapor.twindisc.pl\/\",\"logo\":{\"@type\":\"ImageObject\",\"inLanguage\":\"de\",\"@id\":\"https:\/\/sapor.twindisc.pl\/#\/schema\/logo\/image\/\",\"url\":\"http:\/\/sapor.twindisc.pl\/wp-content\/uploads\/2021\/04\/logo-sapor-e1618419520128.png\",\"contentUrl\":\"http:\/\/sapor.twindisc.pl\/wp-content\/uploads\/2021\/04\/logo-sapor-e1618419520128.png\",\"width\":140,\"height\":67,\"caption\":\"Sapor Sp. z o. o.\"},\"image\":{\"@id\":\"https:\/\/sapor.twindisc.pl\/#\/schema\/logo\/image\/\"},\"sameAs\":[\"https:\/\/www.facebook.com\/SAPOR.Fabryka.okien.i.drzwi\/\"]}]}<\/script>\n<!-- \/ Yoast SEO plugin. -->","yoast_head_json":{"title":"Refleksole 125 - Sapor","robots":{"index":"index","follow":"follow","max-snippet":"max-snippet:-1","max-image-preview":"max-image-preview:large","max-video-preview":"max-video-preview:-1"},"canonical":"http:\/\/sapor.twindisc.pl\/de\/refleksole-125\/","og_locale":"de_DE","og_type":"article","og_title":"Refleksole 125 - Sapor","og_url":"http:\/\/sapor.twindisc.pl\/de\/refleksole-125\/","og_site_name":"Sapor","article_publisher":"https:\/\/www.facebook.com\/SAPOR.Fabryka.okien.i.drzwi\/","article_modified_time":"2023-10-29T15:18:49+00:00","twitter_card":"summary_large_image","twitter_misc":{"Gesch\u00e4tzte Lesezeit":"9\u00a0Minuten"},"schema":{"@context":"https:\/\/schema.org","@graph":[{"@type":"WebPage","@id":"http:\/\/sapor.twindisc.pl\/de\/refleksole-125\/","url":"http:\/\/sapor.twindisc.pl\/de\/refleksole-125\/","name":"Refleksole 125 - Sapor","isPartOf":{"@id":"https:\/\/sapor.twindisc.pl\/#website"},"datePublished":"2021-05-23T17:04:48+00:00","dateModified":"2023-10-29T15:18:49+00:00","breadcrumb":{"@id":"http:\/\/sapor.twindisc.pl\/de\/refleksole-125\/#breadcrumb"},"inLanguage":"de","potentialAction":[{"@type":"ReadAction","target":["http:\/\/sapor.twindisc.pl\/de\/refleksole-125\/"]}]},{"@type":"BreadcrumbList","@id":"http:\/\/sapor.twindisc.pl\/de\/refleksole-125\/#breadcrumb","itemListElement":[{"@type":"ListItem","position":1,"name":"Startseite","item":"https:\/\/sapor.twindisc.pl\/de\/"},{"@type":"ListItem","position":2,"name":"Refleksole 125"}]},{"@type":"WebSite","@id":"https:\/\/sapor.twindisc.pl\/#website","url":"https:\/\/sapor.twindisc.pl\/","name":"Sapor","description":"","publisher":{"@id":"https:\/\/sapor.twindisc.pl\/#organization"},"potentialAction":[{"@type":"SearchAction","target":{"@type":"EntryPoint","urlTemplate":"https:\/\/sapor.twindisc.pl\/?s={search_term_string}"},"query-input":{"@type":"PropertyValueSpecification","valueRequired":true,"valueName":"search_term_string"}}],"inLanguage":"de"},{"@type":"Organization","@id":"https:\/\/sapor.twindisc.pl\/#organization","name":"Sapor Sp. z o. o.","url":"https:\/\/sapor.twindisc.pl\/","logo":{"@type":"ImageObject","inLanguage":"de","@id":"https:\/\/sapor.twindisc.pl\/#\/schema\/logo\/image\/","url":"http:\/\/sapor.twindisc.pl\/wp-content\/uploads\/2021\/04\/logo-sapor-e1618419520128.png","contentUrl":"http:\/\/sapor.twindisc.pl\/wp-content\/uploads\/2021\/04\/logo-sapor-e1618419520128.png","width":140,"height":67,"caption":"Sapor Sp. z o. o."},"image":{"@id":"https:\/\/sapor.twindisc.pl\/#\/schema\/logo\/image\/"},"sameAs":["https:\/\/www.facebook.com\/SAPOR.Fabryka.okien.i.drzwi\/"]}]}},"_links":{"self":[{"href":"https:\/\/sapor.twindisc.pl\/de\/wp-json\/wp\/v2\/pages\/4092","targetHints":{"allow":["GET"]}}],"collection":[{"href":"https:\/\/sapor.twindisc.pl\/de\/wp-json\/wp\/v2\/pages"}],"about":[{"href":"https:\/\/sapor.twindisc.pl\/de\/wp-json\/wp\/v2\/types\/page"}],"author":[{"embeddable":true,"href":"https:\/\/sapor.twindisc.pl\/de\/wp-json\/wp\/v2\/users\/1"}],"replies":[{"embeddable":true,"href":"https:\/\/sapor.twindisc.pl\/de\/wp-json\/wp\/v2\/comments?post=4092"}],"version-history":[{"count":2,"href":"https:\/\/sapor.twindisc.pl\/de\/wp-json\/wp\/v2\/pages\/4092\/revisions"}],"predecessor-version":[{"id":4094,"href":"https:\/\/sapor.twindisc.pl\/de\/wp-json\/wp\/v2\/pages\/4092\/revisions\/4094"}],"wp:attachment":[{"href":"https:\/\/sapor.twindisc.pl\/de\/wp-json\/wp\/v2\/media?parent=4092"}],"curies":[{"name":"wp","href":"https:\/\/api.w.org\/{rel}","templated":true}]}}