{"id":4096,"date":"2021-05-26T18:11:28","date_gmt":"2021-05-26T16:11:28","guid":{"rendered":"http:\/\/sapor.twindisc.pl\/softline-82-md\/"},"modified":"2023-12-03T21:20:58","modified_gmt":"2023-12-03T20:20:58","slug":"softline-82-md","status":"publish","type":"page","link":"https:\/\/sapor.twindisc.pl\/de\/softline-82-md\/","title":{"rendered":"Softline 82 MD"},"content":{"rendered":"<p><div class=\"fusion-fullwidth fullwidth-box fusion-builder-row-1 fusion-flex-container nonhundred-percent-fullwidth non-hundred-percent-height-scrolling\" style=\"--awb-border-radius-top-left:0px;--awb-border-radius-top-right:0px;--awb-border-radius-bottom-right:0px;--awb-border-radius-bottom-left:0px;--awb-flex-wrap:wrap;\" ><div class=\"fusion-builder-row fusion-row fusion-flex-align-items-flex-start fusion-flex-content-wrap\" style=\"max-width:1528.8px;margin-left: calc(-4% \/ 2 );margin-right: calc(-4% \/ 2 );\"><div class=\"fusion-layout-column fusion_builder_column fusion-builder-column-0 fusion_builder_column_1_1 1_1 fusion-flex-column\" style=\"--awb-bg-size:cover;--awb-width-large:100%;--awb-margin-top-large:0px;--awb-spacing-right-large:1.92%;--awb-margin-bottom-large:20px;--awb-spacing-left-large:1.92%;--awb-width-medium:100%;--awb-order-medium:0;--awb-spacing-right-medium:1.92%;--awb-spacing-left-medium:1.92%;--awb-width-small:100%;--awb-order-small:0;--awb-spacing-right-small:1.92%;--awb-spacing-left-small:1.92%;\"><div class=\"fusion-column-wrapper fusion-column-has-shadow fusion-flex-justify-content-flex-start fusion-content-layout-column\"><div class=\"fusion-text fusion-text-1\"><h2>PVC-Fenster Veka Softline 82 MD<\/h2>\n<\/div><div class=\"fusion-text fusion-text-2\"><h4><span style=\"font-weight: 400;\">Perfekte Kombination von Funktion und \u00c4sthetik | ein Fenster f\u00fcr das anspruchsvolle Auge mit einem einzigartigen Design<\/span><\/h4>\n<\/div><\/div><\/div><div class=\"fusion-layout-column fusion_builder_column fusion-builder-column-1 fusion_builder_column_2_3 2_3 fusion-flex-column fusion-flex-align-self-center fusion-animated\" style=\"--awb-bg-size:cover;--awb-width-large:66.666666666667%;--awb-margin-top-large:0px;--awb-spacing-right-large:2.88%;--awb-margin-bottom-large:20px;--awb-spacing-left-large:2.88%;--awb-width-medium:66.666666666667%;--awb-order-medium:0;--awb-spacing-right-medium:2.88%;--awb-spacing-left-medium:2.88%;--awb-width-small:100%;--awb-order-small:0;--awb-spacing-right-small:1.92%;--awb-spacing-left-small:1.92%;\" data-animationType=\"slideInLeft\" data-animationDuration=\"0.9\" data-animationOffset=\"top-into-view\"><div class=\"fusion-column-wrapper fusion-column-has-shadow fusion-flex-justify-content-flex-start fusion-content-layout-column\"><div class=\"fusion-text fusion-text-3\"><p><span style=\"font-weight: 400;\">Das Veka Softline 82 MD ist ein PVC-Fenster, das hervorragende Funktionalit\u00e4t mit einzigartigem Design verbindet. Seine charakteristische Mikroverschwei\u00dfung und das 6-Kammer-Profil sorgen f\u00fcr eine hohe W\u00e4rme- und Schalld\u00e4mmung. Dieses Modell f\u00fcgt sich perfekt in moderne architektonische Trends ein und bietet ein elegantes Aussehen und Energieeinsparungen.<\/span><\/p>\n<\/div><\/div><\/div><div class=\"fusion-layout-column fusion_builder_column fusion-builder-column-2 fusion_builder_column_1_3 1_3 fusion-flex-column fusion-flex-align-self-center fusion-animated\" style=\"--awb-bg-size:cover;--awb-width-large:33.333333333333%;--awb-margin-top-large:0px;--awb-spacing-right-large:5.76%;--awb-margin-bottom-large:20px;--awb-spacing-left-large:5.76%;--awb-width-medium:33.333333333333%;--awb-order-medium:0;--awb-spacing-right-medium:5.76%;--awb-spacing-left-medium:5.76%;--awb-width-small:100%;--awb-order-small:0;--awb-spacing-right-small:1.92%;--awb-spacing-left-small:1.92%;\" data-animationType=\"slideInRight\" data-animationDuration=\"0.9\" data-animationOffset=\"top-into-view\"><div class=\"fusion-column-wrapper fusion-column-has-shadow fusion-flex-justify-content-flex-start fusion-content-layout-column\"><div class=\"fusion-image-element \" style=\"--awb-caption-title-font-family:var(--h2_typography-font-family);--awb-caption-title-font-weight:var(--h2_typography-font-weight);--awb-caption-title-font-style:var(--h2_typography-font-style);--awb-caption-title-size:var(--h2_typography-font-size);--awb-caption-title-transform:var(--h2_typography-text-transform);--awb-caption-title-line-height:var(--h2_typography-line-height);--awb-caption-title-letter-spacing:var(--h2_typography-letter-spacing);\"><span class=\" fusion-imageframe imageframe-none imageframe-1 hover-type-none\"><img decoding=\"async\" width=\"300\" height=\"401\" title=\"softline-82-md\" src=\"https:\/\/sapor.twindisc.pl\/wp-content\/uploads\/2021\/05\/softline-82-md.png\" data-orig-src=\"http:\/\/sapor.twindisc.pl\/wp-content\/uploads\/2021\/05\/softline-82-md.png\" alt class=\"lazyload img-responsive wp-image-1094\" srcset=\"data:image\/svg+xml,%3Csvg%20xmlns%3D%27http%3A%2F%2Fwww.w3.org%2F2000%2Fsvg%27%20width%3D%27300%27%20height%3D%27401%27%20viewBox%3D%270%200%20300%20401%27%3E%3Crect%20width%3D%27300%27%20height%3D%27401%27%20fill-opacity%3D%220%22%2F%3E%3C%2Fsvg%3E\" data-srcset=\"https:\/\/sapor.twindisc.pl\/wp-content\/uploads\/2021\/05\/softline-82-md-200x267.png 200w, https:\/\/sapor.twindisc.pl\/wp-content\/uploads\/2021\/05\/softline-82-md.png 300w\" data-sizes=\"auto\" data-orig-sizes=\"(max-width: 640px) 100vw, 300px\" \/><\/span><\/div><div style=\"text-align:center;\"><a class=\"fusion-button button-flat fusion-button-default-size button-custom fusion-button-default button-1 fusion-button-default-span fusion-button-default-type\" style=\"--button_accent_color:#ffffff;--button_accent_hover_color:#ffffff;--button_border_hover_color:#780404;--button-border-radius-top-left:0;--button-border-radius-top-right:0;--button-border-radius-bottom-right:0;--button-border-radius-bottom-left:0;--button_gradient_top_color:var(--awb-custom_color_1);--button_gradient_bottom_color:var(--awb-custom_color_1);--button_gradient_top_color_hover:var(--awb-custom_color_2);--button_gradient_bottom_color_hover:var(--awb-custom_color_2);--button_margin-top:50px;\" target=\"_blank\" rel=\"noopener noreferrer\" href=\"\/wp-content\/uploads\/2021\/05\/softline-82.pdf\"><span class=\"fusion-button-text\">Download der Brosch\u00fcre<\/span><\/a><\/div><\/div><\/div><\/div><\/div><div class=\"fusion-fullwidth fullwidth-box fusion-builder-row-2 fusion-flex-container nonhundred-percent-fullwidth non-hundred-percent-height-scrolling\" style=\"--awb-border-radius-top-left:0px;--awb-border-radius-top-right:0px;--awb-border-radius-bottom-right:0px;--awb-border-radius-bottom-left:0px;--awb-flex-wrap:wrap;\" ><div class=\"fusion-builder-row fusion-row fusion-flex-align-items-flex-start fusion-flex-content-wrap\" style=\"max-width:1528.8px;margin-left: calc(-4% \/ 2 );margin-right: calc(-4% \/ 2 );\"><div class=\"fusion-layout-column fusion_builder_column fusion-builder-column-3 fusion_builder_column_1_3 1_3 fusion-flex-column fusion-flex-align-self-center fusion-animated\" style=\"--awb-bg-size:cover;--awb-width-large:33.333333333333%;--awb-margin-top-large:0px;--awb-spacing-right-large:5.76%;--awb-margin-bottom-large:20px;--awb-spacing-left-large:5.76%;--awb-width-medium:33.333333333333%;--awb-order-medium:0;--awb-spacing-right-medium:5.76%;--awb-spacing-left-medium:5.76%;--awb-width-small:100%;--awb-order-small:0;--awb-spacing-right-small:1.92%;--awb-spacing-left-small:1.92%;\" data-animationType=\"slideInLeft\" data-animationDuration=\"0.9\" data-animationOffset=\"top-into-view\"><div class=\"fusion-column-wrapper fusion-column-has-shadow fusion-flex-justify-content-flex-start fusion-content-layout-column\"><div class=\"fusion-image-element \" style=\"--awb-caption-title-font-family:var(--h2_typography-font-family);--awb-caption-title-font-weight:var(--h2_typography-font-weight);--awb-caption-title-font-style:var(--h2_typography-font-style);--awb-caption-title-size:var(--h2_typography-font-size);--awb-caption-title-transform:var(--h2_typography-text-transform);--awb-caption-title-line-height:var(--h2_typography-line-height);--awb-caption-title-letter-spacing:var(--h2_typography-letter-spacing);\"><span class=\" fusion-imageframe imageframe-none imageframe-2 hover-type-none\"><img decoding=\"async\" width=\"245\" height=\"260\" title=\"softline-82-schemat\" src=\"https:\/\/sapor.twindisc.pl\/wp-content\/uploads\/2021\/05\/softline-82-schemat.png\" data-orig-src=\"http:\/\/sapor.twindisc.pl\/wp-content\/uploads\/2021\/05\/softline-82-schemat.png\" alt class=\"lazyload img-responsive wp-image-1131\" srcset=\"data:image\/svg+xml,%3Csvg%20xmlns%3D%27http%3A%2F%2Fwww.w3.org%2F2000%2Fsvg%27%20width%3D%27245%27%20height%3D%27260%27%20viewBox%3D%270%200%20245%20260%27%3E%3Crect%20width%3D%27245%27%20height%3D%27260%27%20fill-opacity%3D%220%22%2F%3E%3C%2Fsvg%3E\" data-srcset=\"https:\/\/sapor.twindisc.pl\/wp-content\/uploads\/2021\/05\/softline-82-schemat-200x212.png 200w, https:\/\/sapor.twindisc.pl\/wp-content\/uploads\/2021\/05\/softline-82-schemat.png 245w\" data-sizes=\"auto\" data-orig-sizes=\"(max-width: 640px) 100vw, 245px\" \/><\/span><\/div><\/div><\/div><div class=\"fusion-layout-column fusion_builder_column fusion-builder-column-4 fusion_builder_column_2_3 2_3 fusion-flex-column fusion-flex-align-self-center fusion-animated\" style=\"--awb-bg-size:cover;--awb-width-large:66.666666666667%;--awb-margin-top-large:0px;--awb-spacing-right-large:2.88%;--awb-margin-bottom-large:20px;--awb-spacing-left-large:2.88%;--awb-width-medium:66.666666666667%;--awb-order-medium:0;--awb-spacing-right-medium:2.88%;--awb-spacing-left-medium:2.88%;--awb-width-small:100%;--awb-order-small:0;--awb-spacing-right-small:1.92%;--awb-spacing-left-small:1.92%;\" data-animationType=\"slideInRight\" data-animationDuration=\"0.9\" data-animationOffset=\"top-into-view\"><div class=\"fusion-column-wrapper fusion-column-has-shadow fusion-flex-justify-content-flex-start fusion-content-layout-column\">\n<div class=\"table-2\">\n<table width=\"100%\">\n<thead>\n<tr>\n<th align=\"left\">Allgemeine Informationen<\/th>\n<th align=\"left\"><\/th>\n<\/tr>\n<\/thead>\n<tbody>\n<tr>\n<td align=\"left\"><strong>Max. Verglasung<\/strong><\/td>\n<td align=\"left\">bis zu 48 mm<\/td>\n<\/tr>\n<tr>\n<td align=\"left\"><strong>Anzahl der Scheiben<\/strong><\/td>\n<td align=\"left\">2<\/td>\n<\/tr>\n<tr>\n<td align=\"left\"><strong>Anzahl der Dichtungen<\/strong><\/td>\n<td align=\"left\">3<\/td>\n<\/tr>\n<tr>\n<td align=\"left\"><strong>Uw-Koeffizient<\/strong><\/td>\n<td align=\"left\">0.85<\/td>\n<\/tr>\n<tr>\n<td align=\"left\"><strong>Profiltiefe<\/strong><\/td>\n<td align=\"left\">82 mm<\/td>\n<\/tr>\n<tr>\n<td align=\"left\"><strong>Schwei\u00dfnaht<\/strong><\/td>\n<td align=\"left\">Mikroschwei\u00dfung<\/td>\n<\/tr>\n<tr>\n<td align=\"left\"><strong>Anzahl der Kammern<\/strong><\/td>\n<td align=\"left\">6<\/td>\n<\/tr>\n<\/tbody>\n<\/table>\n<\/div>\n<\/div><\/div><div class=\"fusion-layout-column fusion_builder_column fusion-builder-column-5 fusion_builder_column_1_1 1_1 fusion-flex-column\" style=\"--awb-bg-size:cover;--awb-width-large:100%;--awb-margin-top-large:0px;--awb-spacing-right-large:1.92%;--awb-margin-bottom-large:20px;--awb-spacing-left-large:1.92%;--awb-width-medium:100%;--awb-order-medium:0;--awb-spacing-right-medium:1.92%;--awb-spacing-left-medium:1.92%;--awb-width-small:100%;--awb-order-small:0;--awb-spacing-right-small:1.92%;--awb-spacing-left-small:1.92%;\"><div class=\"fusion-column-wrapper fusion-column-has-shadow fusion-flex-justify-content-flex-start fusion-content-layout-column\">\n<div class=\"table-2\">\n<table width=\"100%\">\n<thead>\n<tr>\n<th align=\"left\">Technische Daten<\/th>\n<th align=\"left\"><\/th>\n<\/tr>\n<\/thead>\n<tbody>\n<tr>\n<td align=\"left\"><strong>Material<\/strong><\/td>\n<td align=\"left\">PVC<\/td>\n<\/tr>\n<tr>\n<td align=\"left\"><strong>Marke<\/strong><\/td>\n<td align=\"left\">VEKA<\/td>\n<\/tr>\n<tr>\n<td align=\"left\"><strong>Uf<\/strong><\/td>\n<td align=\"left\">1.0<\/td>\n<\/tr>\n<tr>\n<td align=\"left\"><strong>Ug<\/strong><\/td>\n<td align=\"left\">0.5<\/td>\n<\/tr>\n<tr>\n<td align=\"left\"><strong>Uw<\/strong><\/td>\n<td align=\"left\">0.85<\/td>\n<\/tr>\n<tr>\n<td align=\"left\"><strong>Rahmentiefe<\/strong><\/td>\n<td align=\"left\">82 mm<\/td>\n<\/tr>\n<tr>\n<td align=\"left\"><strong>Fl\u00fcgeltiefe<\/strong><\/td>\n<td align=\"left\">82 mm<\/td>\n<\/tr>\n<tr>\n<td align=\"left\"><strong>Maximale Fl\u00fcgelgr\u00f6\u00dfe<\/strong><\/td>\n<td align=\"left\">2,5 m2<\/td>\n<\/tr>\n<tr>\n<td align=\"left\"><strong>Max. Gewicht des Fl\u00fcgels<\/strong><\/td>\n<td align=\"left\">160 kg<\/td>\n<\/tr>\n<\/tbody>\n<\/table>\n<\/div>\n<div class=\"fusion-text fusion-text-4\"><h3>Erfahren Sie mehr \u00fcber das Profil des PVC-Fensters &#8211; Veka Softline 82 MD<\/h3>\n<p>Das Veka Softline 82 MD ist ein PVC-Fenster, das hervorragende Funktionalit\u00e4t mit einzigartigem Design verbindet. Seine charakteristische Mikroverschwei\u00dfung und das 6-Kammer-Profil sorgen f\u00fcr eine hohe W\u00e4rme- und Schalld\u00e4mmung. Dieses Modell f\u00fcgt sich perfekt in moderne architektonische Trends ein und bietet ein elegantes Aussehen und Energieeinsparungen.<\/p>\n<h3>Wem empfehlen wir die Veka Softline 82 MD PVC-Fenster?<\/h3>\n<p>Personen, die auf der Suche nach Fenstern mit einem einzigartigen Design sind, um ihren Innenr\u00e4umen Charakter zu verleihen.<br \/>\nInvestoren und Architekten, die hohe technische Leistung und \u00c4sthetik in einem einzigen Produkt erwarten.<\/p>\n<h3>F\u00fcr welche Endkunden sind die Fenster Veka Softline 82 MD interessant?<\/h3>\n<p>F\u00fcr Kunden, die innovative L\u00f6sungen sch\u00e4tzen und sicher sein wollen, dass ihre Fenster den h\u00f6chsten Standards entsprechen.<br \/>\nF\u00fcr Menschen, die dank der hervorragenden W\u00e4rmed\u00e4mmung der Fenster Heizkosten sparen m\u00f6chten.<\/p>\n<h3>Eine gute Alternative f\u00fcr das Fenster Veka Softline 82 MD \u2013 das Gealan S9000 IQ<\/h3>\n<p>Wenn Sie auf h\u00f6chste thermische und akustische Leistung Wert legen, sollten Sie eine Alternative wie das Gealan S9000 IQ-Fenster in Erw\u00e4gung ziehen, das fortschrittliche Technologie und eine hervorragende Isolierleistung bietet.<\/p>\n<h3>Mehr \u00fcber den Fensterhersteller des Veka Softline 82 MD<\/h3>\n<p>De Firma Veka ist ein hoch angesehener Hersteller von PVC-Fenstern, der f\u00fcr seine fortschrittlichen Technologien und sein breites Produktsortiment bekannt ist. Das Veka Softline 82 MD ist ein perfektes Beispiel f\u00fcr die perfekte Kombination von Funktion und \u00c4sthetik.<\/p>\n<h4>Mehr \u00fcber die St\u00e4rken der Fenster Veka Softline 82 MD<\/h4>\n<p>&#8211; Einzigartige Mikroschwei\u00dfung, die das moderne Aussehen der Fenster unterstreicht.<br \/>\n&#8211; Hoher Uw-Wert=0,85, der eine hervorragende W\u00e4rmed\u00e4mmung garantiert.<\/p>\n<h3>Zusammenfassung der Fenster Veka Softline 82 MD<\/h3>\n<p>Das Veka Softline 82 MD ist ein PVC-Fenster f\u00fcr anspruchsvolle Kunden, die au\u00dfergew\u00f6hnliches Design mit hervorragender technischer Leistung kombinieren m\u00f6chten. Dank innovativer L\u00f6sungen und hochwertiger Verarbeitung bieten diese Fenster nicht nur ein \u00e4sthetisches Erscheinungsbild, sondern auch Energieeinsparungen und Komfort. Entscheiden Sie sich f\u00fcr Veka Softline 82 MD, wenn Sie von originellen Fenstern tr\u00e4umen, die Ihrem Haus einen einzigartigen Charakter verleihen und h\u00f6chsten Anspr\u00fcchen gerecht werden.<\/p>\n<\/div><\/div><\/div><\/div><\/div><\/p>\n","protected":false},"excerpt":{"rendered":"","protected":false},"author":1,"featured_media":0,"parent":0,"menu_order":0,"comment_status":"closed","ping_status":"closed","template":"","meta":{"footnotes":""},"class_list":["post-4096","page","type-page","status-publish","hentry"],"yoast_head":"<!-- This site is optimized with the Yoast SEO plugin v26.5 - https:\/\/yoast.com\/wordpress\/plugins\/seo\/ -->\n<title>Softline 82 MD - Sapor<\/title>\n<meta name=\"robots\" content=\"index, follow, max-snippet:-1, max-image-preview:large, max-video-preview:-1\" \/>\n<link rel=\"canonical\" href=\"https:\/\/sapor.twindisc.pl\/de\/softline-82-md\/\" \/>\n<meta property=\"og:locale\" content=\"de_DE\" \/>\n<meta property=\"og:type\" content=\"article\" \/>\n<meta property=\"og:title\" content=\"Softline 82 MD - Sapor\" \/>\n<meta property=\"og:url\" content=\"https:\/\/sapor.twindisc.pl\/de\/softline-82-md\/\" \/>\n<meta property=\"og:site_name\" content=\"Sapor\" \/>\n<meta property=\"article:publisher\" content=\"https:\/\/www.facebook.com\/SAPOR.Fabryka.okien.i.drzwi\/\" \/>\n<meta property=\"article:modified_time\" content=\"2023-12-03T20:20:58+00:00\" \/>\n<meta name=\"twitter:card\" content=\"summary_large_image\" \/>\n<meta name=\"twitter:label1\" content=\"Gesch\u00e4tzte Lesezeit\" \/>\n\t<meta name=\"twitter:data1\" content=\"9\u00a0Minuten\" \/>\n<script type=\"application\/ld+json\" class=\"yoast-schema-graph\">{\"@context\":\"https:\/\/schema.org\",\"@graph\":[{\"@type\":\"WebPage\",\"@id\":\"https:\/\/sapor.twindisc.pl\/de\/softline-82-md\/\",\"url\":\"https:\/\/sapor.twindisc.pl\/de\/softline-82-md\/\",\"name\":\"Softline 82 MD - Sapor\",\"isPartOf\":{\"@id\":\"https:\/\/sapor.twindisc.pl\/#website\"},\"datePublished\":\"2021-05-26T16:11:28+00:00\",\"dateModified\":\"2023-12-03T20:20:58+00:00\",\"breadcrumb\":{\"@id\":\"https:\/\/sapor.twindisc.pl\/de\/softline-82-md\/#breadcrumb\"},\"inLanguage\":\"de\",\"potentialAction\":[{\"@type\":\"ReadAction\",\"target\":[\"https:\/\/sapor.twindisc.pl\/de\/softline-82-md\/\"]}]},{\"@type\":\"BreadcrumbList\",\"@id\":\"https:\/\/sapor.twindisc.pl\/de\/softline-82-md\/#breadcrumb\",\"itemListElement\":[{\"@type\":\"ListItem\",\"position\":1,\"name\":\"Startseite\",\"item\":\"https:\/\/sapor.twindisc.pl\/de\/\"},{\"@type\":\"ListItem\",\"position\":2,\"name\":\"Softline 82 MD\"}]},{\"@type\":\"WebSite\",\"@id\":\"https:\/\/sapor.twindisc.pl\/#website\",\"url\":\"https:\/\/sapor.twindisc.pl\/\",\"name\":\"Sapor\",\"description\":\"\",\"publisher\":{\"@id\":\"https:\/\/sapor.twindisc.pl\/#organization\"},\"potentialAction\":[{\"@type\":\"SearchAction\",\"target\":{\"@type\":\"EntryPoint\",\"urlTemplate\":\"https:\/\/sapor.twindisc.pl\/?s={search_term_string}\"},\"query-input\":{\"@type\":\"PropertyValueSpecification\",\"valueRequired\":true,\"valueName\":\"search_term_string\"}}],\"inLanguage\":\"de\"},{\"@type\":\"Organization\",\"@id\":\"https:\/\/sapor.twindisc.pl\/#organization\",\"name\":\"Sapor Sp. z o. o.\",\"url\":\"https:\/\/sapor.twindisc.pl\/\",\"logo\":{\"@type\":\"ImageObject\",\"inLanguage\":\"de\",\"@id\":\"https:\/\/sapor.twindisc.pl\/#\/schema\/logo\/image\/\",\"url\":\"http:\/\/sapor.twindisc.pl\/wp-content\/uploads\/2021\/04\/logo-sapor-e1618419520128.png\",\"contentUrl\":\"http:\/\/sapor.twindisc.pl\/wp-content\/uploads\/2021\/04\/logo-sapor-e1618419520128.png\",\"width\":140,\"height\":67,\"caption\":\"Sapor Sp. z o. o.\"},\"image\":{\"@id\":\"https:\/\/sapor.twindisc.pl\/#\/schema\/logo\/image\/\"},\"sameAs\":[\"https:\/\/www.facebook.com\/SAPOR.Fabryka.okien.i.drzwi\/\"]}]}<\/script>\n<!-- \/ Yoast SEO plugin. -->","yoast_head_json":{"title":"Softline 82 MD - Sapor","robots":{"index":"index","follow":"follow","max-snippet":"max-snippet:-1","max-image-preview":"max-image-preview:large","max-video-preview":"max-video-preview:-1"},"canonical":"https:\/\/sapor.twindisc.pl\/de\/softline-82-md\/","og_locale":"de_DE","og_type":"article","og_title":"Softline 82 MD - Sapor","og_url":"https:\/\/sapor.twindisc.pl\/de\/softline-82-md\/","og_site_name":"Sapor","article_publisher":"https:\/\/www.facebook.com\/SAPOR.Fabryka.okien.i.drzwi\/","article_modified_time":"2023-12-03T20:20:58+00:00","twitter_card":"summary_large_image","twitter_misc":{"Gesch\u00e4tzte Lesezeit":"9\u00a0Minuten"},"schema":{"@context":"https:\/\/schema.org","@graph":[{"@type":"WebPage","@id":"https:\/\/sapor.twindisc.pl\/de\/softline-82-md\/","url":"https:\/\/sapor.twindisc.pl\/de\/softline-82-md\/","name":"Softline 82 MD - Sapor","isPartOf":{"@id":"https:\/\/sapor.twindisc.pl\/#website"},"datePublished":"2021-05-26T16:11:28+00:00","dateModified":"2023-12-03T20:20:58+00:00","breadcrumb":{"@id":"https:\/\/sapor.twindisc.pl\/de\/softline-82-md\/#breadcrumb"},"inLanguage":"de","potentialAction":[{"@type":"ReadAction","target":["https:\/\/sapor.twindisc.pl\/de\/softline-82-md\/"]}]},{"@type":"BreadcrumbList","@id":"https:\/\/sapor.twindisc.pl\/de\/softline-82-md\/#breadcrumb","itemListElement":[{"@type":"ListItem","position":1,"name":"Startseite","item":"https:\/\/sapor.twindisc.pl\/de\/"},{"@type":"ListItem","position":2,"name":"Softline 82 MD"}]},{"@type":"WebSite","@id":"https:\/\/sapor.twindisc.pl\/#website","url":"https:\/\/sapor.twindisc.pl\/","name":"Sapor","description":"","publisher":{"@id":"https:\/\/sapor.twindisc.pl\/#organization"},"potentialAction":[{"@type":"SearchAction","target":{"@type":"EntryPoint","urlTemplate":"https:\/\/sapor.twindisc.pl\/?s={search_term_string}"},"query-input":{"@type":"PropertyValueSpecification","valueRequired":true,"valueName":"search_term_string"}}],"inLanguage":"de"},{"@type":"Organization","@id":"https:\/\/sapor.twindisc.pl\/#organization","name":"Sapor Sp. z o. o.","url":"https:\/\/sapor.twindisc.pl\/","logo":{"@type":"ImageObject","inLanguage":"de","@id":"https:\/\/sapor.twindisc.pl\/#\/schema\/logo\/image\/","url":"http:\/\/sapor.twindisc.pl\/wp-content\/uploads\/2021\/04\/logo-sapor-e1618419520128.png","contentUrl":"http:\/\/sapor.twindisc.pl\/wp-content\/uploads\/2021\/04\/logo-sapor-e1618419520128.png","width":140,"height":67,"caption":"Sapor Sp. z o. o."},"image":{"@id":"https:\/\/sapor.twindisc.pl\/#\/schema\/logo\/image\/"},"sameAs":["https:\/\/www.facebook.com\/SAPOR.Fabryka.okien.i.drzwi\/"]}]}},"_links":{"self":[{"href":"https:\/\/sapor.twindisc.pl\/de\/wp-json\/wp\/v2\/pages\/4096","targetHints":{"allow":["GET"]}}],"collection":[{"href":"https:\/\/sapor.twindisc.pl\/de\/wp-json\/wp\/v2\/pages"}],"about":[{"href":"https:\/\/sapor.twindisc.pl\/de\/wp-json\/wp\/v2\/types\/page"}],"author":[{"embeddable":true,"href":"https:\/\/sapor.twindisc.pl\/de\/wp-json\/wp\/v2\/users\/1"}],"replies":[{"embeddable":true,"href":"https:\/\/sapor.twindisc.pl\/de\/wp-json\/wp\/v2\/comments?post=4096"}],"version-history":[{"count":2,"href":"https:\/\/sapor.twindisc.pl\/de\/wp-json\/wp\/v2\/pages\/4096\/revisions"}],"predecessor-version":[{"id":7324,"href":"https:\/\/sapor.twindisc.pl\/de\/wp-json\/wp\/v2\/pages\/4096\/revisions\/7324"}],"wp:attachment":[{"href":"https:\/\/sapor.twindisc.pl\/de\/wp-json\/wp\/v2\/media?parent=4096"}],"curies":[{"name":"wp","href":"https:\/\/api.w.org\/{rel}","templated":true}]}}