{"id":4111,"date":"2021-05-26T18:11:44","date_gmt":"2021-05-26T16:11:44","guid":{"rendered":"http:\/\/sapor.twindisc.pl\/hst-podnoszono-przesuwny\/"},"modified":"2023-10-29T16:19:32","modified_gmt":"2023-10-29T15:19:32","slug":"hst-podnoszono-przesuwny","status":"publish","type":"page","link":"https:\/\/sapor.twindisc.pl\/de\/hst-podnoszono-przesuwny\/","title":{"rendered":"Vekamotion 82"},"content":{"rendered":"<div class=\"fusion-fullwidth fullwidth-box fusion-builder-row-1 fusion-flex-container nonhundred-percent-fullwidth non-hundred-percent-height-scrolling\" style=\"--awb-border-radius-top-left:0px;--awb-border-radius-top-right:0px;--awb-border-radius-bottom-right:0px;--awb-border-radius-bottom-left:0px;--awb-flex-wrap:wrap;\" ><div class=\"fusion-builder-row fusion-row fusion-flex-align-items-flex-start fusion-flex-content-wrap\" style=\"max-width:1528.8px;margin-left: calc(-4% \/ 2 );margin-right: calc(-4% \/ 2 );\"><div class=\"fusion-layout-column fusion_builder_column fusion-builder-column-0 fusion_builder_column_1_1 1_1 fusion-flex-column\" style=\"--awb-bg-size:cover;--awb-width-large:100%;--awb-margin-top-large:0px;--awb-spacing-right-large:1.92%;--awb-margin-bottom-large:20px;--awb-spacing-left-large:1.92%;--awb-width-medium:100%;--awb-order-medium:0;--awb-spacing-right-medium:1.92%;--awb-spacing-left-medium:1.92%;--awb-width-small:100%;--awb-order-small:0;--awb-spacing-right-small:1.92%;--awb-spacing-left-small:1.92%;\"><div class=\"fusion-column-wrapper fusion-column-has-shadow fusion-flex-justify-content-flex-start fusion-content-layout-column\"><div class=\"fusion-text fusion-text-1\"><h2>PVC -Brandschutzfenster Vekamotion 82<\/h2>\n<\/div><div class=\"fusion-text fusion-text-2\"><h4>Modernes Design und hervorragende Funktionalit\u00e4t | eine innovative L\u00f6sung f\u00fcr komfortable Nutzung<\/h4>\n<\/div><\/div><\/div><div class=\"fusion-layout-column fusion_builder_column fusion-builder-column-1 fusion_builder_column_2_3 2_3 fusion-flex-column fusion-flex-align-self-center fusion-animated\" style=\"--awb-bg-size:cover;--awb-width-large:66.666666666667%;--awb-margin-top-large:0px;--awb-spacing-right-large:2.88%;--awb-margin-bottom-large:20px;--awb-spacing-left-large:2.88%;--awb-width-medium:66.666666666667%;--awb-order-medium:0;--awb-spacing-right-medium:2.88%;--awb-spacing-left-medium:2.88%;--awb-width-small:100%;--awb-order-small:0;--awb-spacing-right-small:1.92%;--awb-spacing-left-small:1.92%;\" data-animationType=\"slideInLeft\" data-animationDuration=\"0.9\" data-animationOffset=\"top-into-view\"><div class=\"fusion-column-wrapper fusion-column-has-shadow fusion-flex-justify-content-flex-start fusion-content-layout-column\"><div class=\"fusion-text fusion-text-3\"><p><span style=\"font-weight: 400;\">Das Fenster Vekamotion 82 aus PVC ist die perfekte Kombination aus modernem Design und fortschrittlichen funktionellen L\u00f6sungen. Dank der d\u00fcnnen Profile und der innovativen Beschl\u00e4ge erm\u00f6glicht dieses Fenster ein sanftes und leises \u00d6ffnen und Schlie\u00dfen. Das Fenster Vekamotion 82 besteht aus langlebigem und witterungsbest\u00e4ndigem PVC und zeichnet sich durch eine hohe W\u00e4rmed\u00e4mmung aus, die sich in W\u00e4rmekomfort und Energieeinsparungen im Geb\u00e4ude niederschl\u00e4gt. Es ist die ideale L\u00f6sung f\u00fcr alle, die ein modernes Aussehen mit ausgezeichneter Funktionalit\u00e4t kombinieren m\u00f6chten<\/span><\/p>\n<\/div><\/div><\/div><div class=\"fusion-layout-column fusion_builder_column fusion-builder-column-2 fusion_builder_column_1_3 1_3 fusion-flex-column fusion-flex-align-self-center fusion-animated\" style=\"--awb-bg-size:cover;--awb-width-large:33.333333333333%;--awb-margin-top-large:0px;--awb-spacing-right-large:5.76%;--awb-margin-bottom-large:20px;--awb-spacing-left-large:5.76%;--awb-width-medium:33.333333333333%;--awb-order-medium:0;--awb-spacing-right-medium:5.76%;--awb-spacing-left-medium:5.76%;--awb-width-small:100%;--awb-order-small:0;--awb-spacing-right-small:1.92%;--awb-spacing-left-small:1.92%;\" data-animationType=\"slideInRight\" data-animationDuration=\"0.9\" data-animationOffset=\"top-into-view\"><div class=\"fusion-column-wrapper fusion-column-has-shadow fusion-flex-justify-content-flex-start fusion-content-layout-column\"><div class=\"fusion-image-element \" style=\"text-align:center;--awb-caption-title-font-family:var(--h2_typography-font-family);--awb-caption-title-font-weight:var(--h2_typography-font-weight);--awb-caption-title-font-style:var(--h2_typography-font-style);--awb-caption-title-size:var(--h2_typography-font-size);--awb-caption-title-transform:var(--h2_typography-text-transform);--awb-caption-title-line-height:var(--h2_typography-line-height);--awb-caption-title-letter-spacing:var(--h2_typography-letter-spacing);\"><span class=\" fusion-imageframe imageframe-none imageframe-1 hover-type-none\"><img decoding=\"async\" width=\"200\" height=\"301\" title=\"hst_anim_02\" src=\"data:image\/svg+xml,%3Csvg%20xmlns%3D%27http%3A%2F%2Fwww.w3.org%2F2000%2Fsvg%27%20width%3D%27200%27%20height%3D%27301%27%20viewBox%3D%270%200%20200%20301%27%3E%3Crect%20width%3D%27200%27%20height%3D%27301%27%20fill-opacity%3D%220%22%2F%3E%3C%2Fsvg%3E\" data-orig-src=\"http:\/\/sapor.twindisc.pl\/wp-content\/uploads\/2021\/05\/hst_anim_02.jpg\" alt class=\"lazyload img-responsive wp-image-1362\"\/><\/span><\/div><\/div><\/div><div class=\"fusion-layout-column fusion_builder_column fusion-builder-column-3 fusion_builder_column_1_3 1_3 fusion-flex-column fusion-flex-align-self-center fusion-animated\" style=\"--awb-bg-size:cover;--awb-width-large:33.333333333333%;--awb-margin-top-large:0px;--awb-spacing-right-large:5.76%;--awb-margin-bottom-large:20px;--awb-spacing-left-large:5.76%;--awb-width-medium:33.333333333333%;--awb-order-medium:0;--awb-spacing-right-medium:5.76%;--awb-spacing-left-medium:5.76%;--awb-width-small:100%;--awb-order-small:0;--awb-spacing-right-small:1.92%;--awb-spacing-left-small:1.92%;\" data-animationType=\"slideInLeft\" data-animationDuration=\"0.9\" data-animationOffset=\"top-into-view\"><div class=\"fusion-column-wrapper fusion-column-has-shadow fusion-flex-justify-content-flex-start fusion-content-layout-column\"><div class=\"fusion-image-element \" style=\"text-align:center;--awb-caption-title-font-family:var(--h2_typography-font-family);--awb-caption-title-font-weight:var(--h2_typography-font-weight);--awb-caption-title-font-style:var(--h2_typography-font-style);--awb-caption-title-size:var(--h2_typography-font-size);--awb-caption-title-transform:var(--h2_typography-text-transform);--awb-caption-title-line-height:var(--h2_typography-line-height);--awb-caption-title-letter-spacing:var(--h2_typography-letter-spacing);\"><span class=\" fusion-imageframe imageframe-none imageframe-2 hover-type-none\"><img decoding=\"async\" width=\"432\" height=\"443\" title=\"hst-schemat\" src=\"https:\/\/sapor.twindisc.pl\/wp-content\/uploads\/2021\/05\/hst-schemat.jpg\" data-orig-src=\"http:\/\/sapor.twindisc.pl\/wp-content\/uploads\/2021\/05\/hst-schemat.jpg\" alt class=\"lazyload img-responsive wp-image-1366\" srcset=\"data:image\/svg+xml,%3Csvg%20xmlns%3D%27http%3A%2F%2Fwww.w3.org%2F2000%2Fsvg%27%20width%3D%27432%27%20height%3D%27443%27%20viewBox%3D%270%200%20432%20443%27%3E%3Crect%20width%3D%27432%27%20height%3D%27443%27%20fill-opacity%3D%220%22%2F%3E%3C%2Fsvg%3E\" data-srcset=\"https:\/\/sapor.twindisc.pl\/wp-content\/uploads\/2021\/05\/hst-schemat-200x205.jpg 200w, https:\/\/sapor.twindisc.pl\/wp-content\/uploads\/2021\/05\/hst-schemat-400x410.jpg 400w, https:\/\/sapor.twindisc.pl\/wp-content\/uploads\/2021\/05\/hst-schemat.jpg 432w\" data-sizes=\"auto\" data-orig-sizes=\"(max-width: 640px) 100vw, 432px\" \/><\/span><\/div><\/div><\/div><div class=\"fusion-layout-column fusion_builder_column fusion-builder-column-4 fusion_builder_column_2_3 2_3 fusion-flex-column fusion-flex-align-self-center fusion-animated\" style=\"--awb-bg-size:cover;--awb-width-large:66.666666666667%;--awb-margin-top-large:0px;--awb-spacing-right-large:2.88%;--awb-margin-bottom-large:20px;--awb-spacing-left-large:2.88%;--awb-width-medium:66.666666666667%;--awb-order-medium:0;--awb-spacing-right-medium:2.88%;--awb-spacing-left-medium:2.88%;--awb-width-small:100%;--awb-order-small:0;--awb-spacing-right-small:1.92%;--awb-spacing-left-small:1.92%;\" data-animationType=\"slideInRight\" data-animationDuration=\"0.9\" data-animationOffset=\"top-into-view\"><div class=\"fusion-column-wrapper fusion-column-has-shadow fusion-flex-justify-content-flex-start fusion-content-layout-column\">\n<div class=\"table-2\">\n<div class=\"table-2\">\n<div class=\"table-2\">\n<table width=\"100%\">\n<thead>\n<tr>\n<th align=\"left\">Allgemeine Informationen<\/th>\n<th align=\"left\"><\/th>\n<\/tr>\n<\/thead>\n<tbody>\n<tr>\n<td align=\"left\"><strong>Art der Fenster<\/strong><\/td>\n<td align=\"left\">PVC-Fenster Vekamotion 82<\/td>\n<\/tr>\n<tr>\n<td align=\"left\"><strong>Anwendung<\/strong><\/td>\n<td align=\"left\">Wohngeb\u00e4ude, B\u00fcrogeb\u00e4ude und \u00f6ffentliche Geb\u00e4ude<\/td>\n<\/tr>\n<tr>\n<td align=\"left\"><strong>Material<\/strong><\/td>\n<td align=\"left\">PVC (Polyvinylchlorid)<\/td>\n<\/tr>\n<tr>\n<td align=\"left\"><strong>Farben<\/strong><\/td>\n<td align=\"left\">Verschiedene Farben und Oberfl\u00e4chenbehandlungen<\/td>\n<\/tr>\n<tr>\n<td align=\"left\"><strong>Art der \u00d6ffnung<\/strong><\/td>\n<td align=\"left\">Schiebe\u00f6ffnung<\/td>\n<\/tr>\n<tr>\n<td align=\"left\"><strong>\u00c4sthetik<\/strong><\/td>\n<td align=\"left\">Schlankes Profil, modernes Design<\/td>\n<\/tr>\n<tr>\n<td align=\"left\"><strong>Witterungsbest\u00e4ndigkeit<\/strong><\/td>\n<td align=\"left\">Ja<\/td>\n<\/tr>\n<tr>\n<td align=\"left\"><strong>UV-Best\u00e4ndigkeit<\/strong><\/td>\n<td align=\"left\">Ja<\/td>\n<\/tr>\n<tr>\n<td align=\"left\"><strong>Feuchtigkeitsresistenz<\/strong><\/td>\n<td align=\"left\">Ja<\/td>\n<\/tr>\n<tr>\n<td align=\"left\"><strong>Verf\u00fcgbare Gr\u00f6\u00dfen<\/strong><\/td>\n<td align=\"left\">Anpassbar an die Abmessungen von Schreinereien<\/td>\n<\/tr>\n<\/tbody>\n<\/table>\n<\/div>\n<\/div>\n<\/div>\n<\/div><\/div><div class=\"fusion-layout-column fusion_builder_column fusion-builder-column-5 fusion_builder_column_1_2 1_2 fusion-flex-column fusion-flex-align-self-center fusion-animated\" style=\"--awb-bg-size:cover;--awb-width-large:50%;--awb-margin-top-large:0px;--awb-spacing-right-large:3.84%;--awb-margin-bottom-large:20px;--awb-spacing-left-large:3.84%;--awb-width-medium:50%;--awb-order-medium:0;--awb-spacing-right-medium:3.84%;--awb-spacing-left-medium:3.84%;--awb-width-small:100%;--awb-order-small:0;--awb-spacing-right-small:1.92%;--awb-spacing-left-small:1.92%;\" data-animationType=\"slideInLeft\" data-animationDuration=\"0.9\" data-animationOffset=\"top-into-view\"><div class=\"fusion-column-wrapper fusion-column-has-shadow fusion-flex-justify-content-flex-start fusion-content-layout-column\">\n<div class=\"table-2\">\n<div class=\"table-2\">\n<div class=\"table-2\">\n<table width=\"100%\">\n<thead>\n<tr>\n<th align=\"left\">Technische Daten<\/th>\n<th align=\"left\"><\/th>\n<\/tr>\n<\/thead>\n<tbody>\n<tr>\n<td align=\"left\"><strong>Profiltiefe<\/strong><\/td>\n<td align=\"left\">\u00a082 mm<\/td>\n<\/tr>\n<tr>\n<td align=\"left\"><strong>Profilsysteme<\/strong><\/td>\n<td align=\"left\">Vekamotion 82<\/td>\n<\/tr>\n<tr>\n<td align=\"left\"><strong>W\u00e4rmed\u00e4mmung<\/strong><\/td>\n<td align=\"left\">Hoch<\/td>\n<\/tr>\n<tr>\n<td align=\"left\"><strong>Art der Verglasung<\/strong><\/td>\n<td align=\"left\">W\u00e4rmed\u00e4mmendes, akustisches und Sonnenschutzglas<\/td>\n<\/tr>\n<tr>\n<td align=\"left\"><strong>Art der Beschl\u00e4ge<\/strong><\/td>\n<td align=\"left\">Innovative Beschl\u00e4ge f\u00fcr sanftes und leises \u00d6ffnen<\/td>\n<\/tr>\n<tr>\n<td align=\"left\"><strong>Maximale Verglasungsgr\u00f6\u00dfe<\/strong><\/td>\n<td align=\"left\">Ma\u00dfgeschneidert f\u00fcr das Projekt<\/td>\n<\/tr>\n<\/tbody>\n<\/table>\n<\/div>\n<\/div>\n<\/div>\n<\/div><\/div><div class=\"fusion-layout-column fusion_builder_column fusion-builder-column-6 fusion_builder_column_1_2 1_2 fusion-flex-column fusion-flex-align-self-center fusion-animated\" style=\"--awb-bg-size:cover;--awb-width-large:50%;--awb-margin-top-large:0px;--awb-spacing-right-large:3.84%;--awb-margin-bottom-large:20px;--awb-spacing-left-large:3.84%;--awb-width-medium:50%;--awb-order-medium:0;--awb-spacing-right-medium:3.84%;--awb-spacing-left-medium:3.84%;--awb-width-small:100%;--awb-order-small:0;--awb-spacing-right-small:1.92%;--awb-spacing-left-small:1.92%;\" data-animationType=\"slideInRight\" data-animationDuration=\"0.9\" data-animationOffset=\"top-into-view\"><div class=\"fusion-column-wrapper fusion-column-has-shadow fusion-flex-justify-content-flex-start fusion-content-layout-column\"><div class=\"fusion-image-element \" style=\"text-align:center;--awb-caption-title-font-family:var(--h2_typography-font-family);--awb-caption-title-font-weight:var(--h2_typography-font-weight);--awb-caption-title-font-style:var(--h2_typography-font-style);--awb-caption-title-size:var(--h2_typography-font-size);--awb-caption-title-transform:var(--h2_typography-text-transform);--awb-caption-title-line-height:var(--h2_typography-line-height);--awb-caption-title-letter-spacing:var(--h2_typography-letter-spacing);\"><span class=\" fusion-imageframe imageframe-none imageframe-3 hover-type-none\"><img decoding=\"async\" width=\"301\" height=\"200\" title=\"hst_2\" src=\"https:\/\/sapor.twindisc.pl\/wp-content\/uploads\/2021\/05\/hst_2.jpg\" data-orig-src=\"http:\/\/sapor.twindisc.pl\/wp-content\/uploads\/2021\/05\/hst_2.jpg\" alt class=\"lazyload img-responsive wp-image-1370\" srcset=\"data:image\/svg+xml,%3Csvg%20xmlns%3D%27http%3A%2F%2Fwww.w3.org%2F2000%2Fsvg%27%20width%3D%27301%27%20height%3D%27200%27%20viewBox%3D%270%200%20301%20200%27%3E%3Crect%20width%3D%27301%27%20height%3D%27200%27%20fill-opacity%3D%220%22%2F%3E%3C%2Fsvg%3E\" data-srcset=\"https:\/\/sapor.twindisc.pl\/wp-content\/uploads\/2021\/05\/hst_2-200x133.jpg 200w, https:\/\/sapor.twindisc.pl\/wp-content\/uploads\/2021\/05\/hst_2.jpg 301w\" data-sizes=\"auto\" data-orig-sizes=\"(max-width: 640px) 100vw, 301px\" \/><\/span><\/div><\/div><\/div><div class=\"fusion-layout-column fusion_builder_column fusion-builder-column-7 fusion_builder_column_1_1 1_1 fusion-flex-column\" style=\"--awb-bg-size:cover;--awb-width-large:100%;--awb-margin-top-large:0px;--awb-spacing-right-large:1.92%;--awb-margin-bottom-large:20px;--awb-spacing-left-large:1.92%;--awb-width-medium:100%;--awb-order-medium:0;--awb-spacing-right-medium:1.92%;--awb-spacing-left-medium:1.92%;--awb-width-small:100%;--awb-order-small:0;--awb-spacing-right-small:1.92%;--awb-spacing-left-small:1.92%;\"><div class=\"fusion-column-wrapper fusion-column-has-shadow fusion-flex-justify-content-flex-start fusion-content-layout-column\"><div class=\"fusion-text fusion-text-4\"><h2>Entdecken Sie die Vekamotion 82 PVC-Fenster<\/h2>\n<p>Das Fenster Vekamotion 82 aus PVC ist die perfekte Kombination aus modernem Design und fortschrittlichen funktionellen L\u00f6sungen. Dank der d\u00fcnnen Profile und der innovativen Beschl\u00e4ge erm\u00f6glicht dieses Fenster ein sanftes und leises \u00d6ffnen und Schlie\u00dfen. Das Fenster Vekamotion 82 besteht aus langlebigem und witterungsbest\u00e4ndigem PVC und zeichnet sich durch eine hohe W\u00e4rmed\u00e4mmung aus, die sich in W\u00e4rmekomfort und Energieeinsparungen im Geb\u00e4ude niederschl\u00e4gt. Es ist die ideale L\u00f6sung f\u00fcr alle, die ein modernes Aussehen mit ausgezeichneter Funktionalit\u00e4t kombinieren m\u00f6chten.<\/p>\n<h3>Einsatz der PVC-Fenster Vekamotion 82:<\/h3>\n<p>&#8211; In modernen Wohnungen und Appartements, wo Design und Komfort wichtig sind.<br \/>\n&#8211; In B\u00fcros und \u00f6ffentlichen Geb\u00e4uden, um eine effiziente Nutzung und den Komfort der Benutzer zu gew\u00e4hrleisten.<br \/>\n&#8211; In Hotel- und Freizeiteinrichtungen, wo Eleganz und Zweckm\u00e4\u00dfigkeit Hand in Hand gehen.<\/p>\n<h3>Wem empfehlen wir Vekamotion 82 PVC-Fenster?<\/h3>\n<p>Personen, die modernes Design und innovative technische L\u00f6sungen sch\u00e4tzen.<br \/>\nInvestoren, die einen Raum mit einzigartigem Charakter schaffen und gleichzeitig Komfort und Energieeinsparungen bieten m\u00f6chten.<\/p>\n<h3>F\u00fcr welche Endkunden ist Vekamotion 82 PVC-Fenster interessant?<\/h3>\n<p>F\u00fcr Kunden, die ein hochwertiges Fenster suchen, das \u00c4sthetik und Funktionalit\u00e4t vereint.<br \/>\nF\u00fcr Personen, die ein sanftes und leises \u00d6ffnen und eine hervorragende W\u00e4rmed\u00e4mmung sch\u00e4tzen.<\/p>\n<h3>Eine gute Alternative zu PVC Vekamotion 82 Fenstern &#8211; PVC Vekaslide 82 Fenster<\/h3>\n<p>Wenn Sie sich f\u00fcr ein Schiebe\u00f6ffnungssystem interessieren, sollten Sie sich alternativ das PVC-Fenster Vekaslide 82 ansehen. Dieses Modell bietet \u00e4hnliche technische Leistungen mit anderen \u00d6ffnungsm\u00f6glichkeiten und einer anderen \u00c4sthetik.<\/p>\n<h3>Mehr \u00fcber den Hersteller der PVC-Fenster Vekamotion 82<\/h3>\n<p>Der Hersteller der Vekamotion 82 PVC-Fenster ist ein angesehener Hersteller von hochwertigen PVC-Fensterl\u00f6sungen, der f\u00fcr seine Innovation und fortschrittliche Technologie bekannt ist. Die PVC-Fenster Vekamotion 82 sind das Ergebnis ihrer langj\u00e4hrigen Erfahrung und ihres Engagements, Produkte von h\u00f6chster Qualit\u00e4t zu schaffen.<\/p>\n<h4>Erfahren Sie mehr \u00fcber die St\u00e4rken von Vekamotion 82 PVC-Fenstern:<\/h4>\n<p>Modernes Design, das sich perfekt in architektonische Trends einf\u00fcgt.<br \/>\nFortschrittliche Beschl\u00e4ge f\u00fcr ein sanftes und leises \u00d6ffnen.<br \/>\nHohe W\u00e4rmed\u00e4mmung, die sich in W\u00e4rmekomfort und Energieeinsparung niederschl\u00e4gt.<\/p>\n<h3>Zusammenfassung PVC-Fenster Vekamotion 82<\/h3>\n<p>Das PVC-Fenster Vekamotion 82 ist eine einzigartige Kombination aus \u00c4sthetik und Funktionalit\u00e4t, ideal f\u00fcr alle, die einen modernen Look und komfortable Nutzung w\u00fcnschen. D\u00fcnne Profile, innovative Beschl\u00e4ge und eine hohe W\u00e4rmed\u00e4mmung sind die Merkmale, durch die sich dieses Fenster von anderen L\u00f6sungen abhebt.<\/p>\n<\/div><\/div><\/div><\/div><\/div>\n","protected":false},"excerpt":{"rendered":"","protected":false},"author":1,"featured_media":0,"parent":0,"menu_order":0,"comment_status":"closed","ping_status":"closed","template":"","meta":{"footnotes":""},"class_list":["post-4111","page","type-page","status-publish","hentry"],"yoast_head":"<!-- This site is optimized with the Yoast SEO plugin v26.5 - https:\/\/yoast.com\/wordpress\/plugins\/seo\/ -->\n<title>Vekamotion 82 - Sapor<\/title>\n<meta name=\"robots\" content=\"index, follow, max-snippet:-1, max-image-preview:large, max-video-preview:-1\" \/>\n<link rel=\"canonical\" href=\"https:\/\/sapor.twindisc.pl\/de\/hst-podnoszono-przesuwny\/\" \/>\n<meta property=\"og:locale\" content=\"de_DE\" \/>\n<meta property=\"og:type\" content=\"article\" \/>\n<meta property=\"og:title\" content=\"Vekamotion 82 - Sapor\" \/>\n<meta property=\"og:url\" content=\"https:\/\/sapor.twindisc.pl\/de\/hst-podnoszono-przesuwny\/\" \/>\n<meta property=\"og:site_name\" content=\"Sapor\" \/>\n<meta property=\"article:publisher\" content=\"https:\/\/www.facebook.com\/SAPOR.Fabryka.okien.i.drzwi\/\" \/>\n<meta property=\"article:modified_time\" content=\"2023-10-29T15:19:32+00:00\" \/>\n<meta name=\"twitter:card\" content=\"summary_large_image\" \/>\n<meta name=\"twitter:label1\" content=\"Gesch\u00e4tzte Lesezeit\" \/>\n\t<meta name=\"twitter:data1\" content=\"10\u00a0Minuten\" \/>\n<script type=\"application\/ld+json\" class=\"yoast-schema-graph\">{\"@context\":\"https:\/\/schema.org\",\"@graph\":[{\"@type\":\"WebPage\",\"@id\":\"https:\/\/sapor.twindisc.pl\/de\/hst-podnoszono-przesuwny\/\",\"url\":\"https:\/\/sapor.twindisc.pl\/de\/hst-podnoszono-przesuwny\/\",\"name\":\"Vekamotion 82 - Sapor\",\"isPartOf\":{\"@id\":\"https:\/\/sapor.twindisc.pl\/#website\"},\"datePublished\":\"2021-05-26T16:11:44+00:00\",\"dateModified\":\"2023-10-29T15:19:32+00:00\",\"breadcrumb\":{\"@id\":\"https:\/\/sapor.twindisc.pl\/de\/hst-podnoszono-przesuwny\/#breadcrumb\"},\"inLanguage\":\"de\",\"potentialAction\":[{\"@type\":\"ReadAction\",\"target\":[\"https:\/\/sapor.twindisc.pl\/de\/hst-podnoszono-przesuwny\/\"]}]},{\"@type\":\"BreadcrumbList\",\"@id\":\"https:\/\/sapor.twindisc.pl\/de\/hst-podnoszono-przesuwny\/#breadcrumb\",\"itemListElement\":[{\"@type\":\"ListItem\",\"position\":1,\"name\":\"Startseite\",\"item\":\"https:\/\/sapor.twindisc.pl\/de\/\"},{\"@type\":\"ListItem\",\"position\":2,\"name\":\"Vekamotion 82\"}]},{\"@type\":\"WebSite\",\"@id\":\"https:\/\/sapor.twindisc.pl\/#website\",\"url\":\"https:\/\/sapor.twindisc.pl\/\",\"name\":\"Sapor\",\"description\":\"\",\"publisher\":{\"@id\":\"https:\/\/sapor.twindisc.pl\/#organization\"},\"potentialAction\":[{\"@type\":\"SearchAction\",\"target\":{\"@type\":\"EntryPoint\",\"urlTemplate\":\"https:\/\/sapor.twindisc.pl\/?s={search_term_string}\"},\"query-input\":{\"@type\":\"PropertyValueSpecification\",\"valueRequired\":true,\"valueName\":\"search_term_string\"}}],\"inLanguage\":\"de\"},{\"@type\":\"Organization\",\"@id\":\"https:\/\/sapor.twindisc.pl\/#organization\",\"name\":\"Sapor Sp. z o. o.\",\"url\":\"https:\/\/sapor.twindisc.pl\/\",\"logo\":{\"@type\":\"ImageObject\",\"inLanguage\":\"de\",\"@id\":\"https:\/\/sapor.twindisc.pl\/#\/schema\/logo\/image\/\",\"url\":\"http:\/\/sapor.twindisc.pl\/wp-content\/uploads\/2021\/04\/logo-sapor-e1618419520128.png\",\"contentUrl\":\"http:\/\/sapor.twindisc.pl\/wp-content\/uploads\/2021\/04\/logo-sapor-e1618419520128.png\",\"width\":140,\"height\":67,\"caption\":\"Sapor Sp. z o. o.\"},\"image\":{\"@id\":\"https:\/\/sapor.twindisc.pl\/#\/schema\/logo\/image\/\"},\"sameAs\":[\"https:\/\/www.facebook.com\/SAPOR.Fabryka.okien.i.drzwi\/\"]}]}<\/script>\n<!-- \/ Yoast SEO plugin. -->","yoast_head_json":{"title":"Vekamotion 82 - Sapor","robots":{"index":"index","follow":"follow","max-snippet":"max-snippet:-1","max-image-preview":"max-image-preview:large","max-video-preview":"max-video-preview:-1"},"canonical":"https:\/\/sapor.twindisc.pl\/de\/hst-podnoszono-przesuwny\/","og_locale":"de_DE","og_type":"article","og_title":"Vekamotion 82 - Sapor","og_url":"https:\/\/sapor.twindisc.pl\/de\/hst-podnoszono-przesuwny\/","og_site_name":"Sapor","article_publisher":"https:\/\/www.facebook.com\/SAPOR.Fabryka.okien.i.drzwi\/","article_modified_time":"2023-10-29T15:19:32+00:00","twitter_card":"summary_large_image","twitter_misc":{"Gesch\u00e4tzte Lesezeit":"10\u00a0Minuten"},"schema":{"@context":"https:\/\/schema.org","@graph":[{"@type":"WebPage","@id":"https:\/\/sapor.twindisc.pl\/de\/hst-podnoszono-przesuwny\/","url":"https:\/\/sapor.twindisc.pl\/de\/hst-podnoszono-przesuwny\/","name":"Vekamotion 82 - Sapor","isPartOf":{"@id":"https:\/\/sapor.twindisc.pl\/#website"},"datePublished":"2021-05-26T16:11:44+00:00","dateModified":"2023-10-29T15:19:32+00:00","breadcrumb":{"@id":"https:\/\/sapor.twindisc.pl\/de\/hst-podnoszono-przesuwny\/#breadcrumb"},"inLanguage":"de","potentialAction":[{"@type":"ReadAction","target":["https:\/\/sapor.twindisc.pl\/de\/hst-podnoszono-przesuwny\/"]}]},{"@type":"BreadcrumbList","@id":"https:\/\/sapor.twindisc.pl\/de\/hst-podnoszono-przesuwny\/#breadcrumb","itemListElement":[{"@type":"ListItem","position":1,"name":"Startseite","item":"https:\/\/sapor.twindisc.pl\/de\/"},{"@type":"ListItem","position":2,"name":"Vekamotion 82"}]},{"@type":"WebSite","@id":"https:\/\/sapor.twindisc.pl\/#website","url":"https:\/\/sapor.twindisc.pl\/","name":"Sapor","description":"","publisher":{"@id":"https:\/\/sapor.twindisc.pl\/#organization"},"potentialAction":[{"@type":"SearchAction","target":{"@type":"EntryPoint","urlTemplate":"https:\/\/sapor.twindisc.pl\/?s={search_term_string}"},"query-input":{"@type":"PropertyValueSpecification","valueRequired":true,"valueName":"search_term_string"}}],"inLanguage":"de"},{"@type":"Organization","@id":"https:\/\/sapor.twindisc.pl\/#organization","name":"Sapor Sp. z o. o.","url":"https:\/\/sapor.twindisc.pl\/","logo":{"@type":"ImageObject","inLanguage":"de","@id":"https:\/\/sapor.twindisc.pl\/#\/schema\/logo\/image\/","url":"http:\/\/sapor.twindisc.pl\/wp-content\/uploads\/2021\/04\/logo-sapor-e1618419520128.png","contentUrl":"http:\/\/sapor.twindisc.pl\/wp-content\/uploads\/2021\/04\/logo-sapor-e1618419520128.png","width":140,"height":67,"caption":"Sapor Sp. z o. o."},"image":{"@id":"https:\/\/sapor.twindisc.pl\/#\/schema\/logo\/image\/"},"sameAs":["https:\/\/www.facebook.com\/SAPOR.Fabryka.okien.i.drzwi\/"]}]}},"_links":{"self":[{"href":"https:\/\/sapor.twindisc.pl\/de\/wp-json\/wp\/v2\/pages\/4111","targetHints":{"allow":["GET"]}}],"collection":[{"href":"https:\/\/sapor.twindisc.pl\/de\/wp-json\/wp\/v2\/pages"}],"about":[{"href":"https:\/\/sapor.twindisc.pl\/de\/wp-json\/wp\/v2\/types\/page"}],"author":[{"embeddable":true,"href":"https:\/\/sapor.twindisc.pl\/de\/wp-json\/wp\/v2\/users\/1"}],"replies":[{"embeddable":true,"href":"https:\/\/sapor.twindisc.pl\/de\/wp-json\/wp\/v2\/comments?post=4111"}],"version-history":[{"count":2,"href":"https:\/\/sapor.twindisc.pl\/de\/wp-json\/wp\/v2\/pages\/4111\/revisions"}],"predecessor-version":[{"id":4113,"href":"https:\/\/sapor.twindisc.pl\/de\/wp-json\/wp\/v2\/pages\/4111\/revisions\/4113"}],"wp:attachment":[{"href":"https:\/\/sapor.twindisc.pl\/de\/wp-json\/wp\/v2\/media?parent=4111"}],"curies":[{"name":"wp","href":"https:\/\/api.w.org\/{rel}","templated":true}]}}