{"id":4154,"date":"2021-05-25T19:39:06","date_gmt":"2021-05-25T17:39:06","guid":{"rendered":"http:\/\/sapor.twindisc.pl\/5502-2\/"},"modified":"2023-12-03T21:06:35","modified_gmt":"2023-12-03T20:06:35","slug":"5502-2","status":"publish","type":"page","link":"https:\/\/sapor.twindisc.pl\/de\/5502-2\/","title":{"rendered":"5502"},"content":{"rendered":"<div class=\"fusion-fullwidth fullwidth-box fusion-builder-row-1 fusion-flex-container nonhundred-percent-fullwidth non-hundred-percent-height-scrolling\" style=\"--awb-border-radius-top-left:0px;--awb-border-radius-top-right:0px;--awb-border-radius-bottom-right:0px;--awb-border-radius-bottom-left:0px;--awb-flex-wrap:wrap;\" ><div class=\"fusion-builder-row fusion-row fusion-flex-align-items-flex-start fusion-flex-content-wrap\" style=\"max-width:1528.8px;margin-left: calc(-4% \/ 2 );margin-right: calc(-4% \/ 2 );\"><div class=\"fusion-layout-column fusion_builder_column fusion-builder-column-0 fusion_builder_column_1_1 1_1 fusion-flex-column\" style=\"--awb-bg-size:cover;--awb-width-large:100%;--awb-margin-top-large:0px;--awb-spacing-right-large:1.92%;--awb-margin-bottom-large:20px;--awb-spacing-left-large:1.92%;--awb-width-medium:100%;--awb-order-medium:0;--awb-spacing-right-medium:1.92%;--awb-spacing-left-medium:1.92%;--awb-width-small:100%;--awb-order-small:0;--awb-spacing-right-small:1.92%;--awb-spacing-left-small:1.92%;\"><div class=\"fusion-column-wrapper fusion-column-has-shadow fusion-flex-justify-content-flex-start fusion-content-layout-column\"><div class=\"fusion-text fusion-text-1\"><h2><span style=\"font-weight: 400;\">PVC-Fenster Gealan 5502<\/span><\/h2>\n<\/div><div class=\"fusion-text fusion-text-2\"><h4><span style=\"font-weight: 400;\">Energiesparendes und modernes Design | das perfekte Fenster f\u00fcr das anspruchsvolle Auge<\/span><\/h4>\n<\/div><\/div><\/div><div class=\"fusion-layout-column fusion_builder_column fusion-builder-column-1 fusion_builder_column_1_2 1_2 fusion-flex-column fusion-flex-align-self-center fusion-animated\" style=\"--awb-bg-size:cover;--awb-width-large:50%;--awb-margin-top-large:0px;--awb-spacing-right-large:3.84%;--awb-margin-bottom-large:20px;--awb-spacing-left-large:3.84%;--awb-width-medium:50%;--awb-order-medium:0;--awb-spacing-right-medium:3.84%;--awb-spacing-left-medium:3.84%;--awb-width-small:100%;--awb-order-small:0;--awb-spacing-right-small:1.92%;--awb-spacing-left-small:1.92%;\" data-animationType=\"slideInLeft\" data-animationDuration=\"0.3\" data-animationOffset=\"top-into-view\"><div class=\"fusion-column-wrapper fusion-column-has-shadow fusion-flex-justify-content-flex-start fusion-content-layout-column\"><div class=\"fusion-text fusion-text-3\"><h2><span style=\"font-weight: 400;\">Entdecken Sie das PVC-Fensterprofil &#8211; Gealan 5502<\/span><\/h2>\n<p><span style=\"font-weight: 400;\">Wir stellen Ihnen das Gealan 5502 PVC-Fenster vor, das auch den h\u00f6chsten Anspr\u00fcchen an Leistung und \u00c4sthetik gerecht wird. Es ist die perfekte Wahl f\u00fcr anspruchsvolle Kunden, die auf der Suche nach energieeffizienten und modernen Fenstern sind. Mit einem niedrigen W\u00e4rmedurchgangskoeffizienten von Uw=0,68 bietet das Gealan 5502 eine hervorragende W\u00e4rmed\u00e4mmung und verleiht jeder Umgebung ein elegantes und harmonisches Aussehen<\/span><\/p>\n<\/div><\/div><\/div><div class=\"fusion-layout-column fusion_builder_column fusion-builder-column-2 fusion_builder_column_1_2 1_2 fusion-flex-column fusion-animated\" style=\"--awb-bg-size:cover;--awb-width-large:50%;--awb-margin-top-large:0px;--awb-spacing-right-large:3.84%;--awb-margin-bottom-large:20px;--awb-spacing-left-large:3.84%;--awb-width-medium:50%;--awb-order-medium:0;--awb-spacing-right-medium:3.84%;--awb-spacing-left-medium:3.84%;--awb-width-small:100%;--awb-order-small:0;--awb-spacing-right-small:1.92%;--awb-spacing-left-small:1.92%;\" data-animationType=\"slideInRight\" data-animationDuration=\"0.3\" data-animationOffset=\"top-into-view\"><div class=\"fusion-column-wrapper fusion-column-has-shadow fusion-flex-justify-content-flex-start fusion-content-layout-column\"><div class=\"fusion-image-element \" style=\"text-align:center;--awb-max-width:400px;--awb-caption-title-font-family:var(--h2_typography-font-family);--awb-caption-title-font-weight:var(--h2_typography-font-weight);--awb-caption-title-font-style:var(--h2_typography-font-style);--awb-caption-title-size:var(--h2_typography-font-size);--awb-caption-title-transform:var(--h2_typography-text-transform);--awb-caption-title-line-height:var(--h2_typography-line-height);--awb-caption-title-letter-spacing:var(--h2_typography-letter-spacing);\"><span class=\" fusion-imageframe imageframe-none imageframe-1 hover-type-none\"><img decoding=\"async\" width=\"600\" height=\"600\" title=\"5502-1\" src=\"https:\/\/sapor.twindisc.pl\/wp-content\/uploads\/2021\/05\/5502-1.jpg\" data-orig-src=\"http:\/\/sapor.twindisc.pl\/wp-content\/uploads\/2021\/05\/5502-1.jpg\" alt class=\"lazyload img-responsive wp-image-1044\" srcset=\"data:image\/svg+xml,%3Csvg%20xmlns%3D%27http%3A%2F%2Fwww.w3.org%2F2000%2Fsvg%27%20width%3D%27600%27%20height%3D%27600%27%20viewBox%3D%270%200%20600%20600%27%3E%3Crect%20width%3D%27600%27%20height%3D%27600%27%20fill-opacity%3D%220%22%2F%3E%3C%2Fsvg%3E\" data-srcset=\"https:\/\/sapor.twindisc.pl\/wp-content\/uploads\/2021\/05\/5502-1-200x200.jpg 200w, https:\/\/sapor.twindisc.pl\/wp-content\/uploads\/2021\/05\/5502-1-400x400.jpg 400w, https:\/\/sapor.twindisc.pl\/wp-content\/uploads\/2021\/05\/5502-1.jpg 600w\" data-sizes=\"auto\" data-orig-sizes=\"(max-width: 640px) 100vw, 600px\" \/><\/span><\/div><\/div><\/div><div class=\"fusion-layout-column fusion_builder_column fusion-builder-column-3 fusion_builder_column_1_2 1_2 fusion-flex-column fusion-flex-align-self-center fusion-animated\" style=\"--awb-bg-size:cover;--awb-width-large:50%;--awb-margin-top-large:0px;--awb-spacing-right-large:3.84%;--awb-margin-bottom-large:20px;--awb-spacing-left-large:3.84%;--awb-width-medium:50%;--awb-order-medium:0;--awb-spacing-right-medium:3.84%;--awb-spacing-left-medium:3.84%;--awb-width-small:100%;--awb-order-small:0;--awb-spacing-right-small:1.92%;--awb-spacing-left-small:1.92%;\" data-animationType=\"slideInLeft\" data-animationDuration=\"0.9\" data-animationOffset=\"top-into-view\"><div class=\"fusion-column-wrapper fusion-column-has-shadow fusion-flex-justify-content-flex-start fusion-content-layout-column\"><div class=\"fusion-image-element \" style=\"text-align:center;--awb-max-width:400px;--awb-caption-title-font-family:var(--h2_typography-font-family);--awb-caption-title-font-weight:var(--h2_typography-font-weight);--awb-caption-title-font-style:var(--h2_typography-font-style);--awb-caption-title-size:var(--h2_typography-font-size);--awb-caption-title-transform:var(--h2_typography-text-transform);--awb-caption-title-line-height:var(--h2_typography-line-height);--awb-caption-title-letter-spacing:var(--h2_typography-letter-spacing);\"><span class=\" fusion-imageframe imageframe-none imageframe-2 hover-type-none\"><img decoding=\"async\" width=\"600\" height=\"600\" title=\"5502-2\" src=\"https:\/\/sapor.twindisc.pl\/wp-content\/uploads\/2021\/05\/5502-2.jpg\" data-orig-src=\"http:\/\/sapor.twindisc.pl\/wp-content\/uploads\/2021\/05\/5502-2.jpg\" alt class=\"lazyload img-responsive wp-image-1048\" srcset=\"data:image\/svg+xml,%3Csvg%20xmlns%3D%27http%3A%2F%2Fwww.w3.org%2F2000%2Fsvg%27%20width%3D%27600%27%20height%3D%27600%27%20viewBox%3D%270%200%20600%20600%27%3E%3Crect%20width%3D%27600%27%20height%3D%27600%27%20fill-opacity%3D%220%22%2F%3E%3C%2Fsvg%3E\" data-srcset=\"https:\/\/sapor.twindisc.pl\/wp-content\/uploads\/2021\/05\/5502-2-200x200.jpg 200w, https:\/\/sapor.twindisc.pl\/wp-content\/uploads\/2021\/05\/5502-2-400x400.jpg 400w, https:\/\/sapor.twindisc.pl\/wp-content\/uploads\/2021\/05\/5502-2.jpg 600w\" data-sizes=\"auto\" data-orig-sizes=\"(max-width: 640px) 100vw, 600px\" \/><\/span><\/div><\/div><\/div><div class=\"fusion-layout-column fusion_builder_column fusion-builder-column-4 fusion_builder_column_1_2 1_2 fusion-flex-column fusion-animated\" style=\"--awb-bg-size:cover;--awb-width-large:50%;--awb-margin-top-large:0px;--awb-spacing-right-large:3.84%;--awb-margin-bottom-large:20px;--awb-spacing-left-large:3.84%;--awb-width-medium:50%;--awb-order-medium:0;--awb-spacing-right-medium:3.84%;--awb-spacing-left-medium:3.84%;--awb-width-small:100%;--awb-order-small:0;--awb-spacing-right-small:1.92%;--awb-spacing-left-small:1.92%;\" data-animationType=\"slideInRight\" data-animationDuration=\"0.9\" data-animationOffset=\"top-into-view\"><div class=\"fusion-column-wrapper fusion-column-has-shadow fusion-flex-justify-content-flex-start fusion-content-layout-column\">\n<div class=\"table-2\">\n<div class=\"table-2\">\n<table style=\"height: 345px;\" width=\"900\">\n<thead>\n<tr>\n<th align=\"left\"><b>Technische Daten:<\/b><\/th>\n<th align=\"left\"><\/th>\n<\/tr>\n<\/thead>\n<tbody>\n<tr>\n<td align=\"left\"><strong>Marke<\/strong><\/td>\n<td align=\"left\">Gealan<\/td>\n<\/tr>\n<tr>\n<td align=\"left\"><b>Uf<\/b><\/td>\n<td align=\"left\">0.92<\/td>\n<\/tr>\n<tr>\n<td align=\"left\"><b>Ug<\/b><\/td>\n<td align=\"left\">1.0<\/td>\n<\/tr>\n<tr>\n<td align=\"left\"><b>Uw<\/b><\/td>\n<td align=\"left\">0.63<\/td>\n<\/tr>\n<tr>\n<td align=\"left\"><strong>Rahmentiefe<\/strong><\/td>\n<td align=\"left\">70 mm<\/td>\n<\/tr>\n<tr>\n<td align=\"left\"><strong>Fl\u00fcgeltiefe<\/strong><\/td>\n<td align=\"left\">70 mm<\/td>\n<\/tr>\n<tr>\n<td align=\"left\"><strong>Maximale Fl\u00fcgelgr\u00f6\u00dfe<\/strong><\/td>\n<td align=\"left\">2,2\/2,4 m2<\/td>\n<\/tr>\n<tr>\n<td align=\"left\"><strong>Max. Gewicht des Fl\u00fcgels:<\/strong><\/td>\n<td align=\"left\">80 kg<\/td>\n<\/tr>\n<\/tbody>\n<\/table>\n<\/div>\n<\/div>\n<\/div><\/div><div class=\"fusion-layout-column fusion_builder_column fusion-builder-column-5 fusion_builder_column_1_1 1_1 fusion-flex-column\" style=\"--awb-bg-size:cover;--awb-width-large:100%;--awb-margin-top-large:0px;--awb-spacing-right-large:1.92%;--awb-margin-bottom-large:20px;--awb-spacing-left-large:1.92%;--awb-width-medium:100%;--awb-order-medium:0;--awb-spacing-right-medium:1.92%;--awb-spacing-left-medium:1.92%;--awb-width-small:100%;--awb-order-small:0;--awb-spacing-right-small:1.92%;--awb-spacing-left-small:1.92%;\"><div class=\"fusion-column-wrapper fusion-column-has-shadow fusion-flex-justify-content-flex-start fusion-content-layout-column\">\n<div class=\"table-2\">\n<div class=\"table-2\">\n<table style=\"height: 222px;\" width=\"1200\">\n<thead>\n<tr>\n<th align=\"left\"><b>Allgemeine Informationen:<\/b><\/th>\n<th align=\"left\"><\/th>\n<\/tr>\n<\/thead>\n<tbody>\n<tr>\n<td align=\"left\"><strong>Schwei\u00dfen<\/strong><\/td>\n<td align=\"left\">V-Perfect<\/td>\n<\/tr>\n<tr>\n<td align=\"left\"><strong>Anzahl der Scheiben:<\/strong><\/td>\n<td align=\"left\">2<\/td>\n<\/tr>\n<tr>\n<td align=\"left\"><strong>Anzahl der Dichtungen<\/strong><\/td>\n<td align=\"left\">3<\/td>\n<\/tr>\n<tr>\n<td align=\"left\"><strong>Uw-Koeffizient<\/strong><\/td>\n<td align=\"left\">0.68<\/td>\n<\/tr>\n<tr>\n<td align=\"left\"><span style=\"font-weight: 400;\"><strong>Profiltiefe<\/strong>:<\/span><\/td>\n<td align=\"left\">70 mm<\/td>\n<\/tr>\n<\/tbody>\n<\/table>\n<\/div>\n<\/div>\n<\/div><\/div><div class=\"fusion-layout-column fusion_builder_column fusion-builder-column-6 fusion_builder_column_1_1 1_1 fusion-flex-column\" style=\"--awb-bg-size:cover;--awb-width-large:100%;--awb-margin-top-large:0px;--awb-spacing-right-large:1.92%;--awb-margin-bottom-large:20px;--awb-spacing-left-large:1.92%;--awb-width-medium:100%;--awb-order-medium:0;--awb-spacing-right-medium:1.92%;--awb-spacing-left-medium:1.92%;--awb-width-small:100%;--awb-order-small:0;--awb-spacing-right-small:1.92%;--awb-spacing-left-small:1.92%;\"><div class=\"fusion-column-wrapper fusion-column-has-shadow fusion-flex-justify-content-flex-start fusion-content-layout-column\"><div class=\"fusion-text fusion-text-4\"><h2><span style=\"font-weight: 400;\">Wem empfehlen wir die Gealan 5502 PVC-Fenster?<\/span><\/h2>\n<p><span style=\"font-weight: 400;\">Personen die Wert auf Funktionalit\u00e4t und Langlebigkeit legen, ohne dabei auf \u00c4sthetik und modernes Design zu verzichten.<\/span><span style=\"font-weight: 400;\"><br \/>\n<\/span><span style=\"font-weight: 400;\">Investoren, Architekten und Designer, die nach Fenstern suchen, die den h\u00f6chsten energetischen und \u00e4sthetischen Anforderungen entsprechen.<\/span><\/p>\n<h3><\/h3>\n<h2><span style=\"font-weight: 400;\">F\u00fcr welche Endkunden sind die Fenster von Gealan 5502 interessant?<\/span><\/h2>\n<p><span style=\"font-weight: 400;\">F\u00fcr Kunden, denen die Umwelt am Herzen liegt und die mit einem energieeffizienten Fenster ihre Heizkosten senken m\u00f6chten.<\/span><span style=\"font-weight: 400;\"><br \/>\n<\/span><span style=\"font-weight: 400;\">Kunden, die ein modernes Design, eine hochwertige Verarbeitung und eine lange Produktlebensdauer erwarten.<\/span><\/p>\n<h3><\/h3>\n<h2><span style=\"font-weight: 400;\">Gute Alternative zum Gealan 5502 &#8211; das Veka Alphaline 90 Plus<\/span><\/h2>\n<p><span style=\"font-weight: 400;\">Wenn Sie eine L\u00f6sung in einer \u00e4hnlichen Leistungsklasse suchen, lohnt es sich, eine Alternative wie das Veka Alphaline 90 Plus Fenster in Betracht zu ziehen, das eine hervorragende W\u00e4rmed\u00e4mmung mit einem innovativen Design kombiniert.<\/span><\/p>\n<h3><\/h3>\n<h2><span style=\"font-weight: 400;\">Mehr \u00fcber den Fensterhersteller Gealan 5502<\/span><\/h2>\n<p><span style=\"font-weight: 400;\">Gealan ist ein renommierter Hersteller von PVC-Fenstern, der f\u00fcr seine Innovation und Professionalit\u00e4t bekannt ist. Die Fenster zeichnen sich durch ihre sorgf\u00e4ltige Verarbeitung, Langlebigkeit und Energieeffizienz aus.<\/span><\/p>\n<h3><\/h3>\n<h2><span style=\"font-weight: 400;\">Mehr \u00fcber die St\u00e4rken der Gealan 5502 Fenster<\/span><\/h2>\n<ul>\n<li><span style=\"font-weight: 400;\">Drei Dichtungen f\u00fcr zus\u00e4tzliche akustische und thermische Isolierung.<\/span><\/li>\n<li><span style=\"font-weight: 400;\">Pr\u00e4zise V-Perfect-N\u00e4hte, um Dichtigkeit und Haltbarkeit der Konstruktion zu gew\u00e4hrleisten.<\/span><\/li>\n<\/ul>\n<h3><\/h3>\n<h3><span style=\"font-weight: 400;\">Zusammenfassung der Gealan 5502 Fenster<\/span><\/h3>\n<p><span style=\"font-weight: 400;\">Das Gealan 5502 PVC-Fenster kombiniert hervorragende Leistung, modernes Design und Langlebigkeit. Energieeffizienz, \u00c4sthetik und hohe Verarbeitungsqualit\u00e4t machen es zu einer ausgezeichneten Wahl f\u00fcr alle, die das beste Fenster auf dem Markt erwarten. Das Gealan 5502 ist eine Garantie f\u00fcr Komfort und Energieeinsparung in jedem Haus oder Geb\u00e4ude, das den aktuellen Standards f\u00fcr umweltfreundliches Bauen entspricht.<\/span><\/p>\n<\/div><\/div><\/div><\/div><\/div>\n","protected":false},"excerpt":{"rendered":"","protected":false},"author":1,"featured_media":0,"parent":0,"menu_order":0,"comment_status":"closed","ping_status":"closed","template":"","meta":{"footnotes":""},"class_list":["post-4154","page","type-page","status-publish","hentry"],"yoast_head":"<!-- This site is optimized with the Yoast SEO plugin v26.5 - https:\/\/yoast.com\/wordpress\/plugins\/seo\/ -->\n<title>5502 - Sapor<\/title>\n<meta name=\"robots\" content=\"index, follow, max-snippet:-1, max-image-preview:large, max-video-preview:-1\" \/>\n<link rel=\"canonical\" href=\"http:\/\/sapor.twindisc.pl\/de\/5502-2\/\" \/>\n<meta property=\"og:locale\" content=\"de_DE\" \/>\n<meta property=\"og:type\" content=\"article\" \/>\n<meta property=\"og:title\" content=\"5502 - Sapor\" \/>\n<meta property=\"og:url\" content=\"http:\/\/sapor.twindisc.pl\/de\/5502-2\/\" \/>\n<meta property=\"og:site_name\" content=\"Sapor\" \/>\n<meta property=\"article:publisher\" content=\"https:\/\/www.facebook.com\/SAPOR.Fabryka.okien.i.drzwi\/\" \/>\n<meta property=\"article:modified_time\" content=\"2023-12-03T20:06:35+00:00\" \/>\n<meta name=\"twitter:card\" content=\"summary_large_image\" \/>\n<meta name=\"twitter:label1\" content=\"Gesch\u00e4tzte Lesezeit\" \/>\n\t<meta name=\"twitter:data1\" content=\"8\u00a0Minuten\" \/>\n<script type=\"application\/ld+json\" class=\"yoast-schema-graph\">{\"@context\":\"https:\/\/schema.org\",\"@graph\":[{\"@type\":\"WebPage\",\"@id\":\"http:\/\/sapor.twindisc.pl\/de\/5502-2\/\",\"url\":\"http:\/\/sapor.twindisc.pl\/de\/5502-2\/\",\"name\":\"5502 - Sapor\",\"isPartOf\":{\"@id\":\"https:\/\/sapor.twindisc.pl\/#website\"},\"datePublished\":\"2021-05-25T17:39:06+00:00\",\"dateModified\":\"2023-12-03T20:06:35+00:00\",\"breadcrumb\":{\"@id\":\"http:\/\/sapor.twindisc.pl\/de\/5502-2\/#breadcrumb\"},\"inLanguage\":\"de\",\"potentialAction\":[{\"@type\":\"ReadAction\",\"target\":[\"http:\/\/sapor.twindisc.pl\/de\/5502-2\/\"]}]},{\"@type\":\"BreadcrumbList\",\"@id\":\"http:\/\/sapor.twindisc.pl\/de\/5502-2\/#breadcrumb\",\"itemListElement\":[{\"@type\":\"ListItem\",\"position\":1,\"name\":\"Startseite\",\"item\":\"https:\/\/sapor.twindisc.pl\/de\/\"},{\"@type\":\"ListItem\",\"position\":2,\"name\":\"5502\"}]},{\"@type\":\"WebSite\",\"@id\":\"https:\/\/sapor.twindisc.pl\/#website\",\"url\":\"https:\/\/sapor.twindisc.pl\/\",\"name\":\"Sapor\",\"description\":\"\",\"publisher\":{\"@id\":\"https:\/\/sapor.twindisc.pl\/#organization\"},\"potentialAction\":[{\"@type\":\"SearchAction\",\"target\":{\"@type\":\"EntryPoint\",\"urlTemplate\":\"https:\/\/sapor.twindisc.pl\/?s={search_term_string}\"},\"query-input\":{\"@type\":\"PropertyValueSpecification\",\"valueRequired\":true,\"valueName\":\"search_term_string\"}}],\"inLanguage\":\"de\"},{\"@type\":\"Organization\",\"@id\":\"https:\/\/sapor.twindisc.pl\/#organization\",\"name\":\"Sapor Sp. z o. o.\",\"url\":\"https:\/\/sapor.twindisc.pl\/\",\"logo\":{\"@type\":\"ImageObject\",\"inLanguage\":\"de\",\"@id\":\"https:\/\/sapor.twindisc.pl\/#\/schema\/logo\/image\/\",\"url\":\"http:\/\/sapor.twindisc.pl\/wp-content\/uploads\/2021\/04\/logo-sapor-e1618419520128.png\",\"contentUrl\":\"http:\/\/sapor.twindisc.pl\/wp-content\/uploads\/2021\/04\/logo-sapor-e1618419520128.png\",\"width\":140,\"height\":67,\"caption\":\"Sapor Sp. z o. o.\"},\"image\":{\"@id\":\"https:\/\/sapor.twindisc.pl\/#\/schema\/logo\/image\/\"},\"sameAs\":[\"https:\/\/www.facebook.com\/SAPOR.Fabryka.okien.i.drzwi\/\"]}]}<\/script>\n<!-- \/ Yoast SEO plugin. -->","yoast_head_json":{"title":"5502 - Sapor","robots":{"index":"index","follow":"follow","max-snippet":"max-snippet:-1","max-image-preview":"max-image-preview:large","max-video-preview":"max-video-preview:-1"},"canonical":"http:\/\/sapor.twindisc.pl\/de\/5502-2\/","og_locale":"de_DE","og_type":"article","og_title":"5502 - Sapor","og_url":"http:\/\/sapor.twindisc.pl\/de\/5502-2\/","og_site_name":"Sapor","article_publisher":"https:\/\/www.facebook.com\/SAPOR.Fabryka.okien.i.drzwi\/","article_modified_time":"2023-12-03T20:06:35+00:00","twitter_card":"summary_large_image","twitter_misc":{"Gesch\u00e4tzte Lesezeit":"8\u00a0Minuten"},"schema":{"@context":"https:\/\/schema.org","@graph":[{"@type":"WebPage","@id":"http:\/\/sapor.twindisc.pl\/de\/5502-2\/","url":"http:\/\/sapor.twindisc.pl\/de\/5502-2\/","name":"5502 - Sapor","isPartOf":{"@id":"https:\/\/sapor.twindisc.pl\/#website"},"datePublished":"2021-05-25T17:39:06+00:00","dateModified":"2023-12-03T20:06:35+00:00","breadcrumb":{"@id":"http:\/\/sapor.twindisc.pl\/de\/5502-2\/#breadcrumb"},"inLanguage":"de","potentialAction":[{"@type":"ReadAction","target":["http:\/\/sapor.twindisc.pl\/de\/5502-2\/"]}]},{"@type":"BreadcrumbList","@id":"http:\/\/sapor.twindisc.pl\/de\/5502-2\/#breadcrumb","itemListElement":[{"@type":"ListItem","position":1,"name":"Startseite","item":"https:\/\/sapor.twindisc.pl\/de\/"},{"@type":"ListItem","position":2,"name":"5502"}]},{"@type":"WebSite","@id":"https:\/\/sapor.twindisc.pl\/#website","url":"https:\/\/sapor.twindisc.pl\/","name":"Sapor","description":"","publisher":{"@id":"https:\/\/sapor.twindisc.pl\/#organization"},"potentialAction":[{"@type":"SearchAction","target":{"@type":"EntryPoint","urlTemplate":"https:\/\/sapor.twindisc.pl\/?s={search_term_string}"},"query-input":{"@type":"PropertyValueSpecification","valueRequired":true,"valueName":"search_term_string"}}],"inLanguage":"de"},{"@type":"Organization","@id":"https:\/\/sapor.twindisc.pl\/#organization","name":"Sapor Sp. z o. o.","url":"https:\/\/sapor.twindisc.pl\/","logo":{"@type":"ImageObject","inLanguage":"de","@id":"https:\/\/sapor.twindisc.pl\/#\/schema\/logo\/image\/","url":"http:\/\/sapor.twindisc.pl\/wp-content\/uploads\/2021\/04\/logo-sapor-e1618419520128.png","contentUrl":"http:\/\/sapor.twindisc.pl\/wp-content\/uploads\/2021\/04\/logo-sapor-e1618419520128.png","width":140,"height":67,"caption":"Sapor Sp. z o. o."},"image":{"@id":"https:\/\/sapor.twindisc.pl\/#\/schema\/logo\/image\/"},"sameAs":["https:\/\/www.facebook.com\/SAPOR.Fabryka.okien.i.drzwi\/"]}]}},"_links":{"self":[{"href":"https:\/\/sapor.twindisc.pl\/de\/wp-json\/wp\/v2\/pages\/4154","targetHints":{"allow":["GET"]}}],"collection":[{"href":"https:\/\/sapor.twindisc.pl\/de\/wp-json\/wp\/v2\/pages"}],"about":[{"href":"https:\/\/sapor.twindisc.pl\/de\/wp-json\/wp\/v2\/types\/page"}],"author":[{"embeddable":true,"href":"https:\/\/sapor.twindisc.pl\/de\/wp-json\/wp\/v2\/users\/1"}],"replies":[{"embeddable":true,"href":"https:\/\/sapor.twindisc.pl\/de\/wp-json\/wp\/v2\/comments?post=4154"}],"version-history":[{"count":1,"href":"https:\/\/sapor.twindisc.pl\/de\/wp-json\/wp\/v2\/pages\/4154\/revisions"}],"predecessor-version":[{"id":7316,"href":"https:\/\/sapor.twindisc.pl\/de\/wp-json\/wp\/v2\/pages\/4154\/revisions\/7316"}],"wp:attachment":[{"href":"https:\/\/sapor.twindisc.pl\/de\/wp-json\/wp\/v2\/media?parent=4154"}],"curies":[{"name":"wp","href":"https:\/\/api.w.org\/{rel}","templated":true}]}}