{"id":6755,"date":"2021-06-03T12:51:39","date_gmt":"2021-06-03T10:51:39","guid":{"rendered":"http:\/\/sapor.twindisc.pl\/mb-sr50n-efekt\/"},"modified":"2023-11-04T20:31:48","modified_gmt":"2023-11-04T19:31:48","slug":"mb-sr50n-efekt","status":"publish","type":"page","link":"https:\/\/sapor.twindisc.pl\/de\/mb-sr50n-efekt\/","title":{"rendered":"MB-SR50N EFEKT"},"content":{"rendered":"<div class=\"fusion-fullwidth fullwidth-box fusion-builder-row-1 fusion-flex-container nonhundred-percent-fullwidth non-hundred-percent-height-scrolling\" style=\"--awb-border-radius-top-left:0px;--awb-border-radius-top-right:0px;--awb-border-radius-bottom-right:0px;--awb-border-radius-bottom-left:0px;--awb-flex-wrap:wrap;\" ><div class=\"fusion-builder-row fusion-row fusion-flex-align-items-flex-start fusion-flex-content-wrap\" style=\"max-width:1528.8px;margin-left: calc(-4% \/ 2 );margin-right: calc(-4% \/ 2 );\"><div class=\"fusion-layout-column fusion_builder_column fusion-builder-column-0 fusion_builder_column_1_1 1_1 fusion-flex-column\" style=\"--awb-bg-size:cover;--awb-width-large:100%;--awb-margin-top-large:0px;--awb-spacing-right-large:1.92%;--awb-margin-bottom-large:20px;--awb-spacing-left-large:1.92%;--awb-width-medium:100%;--awb-order-medium:0;--awb-spacing-right-medium:1.92%;--awb-spacing-left-medium:1.92%;--awb-width-small:100%;--awb-order-small:0;--awb-spacing-right-small:1.92%;--awb-spacing-left-small:1.92%;\"><div class=\"fusion-column-wrapper fusion-column-has-shadow fusion-flex-justify-content-flex-start fusion-content-layout-column\"><div class=\"fusion-text fusion-text-1\"><h2><strong>Aluminiumfassade MB-SR50N EFEKT<\/strong><\/h2>\n<\/div><div class=\"fusion-text fusion-text-2\"><h4><strong>Eleganz und Energieeffizienz | einzigartige L\u00f6sung f\u00fcr Geb\u00e4ude mit einem au\u00dfergew\u00f6hnlichen Erscheinungsbild<\/strong><\/h4>\n<\/div><\/div><\/div><div class=\"fusion-layout-column fusion_builder_column fusion-builder-column-1 fusion_builder_column_1_2 1_2 fusion-flex-column fusion-flex-align-self-center fusion-animated\" style=\"--awb-bg-size:cover;--awb-width-large:50%;--awb-margin-top-large:0px;--awb-spacing-right-large:3.84%;--awb-margin-bottom-large:20px;--awb-spacing-left-large:3.84%;--awb-width-medium:50%;--awb-order-medium:0;--awb-spacing-right-medium:3.84%;--awb-spacing-left-medium:3.84%;--awb-width-small:100%;--awb-order-small:0;--awb-spacing-right-small:1.92%;--awb-spacing-left-small:1.92%;\" data-animationType=\"slideInLeft\" data-animationDuration=\"0.9\" data-animationOffset=\"top-into-view\"><div class=\"fusion-column-wrapper fusion-column-has-shadow fusion-flex-justify-content-flex-start fusion-content-layout-column\"><div class=\"fusion-text fusion-text-3\" style=\"--awb-font-size:18px;--awb-margin-right:10px;--awb-margin-left:10px;\"><p><span style=\"font-weight: 400;\">Die MB-SR50N EFEKT Aluminiumfassade ist eine moderne und markante L\u00f6sung f\u00fcr Geb\u00e4ude, die durch ihr Aussehen beeindrucken und gleichzeitig eine hohe Energieeffizienz erreichen m\u00f6chten. Diese aus hochwertigem Aluminium gefertigte Fassade zeichnet sich nicht nur durch ihr elegantes Design aus, sondern auch durch ihre hervorragende W\u00e4rmed\u00e4mmung, die sich in Energieeinsparungen und minimierten Betriebskosten niederschl\u00e4gt. Mit der MB-SR50N EFEKT Fassade lassen sich einzigartige und au\u00dfergew\u00f6hnliche architektonische Entw\u00fcrfe realisieren, die durch ihren Charakter die Aufmerksamkeit auf sich ziehen.<\/span><\/p>\n<\/div><\/div><\/div><div class=\"fusion-layout-column fusion_builder_column fusion-builder-column-2 fusion_builder_column_1_2 1_2 fusion-flex-column fusion-flex-align-self-center fusion-animated\" style=\"--awb-padding-top-small:0px;--awb-bg-size:cover;--awb-width-large:50%;--awb-margin-top-large:0px;--awb-spacing-right-large:3.84%;--awb-margin-bottom-large:20px;--awb-spacing-left-large:3.84%;--awb-width-medium:50%;--awb-order-medium:0;--awb-spacing-right-medium:3.84%;--awb-spacing-left-medium:3.84%;--awb-width-small:100%;--awb-order-small:0;--awb-spacing-right-small:1.92%;--awb-spacing-left-small:1.92%;\" data-animationType=\"slideInRight\" data-animationDuration=\"0.9\" data-animationOffset=\"top-into-view\"><div class=\"fusion-column-wrapper fusion-column-has-shadow fusion-flex-justify-content-flex-start fusion-content-layout-column\"><div class=\"fusion-image-element \" style=\"text-align:center;--awb-max-width:450px;--awb-caption-title-font-family:var(--h2_typography-font-family);--awb-caption-title-font-weight:var(--h2_typography-font-weight);--awb-caption-title-font-style:var(--h2_typography-font-style);--awb-caption-title-size:var(--h2_typography-font-size);--awb-caption-title-transform:var(--h2_typography-text-transform);--awb-caption-title-line-height:var(--h2_typography-line-height);--awb-caption-title-letter-spacing:var(--h2_typography-letter-spacing);\"><span class=\" fusion-imageframe imageframe-none imageframe-1 hover-type-none\"><img decoding=\"async\" width=\"300\" height=\"400\" title=\"mb-sr50n-efekt\" src=\"https:\/\/sapor.twindisc.pl\/wp-content\/uploads\/2021\/06\/mb-sr50n-efekt.jpg\" data-orig-src=\"http:\/\/sapor.twindisc.pl\/wp-content\/uploads\/2021\/06\/mb-sr50n-efekt.jpg\" alt class=\"lazyload img-responsive wp-image-1476\" srcset=\"data:image\/svg+xml,%3Csvg%20xmlns%3D%27http%3A%2F%2Fwww.w3.org%2F2000%2Fsvg%27%20width%3D%27300%27%20height%3D%27400%27%20viewBox%3D%270%200%20300%20400%27%3E%3Crect%20width%3D%27300%27%20height%3D%27400%27%20fill-opacity%3D%220%22%2F%3E%3C%2Fsvg%3E\" data-srcset=\"https:\/\/sapor.twindisc.pl\/wp-content\/uploads\/2021\/06\/mb-sr50n-efekt-200x267.jpg 200w, https:\/\/sapor.twindisc.pl\/wp-content\/uploads\/2021\/06\/mb-sr50n-efekt.jpg 300w\" data-sizes=\"auto\" data-orig-sizes=\"(max-width: 640px) 100vw, 300px\" \/><\/span><\/div><\/div><\/div><div class=\"fusion-layout-column fusion_builder_column fusion-builder-column-3 fusion_builder_column_1_3 1_3 fusion-flex-column fusion-flex-align-self-center fusion-animated\" style=\"--awb-bg-size:cover;--awb-width-large:33.333333333333%;--awb-margin-top-large:0px;--awb-spacing-right-large:5.76%;--awb-margin-bottom-large:20px;--awb-spacing-left-large:5.76%;--awb-width-medium:33.333333333333%;--awb-order-medium:0;--awb-spacing-right-medium:5.76%;--awb-spacing-left-medium:5.76%;--awb-width-small:100%;--awb-order-small:0;--awb-spacing-right-small:1.92%;--awb-spacing-left-small:1.92%;\" data-animationType=\"slideInLeft\" data-animationDuration=\"0.9\" data-animationOffset=\"top-into-view\"><div class=\"fusion-column-wrapper fusion-column-has-shadow fusion-flex-justify-content-flex-start fusion-content-layout-column\"><div class=\"fusion-image-element \" style=\"text-align:center;--awb-caption-title-font-family:var(--h2_typography-font-family);--awb-caption-title-font-weight:var(--h2_typography-font-weight);--awb-caption-title-font-style:var(--h2_typography-font-style);--awb-caption-title-size:var(--h2_typography-font-size);--awb-caption-title-transform:var(--h2_typography-text-transform);--awb-caption-title-line-height:var(--h2_typography-line-height);--awb-caption-title-letter-spacing:var(--h2_typography-letter-spacing);\"><span class=\" fusion-imageframe imageframe-none imageframe-2 hover-type-none\"><img decoding=\"async\" width=\"300\" height=\"400\" title=\"mb-sr50n-efekt-2\" src=\"https:\/\/sapor.twindisc.pl\/wp-content\/uploads\/2021\/06\/mb-sr50n-efekt-2.jpg\" data-orig-src=\"http:\/\/sapor.twindisc.pl\/wp-content\/uploads\/2021\/06\/mb-sr50n-efekt-2.jpg\" alt class=\"lazyload img-responsive wp-image-1546\" srcset=\"data:image\/svg+xml,%3Csvg%20xmlns%3D%27http%3A%2F%2Fwww.w3.org%2F2000%2Fsvg%27%20width%3D%27300%27%20height%3D%27400%27%20viewBox%3D%270%200%20300%20400%27%3E%3Crect%20width%3D%27300%27%20height%3D%27400%27%20fill-opacity%3D%220%22%2F%3E%3C%2Fsvg%3E\" data-srcset=\"https:\/\/sapor.twindisc.pl\/wp-content\/uploads\/2021\/06\/mb-sr50n-efekt-2-200x267.jpg 200w, https:\/\/sapor.twindisc.pl\/wp-content\/uploads\/2021\/06\/mb-sr50n-efekt-2.jpg 300w\" data-sizes=\"auto\" data-orig-sizes=\"(max-width: 640px) 100vw, 300px\" \/><\/span><\/div><\/div><\/div><div class=\"fusion-layout-column fusion_builder_column fusion-builder-column-4 fusion_builder_column_2_3 2_3 fusion-flex-column fusion-flex-align-self-center fusion-animated\" style=\"--awb-bg-size:cover;--awb-width-large:66.666666666667%;--awb-margin-top-large:0px;--awb-spacing-right-large:2.88%;--awb-margin-bottom-large:20px;--awb-spacing-left-large:2.88%;--awb-width-medium:66.666666666667%;--awb-order-medium:0;--awb-spacing-right-medium:2.88%;--awb-spacing-left-medium:2.88%;--awb-width-small:100%;--awb-order-small:0;--awb-spacing-right-small:1.92%;--awb-spacing-left-small:1.92%;\" data-animationType=\"slideInRight\" data-animationDuration=\"0.9\" data-animationOffset=\"top-into-view\"><div class=\"fusion-column-wrapper fusion-column-has-shadow fusion-flex-justify-content-flex-start fusion-content-layout-column\">\n<div class=\"table-2\">\n<table width=\"100%\">\n<thead>\n<tr>\n<th align=\"left\">Hintergrundinformationen<\/th>\n<th align=\"left\">\u00a0<\/th>\n<\/tr>\n<\/thead>\n<tbody>\n<tr>\n<td align=\"left\"><strong>Fassadentyp<\/strong><\/td>\n<td align=\"left\">Aluminiumfassade MB-SR50N EFEKT<\/td>\n<\/tr>\n<tr>\n<td align=\"left\"><strong>Anwendung<\/strong><\/td>\n<td align=\"left\">B\u00fcro-, Wohn-, \u00f6ffentliche Geb\u00e4ude<\/td>\n<\/tr>\n<tr>\n<td align=\"left\"><strong>Material<\/strong><\/td>\n<td align=\"left\">Aluminium<\/td>\n<\/tr>\n<tr>\n<td align=\"left\"><strong>Farben<\/strong><\/td>\n<td align=\"left\">Verschiedene Farben und Oberfl\u00e4chenbehandlungen<\/td>\n<\/tr>\n<tr>\n<td align=\"left\"><strong>W\u00e4rmed\u00e4mmung<\/strong><\/td>\n<td align=\"left\"><span style=\"font-weight: 400;\">Hoch<\/span><\/td>\n<\/tr>\n<tr>\n<td align=\"left\"><strong>Wetterbest\u00e4ndigkeit<\/strong><\/td>\n<td align=\"left\">Ja<\/td>\n<\/tr>\n<tr>\n<td align=\"left\"><strong>UV-Best\u00e4ndigkeit<\/strong><\/td>\n<td align=\"left\">Ja<\/td>\n<\/tr>\n<tr>\n<td align=\"left\"><strong>Feuchtigkeitsresistenz<\/strong><\/td>\n<td align=\"left\">Ja<\/td>\n<\/tr>\n<tr>\n<td align=\"left\"><strong>Verf\u00fcgbare Gr\u00f6\u00dfen<\/strong><\/td>\n<td align=\"left\">Anpassbar an die Abmessungen der Fassade<\/td>\n<\/tr>\n<\/tbody>\n<\/table>\n<\/div>\n<\/div><\/div><div class=\"fusion-layout-column fusion_builder_column fusion-builder-column-5 fusion_builder_column_1_1 1_1 fusion-flex-column\" style=\"--awb-bg-size:cover;--awb-width-large:100%;--awb-margin-top-large:0px;--awb-spacing-right-large:1.92%;--awb-margin-bottom-large:20px;--awb-spacing-left-large:1.92%;--awb-width-medium:100%;--awb-order-medium:0;--awb-spacing-right-medium:1.92%;--awb-spacing-left-medium:1.92%;--awb-width-small:100%;--awb-order-small:0;--awb-spacing-right-small:1.92%;--awb-spacing-left-small:1.92%;\"><div class=\"fusion-column-wrapper fusion-column-has-shadow fusion-flex-justify-content-flex-start fusion-content-layout-column\">\n<div class=\"table-2\">\n<table width=\"100%\">\n<thead>\n<tr>\n<th align=\"left\">Technische Daten<\/th>\n<th align=\"left\">\u00a0<\/th>\n<\/tr>\n<\/thead>\n<tbody>\n<tr>\n<td align=\"left\"><strong>Profiltiefe<\/strong><\/td>\n<td align=\"left\">50 mm<\/td>\n<\/tr>\n<tr>\n<td align=\"left\"><strong>Profilsysteme<\/strong><\/td>\n<td align=\"left\">MB-SR50N EFEKT<\/td>\n<\/tr>\n<tr>\n<td align=\"left\"><strong>W\u00e4rmed\u00e4mmung<\/strong><\/td>\n<td align=\"left\">Uf ab 1,0 W\/(m^2K)<\/td>\n<\/tr>\n<tr>\n<td align=\"left\"><strong>Art der Verglasung<\/strong><\/td>\n<td align=\"left\">W\u00e4rmed\u00e4mmung, Sonnenschutz, Schallschutzverglasung<\/td>\n<\/tr>\n<tr>\n<td align=\"left\"><strong>Maximale H\u00f6he<\/strong><\/td>\n<td align=\"left\">Auf das Projekt abgestimmt<\/td>\n<\/tr>\n<tr>\n<td align=\"left\"><strong>Maximale Breite<\/strong><\/td>\n<td align=\"left\">Auf das Projekt abgestimmt<\/td>\n<\/tr>\n<\/tbody>\n<\/table>\n<\/div>\n<\/div><\/div><div class=\"fusion-layout-column fusion_builder_column fusion-builder-column-6 fusion_builder_column_1_1 1_1 fusion-flex-column fusion-flex-align-self-center fusion-animated\" style=\"--awb-bg-size:cover;--awb-width-large:100%;--awb-margin-top-large:0px;--awb-spacing-right-large:1.92%;--awb-margin-bottom-large:20px;--awb-spacing-left-large:1.92%;--awb-width-medium:100%;--awb-order-medium:0;--awb-spacing-right-medium:1.92%;--awb-spacing-left-medium:1.92%;--awb-width-small:100%;--awb-order-small:0;--awb-spacing-right-small:1.92%;--awb-spacing-left-small:1.92%;\" data-animationType=\"slideInLeft\" data-animationDuration=\"0.9\" data-animationOffset=\"top-into-view\"><div class=\"fusion-column-wrapper fusion-column-has-shadow fusion-flex-justify-content-flex-start fusion-content-layout-column\"><div class=\"fusion-text fusion-text-4\"><h2><strong>Entdecken Sie die MB-SR50N EFEKT Aluminiumfassade<\/strong><\/h2>\n<p><span style=\"font-weight: 400;\">Die MB-SR50N EFEKT Aluminiumfassade ist eine moderne und markante L\u00f6sung f\u00fcr Geb\u00e4ude, die durch ihr Aussehen beeindrucken und gleichzeitig eine hohe Energieeffizienz erreichen m\u00f6chten. Diese aus hochwertigem Aluminium gefertigte Fassade zeichnet sich nicht nur durch ihr elegantes Design aus, sondern auch durch ihre hervorragende W\u00e4rmed\u00e4mmung, die sich in Energieeinsparungen und minimierten Betriebskosten niederschl\u00e4gt. Mit der MB-SR50N EFEKT Fassade lassen sich einzigartige und au\u00dfergew\u00f6hnliche architektonische Entw\u00fcrfe realisieren, die durch ihren Charakter die Aufmerksamkeit auf sich ziehen.<\/span><\/p>\n<h2>\u00a0<\/h2>\n<h3><strong>Einsatz der MB-SR50N EFEKT Aluminiumfassade:<\/strong><\/h3>\n<p><span style=\"font-weight: 400;\">&#8211; In modernen B\u00fcros und Wohngeb\u00e4uden, wo Eleganz und ein einzigartiges Design wichtig sind.<\/span><span style=\"font-weight: 400;\"><br \/><\/span><span style=\"font-weight: 400;\">&#8211; In Einkaufszentren und Restaurants, um das Renommee und die Originalit\u00e4t der Marke zu unterstreichen.<\/span><span style=\"font-weight: 400;\"><br \/><\/span><span style=\"font-weight: 400;\">&#8211; In Hotels und \u00f6ffentlichen Geb\u00e4uden, in denen \u00c4sthetik und Funktionalit\u00e4t Hand in Hand gehen.<\/span><\/p>\n<h2>\u00a0<\/h2>\n<h3><strong>Wem empfehlen wir die MB-SR50N EFEKT Aluminiumfassade?<\/strong><\/h3>\n<p><span style=\"font-weight: 400;\">Architekten, Investoren und Bautr\u00e4ger, die besondere und au\u00dfergew\u00f6hnliche Geb\u00e4ude mit einem einzigartigen Charakter schaffen m\u00f6chten.<\/span><span style=\"font-weight: 400;\"><br \/><\/span><span style=\"font-weight: 400;\">Unternehmen und Institutionen, die Wert auf \u00c4sthetik und Eleganz legen, aber auch auf Energieeinsparung und Umweltschutz achten.<\/span><\/p>\n<h2>\u00a0<\/h2>\n<h3><strong>F\u00fcr welchen Endkunden ist die MB-SR50N EFEKT Aluminiumfassade interessant?<\/strong><\/h3>\n<p><span style=\"font-weight: 400;\">F\u00fcr Kunden, die nach architektonischen L\u00f6sungen suchen, die sich von anderen Geb\u00e4uden abheben.<\/span><span style=\"font-weight: 400;\"><br \/><\/span><span style=\"font-weight: 400;\">F\u00fcr Investoren, die ein Geb\u00e4ude errichten m\u00f6chten, das sowohl energieeffizient als auch einzigartig im Design ist.<\/span><\/p>\n<h2>\u00a0<\/h2>\n<h3><strong>Eine gute Alternative zur MB-SR50N EFEKT Aluminiumfassade \u2013 die MB-SR50N HI Aluminiumfassade<\/strong><\/h3>\n<p><span style=\"font-weight: 400;\">Wenn Sie zus\u00e4tzliche Energieeinsparungen und eine hohe thermische Effizienz anstreben, sollten Sie die Alternative, die Aluminiumfassade MB-SR50N HI, in Betracht ziehen. Dieses Modell bietet noch bessere W\u00e4rmed\u00e4mmparameter und beh\u00e4lt gleichzeitig das elegante Aussehen der Fassade bei.<\/span><\/p>\n<h2>\u00a0<\/h2>\n<h3><strong>Mehr \u00fcber den Hersteller der MB-SR50N EFEKT Aluminium-Fassade<\/strong><\/h3>\n<p><span style=\"font-weight: 400;\">Der Produzent der MB-SR50N EFEKT Aluminiumfassaden ist ein renommierter Hersteller von hochwertigen Aluminiuml\u00f6sungen, der f\u00fcr seine pr\u00e4zise Handwerkskunst und sein modernes Design bekannt ist. MB-SR50N EFEKT Aluminiumfassaden sind das Ergebnis ihres Einsatzes f\u00fcr die Bereitstellung einzigartiger und auff\u00e4lliger L\u00f6sungen f\u00fcr eine Vielzahl von Projekten.<\/span><\/p>\n<h2>\u00a0<\/h2>\n<h4><strong>Erfahren Sie mehr \u00fcber die St\u00e4rken der MB-SR50N EFEKT Aluminiumfassade:<\/strong><\/h4>\n<p><span style=\"font-weight: 400;\">&#8211; Elegantes Design und die M\u00f6glichkeit, einzigartige architektonische Entw\u00fcrfe zu erstellen.<\/span><span style=\"font-weight: 400;\"><br \/><\/span><span style=\"font-weight: 400;\">&#8211; Hohe W\u00e4rmed\u00e4mmung f\u00fcr Energieeinsparungen und komfortable Innenr\u00e4ume.<\/span><\/p>\n<h2>\u00a0<\/h2>\n<h3><strong>Zusammenfassung der MB-SR50N EFEKT Aluminiumfassade:<\/strong><\/h3>\n<p><span style=\"font-weight: 400;\">Die MB-SR50N EFEKT Aluminiumfassade vereint Eleganz und Energieeffizienz, ideal f\u00fcr Projekte, die sich von anderen Geb\u00e4uden abheben m\u00f6chten. Dank ihrer fortschrittlichen technischen Parameter passt sich diese Fassade an verschiedene Anwendungen an und erf\u00fcllt die Anforderungen das moderne Bauen.<\/span><\/p>\n<\/div><\/div><\/div><\/div><\/div>\n","protected":false},"excerpt":{"rendered":"","protected":false},"author":1,"featured_media":0,"parent":0,"menu_order":0,"comment_status":"closed","ping_status":"closed","template":"","meta":{"footnotes":""},"class_list":["post-6755","page","type-page","status-publish","hentry"],"yoast_head":"<!-- This site is optimized with the Yoast SEO plugin v26.5 - https:\/\/yoast.com\/wordpress\/plugins\/seo\/ -->\n<title>MB-SR50N EFEKT - Sapor<\/title>\n<meta name=\"robots\" content=\"index, follow, max-snippet:-1, max-image-preview:large, max-video-preview:-1\" \/>\n<link rel=\"canonical\" href=\"http:\/\/sapor.twindisc.pl\/de\/mb-sr50n-efekt\/\" \/>\n<meta property=\"og:locale\" content=\"de_DE\" \/>\n<meta property=\"og:type\" content=\"article\" \/>\n<meta property=\"og:title\" content=\"MB-SR50N EFEKT - Sapor\" \/>\n<meta property=\"og:url\" content=\"http:\/\/sapor.twindisc.pl\/de\/mb-sr50n-efekt\/\" \/>\n<meta property=\"og:site_name\" content=\"Sapor\" \/>\n<meta property=\"article:publisher\" content=\"https:\/\/www.facebook.com\/SAPOR.Fabryka.okien.i.drzwi\/\" \/>\n<meta property=\"article:modified_time\" content=\"2023-11-04T19:31:48+00:00\" \/>\n<meta name=\"twitter:card\" content=\"summary_large_image\" \/>\n<meta name=\"twitter:label1\" content=\"Gesch\u00e4tzte Lesezeit\" \/>\n\t<meta name=\"twitter:data1\" content=\"12\u00a0Minuten\" \/>\n<script type=\"application\/ld+json\" class=\"yoast-schema-graph\">{\"@context\":\"https:\/\/schema.org\",\"@graph\":[{\"@type\":\"WebPage\",\"@id\":\"http:\/\/sapor.twindisc.pl\/de\/mb-sr50n-efekt\/\",\"url\":\"http:\/\/sapor.twindisc.pl\/de\/mb-sr50n-efekt\/\",\"name\":\"MB-SR50N EFEKT - Sapor\",\"isPartOf\":{\"@id\":\"https:\/\/sapor.twindisc.pl\/#website\"},\"datePublished\":\"2021-06-03T10:51:39+00:00\",\"dateModified\":\"2023-11-04T19:31:48+00:00\",\"breadcrumb\":{\"@id\":\"http:\/\/sapor.twindisc.pl\/de\/mb-sr50n-efekt\/#breadcrumb\"},\"inLanguage\":\"de\",\"potentialAction\":[{\"@type\":\"ReadAction\",\"target\":[\"http:\/\/sapor.twindisc.pl\/de\/mb-sr50n-efekt\/\"]}]},{\"@type\":\"BreadcrumbList\",\"@id\":\"http:\/\/sapor.twindisc.pl\/de\/mb-sr50n-efekt\/#breadcrumb\",\"itemListElement\":[{\"@type\":\"ListItem\",\"position\":1,\"name\":\"Startseite\",\"item\":\"https:\/\/sapor.twindisc.pl\/de\/\"},{\"@type\":\"ListItem\",\"position\":2,\"name\":\"MB-SR50N EFEKT\"}]},{\"@type\":\"WebSite\",\"@id\":\"https:\/\/sapor.twindisc.pl\/#website\",\"url\":\"https:\/\/sapor.twindisc.pl\/\",\"name\":\"Sapor\",\"description\":\"\",\"publisher\":{\"@id\":\"https:\/\/sapor.twindisc.pl\/#organization\"},\"potentialAction\":[{\"@type\":\"SearchAction\",\"target\":{\"@type\":\"EntryPoint\",\"urlTemplate\":\"https:\/\/sapor.twindisc.pl\/?s={search_term_string}\"},\"query-input\":{\"@type\":\"PropertyValueSpecification\",\"valueRequired\":true,\"valueName\":\"search_term_string\"}}],\"inLanguage\":\"de\"},{\"@type\":\"Organization\",\"@id\":\"https:\/\/sapor.twindisc.pl\/#organization\",\"name\":\"Sapor Sp. z o. o.\",\"url\":\"https:\/\/sapor.twindisc.pl\/\",\"logo\":{\"@type\":\"ImageObject\",\"inLanguage\":\"de\",\"@id\":\"https:\/\/sapor.twindisc.pl\/#\/schema\/logo\/image\/\",\"url\":\"http:\/\/sapor.twindisc.pl\/wp-content\/uploads\/2021\/04\/logo-sapor-e1618419520128.png\",\"contentUrl\":\"http:\/\/sapor.twindisc.pl\/wp-content\/uploads\/2021\/04\/logo-sapor-e1618419520128.png\",\"width\":140,\"height\":67,\"caption\":\"Sapor Sp. z o. o.\"},\"image\":{\"@id\":\"https:\/\/sapor.twindisc.pl\/#\/schema\/logo\/image\/\"},\"sameAs\":[\"https:\/\/www.facebook.com\/SAPOR.Fabryka.okien.i.drzwi\/\"]}]}<\/script>\n<!-- \/ Yoast SEO plugin. -->","yoast_head_json":{"title":"MB-SR50N EFEKT - Sapor","robots":{"index":"index","follow":"follow","max-snippet":"max-snippet:-1","max-image-preview":"max-image-preview:large","max-video-preview":"max-video-preview:-1"},"canonical":"http:\/\/sapor.twindisc.pl\/de\/mb-sr50n-efekt\/","og_locale":"de_DE","og_type":"article","og_title":"MB-SR50N EFEKT - Sapor","og_url":"http:\/\/sapor.twindisc.pl\/de\/mb-sr50n-efekt\/","og_site_name":"Sapor","article_publisher":"https:\/\/www.facebook.com\/SAPOR.Fabryka.okien.i.drzwi\/","article_modified_time":"2023-11-04T19:31:48+00:00","twitter_card":"summary_large_image","twitter_misc":{"Gesch\u00e4tzte Lesezeit":"12\u00a0Minuten"},"schema":{"@context":"https:\/\/schema.org","@graph":[{"@type":"WebPage","@id":"http:\/\/sapor.twindisc.pl\/de\/mb-sr50n-efekt\/","url":"http:\/\/sapor.twindisc.pl\/de\/mb-sr50n-efekt\/","name":"MB-SR50N EFEKT - Sapor","isPartOf":{"@id":"https:\/\/sapor.twindisc.pl\/#website"},"datePublished":"2021-06-03T10:51:39+00:00","dateModified":"2023-11-04T19:31:48+00:00","breadcrumb":{"@id":"http:\/\/sapor.twindisc.pl\/de\/mb-sr50n-efekt\/#breadcrumb"},"inLanguage":"de","potentialAction":[{"@type":"ReadAction","target":["http:\/\/sapor.twindisc.pl\/de\/mb-sr50n-efekt\/"]}]},{"@type":"BreadcrumbList","@id":"http:\/\/sapor.twindisc.pl\/de\/mb-sr50n-efekt\/#breadcrumb","itemListElement":[{"@type":"ListItem","position":1,"name":"Startseite","item":"https:\/\/sapor.twindisc.pl\/de\/"},{"@type":"ListItem","position":2,"name":"MB-SR50N EFEKT"}]},{"@type":"WebSite","@id":"https:\/\/sapor.twindisc.pl\/#website","url":"https:\/\/sapor.twindisc.pl\/","name":"Sapor","description":"","publisher":{"@id":"https:\/\/sapor.twindisc.pl\/#organization"},"potentialAction":[{"@type":"SearchAction","target":{"@type":"EntryPoint","urlTemplate":"https:\/\/sapor.twindisc.pl\/?s={search_term_string}"},"query-input":{"@type":"PropertyValueSpecification","valueRequired":true,"valueName":"search_term_string"}}],"inLanguage":"de"},{"@type":"Organization","@id":"https:\/\/sapor.twindisc.pl\/#organization","name":"Sapor Sp. z o. o.","url":"https:\/\/sapor.twindisc.pl\/","logo":{"@type":"ImageObject","inLanguage":"de","@id":"https:\/\/sapor.twindisc.pl\/#\/schema\/logo\/image\/","url":"http:\/\/sapor.twindisc.pl\/wp-content\/uploads\/2021\/04\/logo-sapor-e1618419520128.png","contentUrl":"http:\/\/sapor.twindisc.pl\/wp-content\/uploads\/2021\/04\/logo-sapor-e1618419520128.png","width":140,"height":67,"caption":"Sapor Sp. z o. o."},"image":{"@id":"https:\/\/sapor.twindisc.pl\/#\/schema\/logo\/image\/"},"sameAs":["https:\/\/www.facebook.com\/SAPOR.Fabryka.okien.i.drzwi\/"]}]}},"_links":{"self":[{"href":"https:\/\/sapor.twindisc.pl\/de\/wp-json\/wp\/v2\/pages\/6755","targetHints":{"allow":["GET"]}}],"collection":[{"href":"https:\/\/sapor.twindisc.pl\/de\/wp-json\/wp\/v2\/pages"}],"about":[{"href":"https:\/\/sapor.twindisc.pl\/de\/wp-json\/wp\/v2\/types\/page"}],"author":[{"embeddable":true,"href":"https:\/\/sapor.twindisc.pl\/de\/wp-json\/wp\/v2\/users\/1"}],"replies":[{"embeddable":true,"href":"https:\/\/sapor.twindisc.pl\/de\/wp-json\/wp\/v2\/comments?post=6755"}],"version-history":[{"count":2,"href":"https:\/\/sapor.twindisc.pl\/de\/wp-json\/wp\/v2\/pages\/6755\/revisions"}],"predecessor-version":[{"id":6757,"href":"https:\/\/sapor.twindisc.pl\/de\/wp-json\/wp\/v2\/pages\/6755\/revisions\/6757"}],"wp:attachment":[{"href":"https:\/\/sapor.twindisc.pl\/de\/wp-json\/wp\/v2\/media?parent=6755"}],"curies":[{"name":"wp","href":"https:\/\/api.w.org\/{rel}","templated":true}]}}