{"id":4795,"date":"2021-05-09T13:21:33","date_gmt":"2021-05-09T11:21:33","guid":{"rendered":"http:\/\/sapor.twindisc.pl\/przedstawiciel-handlowy-wielkopolskie\/"},"modified":"2021-05-09T13:21:33","modified_gmt":"2021-05-09T11:21:33","slug":"przedstawiciel-handlowy-wielkopolskie","status":"publish","type":"page","link":"https:\/\/sapor.twindisc.pl\/en\/przedstawiciel-handlowy-wielkopolskie\/","title":{"rendered":"Przedstawiciel Handlowy &#8211; wielkopolskie"},"content":{"rendered":"<div class=\"fusion-fullwidth fullwidth-box fusion-builder-row-1 fusion-flex-container nonhundred-percent-fullwidth non-hundred-percent-height-scrolling\" style=\"--awb-border-radius-top-left:0px;--awb-border-radius-top-right:0px;--awb-border-radius-bottom-right:0px;--awb-border-radius-bottom-left:0px;--awb-flex-wrap:wrap;\" ><div class=\"fusion-builder-row fusion-row fusion-flex-align-items-flex-start fusion-flex-content-wrap\" style=\"max-width:1528.8px;margin-left: calc(-4% \/ 2 );margin-right: calc(-4% \/ 2 );\"><div class=\"fusion-layout-column fusion_builder_column fusion-builder-column-0 fusion_builder_column_1_1 1_1 fusion-flex-column\" style=\"--awb-bg-size:cover;--awb-width-large:100%;--awb-margin-top-large:0px;--awb-spacing-right-large:1.92%;--awb-margin-bottom-large:20px;--awb-spacing-left-large:1.92%;--awb-width-medium:100%;--awb-order-medium:0;--awb-spacing-right-medium:1.92%;--awb-spacing-left-medium:1.92%;--awb-width-small:100%;--awb-order-small:0;--awb-spacing-right-small:1.92%;--awb-spacing-left-small:1.92%;\"><div class=\"fusion-column-wrapper fusion-column-has-shadow fusion-flex-justify-content-flex-start fusion-content-layout-column\"><div class=\"fusion-text fusion-text-1\"><p style=\"text-align: center;\">zwi\u0105zku z rozwojem Firmy poszukujemy kandydat\u00f3w na stanowisko<\/p>\n<p style=\"text-align: center;\"><strong>Przedstawiciel Handlowy<\/strong><\/p>\n<p style=\"text-align: center;\">Region: wielkopolskie<\/p>\n<p><strong>Opis stanowiska:<\/strong><\/p>\n<ul>\n<li>aktywne pozyskiwanie nowych klient\u00f3w na podleg\u0142ym terenie,<\/li>\n<li>profesjonalna obs\u0142uga klient\u00f3w w terenie &#8211; doradztwo w zakresie oferowanych produkt\u00f3w,<\/li>\n<li>pomiary,<\/li>\n<li>przygotowywanie ofert handlowych,<\/li>\n<li>negocjowanie oraz podpisywanie um\u00f3w z klientami,<\/li>\n<li>realizowanie wyznaczonych plan\u00f3w sprzeda\u017cowych,<\/li>\n<li>raportowanie wykonanych zada\u0144<\/li>\n<\/ul>\n<p><strong>Wymagania:<\/strong><\/p>\n<ul>\n<li>wykszta\u0142cenie min. \u015brednie,<\/li>\n<li>praktyczne do\u015bwiadczenie handlowe w bran\u017cy stolarki otworowej &#8211; warunek konieczny,<\/li>\n<li>umiej\u0119tno\u015b\u0107 prowadzenia rozm\u00f3w handlowych,<\/li>\n<li>zaanga\u017cowanie i determinacja w realizacji cel\u00f3w sprzeda\u017cowych,<\/li>\n<li>dyspozycyjno\u015b\u0107, komunikatywno\u015b\u0107, wysoka kultura osobista,<\/li>\n<li>prawo jazdy kat.B<\/li>\n<\/ul>\n<p><strong>Oferujemy:<\/strong><\/p>\n<ul>\n<li>atrakcyjne i motywuj\u0105ce warunki wynagrodzenia,<\/li>\n<li>narz\u0119dzia pracy ( samoch\u00f3d, laptop, telefon ),<\/li>\n<li>profesjonalny system szkole\u0144.<\/li>\n<\/ul>\n<p>Aplikacje (CV i list motywacyjny) prosimy przesy\u0142a\u0107 na adres: <a href=\"mailto:lsapor@sapor.pl\">lsapor@sapor.pl<\/a><\/p>\n<\/div><\/div><\/div><\/div><\/div>\n","protected":false},"excerpt":{"rendered":"","protected":false},"author":1,"featured_media":0,"parent":0,"menu_order":0,"comment_status":"closed","ping_status":"closed","template":"","meta":{"footnotes":""},"class_list":["post-4795","page","type-page","status-publish","hentry"],"yoast_head":"<!-- This site is optimized with the Yoast SEO plugin v26.5 - https:\/\/yoast.com\/wordpress\/plugins\/seo\/ -->\n<title>Przedstawiciel Handlowy - wielkopolskie - Sapor<\/title>\n<meta name=\"robots\" content=\"index, follow, max-snippet:-1, max-image-preview:large, max-video-preview:-1\" \/>\n<link rel=\"canonical\" href=\"https:\/\/sapor.twindisc.pl\/en\/przedstawiciel-handlowy-wielkopolskie\/\" \/>\n<meta property=\"og:locale\" content=\"en_US\" \/>\n<meta property=\"og:type\" content=\"article\" \/>\n<meta property=\"og:title\" content=\"Przedstawiciel Handlowy - wielkopolskie - Sapor\" \/>\n<meta property=\"og:url\" content=\"https:\/\/sapor.twindisc.pl\/en\/przedstawiciel-handlowy-wielkopolskie\/\" \/>\n<meta property=\"og:site_name\" content=\"Sapor\" \/>\n<meta property=\"article:publisher\" content=\"https:\/\/www.facebook.com\/SAPOR.Fabryka.okien.i.drzwi\/\" \/>\n<meta name=\"twitter:card\" content=\"summary_large_image\" \/>\n<meta name=\"twitter:label1\" content=\"Est. reading time\" \/>\n\t<meta name=\"twitter:data1\" content=\"4 minutes\" \/>\n<script type=\"application\/ld+json\" class=\"yoast-schema-graph\">{\"@context\":\"https:\/\/schema.org\",\"@graph\":[{\"@type\":\"WebPage\",\"@id\":\"https:\/\/sapor.twindisc.pl\/en\/przedstawiciel-handlowy-wielkopolskie\/\",\"url\":\"https:\/\/sapor.twindisc.pl\/en\/przedstawiciel-handlowy-wielkopolskie\/\",\"name\":\"Przedstawiciel Handlowy - wielkopolskie - Sapor\",\"isPartOf\":{\"@id\":\"https:\/\/sapor.twindisc.pl\/#website\"},\"datePublished\":\"2021-05-09T11:21:33+00:00\",\"breadcrumb\":{\"@id\":\"https:\/\/sapor.twindisc.pl\/en\/przedstawiciel-handlowy-wielkopolskie\/#breadcrumb\"},\"inLanguage\":\"en-US\",\"potentialAction\":[{\"@type\":\"ReadAction\",\"target\":[\"https:\/\/sapor.twindisc.pl\/en\/przedstawiciel-handlowy-wielkopolskie\/\"]}]},{\"@type\":\"BreadcrumbList\",\"@id\":\"https:\/\/sapor.twindisc.pl\/en\/przedstawiciel-handlowy-wielkopolskie\/#breadcrumb\",\"itemListElement\":[{\"@type\":\"ListItem\",\"position\":1,\"name\":\"Home page\",\"item\":\"https:\/\/sapor.twindisc.pl\/en\/\"},{\"@type\":\"ListItem\",\"position\":2,\"name\":\"Przedstawiciel Handlowy &#8211; wielkopolskie\"}]},{\"@type\":\"WebSite\",\"@id\":\"https:\/\/sapor.twindisc.pl\/#website\",\"url\":\"https:\/\/sapor.twindisc.pl\/\",\"name\":\"Sapor\",\"description\":\"\",\"publisher\":{\"@id\":\"https:\/\/sapor.twindisc.pl\/#organization\"},\"potentialAction\":[{\"@type\":\"SearchAction\",\"target\":{\"@type\":\"EntryPoint\",\"urlTemplate\":\"https:\/\/sapor.twindisc.pl\/?s={search_term_string}\"},\"query-input\":{\"@type\":\"PropertyValueSpecification\",\"valueRequired\":true,\"valueName\":\"search_term_string\"}}],\"inLanguage\":\"en-US\"},{\"@type\":\"Organization\",\"@id\":\"https:\/\/sapor.twindisc.pl\/#organization\",\"name\":\"Sapor Sp. z o. o.\",\"url\":\"https:\/\/sapor.twindisc.pl\/\",\"logo\":{\"@type\":\"ImageObject\",\"inLanguage\":\"en-US\",\"@id\":\"https:\/\/sapor.twindisc.pl\/#\/schema\/logo\/image\/\",\"url\":\"http:\/\/sapor.twindisc.pl\/wp-content\/uploads\/2021\/04\/logo-sapor-e1618419520128.png\",\"contentUrl\":\"http:\/\/sapor.twindisc.pl\/wp-content\/uploads\/2021\/04\/logo-sapor-e1618419520128.png\",\"width\":140,\"height\":67,\"caption\":\"Sapor Sp. z o. o.\"},\"image\":{\"@id\":\"https:\/\/sapor.twindisc.pl\/#\/schema\/logo\/image\/\"},\"sameAs\":[\"https:\/\/www.facebook.com\/SAPOR.Fabryka.okien.i.drzwi\/\"]}]}<\/script>\n<!-- \/ Yoast SEO plugin. -->","yoast_head_json":{"title":"Przedstawiciel Handlowy - wielkopolskie - Sapor","robots":{"index":"index","follow":"follow","max-snippet":"max-snippet:-1","max-image-preview":"max-image-preview:large","max-video-preview":"max-video-preview:-1"},"canonical":"https:\/\/sapor.twindisc.pl\/en\/przedstawiciel-handlowy-wielkopolskie\/","og_locale":"en_US","og_type":"article","og_title":"Przedstawiciel Handlowy - wielkopolskie - Sapor","og_url":"https:\/\/sapor.twindisc.pl\/en\/przedstawiciel-handlowy-wielkopolskie\/","og_site_name":"Sapor","article_publisher":"https:\/\/www.facebook.com\/SAPOR.Fabryka.okien.i.drzwi\/","twitter_card":"summary_large_image","twitter_misc":{"Est. reading time":"4 minutes"},"schema":{"@context":"https:\/\/schema.org","@graph":[{"@type":"WebPage","@id":"https:\/\/sapor.twindisc.pl\/en\/przedstawiciel-handlowy-wielkopolskie\/","url":"https:\/\/sapor.twindisc.pl\/en\/przedstawiciel-handlowy-wielkopolskie\/","name":"Przedstawiciel Handlowy - wielkopolskie - Sapor","isPartOf":{"@id":"https:\/\/sapor.twindisc.pl\/#website"},"datePublished":"2021-05-09T11:21:33+00:00","breadcrumb":{"@id":"https:\/\/sapor.twindisc.pl\/en\/przedstawiciel-handlowy-wielkopolskie\/#breadcrumb"},"inLanguage":"en-US","potentialAction":[{"@type":"ReadAction","target":["https:\/\/sapor.twindisc.pl\/en\/przedstawiciel-handlowy-wielkopolskie\/"]}]},{"@type":"BreadcrumbList","@id":"https:\/\/sapor.twindisc.pl\/en\/przedstawiciel-handlowy-wielkopolskie\/#breadcrumb","itemListElement":[{"@type":"ListItem","position":1,"name":"Home page","item":"https:\/\/sapor.twindisc.pl\/en\/"},{"@type":"ListItem","position":2,"name":"Przedstawiciel Handlowy &#8211; wielkopolskie"}]},{"@type":"WebSite","@id":"https:\/\/sapor.twindisc.pl\/#website","url":"https:\/\/sapor.twindisc.pl\/","name":"Sapor","description":"","publisher":{"@id":"https:\/\/sapor.twindisc.pl\/#organization"},"potentialAction":[{"@type":"SearchAction","target":{"@type":"EntryPoint","urlTemplate":"https:\/\/sapor.twindisc.pl\/?s={search_term_string}"},"query-input":{"@type":"PropertyValueSpecification","valueRequired":true,"valueName":"search_term_string"}}],"inLanguage":"en-US"},{"@type":"Organization","@id":"https:\/\/sapor.twindisc.pl\/#organization","name":"Sapor Sp. z o. o.","url":"https:\/\/sapor.twindisc.pl\/","logo":{"@type":"ImageObject","inLanguage":"en-US","@id":"https:\/\/sapor.twindisc.pl\/#\/schema\/logo\/image\/","url":"http:\/\/sapor.twindisc.pl\/wp-content\/uploads\/2021\/04\/logo-sapor-e1618419520128.png","contentUrl":"http:\/\/sapor.twindisc.pl\/wp-content\/uploads\/2021\/04\/logo-sapor-e1618419520128.png","width":140,"height":67,"caption":"Sapor Sp. z o. o."},"image":{"@id":"https:\/\/sapor.twindisc.pl\/#\/schema\/logo\/image\/"},"sameAs":["https:\/\/www.facebook.com\/SAPOR.Fabryka.okien.i.drzwi\/"]}]}},"_links":{"self":[{"href":"https:\/\/sapor.twindisc.pl\/en\/wp-json\/wp\/v2\/pages\/4795","targetHints":{"allow":["GET"]}}],"collection":[{"href":"https:\/\/sapor.twindisc.pl\/en\/wp-json\/wp\/v2\/pages"}],"about":[{"href":"https:\/\/sapor.twindisc.pl\/en\/wp-json\/wp\/v2\/types\/page"}],"author":[{"embeddable":true,"href":"https:\/\/sapor.twindisc.pl\/en\/wp-json\/wp\/v2\/users\/1"}],"replies":[{"embeddable":true,"href":"https:\/\/sapor.twindisc.pl\/en\/wp-json\/wp\/v2\/comments?post=4795"}],"version-history":[{"count":0,"href":"https:\/\/sapor.twindisc.pl\/en\/wp-json\/wp\/v2\/pages\/4795\/revisions"}],"wp:attachment":[{"href":"https:\/\/sapor.twindisc.pl\/en\/wp-json\/wp\/v2\/media?parent=4795"}],"curies":[{"name":"wp","href":"https:\/\/api.w.org\/{rel}","templated":true}]}}