{"id":3902,"date":"2021-05-23T19:04:48","date_gmt":"2021-05-23T17:04:48","guid":{"rendered":"http:\/\/sapor.twindisc.pl\/refleksole-125\/"},"modified":"2023-09-08T13:19:14","modified_gmt":"2023-09-08T11:19:14","slug":"refleksole-125","status":"publish","type":"page","link":"https:\/\/sapor.twindisc.pl\/fr\/refleksole-125\/","title":{"rendered":"Refleksole 125"},"content":{"rendered":"<div class=\"fusion-fullwidth fullwidth-box fusion-builder-row-1 fusion-flex-container nonhundred-percent-fullwidth non-hundred-percent-height-scrolling\" style=\"--awb-border-radius-top-left:0px;--awb-border-radius-top-right:0px;--awb-border-radius-bottom-right:0px;--awb-border-radius-bottom-left:0px;--awb-flex-wrap:wrap;\" ><div class=\"fusion-builder-row fusion-row fusion-flex-align-items-flex-start fusion-flex-content-wrap\" style=\"max-width:1528.8px;margin-left: calc(-4% \/ 2 );margin-right: calc(-4% \/ 2 );\"><div class=\"fusion-layout-column fusion_builder_column fusion-builder-column-0 fusion_builder_column_1_1 1_1 fusion-flex-column\" style=\"--awb-bg-size:cover;--awb-width-large:100%;--awb-margin-top-large:0px;--awb-spacing-right-large:1.92%;--awb-margin-bottom-large:20px;--awb-spacing-left-large:1.92%;--awb-width-medium:100%;--awb-order-medium:0;--awb-spacing-right-medium:1.92%;--awb-spacing-left-medium:1.92%;--awb-width-small:100%;--awb-order-small:0;--awb-spacing-right-small:1.92%;--awb-spacing-left-small:1.92%;\"><div class=\"fusion-column-wrapper fusion-column-has-shadow fusion-flex-justify-content-flex-start fusion-content-layout-column\"><div class=\"fusion-text fusion-text-1\"><h2><span style=\"font-weight: 400;\">Technique d\u2019ombrage Refleksole 125<\/span><\/h2>\n<\/div><div class=\"fusion-text fusion-text-2\"><h4><span style=\"font-weight: 400;\">Protection efficace et tr\u00e8s bon rendement | \u00e9l\u00e9gance \u00e0 toutes les \u00e9tapes<\/span><\/h4>\n<\/div><\/div><\/div><div class=\"fusion-layout-column fusion_builder_column fusion-builder-column-1 fusion_builder_column_1_2 1_2 fusion-flex-column fusion-animated\" style=\"--awb-bg-size:cover;--awb-width-large:50%;--awb-margin-top-large:0px;--awb-spacing-right-large:3.84%;--awb-margin-bottom-large:20px;--awb-spacing-left-large:3.84%;--awb-width-medium:50%;--awb-order-medium:0;--awb-spacing-right-medium:3.84%;--awb-spacing-left-medium:3.84%;--awb-width-small:100%;--awb-order-small:0;--awb-spacing-right-small:1.92%;--awb-spacing-left-small:1.92%;\" data-animationType=\"slideInLeft\" data-animationDuration=\"0.9\" data-animationOffset=\"top-into-view\"><div class=\"fusion-column-wrapper fusion-column-has-shadow fusion-flex-justify-content-flex-start fusion-content-layout-column\"><div class=\"fusion-image-element \" style=\"--awb-caption-title-font-family:var(--h2_typography-font-family);--awb-caption-title-font-weight:var(--h2_typography-font-weight);--awb-caption-title-font-style:var(--h2_typography-font-style);--awb-caption-title-size:var(--h2_typography-font-size);--awb-caption-title-transform:var(--h2_typography-text-transform);--awb-caption-title-line-height:var(--h2_typography-line-height);--awb-caption-title-letter-spacing:var(--h2_typography-letter-spacing);\"><span class=\" fusion-imageframe imageframe-none imageframe-1 hover-type-zoomin\"><a href=\"http:\/\/sapor.twindisc.pl\/wp-content\/uploads\/2021\/05\/refleksole-120-2.jpg\" class=\"fusion-lightbox\" data-rel=\"iLightbox[24b9322d5abf469637d]\" data-title=\"refleksole-120-2\" title=\"refleksole-120-2\"><img decoding=\"async\" width=\"1000\" height=\"667\" src=\"https:\/\/sapor.twindisc.pl\/wp-content\/uploads\/2021\/05\/refleksole-120-2.jpg\" data-orig-src=\"http:\/\/sapor.twindisc.pl\/wp-content\/uploads\/2021\/05\/refleksole-120-2.jpg\" alt class=\"lazyload img-responsive wp-image-858\" srcset=\"data:image\/svg+xml,%3Csvg%20xmlns%3D%27http%3A%2F%2Fwww.w3.org%2F2000%2Fsvg%27%20width%3D%271000%27%20height%3D%27667%27%20viewBox%3D%270%200%201000%20667%27%3E%3Crect%20width%3D%271000%27%20height%3D%27667%27%20fill-opacity%3D%220%22%2F%3E%3C%2Fsvg%3E\" data-srcset=\"https:\/\/sapor.twindisc.pl\/wp-content\/uploads\/2021\/05\/refleksole-120-2-200x133.jpg 200w, https:\/\/sapor.twindisc.pl\/wp-content\/uploads\/2021\/05\/refleksole-120-2-400x267.jpg 400w, https:\/\/sapor.twindisc.pl\/wp-content\/uploads\/2021\/05\/refleksole-120-2-600x400.jpg 600w, https:\/\/sapor.twindisc.pl\/wp-content\/uploads\/2021\/05\/refleksole-120-2-800x534.jpg 800w, https:\/\/sapor.twindisc.pl\/wp-content\/uploads\/2021\/05\/refleksole-120-2.jpg 1000w\" data-sizes=\"auto\" data-orig-sizes=\"(max-width: 640px) 100vw, 800px\" \/><\/a><\/span><\/div><\/div><\/div><div class=\"fusion-layout-column fusion_builder_column fusion-builder-column-2 fusion_builder_column_1_2 1_2 fusion-flex-column fusion-animated\" style=\"--awb-bg-size:cover;--awb-width-large:50%;--awb-margin-top-large:0px;--awb-spacing-right-large:3.84%;--awb-margin-bottom-large:20px;--awb-spacing-left-large:3.84%;--awb-width-medium:50%;--awb-order-medium:0;--awb-spacing-right-medium:3.84%;--awb-spacing-left-medium:3.84%;--awb-width-small:100%;--awb-order-small:0;--awb-spacing-right-small:1.92%;--awb-spacing-left-small:1.92%;\" data-animationType=\"slideInRight\" data-animationDuration=\"0.3\" data-animationOffset=\"top-into-view\"><div class=\"fusion-column-wrapper fusion-column-has-shadow fusion-flex-justify-content-flex-start fusion-content-layout-column\">\n<div class=\"table-2\">\n<div class=\"table-2\">\n<div class=\"table-2\">\n<div class=\"table-2\">\n<div class=\"table-2\">\n<div class=\"table-2\">\n<div class=\"table-2\">\n<div class=\"table-2\">\n<div class=\"table-2\">\n<table width=\"100%\">\n<thead>\n<tr>\n<th align=\"left\">Donn\u00e9es essentielles<\/th>\n<th align=\"left\"><\/th>\n<\/tr>\n<\/thead>\n<tbody>\n<tr>\n<td align=\"left\"><strong>Type de technique<\/strong><\/td>\n<td align=\"left\">d\u2019ombrage Refleksole 125<\/td>\n<\/tr>\n<tr>\n<td align=\"left\"><strong>Cordes en acier inox<\/strong><\/td>\n<td align=\"left\">diam\u00e8tre de 10 mm<\/td>\n<\/tr>\n<tr>\n<td align=\"left\"><strong>Mat\u00e9riau<\/strong><\/td>\n<td align=\"left\">coffre en aluminium extrud\u00e9 section ronde<\/td>\n<\/tr>\n<tr>\n<td align=\"left\"><strong>Coloris<\/strong><\/td>\n<td align=\"left\">palette RAL et large gamme des tissus<\/td>\n<\/tr>\n<tr>\n<td align=\"left\"><strong>Option de cr\u00e9ation des modules verticaux et horizontaux<\/strong><\/td>\n<td align=\"left\">jusqu\u2019\u00e0 8.5 m<\/td>\n<\/tr>\n<tr>\n<td align=\"left\"><strong>R\u00e9sistance aux intemp\u00e9ries<\/strong><\/td>\n<td align=\"left\">oui<\/td>\n<\/tr>\n<tr>\n<td align=\"left\"><strong>R\u00e9sistance au rayonnement UV<\/strong><\/td>\n<td align=\"left\">oui<\/td>\n<\/tr>\n<tr>\n<td align=\"left\"><strong>R\u00e9sistance \u00e0 l\u2019humidit\u00e9<\/strong><\/td>\n<td align=\"left\">oui<\/td>\n<\/tr>\n<tr>\n<td align=\"left\"><strong>Trou d\u2019inspection sur la face avant du syst\u00e8me<\/strong><\/td>\n<td align=\"left\"><\/td>\n<\/tr>\n<tr>\n<td align=\"left\"><strong>Syst\u00e8me \u00e0 monter sur une fa\u00e7ade<\/strong><\/td>\n<td align=\"left\"><\/td>\n<\/tr>\n<\/tbody>\n<\/table>\n<\/div>\n<\/div>\n<\/div>\n<\/div>\n<\/div>\n<\/div>\n<\/div>\n<\/div>\n<\/div>\n<\/div><\/div><div class=\"fusion-layout-column fusion_builder_column fusion-builder-column-3 fusion_builder_column_1_2 1_2 fusion-flex-column fusion-flex-align-self-center fusion-animated\" style=\"--awb-bg-size:cover;--awb-width-large:50%;--awb-margin-top-large:0px;--awb-spacing-right-large:3.84%;--awb-margin-bottom-large:20px;--awb-spacing-left-large:3.84%;--awb-width-medium:50%;--awb-order-medium:0;--awb-spacing-right-medium:3.84%;--awb-spacing-left-medium:3.84%;--awb-width-small:100%;--awb-order-small:0;--awb-spacing-right-small:1.92%;--awb-spacing-left-small:1.92%;\" data-animationType=\"slideInLeft\" data-animationDuration=\"0.3\" data-animationOffset=\"top-into-view\"><div class=\"fusion-column-wrapper fusion-column-has-shadow fusion-flex-justify-content-flex-start fusion-content-layout-column\">\n<div class=\"table-2\">\n<div class=\"table-2\">\n<div class=\"table-2\">\n<div class=\"table-2\">\n<table width=\"100%\">\n<thead>\n<tr>\n<th align=\"left\">Caract\u00e9ristiques techniques<\/th>\n<th align=\"left\"><\/th>\n<\/tr>\n<\/thead>\n<tbody>\n<tr>\n<td align=\"left\"><strong>Coefficient de r\u00e9flexion de la lumi\u00e8re<\/strong><\/td>\n<td align=\"left\">85%<\/td>\n<\/tr>\n<tr>\n<td align=\"left\"><strong>Coefficient de transmission de la lumi\u00e8re<\/strong><\/td>\n<td align=\"left\">15%<\/td>\n<\/tr>\n<tr>\n<td align=\"left\"><strong>Coefficient d\u2019ouverture<\/strong><\/td>\n<td align=\"left\">1-99%<\/td>\n<\/tr>\n<tr>\n<td align=\"left\"><strong>Classe de r\u00e9sistance au vent<\/strong><\/td>\n<td align=\"left\">jusqu\u2019\u00e0 80 km\/h<\/td>\n<\/tr>\n<tr>\n<td align=\"left\"><strong>Motorisation \u00e9lectrique<\/strong><\/td>\n<td align=\"left\">oui<\/td>\n<\/tr>\n<tr>\n<td align=\"left\"><strong>Motorisation manuelle<\/strong><\/td>\n<td align=\"left\">non<\/td>\n<\/tr>\n<tr>\n<td align=\"left\"><strong>Largeur maximale<\/strong><\/td>\n<td align=\"left\">3.5 m<\/td>\n<\/tr>\n<tr>\n<td align=\"left\"><strong>Port\u00e9e maximale<\/strong><\/td>\n<td align=\"left\">4.25 m<\/td>\n<\/tr>\n<tr>\n<td align=\"left\"><strong>Utilisation ext\u00e9rieure<\/strong><\/td>\n<td align=\"left\">oui<\/td>\n<\/tr>\n<tr>\n<td align=\"left\"><strong>Utilisation int\u00e9rieure<\/strong><\/td>\n<td align=\"left\">non<\/td>\n<\/tr>\n<\/tbody>\n<\/table>\n<\/div>\n<\/div>\n<\/div>\n<\/div>\n<\/div><\/div><div class=\"fusion-layout-column fusion_builder_column fusion-builder-column-4 fusion_builder_column_1_2 1_2 fusion-flex-column fusion-animated\" style=\"--awb-bg-size:cover;--awb-width-large:50%;--awb-margin-top-large:0px;--awb-spacing-right-large:3.84%;--awb-margin-bottom-large:20px;--awb-spacing-left-large:3.84%;--awb-width-medium:50%;--awb-order-medium:0;--awb-spacing-right-medium:3.84%;--awb-spacing-left-medium:3.84%;--awb-width-small:100%;--awb-order-small:0;--awb-spacing-right-small:1.92%;--awb-spacing-left-small:1.92%;\" data-animationType=\"slideInRight\" data-animationDuration=\"0.9\" data-animationOffset=\"top-into-view\"><div class=\"fusion-column-wrapper fusion-column-has-shadow fusion-flex-justify-content-flex-start fusion-content-layout-column\"><div class=\"fusion-image-element \" style=\"--awb-caption-title-font-family:var(--h2_typography-font-family);--awb-caption-title-font-weight:var(--h2_typography-font-weight);--awb-caption-title-font-style:var(--h2_typography-font-style);--awb-caption-title-size:var(--h2_typography-font-size);--awb-caption-title-transform:var(--h2_typography-text-transform);--awb-caption-title-line-height:var(--h2_typography-line-height);--awb-caption-title-letter-spacing:var(--h2_typography-letter-spacing);\"><span class=\" fusion-imageframe imageframe-none imageframe-2 hover-type-zoomin\"><a href=\"http:\/\/sapor.twindisc.pl\/wp-content\/uploads\/2021\/05\/refleksole-120-1.jpg\" class=\"fusion-lightbox\" data-rel=\"iLightbox[72106cf5df063e8ea59]\" data-title=\"refleksole-120-1\" title=\"refleksole-120-1\"><img decoding=\"async\" width=\"1000\" height=\"667\" src=\"https:\/\/sapor.twindisc.pl\/wp-content\/uploads\/2021\/05\/refleksole-120-1.jpg\" data-orig-src=\"http:\/\/sapor.twindisc.pl\/wp-content\/uploads\/2021\/05\/refleksole-120-1.jpg\" alt class=\"lazyload img-responsive wp-image-869\" srcset=\"data:image\/svg+xml,%3Csvg%20xmlns%3D%27http%3A%2F%2Fwww.w3.org%2F2000%2Fsvg%27%20width%3D%271000%27%20height%3D%27667%27%20viewBox%3D%270%200%201000%20667%27%3E%3Crect%20width%3D%271000%27%20height%3D%27667%27%20fill-opacity%3D%220%22%2F%3E%3C%2Fsvg%3E\" data-srcset=\"https:\/\/sapor.twindisc.pl\/wp-content\/uploads\/2021\/05\/refleksole-120-1-200x133.jpg 200w, https:\/\/sapor.twindisc.pl\/wp-content\/uploads\/2021\/05\/refleksole-120-1-400x267.jpg 400w, https:\/\/sapor.twindisc.pl\/wp-content\/uploads\/2021\/05\/refleksole-120-1-600x400.jpg 600w, https:\/\/sapor.twindisc.pl\/wp-content\/uploads\/2021\/05\/refleksole-120-1-800x534.jpg 800w, https:\/\/sapor.twindisc.pl\/wp-content\/uploads\/2021\/05\/refleksole-120-1.jpg 1000w\" data-sizes=\"auto\" data-orig-sizes=\"(max-width: 640px) 100vw, 800px\" \/><\/a><\/span><\/div><\/div><\/div><div class=\"fusion-layout-column fusion_builder_column fusion-builder-column-5 fusion_builder_column_1_1 1_1 fusion-flex-column\" style=\"--awb-bg-size:cover;--awb-width-large:100%;--awb-margin-top-large:0px;--awb-spacing-right-large:1.92%;--awb-margin-bottom-large:20px;--awb-spacing-left-large:1.92%;--awb-width-medium:100%;--awb-order-medium:0;--awb-spacing-right-medium:1.92%;--awb-spacing-left-medium:1.92%;--awb-width-small:100%;--awb-order-small:0;--awb-spacing-right-small:1.92%;--awb-spacing-left-small:1.92%;\"><div class=\"fusion-column-wrapper fusion-column-has-shadow fusion-flex-justify-content-flex-start fusion-content-layout-column\"><div class=\"fusion-text fusion-text-3\"><h3>\u00c0 propos de la technique d\u2019ombrage Refleksole 125<\/h3>\n<p>La technique d\u2019ombrage Refleksole 125 constitue une solution moderne pour ceux qui cherchent une protection solaire maximale et \u00e0 filtrer lumi\u00e8re p\u00e9n\u00e9trant \u00e0 l\u2019int\u00e9rieur. Refleksole 125, fait en tissu muni d\u2019une couch\u00e9 m\u00e9tallis\u00e9e, assure une isolation thermique efficace tout en permettant d\u2019\u00e9viter un chauffage des int\u00e9rieurs ce qui contribue \u00e0 l\u2019intimit\u00e9 et au confort. Un grand choix de motifs et de couleurs permet de personnaliser ce produit selon les go\u00fbts et le style d\u2019am\u00e9nagement d\u2019int\u00e9rieur.<\/p>\n<h3>Mise en place de la technique d\u2019ombrage Refleksole 125 :<\/h3>\n<p>&#8211; Dans les fen\u00eatres et les portes coulissantes pour permettre un filtrer la lumi\u00e8re p\u00e9n\u00e9trant \u00e0 l\u2019int\u00e9rieur tout en conservant son caract\u00e8re intime et son \u00e9l\u00e9gance.<\/p>\n<p>&#8211; Dans les locaux n\u00e9cessitant une isolation thermique avanc\u00e9e pour assurer une temp\u00e9rature bienveillante tout au cours de l\u2019ann\u00e9e.<\/p>\n<p>&#8211; Dans les bureaux et les commerces pour cr\u00e9er un lieu de travail professionnel et convivial.<\/p>\n<h3>\u00c0 qui nous recommandons la technique d\u2019ombrage Refleksole 125 ?<\/h3>\n<p>\u00c0 ceux qui sont \u00e0 la recherche des technologies avanc\u00e9es de la qualit\u00e9 sup\u00e9rieure en ce qui concerne l\u2019ombrage des fen\u00eatres.<\/p>\n<p>Aux investisseurs et architectes souhaitant proposer \u00e0 leurs clients des solutions efficaces et esth\u00e9tiques de filtration de la lumi\u00e8re.<\/p>\n<h3>La technique d\u2019ombrage Refleksole 125 peut \u00eatre int\u00e9ressante pour quels clients cibles ?<\/h3>\n<p>Pour les clients r\u00eavant d\u2019am\u00e9nager les int\u00e9rieurs \u00e9l\u00e9gants et fonctionnels pour profiter pleinement du potentiel de la lumi\u00e8re naturelle.<\/p>\n<p>Pour ceux qui appr\u00e9cient les solutions \u00e9l\u00e9gantes tout en pensant aux \u00e9conomies d\u2019\u00e9nergies maximales.<\/p>\n<h3>Une bonne alternative \u00e0 la technique d\u2019ombrage Refleksole 125\u00a0: Soltis Perform 92<\/h3>\n<p>Si vous \u00eates int\u00e9ress\u00e9 par une meilleure isolation thermique et par un excellent rendement \u00e9nerg\u00e9tique, envisagez une solution alternative, soit la technique d\u2019ombrage Soltis Perform 92. Ce mod\u00e8le propose des solutions innovantes et des possibilit\u00e9s de la personnalisation uniques.<\/p>\n<h3>Pour en savoir plus \u00e0 propos du fabricant de la technique d\u2019ombrage Refleksole 125<\/h3>\n<p>La soci\u00e9t\u00e9 Refleksole est un fabricant appr\u00e9ci\u00e9 pour la qualit\u00e9 de ses techniques d\u2019ombrage, renomm\u00e9 pour son innovation et pour son souci de d\u00e9tails. La technique d\u2019ombrage Refleksole 125 est un effet de son implication dans la cr\u00e9ation des solutions fonctionnelles et esth\u00e9tiques pour ses clients.<\/p>\n<h4>Pour en savoir plus \u00e0 propos des points forts de la technique d\u2019ombrage Refleksole 125 :<\/h4>\n<p>&#8211; Coefficient de r\u00e9flexion de la lumi\u00e8re \u00e9lev\u00e9 permettant de filtrer la lumi\u00e8re et contribuant au confort.<\/p>\n<p>&#8211; Tissu r\u00e9sistant dot\u00e9 d\u2019une couche m\u00e9tallis\u00e9e, r\u00e9sistant \u00e0 l\u2019humidit\u00e9 et au rayonnement UV.<\/p>\n<h3>R\u00e9sum\u00e9 de la technique d\u2019ombrage Refleksole 125 \u00a0:<\/h3>\n<p>La technique d\u2019ombrage Refleksole 125 constitue une solution pour ceux qui cherchent une protection solaire parfaite et une esth\u00e9tique \u00e9l\u00e9gante \u00e0 l\u2019int\u00e9rieur. Gr\u00e2ce aux caract\u00e9ristiques techniques avanc\u00e9es, cette protection garantit le confort et une utilisation ais\u00e9e tout en contribuant \u00e0 la cr\u00e9ation des am\u00e9nagements harmonieux. Choisissez la technique d\u2019ombrage Refleksole 125 pour profiter de l\u2019\u00e9l\u00e9gance, de l\u2019efficacit\u00e9 et d\u2019un style exceptionnel \u00e0 l\u2019intrieur.<\/p>\n<\/div><\/div><\/div><\/div><\/div>\n","protected":false},"excerpt":{"rendered":"","protected":false},"author":1,"featured_media":0,"parent":0,"menu_order":0,"comment_status":"closed","ping_status":"closed","template":"","meta":{"footnotes":""},"class_list":["post-3902","page","type-page","status-publish","hentry"],"yoast_head":"<!-- This site is optimized with the Yoast SEO plugin v26.5 - https:\/\/yoast.com\/wordpress\/plugins\/seo\/ -->\n<title>Refleksole 125 - Sapor<\/title>\n<meta name=\"robots\" content=\"index, follow, max-snippet:-1, max-image-preview:large, max-video-preview:-1\" \/>\n<link rel=\"canonical\" href=\"http:\/\/sapor.twindisc.pl\/fr\/refleksole-125\/\" \/>\n<meta property=\"og:locale\" content=\"fr_FR\" \/>\n<meta property=\"og:type\" content=\"article\" \/>\n<meta property=\"og:title\" content=\"Refleksole 125 - Sapor\" \/>\n<meta property=\"og:url\" content=\"http:\/\/sapor.twindisc.pl\/fr\/refleksole-125\/\" \/>\n<meta property=\"og:site_name\" content=\"Sapor\" \/>\n<meta property=\"article:publisher\" content=\"https:\/\/www.facebook.com\/SAPOR.Fabryka.okien.i.drzwi\/\" \/>\n<meta property=\"article:modified_time\" content=\"2023-09-08T11:19:14+00:00\" \/>\n<meta name=\"twitter:card\" content=\"summary_large_image\" \/>\n<meta name=\"twitter:label1\" content=\"Dur\u00e9e de lecture estim\u00e9e\" \/>\n\t<meta name=\"twitter:data1\" content=\"9 minutes\" \/>\n<script type=\"application\/ld+json\" class=\"yoast-schema-graph\">{\"@context\":\"https:\/\/schema.org\",\"@graph\":[{\"@type\":\"WebPage\",\"@id\":\"http:\/\/sapor.twindisc.pl\/fr\/refleksole-125\/\",\"url\":\"http:\/\/sapor.twindisc.pl\/fr\/refleksole-125\/\",\"name\":\"Refleksole 125 - Sapor\",\"isPartOf\":{\"@id\":\"https:\/\/sapor.twindisc.pl\/#website\"},\"datePublished\":\"2021-05-23T17:04:48+00:00\",\"dateModified\":\"2023-09-08T11:19:14+00:00\",\"breadcrumb\":{\"@id\":\"http:\/\/sapor.twindisc.pl\/fr\/refleksole-125\/#breadcrumb\"},\"inLanguage\":\"fr-FR\",\"potentialAction\":[{\"@type\":\"ReadAction\",\"target\":[\"http:\/\/sapor.twindisc.pl\/fr\/refleksole-125\/\"]}]},{\"@type\":\"BreadcrumbList\",\"@id\":\"http:\/\/sapor.twindisc.pl\/fr\/refleksole-125\/#breadcrumb\",\"itemListElement\":[{\"@type\":\"ListItem\",\"position\":1,\"name\":\"Page d'accueil\",\"item\":\"http:\/\/sapor.twindisc.pl\/fr\/\"},{\"@type\":\"ListItem\",\"position\":2,\"name\":\"Refleksole 125\"}]},{\"@type\":\"WebSite\",\"@id\":\"https:\/\/sapor.twindisc.pl\/#website\",\"url\":\"https:\/\/sapor.twindisc.pl\/\",\"name\":\"Sapor\",\"description\":\"\",\"publisher\":{\"@id\":\"https:\/\/sapor.twindisc.pl\/#organization\"},\"potentialAction\":[{\"@type\":\"SearchAction\",\"target\":{\"@type\":\"EntryPoint\",\"urlTemplate\":\"https:\/\/sapor.twindisc.pl\/?s={search_term_string}\"},\"query-input\":{\"@type\":\"PropertyValueSpecification\",\"valueRequired\":true,\"valueName\":\"search_term_string\"}}],\"inLanguage\":\"fr-FR\"},{\"@type\":\"Organization\",\"@id\":\"https:\/\/sapor.twindisc.pl\/#organization\",\"name\":\"Sapor Sp. z o. o.\",\"url\":\"https:\/\/sapor.twindisc.pl\/\",\"logo\":{\"@type\":\"ImageObject\",\"inLanguage\":\"fr-FR\",\"@id\":\"https:\/\/sapor.twindisc.pl\/#\/schema\/logo\/image\/\",\"url\":\"http:\/\/sapor.twindisc.pl\/wp-content\/uploads\/2021\/04\/logo-sapor-e1618419520128.png\",\"contentUrl\":\"http:\/\/sapor.twindisc.pl\/wp-content\/uploads\/2021\/04\/logo-sapor-e1618419520128.png\",\"width\":140,\"height\":67,\"caption\":\"Sapor Sp. z o. o.\"},\"image\":{\"@id\":\"https:\/\/sapor.twindisc.pl\/#\/schema\/logo\/image\/\"},\"sameAs\":[\"https:\/\/www.facebook.com\/SAPOR.Fabryka.okien.i.drzwi\/\"]}]}<\/script>\n<!-- \/ Yoast SEO plugin. -->","yoast_head_json":{"title":"Refleksole 125 - Sapor","robots":{"index":"index","follow":"follow","max-snippet":"max-snippet:-1","max-image-preview":"max-image-preview:large","max-video-preview":"max-video-preview:-1"},"canonical":"http:\/\/sapor.twindisc.pl\/fr\/refleksole-125\/","og_locale":"fr_FR","og_type":"article","og_title":"Refleksole 125 - Sapor","og_url":"http:\/\/sapor.twindisc.pl\/fr\/refleksole-125\/","og_site_name":"Sapor","article_publisher":"https:\/\/www.facebook.com\/SAPOR.Fabryka.okien.i.drzwi\/","article_modified_time":"2023-09-08T11:19:14+00:00","twitter_card":"summary_large_image","twitter_misc":{"Dur\u00e9e de lecture estim\u00e9e":"9 minutes"},"schema":{"@context":"https:\/\/schema.org","@graph":[{"@type":"WebPage","@id":"http:\/\/sapor.twindisc.pl\/fr\/refleksole-125\/","url":"http:\/\/sapor.twindisc.pl\/fr\/refleksole-125\/","name":"Refleksole 125 - Sapor","isPartOf":{"@id":"https:\/\/sapor.twindisc.pl\/#website"},"datePublished":"2021-05-23T17:04:48+00:00","dateModified":"2023-09-08T11:19:14+00:00","breadcrumb":{"@id":"http:\/\/sapor.twindisc.pl\/fr\/refleksole-125\/#breadcrumb"},"inLanguage":"fr-FR","potentialAction":[{"@type":"ReadAction","target":["http:\/\/sapor.twindisc.pl\/fr\/refleksole-125\/"]}]},{"@type":"BreadcrumbList","@id":"http:\/\/sapor.twindisc.pl\/fr\/refleksole-125\/#breadcrumb","itemListElement":[{"@type":"ListItem","position":1,"name":"Page d'accueil","item":"http:\/\/sapor.twindisc.pl\/fr\/"},{"@type":"ListItem","position":2,"name":"Refleksole 125"}]},{"@type":"WebSite","@id":"https:\/\/sapor.twindisc.pl\/#website","url":"https:\/\/sapor.twindisc.pl\/","name":"Sapor","description":"","publisher":{"@id":"https:\/\/sapor.twindisc.pl\/#organization"},"potentialAction":[{"@type":"SearchAction","target":{"@type":"EntryPoint","urlTemplate":"https:\/\/sapor.twindisc.pl\/?s={search_term_string}"},"query-input":{"@type":"PropertyValueSpecification","valueRequired":true,"valueName":"search_term_string"}}],"inLanguage":"fr-FR"},{"@type":"Organization","@id":"https:\/\/sapor.twindisc.pl\/#organization","name":"Sapor Sp. z o. o.","url":"https:\/\/sapor.twindisc.pl\/","logo":{"@type":"ImageObject","inLanguage":"fr-FR","@id":"https:\/\/sapor.twindisc.pl\/#\/schema\/logo\/image\/","url":"http:\/\/sapor.twindisc.pl\/wp-content\/uploads\/2021\/04\/logo-sapor-e1618419520128.png","contentUrl":"http:\/\/sapor.twindisc.pl\/wp-content\/uploads\/2021\/04\/logo-sapor-e1618419520128.png","width":140,"height":67,"caption":"Sapor Sp. z o. o."},"image":{"@id":"https:\/\/sapor.twindisc.pl\/#\/schema\/logo\/image\/"},"sameAs":["https:\/\/www.facebook.com\/SAPOR.Fabryka.okien.i.drzwi\/"]}]}},"_links":{"self":[{"href":"https:\/\/sapor.twindisc.pl\/fr\/wp-json\/wp\/v2\/pages\/3902","targetHints":{"allow":["GET"]}}],"collection":[{"href":"https:\/\/sapor.twindisc.pl\/fr\/wp-json\/wp\/v2\/pages"}],"about":[{"href":"https:\/\/sapor.twindisc.pl\/fr\/wp-json\/wp\/v2\/types\/page"}],"author":[{"embeddable":true,"href":"https:\/\/sapor.twindisc.pl\/fr\/wp-json\/wp\/v2\/users\/1"}],"replies":[{"embeddable":true,"href":"https:\/\/sapor.twindisc.pl\/fr\/wp-json\/wp\/v2\/comments?post=3902"}],"version-history":[{"count":1,"href":"https:\/\/sapor.twindisc.pl\/fr\/wp-json\/wp\/v2\/pages\/3902\/revisions"}],"predecessor-version":[{"id":3903,"href":"https:\/\/sapor.twindisc.pl\/fr\/wp-json\/wp\/v2\/pages\/3902\/revisions\/3903"}],"wp:attachment":[{"href":"https:\/\/sapor.twindisc.pl\/fr\/wp-json\/wp\/v2\/media?parent=3902"}],"curies":[{"name":"wp","href":"https:\/\/api.w.org\/{rel}","templated":true}]}}