{"id":3968,"date":"2021-06-03T11:54:17","date_gmt":"2021-06-03T09:54:17","guid":{"rendered":"http:\/\/sapor.twindisc.pl\/mb-78-ei\/"},"modified":"2023-12-03T20:47:43","modified_gmt":"2023-12-03T19:47:43","slug":"mb-78-ei","status":"publish","type":"page","link":"https:\/\/sapor.twindisc.pl\/it\/mb-78-ei\/","title":{"rendered":"MB-78 EI"},"content":{"rendered":"<div class=\"fusion-fullwidth fullwidth-box fusion-builder-row-1 fusion-flex-container nonhundred-percent-fullwidth non-hundred-percent-height-scrolling\" style=\"--awb-border-radius-top-left:0px;--awb-border-radius-top-right:0px;--awb-border-radius-bottom-right:0px;--awb-border-radius-bottom-left:0px;--awb-flex-wrap:wrap;\" ><div class=\"fusion-builder-row fusion-row fusion-flex-align-items-flex-start fusion-flex-content-wrap\" style=\"max-width:1528.8px;margin-left: calc(-4% \/ 2 );margin-right: calc(-4% \/ 2 );\"><div class=\"fusion-layout-column fusion_builder_column fusion-builder-column-0 fusion_builder_column_1_1 1_1 fusion-flex-column\" style=\"--awb-bg-size:cover;--awb-width-large:100%;--awb-margin-top-large:0px;--awb-spacing-right-large:1.92%;--awb-margin-bottom-large:20px;--awb-spacing-left-large:1.92%;--awb-width-medium:100%;--awb-order-medium:0;--awb-spacing-right-medium:1.92%;--awb-spacing-left-medium:1.92%;--awb-width-small:100%;--awb-order-small:0;--awb-spacing-right-small:1.92%;--awb-spacing-left-small:1.92%;\"><div class=\"fusion-column-wrapper fusion-column-has-shadow fusion-flex-justify-content-flex-start fusion-content-layout-column\"><div class=\"fusion-text fusion-text-1\"><h2>Infissi antincendio MB-78 EI<\/h2>\n<h2><span style=\"font-weight: 400;\">\u00a0<\/span><\/h2>\n<\/div><div class=\"fusion-text fusion-text-2\"><h4>Protezione e sicurezza contro il fuoco | soluzioni innovative per edifici che richiedono serramenti resistenti al fuoco di altissima classe<\/h4>\n<h4><span style=\"font-weight: 400;\">\u00a0<\/span><\/h4>\n<\/div><\/div><\/div><div class=\"fusion-layout-column fusion_builder_column fusion-builder-column-1 fusion_builder_column_2_3 2_3 fusion-flex-column fusion-flex-align-self-center fusion-animated\" style=\"--awb-bg-size:cover;--awb-width-large:66.666666666667%;--awb-margin-top-large:0px;--awb-spacing-right-large:2.88%;--awb-margin-bottom-large:20px;--awb-spacing-left-large:2.88%;--awb-width-medium:66.666666666667%;--awb-order-medium:0;--awb-spacing-right-medium:2.88%;--awb-spacing-left-medium:2.88%;--awb-width-small:100%;--awb-order-small:0;--awb-spacing-right-small:1.92%;--awb-spacing-left-small:1.92%;\" data-animationType=\"slideInLeft\" data-animationDuration=\"0.9\" data-animationOffset=\"top-into-view\"><div class=\"fusion-column-wrapper fusion-column-has-shadow fusion-flex-justify-content-flex-start fusion-content-layout-column\"><div class=\"fusion-text fusion-text-3\" style=\"--awb-font-size:18px;\"><p>Gli infissi antincendio MB-78 EI rappresentano una soluzione avanzata per gli edifici che richiedono serramenti resistenti al fuoco di altissima classe. Realizzati in alluminio di alta qualit\u00e0, questi serramenti hanno un&#8217;eccellente resistenza al fuoco e garantiscono pertanto protezione e sicurezza in caso di incendio. Gli infissi antincendio MB-78 EI sono stati rispettivamente omologati nelle classi di resistenza al fuoco da EI 30 a EI 120, potendo pertanto essere selezionati in funzione delle diverse esigenze progettuali. Costituiscono la soluzione ideale per edifici pubblici, industriali e commerciali che si intende affidare a soluzioni di protezione innovative e affidabili<\/p>\n<\/div><\/div><\/div><div class=\"fusion-layout-column fusion_builder_column fusion-builder-column-2 fusion_builder_column_1_3 1_3 fusion-flex-column fusion-animated\" style=\"--awb-padding-top-small:0px;--awb-bg-size:cover;--awb-width-large:33.333333333333%;--awb-margin-top-large:0px;--awb-spacing-right-large:5.76%;--awb-margin-bottom-large:20px;--awb-spacing-left-large:5.76%;--awb-width-medium:33.333333333333%;--awb-order-medium:0;--awb-spacing-right-medium:5.76%;--awb-spacing-left-medium:5.76%;--awb-width-small:100%;--awb-order-small:0;--awb-spacing-right-small:1.92%;--awb-spacing-left-small:1.92%;\" data-animationType=\"slideInRight\" data-animationDuration=\"0.9\" data-animationOffset=\"top-into-view\"><div class=\"fusion-column-wrapper fusion-column-has-shadow fusion-flex-justify-content-flex-start fusion-content-layout-column\"><div class=\"fusion-image-element \" style=\"text-align:center;--awb-max-width:450px;--awb-caption-title-font-family:var(--h2_typography-font-family);--awb-caption-title-font-weight:var(--h2_typography-font-weight);--awb-caption-title-font-style:var(--h2_typography-font-style);--awb-caption-title-size:var(--h2_typography-font-size);--awb-caption-title-transform:var(--h2_typography-text-transform);--awb-caption-title-line-height:var(--h2_typography-line-height);--awb-caption-title-letter-spacing:var(--h2_typography-letter-spacing);\"><span class=\" fusion-imageframe imageframe-none imageframe-1 hover-type-none\"><img decoding=\"async\" width=\"300\" height=\"400\" title=\"mb-78ei\" src=\"https:\/\/sapor.twindisc.pl\/wp-content\/uploads\/2021\/06\/mb-78ei.jpg\" data-orig-src=\"http:\/\/sapor.twindisc.pl\/wp-content\/uploads\/2021\/06\/mb-78ei.jpg\" alt class=\"lazyload img-responsive wp-image-1409\" srcset=\"data:image\/svg+xml,%3Csvg%20xmlns%3D%27http%3A%2F%2Fwww.w3.org%2F2000%2Fsvg%27%20width%3D%27300%27%20height%3D%27400%27%20viewBox%3D%270%200%20300%20400%27%3E%3Crect%20width%3D%27300%27%20height%3D%27400%27%20fill-opacity%3D%220%22%2F%3E%3C%2Fsvg%3E\" data-srcset=\"https:\/\/sapor.twindisc.pl\/wp-content\/uploads\/2021\/06\/mb-78ei-200x267.jpg 200w, https:\/\/sapor.twindisc.pl\/wp-content\/uploads\/2021\/06\/mb-78ei.jpg 300w\" data-sizes=\"auto\" data-orig-sizes=\"(max-width: 1024px) 100vw, 300px\" \/><\/span><\/div><\/div><\/div><div class=\"fusion-layout-column fusion_builder_column fusion-builder-column-3 fusion_builder_column_1_3 1_3 fusion-flex-column fusion-animated\" style=\"--awb-bg-size:cover;--awb-width-large:33.333333333333%;--awb-margin-top-large:0px;--awb-spacing-right-large:5.76%;--awb-margin-bottom-large:20px;--awb-spacing-left-large:5.76%;--awb-width-medium:33.333333333333%;--awb-order-medium:0;--awb-spacing-right-medium:5.76%;--awb-spacing-left-medium:5.76%;--awb-width-small:100%;--awb-order-small:0;--awb-spacing-right-small:1.92%;--awb-spacing-left-small:1.92%;\" data-animationType=\"slideInLeft\" data-animationDuration=\"0.9\" data-animationOffset=\"top-into-view\"><div class=\"fusion-column-wrapper fusion-column-has-shadow fusion-flex-justify-content-flex-start fusion-content-layout-column\"><div class=\"fusion-image-element \" style=\"text-align:center;--awb-max-width:450px;--awb-caption-title-font-family:var(--h2_typography-font-family);--awb-caption-title-font-weight:var(--h2_typography-font-weight);--awb-caption-title-font-style:var(--h2_typography-font-style);--awb-caption-title-size:var(--h2_typography-font-size);--awb-caption-title-transform:var(--h2_typography-text-transform);--awb-caption-title-line-height:var(--h2_typography-line-height);--awb-caption-title-letter-spacing:var(--h2_typography-letter-spacing);\"><span class=\" fusion-imageframe imageframe-none imageframe-2 hover-type-none\"><img decoding=\"async\" width=\"300\" height=\"400\" title=\"mb-78ei-3\" src=\"https:\/\/sapor.twindisc.pl\/wp-content\/uploads\/2021\/06\/mb-78ei-3.jpg\" data-orig-src=\"http:\/\/sapor.twindisc.pl\/wp-content\/uploads\/2021\/06\/mb-78ei-3.jpg\" alt class=\"lazyload img-responsive wp-image-1445\" srcset=\"data:image\/svg+xml,%3Csvg%20xmlns%3D%27http%3A%2F%2Fwww.w3.org%2F2000%2Fsvg%27%20width%3D%27300%27%20height%3D%27400%27%20viewBox%3D%270%200%20300%20400%27%3E%3Crect%20width%3D%27300%27%20height%3D%27400%27%20fill-opacity%3D%220%22%2F%3E%3C%2Fsvg%3E\" data-srcset=\"https:\/\/sapor.twindisc.pl\/wp-content\/uploads\/2021\/06\/mb-78ei-3-200x267.jpg 200w, https:\/\/sapor.twindisc.pl\/wp-content\/uploads\/2021\/06\/mb-78ei-3.jpg 300w\" data-sizes=\"auto\" data-orig-sizes=\"(max-width: 1024px) 100vw, 300px\" \/><\/span><\/div><\/div><\/div><div class=\"fusion-layout-column fusion_builder_column fusion-builder-column-4 fusion_builder_column_2_3 2_3 fusion-flex-column fusion-flex-align-self-center fusion-animated\" style=\"--awb-bg-size:cover;--awb-width-large:66.666666666667%;--awb-margin-top-large:0px;--awb-spacing-right-large:2.88%;--awb-margin-bottom-large:20px;--awb-spacing-left-large:2.88%;--awb-width-medium:66.666666666667%;--awb-order-medium:0;--awb-spacing-right-medium:2.88%;--awb-spacing-left-medium:2.88%;--awb-width-small:100%;--awb-order-small:0;--awb-spacing-right-small:1.92%;--awb-spacing-left-small:1.92%;\" data-animationType=\"slideInRight\" data-animationDuration=\"0.9\" data-animationOffset=\"top-into-view\"><div class=\"fusion-column-wrapper fusion-column-has-shadow fusion-flex-justify-content-flex-start fusion-content-layout-column\">\n<div class=\"table-2\">\n<div class=\"table-2\">\n<div class=\"table-2\">\n<div class=\"table-2\">\n<div class=\"table-2\">\n<div class=\"table-2\">\n<table style=\"height: 345px;\" width=\"900\">\n<thead>\n<tr>\n<th align=\"left\">Informazioni fondamentali<\/th>\n<th align=\"left\"><\/th>\n<\/tr>\n<\/thead>\n<tbody>\n<tr>\n<td align=\"left\"><strong>Genere di infissi<\/strong><\/td>\n<td align=\"left\">infissi antincendio MB-78 EI<\/td>\n<\/tr>\n<tr>\n<td align=\"left\"><strong>Impiego<\/strong><\/td>\n<td align=\"left\">edifici di pubblica utilit\u00e0, industriali e commerciali<\/td>\n<\/tr>\n<tr>\n<td align=\"left\"><strong>Materiale<\/strong><\/td>\n<td align=\"left\">\u00a0alluminio<\/td>\n<\/tr>\n<tr>\n<td align=\"left\"><strong>Colori<\/strong><\/td>\n<td align=\"left\">diversi colori e finiture<\/td>\n<\/tr>\n<tr>\n<td align=\"left\"><strong>Classe di resistenza al fuoco<\/strong><\/td>\n<td align=\"left\">EI 30, EI 60, EI 90, EI 120<\/td>\n<\/tr>\n<tr>\n<td align=\"left\"><strong>Resistenza all\u2019azione del fuoco<\/strong><\/td>\n<td align=\"left\">s\u00ec<\/td>\n<\/tr>\n<tr>\n<td align=\"left\"><strong>Resistenza agli agenti atmosferici<\/strong><\/td>\n<td align=\"left\">s\u00ec<\/td>\n<\/tr>\n<tr>\n<td align=\"left\"><strong>Resistenza alle radiazioni UV<\/strong><\/td>\n<td align=\"left\">s\u00ec<\/td>\n<\/tr>\n<tr>\n<td align=\"left\"><strong>Resistenza all\u2019umidit\u00e0<\/strong><\/td>\n<td align=\"left\">s\u00ec<\/td>\n<\/tr>\n<tr>\n<td align=\"left\"><strong>Dimensioni disponibili<\/strong><\/td>\n<td align=\"left\">adattabili alle dimensioni dei serramenti antincendio<\/td>\n<\/tr>\n<\/tbody>\n<\/table>\n<\/div>\n<\/div>\n<\/div>\n<\/div>\n<\/div>\n<\/div>\n<\/div><\/div><div class=\"fusion-layout-column fusion_builder_column fusion-builder-column-5 fusion_builder_column_2_3 2_3 fusion-flex-column fusion-flex-align-self-center fusion-animated\" style=\"--awb-bg-size:cover;--awb-width-large:66.666666666667%;--awb-margin-top-large:0px;--awb-spacing-right-large:2.88%;--awb-margin-bottom-large:20px;--awb-spacing-left-large:2.88%;--awb-width-medium:66.666666666667%;--awb-order-medium:0;--awb-spacing-right-medium:2.88%;--awb-spacing-left-medium:2.88%;--awb-width-small:100%;--awb-order-small:0;--awb-spacing-right-small:1.92%;--awb-spacing-left-small:1.92%;\" data-animationType=\"slideInLeft\" data-animationDuration=\"0.9\" data-animationOffset=\"top-into-view\"><div class=\"fusion-column-wrapper fusion-column-has-shadow fusion-flex-justify-content-flex-start fusion-content-layout-column\">\n<div class=\"table-2\">\n<table width=\"100%\">\n<thead>\n<tr>\n<th align=\"left\">Specifiche tecniche<\/th>\n<th align=\"left\"><\/th>\n<\/tr>\n<\/thead>\n<tbody>\n<tr>\n<td align=\"left\"><strong>Profondit\u00e0 del profilo<\/strong><\/td>\n<td align=\"left\">78 mm<\/td>\n<\/tr>\n<tr>\n<td align=\"left\"><strong>Sistemi di profili<\/strong><\/td>\n<td align=\"left\">MB-78 EI<\/td>\n<\/tr>\n<tr>\n<td align=\"left\"><strong>Classe di resistenza al carico del vento<\/strong><\/td>\n<td align=\"left\">fino alla classe C5<\/td>\n<\/tr>\n<tr>\n<td align=\"left\"><strong>Tipo di vetrata<\/strong><\/td>\n<td align=\"left\">vetro resistente al fuoco, stratificato, temperato<\/td>\n<\/tr>\n<tr>\n<td align=\"left\"><strong>Altezza massima<\/strong><\/td>\n<td align=\"left\">adattabile al progetto<\/td>\n<\/tr>\n<tr>\n<td align=\"left\"><strong>Ampiezza massima<\/strong><\/td>\n<td align=\"left\">adattabile al progetto<\/td>\n<\/tr>\n<\/tbody>\n<\/table>\n<\/div>\n<\/div><\/div><div class=\"fusion-layout-column fusion_builder_column fusion-builder-column-6 fusion_builder_column_1_3 1_3 fusion-flex-column fusion-animated\" style=\"--awb-bg-size:cover;--awb-width-large:33.333333333333%;--awb-margin-top-large:0px;--awb-spacing-right-large:5.76%;--awb-margin-bottom-large:20px;--awb-spacing-left-large:5.76%;--awb-width-medium:33.333333333333%;--awb-order-medium:0;--awb-spacing-right-medium:5.76%;--awb-spacing-left-medium:5.76%;--awb-width-small:100%;--awb-order-small:0;--awb-spacing-right-small:1.92%;--awb-spacing-left-small:1.92%;\" data-animationType=\"slideInRight\" data-animationDuration=\"0.9\" data-animationOffset=\"top-into-view\"><div class=\"fusion-column-wrapper fusion-column-has-shadow fusion-flex-justify-content-flex-start fusion-content-layout-column\"><div class=\"fusion-image-element \" style=\"text-align:center;--awb-max-width:450px;--awb-caption-title-font-family:var(--h2_typography-font-family);--awb-caption-title-font-weight:var(--h2_typography-font-weight);--awb-caption-title-font-style:var(--h2_typography-font-style);--awb-caption-title-size:var(--h2_typography-font-size);--awb-caption-title-transform:var(--h2_typography-text-transform);--awb-caption-title-line-height:var(--h2_typography-line-height);--awb-caption-title-letter-spacing:var(--h2_typography-letter-spacing);\"><span class=\" fusion-imageframe imageframe-none imageframe-3 hover-type-none\"><img decoding=\"async\" width=\"300\" height=\"400\" title=\"mb-78ei-2\" src=\"https:\/\/sapor.twindisc.pl\/wp-content\/uploads\/2021\/06\/mb-78ei-2.jpg\" data-orig-src=\"http:\/\/sapor.twindisc.pl\/wp-content\/uploads\/2021\/06\/mb-78ei-2.jpg\" alt class=\"lazyload img-responsive wp-image-1449\" srcset=\"data:image\/svg+xml,%3Csvg%20xmlns%3D%27http%3A%2F%2Fwww.w3.org%2F2000%2Fsvg%27%20width%3D%27300%27%20height%3D%27400%27%20viewBox%3D%270%200%20300%20400%27%3E%3Crect%20width%3D%27300%27%20height%3D%27400%27%20fill-opacity%3D%220%22%2F%3E%3C%2Fsvg%3E\" data-srcset=\"https:\/\/sapor.twindisc.pl\/wp-content\/uploads\/2021\/06\/mb-78ei-2-200x267.jpg 200w, https:\/\/sapor.twindisc.pl\/wp-content\/uploads\/2021\/06\/mb-78ei-2.jpg 300w\" data-sizes=\"auto\" data-orig-sizes=\"(max-width: 1024px) 100vw, 300px\" \/><\/span><\/div><\/div><\/div><div class=\"fusion-layout-column fusion_builder_column fusion-builder-column-7 fusion_builder_column_1_1 1_1 fusion-flex-column fusion-animated\" style=\"--awb-bg-size:cover;--awb-width-large:100%;--awb-margin-top-large:80px;--awb-spacing-right-large:1.92%;--awb-margin-bottom-large:20px;--awb-spacing-left-large:1.92%;--awb-width-medium:100%;--awb-order-medium:0;--awb-spacing-right-medium:1.92%;--awb-spacing-left-medium:1.92%;--awb-width-small:100%;--awb-order-small:0;--awb-spacing-right-small:1.92%;--awb-spacing-left-small:1.92%;\" data-animationType=\"slideInLeft\" data-animationDuration=\"0.9\" data-animationOffset=\"top-into-view\"><div class=\"fusion-column-wrapper fusion-column-has-shadow fusion-flex-justify-content-flex-start fusion-content-layout-column\"><div class=\"fusion-text fusion-text-4\"><h2>Conosciamo gli infissi antincendio MB-78 EI<\/h2>\n<p>Gli infissi antincendio MB-78 EI rappresentano una soluzione avanzata per gli edifici che richiedono serramenti resistenti al fuoco di altissima classe. Realizzati in alluminio di alta qualit\u00e0, questi serramenti hanno un&#8217;eccellente resistenza al fuoco e garantiscono pertanto protezione e sicurezza in caso di incendio. Gli infissi antincendio MB-78 EI sono stati rispettivamente omologati nelle classi di resistenza al fuoco da EI 30 a EI 120, potendo pertanto essere selezionati in funzione delle diverse esigenze progettuali. Costituiscono la soluzione ideale per edifici pubblici, industriali e commerciali che si intende affidare a soluzioni di protezione innovative e affidabili.<\/p>\n<h3>Impiego degli infissi antincendio MB-78 EI:<\/h3>\n<p>&#8211; Negli ospedali, nelle scuole e nelle strutture pubbliche, dove la sicurezza \u00e8 una priorit\u00e0.<\/p>\n<p>&#8211; Nei capannoni industriali, nei magazzini e nelle strutture commerciali, per proteggere i beni e impedire la propagazione del fuoco.<\/p>\n<p>&#8211; Negli edifici commerciali e negli edifici per uffici dove esiste il rischio di incendio e sono richiesti serramenti che soddisfino le pi\u00f9 severe norme di sicurezza antincendio.<\/p>\n<h3>A chi raccomandiamo gli infissi antincendio MB-78 EI?<\/h3>\n<p>A investitori e architetti, che nei loro progetti danno priorit\u00e0 alla sicurezza e alla protezione contro gli incendi.<\/p>\n<p>Ai responsabili degli edifici pubblici e industriali che richiedono serramenti resistenti al fuoco di altissima qualit\u00e0.<\/p>\n<h3>Quale cliente finale potrebbe essere interessato agli infissi antincendio MB-78 EI?<\/h3>\n<p>Clienti che desiderano soddisfare i pi\u00f9 elevati standard di sicurezza antincendio e garantire la sicurezza delle proprie strutture.<\/p>\n<p>Investitori e sviluppatori che cercano soluzioni protettive affidabili e innovative per i loro progetti.<\/p>\n<h3>Una buona alternativa agli infissi antincendio MB-78 EI: infissi antincendio MB-78 EI REI<\/h3>\n<p>Se sei interessato a un livello di resistenza al fuoco ancora pi\u00f9 elevato, potresti considerare in alternativa gli infissi antincendio MB-78 EI REI. Questo modello offre caratteristiche antincendio pi\u00f9 ampie, per soddisfare i requisiti di progetti pi\u00f9 avanzati.<\/p>\n<h3>Maggiori informazioni sul produttore degli infissi antincendio MB-78 EI<\/h3>\n<p>L\u2019azienda produttrice degli infissi antincendio MB-78 EI \u00e8 apprezzata per le soluzioni antincendio di alta classe ed \u00e8 nota per il suo impegno per la sicurezza e per la qualit\u00e0 dei prodotti. Gli infissi antincendio MB-78 EI sono il risultato della sua continua ricerca e innovazione nel campo della protezione antincendio.<\/p>\n<h4>Maggiori informazioni sui punti di forza degli infissi antincendio MB-78 EI<\/h4>\n<p>&#8211; Eccellente resistenza al fuoco, che garantisce il massimo livello di sicurezza.<\/p>\n<p>&#8211; Resistenza agli agenti atmosferici, che garantisce una lunga durata dei serramenti.<\/p>\n<h3>Sintesi degli infissi antincendio MB-78 EI<\/h3>\n<p>Gli infissi antincendio MB-78 EI rappresentano una soluzione avanzata per gli edifici che richiedono serramenti resistenti al fuoco di altissima classe. Grazie ai parametri tecnici innovativi e a un&#8217;ampia gamma di classi di resistenza al fuoco, questi serramenti risultano idonei a diverse esigenze di progetto, garantendo protezione affidabile e sicurezza in caso di incendio.<\/p>\n<\/div><\/div><\/div><\/div><\/div>\n","protected":false},"excerpt":{"rendered":"","protected":false},"author":1,"featured_media":0,"parent":0,"menu_order":0,"comment_status":"closed","ping_status":"closed","template":"","meta":{"footnotes":""},"class_list":["post-3968","page","type-page","status-publish","hentry"],"yoast_head":"<!-- This site is optimized with the Yoast SEO plugin v26.5 - https:\/\/yoast.com\/wordpress\/plugins\/seo\/ -->\n<title>MB-78 EI - Sapor<\/title>\n<meta name=\"robots\" content=\"index, follow, max-snippet:-1, max-image-preview:large, max-video-preview:-1\" \/>\n<link rel=\"canonical\" href=\"https:\/\/sapor.twindisc.pl\/it\/mb-78-ei\/\" \/>\n<meta property=\"og:locale\" content=\"it_IT\" \/>\n<meta property=\"og:type\" content=\"article\" \/>\n<meta property=\"og:title\" content=\"MB-78 EI - Sapor\" \/>\n<meta property=\"og:url\" content=\"https:\/\/sapor.twindisc.pl\/it\/mb-78-ei\/\" \/>\n<meta property=\"og:site_name\" content=\"Sapor\" \/>\n<meta property=\"article:publisher\" content=\"https:\/\/www.facebook.com\/SAPOR.Fabryka.okien.i.drzwi\/\" \/>\n<meta property=\"article:modified_time\" content=\"2023-12-03T19:47:43+00:00\" \/>\n<meta name=\"twitter:card\" content=\"summary_large_image\" \/>\n<meta name=\"twitter:label1\" content=\"Tempo di lettura stimato\" \/>\n\t<meta name=\"twitter:data1\" content=\"13 minuti\" \/>\n<script type=\"application\/ld+json\" class=\"yoast-schema-graph\">{\"@context\":\"https:\/\/schema.org\",\"@graph\":[{\"@type\":\"WebPage\",\"@id\":\"https:\/\/sapor.twindisc.pl\/it\/mb-78-ei\/\",\"url\":\"https:\/\/sapor.twindisc.pl\/it\/mb-78-ei\/\",\"name\":\"MB-78 EI - Sapor\",\"isPartOf\":{\"@id\":\"https:\/\/sapor.twindisc.pl\/#website\"},\"datePublished\":\"2021-06-03T09:54:17+00:00\",\"dateModified\":\"2023-12-03T19:47:43+00:00\",\"breadcrumb\":{\"@id\":\"https:\/\/sapor.twindisc.pl\/it\/mb-78-ei\/#breadcrumb\"},\"inLanguage\":\"it-IT\",\"potentialAction\":[{\"@type\":\"ReadAction\",\"target\":[\"https:\/\/sapor.twindisc.pl\/it\/mb-78-ei\/\"]}]},{\"@type\":\"BreadcrumbList\",\"@id\":\"https:\/\/sapor.twindisc.pl\/it\/mb-78-ei\/#breadcrumb\",\"itemListElement\":[{\"@type\":\"ListItem\",\"position\":1,\"name\":\"Homepage\",\"item\":\"https:\/\/sapor.twindisc.pl\/it\/\"},{\"@type\":\"ListItem\",\"position\":2,\"name\":\"MB-78 EI\"}]},{\"@type\":\"WebSite\",\"@id\":\"https:\/\/sapor.twindisc.pl\/#website\",\"url\":\"https:\/\/sapor.twindisc.pl\/\",\"name\":\"Sapor\",\"description\":\"\",\"publisher\":{\"@id\":\"https:\/\/sapor.twindisc.pl\/#organization\"},\"potentialAction\":[{\"@type\":\"SearchAction\",\"target\":{\"@type\":\"EntryPoint\",\"urlTemplate\":\"https:\/\/sapor.twindisc.pl\/?s={search_term_string}\"},\"query-input\":{\"@type\":\"PropertyValueSpecification\",\"valueRequired\":true,\"valueName\":\"search_term_string\"}}],\"inLanguage\":\"it-IT\"},{\"@type\":\"Organization\",\"@id\":\"https:\/\/sapor.twindisc.pl\/#organization\",\"name\":\"Sapor Sp. z o. o.\",\"url\":\"https:\/\/sapor.twindisc.pl\/\",\"logo\":{\"@type\":\"ImageObject\",\"inLanguage\":\"it-IT\",\"@id\":\"https:\/\/sapor.twindisc.pl\/#\/schema\/logo\/image\/\",\"url\":\"http:\/\/sapor.twindisc.pl\/wp-content\/uploads\/2021\/04\/logo-sapor-e1618419520128.png\",\"contentUrl\":\"http:\/\/sapor.twindisc.pl\/wp-content\/uploads\/2021\/04\/logo-sapor-e1618419520128.png\",\"width\":140,\"height\":67,\"caption\":\"Sapor Sp. z o. o.\"},\"image\":{\"@id\":\"https:\/\/sapor.twindisc.pl\/#\/schema\/logo\/image\/\"},\"sameAs\":[\"https:\/\/www.facebook.com\/SAPOR.Fabryka.okien.i.drzwi\/\"]}]}<\/script>\n<!-- \/ Yoast SEO plugin. -->","yoast_head_json":{"title":"MB-78 EI - Sapor","robots":{"index":"index","follow":"follow","max-snippet":"max-snippet:-1","max-image-preview":"max-image-preview:large","max-video-preview":"max-video-preview:-1"},"canonical":"https:\/\/sapor.twindisc.pl\/it\/mb-78-ei\/","og_locale":"it_IT","og_type":"article","og_title":"MB-78 EI - Sapor","og_url":"https:\/\/sapor.twindisc.pl\/it\/mb-78-ei\/","og_site_name":"Sapor","article_publisher":"https:\/\/www.facebook.com\/SAPOR.Fabryka.okien.i.drzwi\/","article_modified_time":"2023-12-03T19:47:43+00:00","twitter_card":"summary_large_image","twitter_misc":{"Tempo di lettura stimato":"13 minuti"},"schema":{"@context":"https:\/\/schema.org","@graph":[{"@type":"WebPage","@id":"https:\/\/sapor.twindisc.pl\/it\/mb-78-ei\/","url":"https:\/\/sapor.twindisc.pl\/it\/mb-78-ei\/","name":"MB-78 EI - Sapor","isPartOf":{"@id":"https:\/\/sapor.twindisc.pl\/#website"},"datePublished":"2021-06-03T09:54:17+00:00","dateModified":"2023-12-03T19:47:43+00:00","breadcrumb":{"@id":"https:\/\/sapor.twindisc.pl\/it\/mb-78-ei\/#breadcrumb"},"inLanguage":"it-IT","potentialAction":[{"@type":"ReadAction","target":["https:\/\/sapor.twindisc.pl\/it\/mb-78-ei\/"]}]},{"@type":"BreadcrumbList","@id":"https:\/\/sapor.twindisc.pl\/it\/mb-78-ei\/#breadcrumb","itemListElement":[{"@type":"ListItem","position":1,"name":"Homepage","item":"https:\/\/sapor.twindisc.pl\/it\/"},{"@type":"ListItem","position":2,"name":"MB-78 EI"}]},{"@type":"WebSite","@id":"https:\/\/sapor.twindisc.pl\/#website","url":"https:\/\/sapor.twindisc.pl\/","name":"Sapor","description":"","publisher":{"@id":"https:\/\/sapor.twindisc.pl\/#organization"},"potentialAction":[{"@type":"SearchAction","target":{"@type":"EntryPoint","urlTemplate":"https:\/\/sapor.twindisc.pl\/?s={search_term_string}"},"query-input":{"@type":"PropertyValueSpecification","valueRequired":true,"valueName":"search_term_string"}}],"inLanguage":"it-IT"},{"@type":"Organization","@id":"https:\/\/sapor.twindisc.pl\/#organization","name":"Sapor Sp. z o. o.","url":"https:\/\/sapor.twindisc.pl\/","logo":{"@type":"ImageObject","inLanguage":"it-IT","@id":"https:\/\/sapor.twindisc.pl\/#\/schema\/logo\/image\/","url":"http:\/\/sapor.twindisc.pl\/wp-content\/uploads\/2021\/04\/logo-sapor-e1618419520128.png","contentUrl":"http:\/\/sapor.twindisc.pl\/wp-content\/uploads\/2021\/04\/logo-sapor-e1618419520128.png","width":140,"height":67,"caption":"Sapor Sp. z o. o."},"image":{"@id":"https:\/\/sapor.twindisc.pl\/#\/schema\/logo\/image\/"},"sameAs":["https:\/\/www.facebook.com\/SAPOR.Fabryka.okien.i.drzwi\/"]}]}},"_links":{"self":[{"href":"https:\/\/sapor.twindisc.pl\/it\/wp-json\/wp\/v2\/pages\/3968","targetHints":{"allow":["GET"]}}],"collection":[{"href":"https:\/\/sapor.twindisc.pl\/it\/wp-json\/wp\/v2\/pages"}],"about":[{"href":"https:\/\/sapor.twindisc.pl\/it\/wp-json\/wp\/v2\/types\/page"}],"author":[{"embeddable":true,"href":"https:\/\/sapor.twindisc.pl\/it\/wp-json\/wp\/v2\/users\/1"}],"replies":[{"embeddable":true,"href":"https:\/\/sapor.twindisc.pl\/it\/wp-json\/wp\/v2\/comments?post=3968"}],"version-history":[{"count":3,"href":"https:\/\/sapor.twindisc.pl\/it\/wp-json\/wp\/v2\/pages\/3968\/revisions"}],"predecessor-version":[{"id":7315,"href":"https:\/\/sapor.twindisc.pl\/it\/wp-json\/wp\/v2\/pages\/3968\/revisions\/7315"}],"wp:attachment":[{"href":"https:\/\/sapor.twindisc.pl\/it\/wp-json\/wp\/v2\/media?parent=3968"}],"curies":[{"name":"wp","href":"https:\/\/api.w.org\/{rel}","templated":true}]}}