{"id":3997,"date":"2021-06-03T12:51:39","date_gmt":"2021-06-03T10:51:39","guid":{"rendered":"http:\/\/sapor.twindisc.pl\/mb-sr50n-efekt\/"},"modified":"2023-12-03T20:42:34","modified_gmt":"2023-12-03T19:42:34","slug":"mb-sr50n-efekt","status":"publish","type":"page","link":"https:\/\/sapor.twindisc.pl\/it\/mb-sr50n-efekt\/","title":{"rendered":"MB-SR50N EFEKT"},"content":{"rendered":"<div class=\"fusion-fullwidth fullwidth-box fusion-builder-row-1 fusion-flex-container nonhundred-percent-fullwidth non-hundred-percent-height-scrolling\" style=\"--awb-border-radius-top-left:0px;--awb-border-radius-top-right:0px;--awb-border-radius-bottom-right:0px;--awb-border-radius-bottom-left:0px;--awb-flex-wrap:wrap;\" ><div class=\"fusion-builder-row fusion-row fusion-flex-align-items-flex-start fusion-flex-content-wrap\" style=\"max-width:1528.8px;margin-left: calc(-4% \/ 2 );margin-right: calc(-4% \/ 2 );\"><div class=\"fusion-layout-column fusion_builder_column fusion-builder-column-0 fusion_builder_column_1_1 1_1 fusion-flex-column\" style=\"--awb-bg-size:cover;--awb-width-large:100%;--awb-margin-top-large:0px;--awb-spacing-right-large:1.92%;--awb-margin-bottom-large:20px;--awb-spacing-left-large:1.92%;--awb-width-medium:100%;--awb-order-medium:0;--awb-spacing-right-medium:1.92%;--awb-spacing-left-medium:1.92%;--awb-width-small:100%;--awb-order-small:0;--awb-spacing-right-small:1.92%;--awb-spacing-left-small:1.92%;\"><div class=\"fusion-column-wrapper fusion-column-has-shadow fusion-flex-justify-content-flex-start fusion-content-layout-column\"><div class=\"fusion-text fusion-text-1\"><h2><span style=\"font-weight: 400;\">Facciata in alluminio MB-SR50N EFEKT<\/span><\/h2>\n<\/div><div class=\"fusion-text fusion-text-2\"><h4>Eleganza ed efficienza energetica | una soluzione unica per edifici dall&#8217;aspetto esclusivo<\/h4>\n<\/div><\/div><\/div><div class=\"fusion-layout-column fusion_builder_column fusion-builder-column-1 fusion_builder_column_1_2 1_2 fusion-flex-column fusion-flex-align-self-center fusion-animated\" style=\"--awb-bg-size:cover;--awb-width-large:50%;--awb-margin-top-large:0px;--awb-spacing-right-large:3.84%;--awb-margin-bottom-large:20px;--awb-spacing-left-large:3.84%;--awb-width-medium:50%;--awb-order-medium:0;--awb-spacing-right-medium:3.84%;--awb-spacing-left-medium:3.84%;--awb-width-small:100%;--awb-order-small:0;--awb-spacing-right-small:1.92%;--awb-spacing-left-small:1.92%;\" data-animationType=\"slideInLeft\" data-animationDuration=\"0.9\" data-animationOffset=\"top-into-view\"><div class=\"fusion-column-wrapper fusion-column-has-shadow fusion-flex-justify-content-flex-start fusion-content-layout-column\"><div class=\"fusion-text fusion-text-3\" style=\"--awb-font-size:18px;--awb-margin-right:10px;--awb-margin-left:10px;\"><p>La facciata in alluminio MB-SR50N EFEKT \u00e8 una soluzione moderna e attraente per edifici che sorprendano per il loro aspetto e che assicurino nel contempo un&#8217;elevata efficienza energetica. Realizzata in alluminio di alta qualit\u00e0, questa facciata si caratterizza non solo per il design elegante, ma anche per l\u2019ottimo isolamento termico, che si traduce in risparmio energetico e minimizzazione dei costi di gestione. La facciata MB-SR50N EFEKT consente di creare progetti architettonici straordinari ed esclusivi, che attirano l&#8217;attenzione con il loro carattere<\/p>\n<\/div><\/div><\/div><div class=\"fusion-layout-column fusion_builder_column fusion-builder-column-2 fusion_builder_column_1_2 1_2 fusion-flex-column fusion-flex-align-self-center fusion-animated\" style=\"--awb-padding-top-small:0px;--awb-bg-size:cover;--awb-width-large:50%;--awb-margin-top-large:0px;--awb-spacing-right-large:3.84%;--awb-margin-bottom-large:20px;--awb-spacing-left-large:3.84%;--awb-width-medium:50%;--awb-order-medium:0;--awb-spacing-right-medium:3.84%;--awb-spacing-left-medium:3.84%;--awb-width-small:100%;--awb-order-small:0;--awb-spacing-right-small:1.92%;--awb-spacing-left-small:1.92%;\" data-animationType=\"slideInRight\" data-animationDuration=\"0.9\" data-animationOffset=\"top-into-view\"><div class=\"fusion-column-wrapper fusion-column-has-shadow fusion-flex-justify-content-flex-start fusion-content-layout-column\"><div class=\"fusion-image-element \" style=\"text-align:center;--awb-max-width:450px;--awb-caption-title-font-family:var(--h2_typography-font-family);--awb-caption-title-font-weight:var(--h2_typography-font-weight);--awb-caption-title-font-style:var(--h2_typography-font-style);--awb-caption-title-size:var(--h2_typography-font-size);--awb-caption-title-transform:var(--h2_typography-text-transform);--awb-caption-title-line-height:var(--h2_typography-line-height);--awb-caption-title-letter-spacing:var(--h2_typography-letter-spacing);\"><span class=\" fusion-imageframe imageframe-none imageframe-1 hover-type-none\"><img decoding=\"async\" width=\"300\" height=\"400\" title=\"mb-sr50n-efekt\" src=\"https:\/\/sapor.twindisc.pl\/wp-content\/uploads\/2021\/06\/mb-sr50n-efekt.jpg\" data-orig-src=\"http:\/\/sapor.twindisc.pl\/wp-content\/uploads\/2021\/06\/mb-sr50n-efekt.jpg\" alt class=\"lazyload img-responsive wp-image-1473\" srcset=\"data:image\/svg+xml,%3Csvg%20xmlns%3D%27http%3A%2F%2Fwww.w3.org%2F2000%2Fsvg%27%20width%3D%27300%27%20height%3D%27400%27%20viewBox%3D%270%200%20300%20400%27%3E%3Crect%20width%3D%27300%27%20height%3D%27400%27%20fill-opacity%3D%220%22%2F%3E%3C%2Fsvg%3E\" data-srcset=\"https:\/\/sapor.twindisc.pl\/wp-content\/uploads\/2021\/06\/mb-sr50n-efekt-200x267.jpg 200w, https:\/\/sapor.twindisc.pl\/wp-content\/uploads\/2021\/06\/mb-sr50n-efekt.jpg 300w\" data-sizes=\"auto\" data-orig-sizes=\"(max-width: 1024px) 100vw, 300px\" \/><\/span><\/div><\/div><\/div><div class=\"fusion-layout-column fusion_builder_column fusion-builder-column-3 fusion_builder_column_1_3 1_3 fusion-flex-column fusion-flex-align-self-center fusion-animated\" style=\"--awb-bg-size:cover;--awb-width-large:33.333333333333%;--awb-margin-top-large:0px;--awb-spacing-right-large:5.76%;--awb-margin-bottom-large:20px;--awb-spacing-left-large:5.76%;--awb-width-medium:33.333333333333%;--awb-order-medium:0;--awb-spacing-right-medium:5.76%;--awb-spacing-left-medium:5.76%;--awb-width-small:100%;--awb-order-small:0;--awb-spacing-right-small:1.92%;--awb-spacing-left-small:1.92%;\" data-animationType=\"slideInLeft\" data-animationDuration=\"0.9\" data-animationOffset=\"top-into-view\"><div class=\"fusion-column-wrapper fusion-column-has-shadow fusion-flex-justify-content-flex-start fusion-content-layout-column\"><div class=\"fusion-image-element \" style=\"text-align:center;--awb-caption-title-font-family:var(--h2_typography-font-family);--awb-caption-title-font-weight:var(--h2_typography-font-weight);--awb-caption-title-font-style:var(--h2_typography-font-style);--awb-caption-title-size:var(--h2_typography-font-size);--awb-caption-title-transform:var(--h2_typography-text-transform);--awb-caption-title-line-height:var(--h2_typography-line-height);--awb-caption-title-letter-spacing:var(--h2_typography-letter-spacing);\"><span class=\" fusion-imageframe imageframe-none imageframe-2 hover-type-none\"><img decoding=\"async\" width=\"300\" height=\"400\" title=\"mb-sr50n-efekt-2\" src=\"https:\/\/sapor.twindisc.pl\/wp-content\/uploads\/2021\/06\/mb-sr50n-efekt-2.jpg\" data-orig-src=\"http:\/\/sapor.twindisc.pl\/wp-content\/uploads\/2021\/06\/mb-sr50n-efekt-2.jpg\" alt class=\"lazyload img-responsive wp-image-1543\" srcset=\"data:image\/svg+xml,%3Csvg%20xmlns%3D%27http%3A%2F%2Fwww.w3.org%2F2000%2Fsvg%27%20width%3D%27300%27%20height%3D%27400%27%20viewBox%3D%270%200%20300%20400%27%3E%3Crect%20width%3D%27300%27%20height%3D%27400%27%20fill-opacity%3D%220%22%2F%3E%3C%2Fsvg%3E\" data-srcset=\"https:\/\/sapor.twindisc.pl\/wp-content\/uploads\/2021\/06\/mb-sr50n-efekt-2-200x267.jpg 200w, https:\/\/sapor.twindisc.pl\/wp-content\/uploads\/2021\/06\/mb-sr50n-efekt-2.jpg 300w\" data-sizes=\"auto\" data-orig-sizes=\"(max-width: 1024px) 100vw, 300px\" \/><\/span><\/div><\/div><\/div><div class=\"fusion-layout-column fusion_builder_column fusion-builder-column-4 fusion_builder_column_2_3 2_3 fusion-flex-column fusion-flex-align-self-center fusion-animated\" style=\"--awb-bg-size:cover;--awb-width-large:66.666666666667%;--awb-margin-top-large:0px;--awb-spacing-right-large:2.88%;--awb-margin-bottom-large:20px;--awb-spacing-left-large:2.88%;--awb-width-medium:66.666666666667%;--awb-order-medium:0;--awb-spacing-right-medium:2.88%;--awb-spacing-left-medium:2.88%;--awb-width-small:100%;--awb-order-small:0;--awb-spacing-right-small:1.92%;--awb-spacing-left-small:1.92%;\" data-animationType=\"slideInRight\" data-animationDuration=\"0.9\" data-animationOffset=\"top-into-view\"><div class=\"fusion-column-wrapper fusion-column-has-shadow fusion-flex-justify-content-flex-start fusion-content-layout-column\">\n<div class=\"table-2\">\n<table width=\"100%\">\n<thead>\n<tr>\n<th align=\"left\">Informazioni fondamentali<\/th>\n<th align=\"left\"><\/th>\n<\/tr>\n<\/thead>\n<tbody>\n<tr>\n<td align=\"left\"><strong>Genere di facciata<\/strong><\/td>\n<td align=\"left\">facciata in alluminio MB-SR50N EFEKT<\/td>\n<\/tr>\n<tr>\n<td align=\"left\"><strong>Impiego<\/strong><\/td>\n<td align=\"left\">edifici per uffici, residenziali e di pubblica utilit\u00e0<\/td>\n<\/tr>\n<tr>\n<td align=\"left\"><strong>Materiale<\/strong><\/td>\n<td align=\"left\">alluminio<\/td>\n<\/tr>\n<tr>\n<td align=\"left\"><strong>Colori<\/strong><\/td>\n<td align=\"left\">diversi colori e finiture<\/td>\n<\/tr>\n<tr>\n<td align=\"left\"><strong>Isolamento termico<\/strong><\/td>\n<td align=\"left\">elevato<\/td>\n<\/tr>\n<tr>\n<td align=\"left\"><strong>Resistenza agli agenti atmosferici<\/strong><\/td>\n<td align=\"left\">S\u00ec<\/td>\n<\/tr>\n<tr>\n<td align=\"left\"><strong>Resistenza alle radiazioni UV<\/strong><\/td>\n<td align=\"left\">S\u00ec<\/td>\n<\/tr>\n<tr>\n<td align=\"left\"><strong>Resistenza all\u2019umidit\u00e0<\/strong><\/td>\n<td align=\"left\">S\u00ec<\/td>\n<\/tr>\n<tr>\n<td align=\"left\"><strong>Dimensioni disponibili<\/strong><\/td>\n<td align=\"left\">conformate alle dimensioni della facciata<\/td>\n<\/tr>\n<\/tbody>\n<\/table>\n<\/div>\n<\/div><\/div><div class=\"fusion-layout-column fusion_builder_column fusion-builder-column-5 fusion_builder_column_1_1 1_1 fusion-flex-column\" style=\"--awb-bg-size:cover;--awb-width-large:100%;--awb-margin-top-large:0px;--awb-spacing-right-large:1.92%;--awb-margin-bottom-large:20px;--awb-spacing-left-large:1.92%;--awb-width-medium:100%;--awb-order-medium:0;--awb-spacing-right-medium:1.92%;--awb-spacing-left-medium:1.92%;--awb-width-small:100%;--awb-order-small:0;--awb-spacing-right-small:1.92%;--awb-spacing-left-small:1.92%;\"><div class=\"fusion-column-wrapper fusion-column-has-shadow fusion-flex-justify-content-flex-start fusion-content-layout-column\">\n<div class=\"table-2\">\n<table width=\"100%\">\n<thead>\n<tr>\n<th align=\"left\">Specifiche tecniche<\/th>\n<th align=\"left\"><\/th>\n<\/tr>\n<\/thead>\n<tbody>\n<tr>\n<td align=\"left\"><strong>Profondit\u00e0 del profilo<\/strong><\/td>\n<td align=\"left\">50 mm<\/td>\n<\/tr>\n<tr>\n<td align=\"left\"><strong>Sistemi di profili<\/strong><\/td>\n<td align=\"left\">MB-SR50N EFEKT<\/td>\n<\/tr>\n<tr>\n<td align=\"left\"><strong>Isolamento termico<\/strong><\/td>\n<td align=\"left\">Uf da 1,0 W\/m2K<\/td>\n<\/tr>\n<tr>\n<td align=\"left\"><strong>Tipo di vetrata<\/strong><\/td>\n<td align=\"left\">vetrate termoisolanti, con protezione solare e acustica<\/td>\n<\/tr>\n<tr>\n<td align=\"left\"><strong>Altezza massima<\/strong><\/td>\n<td align=\"left\">conformata al progetto<\/td>\n<\/tr>\n<tr>\n<td align=\"left\"><strong>Ampiezza massima<\/strong><\/td>\n<td align=\"left\">conformata al progetto<\/td>\n<\/tr>\n<\/tbody>\n<\/table>\n<\/div>\n<\/div><\/div><div class=\"fusion-layout-column fusion_builder_column fusion-builder-column-6 fusion_builder_column_2_3 2_3 fusion-flex-column fusion-animated\" style=\"--awb-bg-size:cover;--awb-width-large:66.666666666667%;--awb-margin-top-large:80px;--awb-spacing-right-large:2.88%;--awb-margin-bottom-large:20px;--awb-spacing-left-large:2.88%;--awb-width-medium:66.666666666667%;--awb-order-medium:0;--awb-spacing-right-medium:2.88%;--awb-spacing-left-medium:2.88%;--awb-width-small:100%;--awb-order-small:0;--awb-spacing-right-small:1.92%;--awb-spacing-left-small:1.92%;\" data-animationType=\"slideInLeft\" data-animationDuration=\"0.9\" data-animationOffset=\"top-into-view\"><div class=\"fusion-column-wrapper fusion-column-has-shadow fusion-flex-justify-content-flex-start fusion-content-layout-column\"><\/div><\/div><div class=\"fusion-layout-column fusion_builder_column fusion-builder-column-7 fusion_builder_column_1_3 1_3 fusion-flex-column fusion-flex-align-self-center fusion-animated\" style=\"--awb-bg-size:cover;--awb-width-large:33.333333333333%;--awb-margin-top-large:80px;--awb-spacing-right-large:5.76%;--awb-margin-bottom-large:20px;--awb-spacing-left-large:5.76%;--awb-width-medium:33.333333333333%;--awb-order-medium:0;--awb-spacing-right-medium:5.76%;--awb-spacing-left-medium:5.76%;--awb-width-small:100%;--awb-order-small:0;--awb-spacing-right-small:1.92%;--awb-spacing-left-small:1.92%;\" data-animationType=\"slideInRight\" data-animationDuration=\"0.9\" data-animationOffset=\"top-into-view\"><div class=\"fusion-column-wrapper fusion-column-has-shadow fusion-flex-justify-content-flex-start fusion-content-layout-column\"><div class=\"fusion-title title fusion-title-1 fusion-sep-none fusion-title-center fusion-title-text fusion-title-size-three\"><h3 class=\"fusion-title-heading title-heading-center fusion-responsive-typography-calculated\" style=\"margin:0;--fontSize:32;line-height:1.3;\"><p style=\"text-align: center;\">Per scaricare<\/p><\/h3><\/div><div style=\"text-align:center;\"><a class=\"fusion-button button-flat fusion-button-default-size button-custom fusion-button-default button-1 fusion-button-default-span fusion-button-default-type\" style=\"--button_accent_color:#ffffff;--button_accent_hover_color:#ffffff;--button_border_hover_color:#780404;--button-border-radius-top-left:0;--button-border-radius-top-right:0;--button-border-radius-bottom-right:0;--button-border-radius-bottom-left:0;--button_gradient_top_color:var(--awb-custom_color_1);--button_gradient_bottom_color:var(--awb-custom_color_1);--button_gradient_top_color_hover:var(--awb-custom_color_2);--button_gradient_bottom_color_hover:var(--awb-custom_color_2);\" target=\"_blank\" rel=\"noopener noreferrer\" href=\"\/wp-content\/uploads\/2021\/06\/ulotka_MB-SR50NPL.pdf\"><i class=\"fa-file-pdf fas button-icon-left\" aria-hidden=\"true\"><\/i><span class=\"fusion-button-text\">Opuscolo MB-SR50N EFEKT<\/span><\/a><\/div><\/div><\/div><div class=\"fusion-layout-column fusion_builder_column fusion-builder-column-8 fusion_builder_column_1_1 1_1 fusion-flex-column fusion-flex-align-self-center fusion-animated\" style=\"--awb-bg-size:cover;--awb-width-large:100%;--awb-margin-top-large:0px;--awb-spacing-right-large:1.92%;--awb-margin-bottom-large:20px;--awb-spacing-left-large:1.92%;--awb-width-medium:100%;--awb-order-medium:0;--awb-spacing-right-medium:1.92%;--awb-spacing-left-medium:1.92%;--awb-width-small:100%;--awb-order-small:0;--awb-spacing-right-small:1.92%;--awb-spacing-left-small:1.92%;\" data-animationType=\"slideInLeft\" data-animationDuration=\"0.9\" data-animationOffset=\"top-into-view\"><div class=\"fusion-column-wrapper fusion-column-has-shadow fusion-flex-justify-content-flex-start fusion-content-layout-column\"><div class=\"fusion-text fusion-text-4\"><h2>Scopri la facciata in alluminio MB-SR50N EFEKT<\/h2>\n<p>La facciata in alluminio MB-SR50N EFEKT \u00e8 una soluzione moderna e attraente per edifici che sorprendano per il loro aspetto e che assicurino nel contempo un&#8217;elevata efficienza energetica. Realizzata in alluminio di alta qualit\u00e0, questa facciata si caratterizza non solo per il design elegante, ma anche per l\u2019ottimo isolamento termico, che si traduce in risparmio energetico e minimizzazione dei costi di gestione. La facciata MB-SR50N EFEKT consente di creare progetti architettonici straordinari ed esclusivi, che attirano l&#8217;attenzione con il loro carattere.<\/p>\n<h3>Impieghi della facciata in alluminio MB-SR50N EFEKT:<\/h3>\n<p>&#8211; Nei moderni edifici per uffici e negli edifici residenziali, dove l&#8217;eleganza e il design esclusivo sono importanti.<\/p>\n<p>&#8211; Nei centri commerciali e nei ristoranti, per sottolineare il prestigio e l&#8217;originalit\u00e0 del marchio.<\/p>\n<p>&#8211; Negli alberghi e nelle strutture pubbliche, dove l&#8217;estetica va di pari passo con la funzionalit\u00e0.<\/p>\n<h3>A chi raccomandiamo la facciata in alluminio MB-SR50N EFEKT?<\/h3>\n<p>Ad architetti, investitori e sviluppatori che vogliono creare edifici esclusivi e straordinari, dal carattere inimitabile.<\/p>\n<p>Ai titolari di aziende e istituzioni, che apprezzano l&#8217;estetica e l&#8217;eleganza, ma hanno anche a cuore il risparmio energetico e l&#8217;ambiente.<\/p>\n<h3>Quale cliente finale potrebbe essere interessato alla facciata in alluminio MB-SR50N EFEKT?<\/h3>\n<p>Clienti che cercano soluzioni architettoniche che distinguano il proprio edificio dagli altri.<\/p>\n<p>Investitori che desiderano creare un edificio che sia efficiente dal punto di vista energetico ed esclusivo in relazione all\u2019aspetto.<\/p>\n<h3>Una buona alternativa alla facciata in alluminio MB-SR50N EFEKT: facciata in alluminio MB-SR50N HI<\/h3>\n<p>Se sei interessato a un ulteriore risparmio energetico e a un&#8217;elevata efficienza termica, dovresti considerare in alternativa la facciata in alluminio MB-SR50N HI. Questo modello offre parametri di isolamento termico ancora migliori, pur mantenendo l&#8217;aspetto elegante della facciata.<\/p>\n<h3>Maggiori informazioni sul produttore della facciata in alluminio MB-SR50N EFEKT<\/h3>\n<p>L&#8217;azienda produttrice di facciate in alluminio MB-SR50N EFEKT \u00e8 apprezzata per le soluzioni in alluminio di alta qualit\u00e0 ed \u00e8 nota per la lavorazione di precisione e il design moderno. Le facciate in alluminio MB-SR50N EFEKT sono il risultato del suo impegno nel fornire soluzioni esclusive e spettacolari per una grande variet\u00e0 di progetti.<\/p>\n<h4>Maggiori informazioni sui punti di forza della facciata in alluminio MB-SR50N EFEKT:<\/h4>\n<p>&#8211; Design elegante e possibilit\u00e0 di creare progetti architettonici straordinari.<\/p>\n<p>&#8211; Elevato isolamento termico, che produce risparmio energetico e interni confortevoli.<\/p>\n<h3>Sintesi della facciata in alluminio MB-SR50N EFEKT:<\/h3>\n<p>La facciata in alluminio MB-SR50N EFEKT \u00e8 una combinazione di eleganza ed efficienza energetica, ideale per progetti di edifici che vogliono distinguersi dagli altri. Grazie ai parametri tecnici avanzati, questa facciata \u00e8 adatta a diverse applicazioni e soddisfa i requisiti dell\u2019edilizia moderna.<\/p>\n<\/div><\/div><\/div><\/div><\/div>\n","protected":false},"excerpt":{"rendered":"","protected":false},"author":1,"featured_media":0,"parent":0,"menu_order":0,"comment_status":"closed","ping_status":"closed","template":"","meta":{"footnotes":""},"class_list":["post-3997","page","type-page","status-publish","hentry"],"yoast_head":"<!-- This site is optimized with the Yoast SEO plugin v26.5 - https:\/\/yoast.com\/wordpress\/plugins\/seo\/ -->\n<title>MB-SR50N EFEKT - Sapor<\/title>\n<meta name=\"robots\" content=\"index, follow, max-snippet:-1, max-image-preview:large, max-video-preview:-1\" \/>\n<link rel=\"canonical\" href=\"http:\/\/sapor.twindisc.pl\/it\/mb-sr50n-efekt\/\" \/>\n<meta property=\"og:locale\" content=\"it_IT\" \/>\n<meta property=\"og:type\" content=\"article\" \/>\n<meta property=\"og:title\" content=\"MB-SR50N EFEKT - Sapor\" \/>\n<meta property=\"og:url\" content=\"http:\/\/sapor.twindisc.pl\/it\/mb-sr50n-efekt\/\" \/>\n<meta property=\"og:site_name\" content=\"Sapor\" \/>\n<meta property=\"article:publisher\" content=\"https:\/\/www.facebook.com\/SAPOR.Fabryka.okien.i.drzwi\/\" \/>\n<meta property=\"article:modified_time\" content=\"2023-12-03T19:42:34+00:00\" \/>\n<meta name=\"twitter:card\" content=\"summary_large_image\" \/>\n<meta name=\"twitter:label1\" content=\"Tempo di lettura stimato\" \/>\n\t<meta name=\"twitter:data1\" content=\"12 minuti\" \/>\n<script type=\"application\/ld+json\" class=\"yoast-schema-graph\">{\"@context\":\"https:\/\/schema.org\",\"@graph\":[{\"@type\":\"WebPage\",\"@id\":\"http:\/\/sapor.twindisc.pl\/it\/mb-sr50n-efekt\/\",\"url\":\"http:\/\/sapor.twindisc.pl\/it\/mb-sr50n-efekt\/\",\"name\":\"MB-SR50N EFEKT - Sapor\",\"isPartOf\":{\"@id\":\"https:\/\/sapor.twindisc.pl\/#website\"},\"datePublished\":\"2021-06-03T10:51:39+00:00\",\"dateModified\":\"2023-12-03T19:42:34+00:00\",\"breadcrumb\":{\"@id\":\"http:\/\/sapor.twindisc.pl\/it\/mb-sr50n-efekt\/#breadcrumb\"},\"inLanguage\":\"it-IT\",\"potentialAction\":[{\"@type\":\"ReadAction\",\"target\":[\"http:\/\/sapor.twindisc.pl\/it\/mb-sr50n-efekt\/\"]}]},{\"@type\":\"BreadcrumbList\",\"@id\":\"http:\/\/sapor.twindisc.pl\/it\/mb-sr50n-efekt\/#breadcrumb\",\"itemListElement\":[{\"@type\":\"ListItem\",\"position\":1,\"name\":\"Homepage\",\"item\":\"https:\/\/sapor.twindisc.pl\/it\/\"},{\"@type\":\"ListItem\",\"position\":2,\"name\":\"MB-SR50N EFEKT\"}]},{\"@type\":\"WebSite\",\"@id\":\"https:\/\/sapor.twindisc.pl\/#website\",\"url\":\"https:\/\/sapor.twindisc.pl\/\",\"name\":\"Sapor\",\"description\":\"\",\"publisher\":{\"@id\":\"https:\/\/sapor.twindisc.pl\/#organization\"},\"potentialAction\":[{\"@type\":\"SearchAction\",\"target\":{\"@type\":\"EntryPoint\",\"urlTemplate\":\"https:\/\/sapor.twindisc.pl\/?s={search_term_string}\"},\"query-input\":{\"@type\":\"PropertyValueSpecification\",\"valueRequired\":true,\"valueName\":\"search_term_string\"}}],\"inLanguage\":\"it-IT\"},{\"@type\":\"Organization\",\"@id\":\"https:\/\/sapor.twindisc.pl\/#organization\",\"name\":\"Sapor Sp. z o. o.\",\"url\":\"https:\/\/sapor.twindisc.pl\/\",\"logo\":{\"@type\":\"ImageObject\",\"inLanguage\":\"it-IT\",\"@id\":\"https:\/\/sapor.twindisc.pl\/#\/schema\/logo\/image\/\",\"url\":\"http:\/\/sapor.twindisc.pl\/wp-content\/uploads\/2021\/04\/logo-sapor-e1618419520128.png\",\"contentUrl\":\"http:\/\/sapor.twindisc.pl\/wp-content\/uploads\/2021\/04\/logo-sapor-e1618419520128.png\",\"width\":140,\"height\":67,\"caption\":\"Sapor Sp. z o. o.\"},\"image\":{\"@id\":\"https:\/\/sapor.twindisc.pl\/#\/schema\/logo\/image\/\"},\"sameAs\":[\"https:\/\/www.facebook.com\/SAPOR.Fabryka.okien.i.drzwi\/\"]}]}<\/script>\n<!-- \/ Yoast SEO plugin. -->","yoast_head_json":{"title":"MB-SR50N EFEKT - Sapor","robots":{"index":"index","follow":"follow","max-snippet":"max-snippet:-1","max-image-preview":"max-image-preview:large","max-video-preview":"max-video-preview:-1"},"canonical":"http:\/\/sapor.twindisc.pl\/it\/mb-sr50n-efekt\/","og_locale":"it_IT","og_type":"article","og_title":"MB-SR50N EFEKT - Sapor","og_url":"http:\/\/sapor.twindisc.pl\/it\/mb-sr50n-efekt\/","og_site_name":"Sapor","article_publisher":"https:\/\/www.facebook.com\/SAPOR.Fabryka.okien.i.drzwi\/","article_modified_time":"2023-12-03T19:42:34+00:00","twitter_card":"summary_large_image","twitter_misc":{"Tempo di lettura stimato":"12 minuti"},"schema":{"@context":"https:\/\/schema.org","@graph":[{"@type":"WebPage","@id":"http:\/\/sapor.twindisc.pl\/it\/mb-sr50n-efekt\/","url":"http:\/\/sapor.twindisc.pl\/it\/mb-sr50n-efekt\/","name":"MB-SR50N EFEKT - Sapor","isPartOf":{"@id":"https:\/\/sapor.twindisc.pl\/#website"},"datePublished":"2021-06-03T10:51:39+00:00","dateModified":"2023-12-03T19:42:34+00:00","breadcrumb":{"@id":"http:\/\/sapor.twindisc.pl\/it\/mb-sr50n-efekt\/#breadcrumb"},"inLanguage":"it-IT","potentialAction":[{"@type":"ReadAction","target":["http:\/\/sapor.twindisc.pl\/it\/mb-sr50n-efekt\/"]}]},{"@type":"BreadcrumbList","@id":"http:\/\/sapor.twindisc.pl\/it\/mb-sr50n-efekt\/#breadcrumb","itemListElement":[{"@type":"ListItem","position":1,"name":"Homepage","item":"https:\/\/sapor.twindisc.pl\/it\/"},{"@type":"ListItem","position":2,"name":"MB-SR50N EFEKT"}]},{"@type":"WebSite","@id":"https:\/\/sapor.twindisc.pl\/#website","url":"https:\/\/sapor.twindisc.pl\/","name":"Sapor","description":"","publisher":{"@id":"https:\/\/sapor.twindisc.pl\/#organization"},"potentialAction":[{"@type":"SearchAction","target":{"@type":"EntryPoint","urlTemplate":"https:\/\/sapor.twindisc.pl\/?s={search_term_string}"},"query-input":{"@type":"PropertyValueSpecification","valueRequired":true,"valueName":"search_term_string"}}],"inLanguage":"it-IT"},{"@type":"Organization","@id":"https:\/\/sapor.twindisc.pl\/#organization","name":"Sapor Sp. z o. o.","url":"https:\/\/sapor.twindisc.pl\/","logo":{"@type":"ImageObject","inLanguage":"it-IT","@id":"https:\/\/sapor.twindisc.pl\/#\/schema\/logo\/image\/","url":"http:\/\/sapor.twindisc.pl\/wp-content\/uploads\/2021\/04\/logo-sapor-e1618419520128.png","contentUrl":"http:\/\/sapor.twindisc.pl\/wp-content\/uploads\/2021\/04\/logo-sapor-e1618419520128.png","width":140,"height":67,"caption":"Sapor Sp. z o. o."},"image":{"@id":"https:\/\/sapor.twindisc.pl\/#\/schema\/logo\/image\/"},"sameAs":["https:\/\/www.facebook.com\/SAPOR.Fabryka.okien.i.drzwi\/"]}]}},"_links":{"self":[{"href":"https:\/\/sapor.twindisc.pl\/it\/wp-json\/wp\/v2\/pages\/3997","targetHints":{"allow":["GET"]}}],"collection":[{"href":"https:\/\/sapor.twindisc.pl\/it\/wp-json\/wp\/v2\/pages"}],"about":[{"href":"https:\/\/sapor.twindisc.pl\/it\/wp-json\/wp\/v2\/types\/page"}],"author":[{"embeddable":true,"href":"https:\/\/sapor.twindisc.pl\/it\/wp-json\/wp\/v2\/users\/1"}],"replies":[{"embeddable":true,"href":"https:\/\/sapor.twindisc.pl\/it\/wp-json\/wp\/v2\/comments?post=3997"}],"version-history":[{"count":3,"href":"https:\/\/sapor.twindisc.pl\/it\/wp-json\/wp\/v2\/pages\/3997\/revisions"}],"predecessor-version":[{"id":7310,"href":"https:\/\/sapor.twindisc.pl\/it\/wp-json\/wp\/v2\/pages\/3997\/revisions\/7310"}],"wp:attachment":[{"href":"https:\/\/sapor.twindisc.pl\/it\/wp-json\/wp\/v2\/media?parent=3997"}],"curies":[{"name":"wp","href":"https:\/\/api.w.org\/{rel}","templated":true}]}}