{"id":7922,"date":"2023-07-30T15:50:14","date_gmt":"2023-07-30T13:50:14","guid":{"rendered":"http:\/\/sapor.twindisc.pl\/alluminio\/finestre-in-alluminio\/mb-skyline\/"},"modified":"2023-12-13T19:44:21","modified_gmt":"2023-12-13T18:44:21","slug":"mb-skyline","status":"publish","type":"page","link":"https:\/\/sapor.twindisc.pl\/it\/alluminio\/finestre-in-alluminio\/mb-skyline\/","title":{"rendered":"MB-SKYLINE"},"content":{"rendered":"<div class=\"fusion-fullwidth fullwidth-box fusion-builder-row-1 fusion-flex-container nonhundred-percent-fullwidth non-hundred-percent-height-scrolling\" style=\"--awb-border-radius-top-left:0px;--awb-border-radius-top-right:0px;--awb-border-radius-bottom-right:0px;--awb-border-radius-bottom-left:0px;--awb-flex-wrap:wrap;\" ><div class=\"fusion-builder-row fusion-row fusion-flex-align-items-flex-start fusion-flex-content-wrap\" style=\"max-width:1528.8px;margin-left: calc(-4% \/ 2 );margin-right: calc(-4% \/ 2 );\"><div class=\"fusion-layout-column fusion_builder_column fusion-builder-column-0 fusion_builder_column_1_1 1_1 fusion-flex-column\" style=\"--awb-bg-size:cover;--awb-width-large:100%;--awb-margin-top-large:0px;--awb-spacing-right-large:1.92%;--awb-margin-bottom-large:20px;--awb-spacing-left-large:1.92%;--awb-width-medium:100%;--awb-order-medium:0;--awb-spacing-right-medium:1.92%;--awb-spacing-left-medium:1.92%;--awb-width-small:100%;--awb-order-small:0;--awb-spacing-right-small:1.92%;--awb-spacing-left-small:1.92%;\"><div class=\"fusion-column-wrapper fusion-column-has-shadow fusion-flex-justify-content-flex-start fusion-content-layout-column\"><div class=\"fusion-text fusion-text-1\"><h2><span style=\"font-weight: 400;\">Finestra in alluminio MB-SKYLINE<\/span><\/h2>\n<\/div><div class=\"fusion-text fusion-text-2\"><h4><span style=\"font-weight: 400;\">Massima qualit\u00e0 e design minimalista |<em><strong> una finestra per interni moderni<\/strong><\/em><\/span><\/h4>\n<\/div><\/div><\/div><div class=\"fusion-layout-column fusion_builder_column fusion-builder-column-1 fusion_builder_column_1_2 1_2 fusion-flex-column fusion-flex-align-self-center fusion-animated\" style=\"--awb-bg-size:cover;--awb-width-large:50%;--awb-margin-top-large:0px;--awb-spacing-right-large:3.84%;--awb-margin-bottom-large:20px;--awb-spacing-left-large:3.84%;--awb-width-medium:50%;--awb-order-medium:0;--awb-spacing-right-medium:3.84%;--awb-spacing-left-medium:3.84%;--awb-width-small:100%;--awb-order-small:0;--awb-spacing-right-small:1.92%;--awb-spacing-left-small:1.92%;\" data-animationType=\"slideInLeft\" data-animationDuration=\"0.9\" data-animationOffset=\"top-into-view\"><div class=\"fusion-column-wrapper fusion-column-has-shadow fusion-flex-justify-content-flex-start fusion-content-layout-column\"><div class=\"fusion-text fusion-text-3\" style=\"--awb-font-size:18px;--awb-margin-right:10px;--awb-margin-left:10px;\"><p>Vi presentiamo la finestra in alluminio MB-SKYLINE, che rappresenta il massimo livello di qualit\u00e0 e design moderno. \u00c8 la scelta ideale per chi apprezza lo stile minimalista e vuole creare interni moderni e spaziosi. L&#8217;utilizzo di profili in alluminio garantisce la resistenza e la durata della finestra, mentre il design minimalista si adatta perfettamente alle tendenze architettoniche.<\/p>\n<\/div><\/div><\/div><div class=\"fusion-layout-column fusion_builder_column fusion-builder-column-2 fusion_builder_column_1_2 1_2 fusion-flex-column fusion-flex-align-self-center fusion-animated\" style=\"--awb-padding-top-small:0px;--awb-bg-size:cover;--awb-width-large:50%;--awb-margin-top-large:0px;--awb-spacing-right-large:3.84%;--awb-margin-bottom-large:20px;--awb-spacing-left-large:3.84%;--awb-width-medium:50%;--awb-order-medium:0;--awb-spacing-right-medium:3.84%;--awb-spacing-left-medium:3.84%;--awb-width-small:100%;--awb-order-small:0;--awb-spacing-right-small:1.92%;--awb-spacing-left-small:1.92%;\" data-animationType=\"slideInRight\" data-animationDuration=\"0.9\" data-animationOffset=\"top-into-view\"><div class=\"fusion-column-wrapper fusion-column-has-shadow fusion-flex-justify-content-flex-start fusion-content-layout-column\"><div class=\"fusion-image-element \" style=\"text-align:center;--awb-max-width:450px;--awb-caption-title-font-family:var(--h2_typography-font-family);--awb-caption-title-font-weight:var(--h2_typography-font-weight);--awb-caption-title-font-style:var(--h2_typography-font-style);--awb-caption-title-size:var(--h2_typography-font-size);--awb-caption-title-transform:var(--h2_typography-text-transform);--awb-caption-title-line-height:var(--h2_typography-line-height);--awb-caption-title-letter-spacing:var(--h2_typography-letter-spacing);\"><span class=\" fusion-imageframe imageframe-none imageframe-1 hover-type-none\"><img decoding=\"async\" width=\"519\" height=\"614\" title=\"mb-skyline-146-pl\" src=\"https:\/\/sapor.twindisc.pl\/wp-content\/uploads\/2023\/07\/mb-skyline-146-pl.jpeg\" data-orig-src=\"http:\/\/sapor.twindisc.pl\/wp-content\/uploads\/2023\/07\/mb-skyline-146-pl.jpeg\" alt class=\"lazyload img-responsive wp-image-3060\" srcset=\"data:image\/svg+xml,%3Csvg%20xmlns%3D%27http%3A%2F%2Fwww.w3.org%2F2000%2Fsvg%27%20width%3D%27519%27%20height%3D%27614%27%20viewBox%3D%270%200%20519%20614%27%3E%3Crect%20width%3D%27519%27%20height%3D%27614%27%20fill-opacity%3D%220%22%2F%3E%3C%2Fsvg%3E\" data-srcset=\"https:\/\/sapor.twindisc.pl\/wp-content\/uploads\/2023\/07\/mb-skyline-146-pl-200x237.jpeg 200w, https:\/\/sapor.twindisc.pl\/wp-content\/uploads\/2023\/07\/mb-skyline-146-pl-400x473.jpeg 400w, https:\/\/sapor.twindisc.pl\/wp-content\/uploads\/2023\/07\/mb-skyline-146-pl.jpeg 519w\" data-sizes=\"auto\" data-orig-sizes=\"(max-width: 1024px) 100vw, 519px\" \/><\/span><\/div><\/div><\/div><div class=\"fusion-layout-column fusion_builder_column fusion-builder-column-3 fusion_builder_column_1_3 1_3 fusion-flex-column fusion-flex-align-self-center fusion-animated\" style=\"--awb-bg-size:cover;--awb-width-large:33.333333333333%;--awb-margin-top-large:0px;--awb-spacing-right-large:5.76%;--awb-margin-bottom-large:20px;--awb-spacing-left-large:5.76%;--awb-width-medium:33.333333333333%;--awb-order-medium:0;--awb-spacing-right-medium:5.76%;--awb-spacing-left-medium:5.76%;--awb-width-small:100%;--awb-order-small:0;--awb-spacing-right-small:1.92%;--awb-spacing-left-small:1.92%;\" data-animationType=\"slideInLeft\" data-animationDuration=\"0.9\" data-animationOffset=\"top-into-view\"><div class=\"fusion-column-wrapper fusion-column-has-shadow fusion-flex-justify-content-flex-start fusion-content-layout-column\"><div class=\"fusion-image-element \" style=\"text-align:center;--awb-caption-title-font-family:var(--h2_typography-font-family);--awb-caption-title-font-weight:var(--h2_typography-font-weight);--awb-caption-title-font-style:var(--h2_typography-font-style);--awb-caption-title-size:var(--h2_typography-font-size);--awb-caption-title-transform:var(--h2_typography-text-transform);--awb-caption-title-line-height:var(--h2_typography-line-height);--awb-caption-title-letter-spacing:var(--h2_typography-letter-spacing);\"><span class=\" fusion-imageframe imageframe-none imageframe-2 hover-type-none\"><img decoding=\"async\" width=\"735\" height=\"1200\" title=\"skyline 001 (przekroj boczny drzwi)\" src=\"https:\/\/sapor.twindisc.pl\/wp-content\/uploads\/2023\/07\/skyline-001-przekroj-boczny-drzwi.jpeg\" data-orig-src=\"http:\/\/sapor.twindisc.pl\/wp-content\/uploads\/2023\/07\/skyline-001-przekroj-boczny-drzwi.jpeg\" alt class=\"lazyload img-responsive wp-image-3068\" srcset=\"data:image\/svg+xml,%3Csvg%20xmlns%3D%27http%3A%2F%2Fwww.w3.org%2F2000%2Fsvg%27%20width%3D%27735%27%20height%3D%271200%27%20viewBox%3D%270%200%20735%201200%27%3E%3Crect%20width%3D%27735%27%20height%3D%271200%27%20fill-opacity%3D%220%22%2F%3E%3C%2Fsvg%3E\" data-srcset=\"https:\/\/sapor.twindisc.pl\/wp-content\/uploads\/2023\/07\/skyline-001-przekroj-boczny-drzwi-200x327.jpeg 200w, https:\/\/sapor.twindisc.pl\/wp-content\/uploads\/2023\/07\/skyline-001-przekroj-boczny-drzwi-400x653.jpeg 400w, https:\/\/sapor.twindisc.pl\/wp-content\/uploads\/2023\/07\/skyline-001-przekroj-boczny-drzwi-600x980.jpeg 600w, https:\/\/sapor.twindisc.pl\/wp-content\/uploads\/2023\/07\/skyline-001-przekroj-boczny-drzwi.jpeg 735w\" data-sizes=\"auto\" data-orig-sizes=\"(max-width: 1024px) 100vw, 600px\" \/><\/span><\/div><\/div><\/div><div class=\"fusion-layout-column fusion_builder_column fusion-builder-column-4 fusion_builder_column_2_3 2_3 fusion-flex-column fusion-flex-align-self-center fusion-animated\" style=\"--awb-bg-size:cover;--awb-width-large:66.666666666667%;--awb-margin-top-large:0px;--awb-spacing-right-large:2.88%;--awb-margin-bottom-large:20px;--awb-spacing-left-large:2.88%;--awb-width-medium:66.666666666667%;--awb-order-medium:0;--awb-spacing-right-medium:2.88%;--awb-spacing-left-medium:2.88%;--awb-width-small:100%;--awb-order-small:0;--awb-spacing-right-small:1.92%;--awb-spacing-left-small:1.92%;\" data-animationType=\"slideInRight\" data-animationDuration=\"0.9\" data-animationOffset=\"top-into-view\"><div class=\"fusion-column-wrapper fusion-column-has-shadow fusion-flex-justify-content-flex-start fusion-content-layout-column\">\n<div class=\"table-2\">\n<div class=\"table-2\">\n<div class=\"table-2\">\n<div class=\"table-2\">\n<table style=\"height: 345px;\" width=\"900\">\n<thead>\n<tr>\n<th align=\"left\">Informazioni di base<\/th>\n<th align=\"left\"><\/th>\n<\/tr>\n<\/thead>\n<tbody>\n<tr>\n<td align=\"left\"><strong>Numero di riquadri<\/strong><\/td>\n<td align=\"left\">3<\/td>\n<\/tr>\n<tr>\n<td align=\"left\"><strong>Numero di guarnizioni<\/strong><\/td>\n<td align=\"left\">2<\/td>\n<\/tr>\n<tr>\n<td align=\"left\"><strong>Uw<\/strong><\/td>\n<td align=\"left\">0.9<\/td>\n<\/tr>\n<tr>\n<td align=\"left\"><strong>Profondit\u00e0 di costruzione<\/strong><\/td>\n<td align=\"left\">90 mm<\/td>\n<\/tr>\n<\/tbody>\n<\/table>\n<\/div>\n<\/div>\n<\/div>\n<\/div>\n<\/div><\/div><div class=\"fusion-layout-column fusion_builder_column fusion-builder-column-5 fusion_builder_column_2_3 2_3 fusion-flex-column fusion-flex-align-self-center fusion-animated\" style=\"--awb-bg-size:cover;--awb-width-large:66.666666666667%;--awb-margin-top-large:0px;--awb-spacing-right-large:2.88%;--awb-margin-bottom-large:20px;--awb-spacing-left-large:2.88%;--awb-width-medium:66.666666666667%;--awb-order-medium:0;--awb-spacing-right-medium:2.88%;--awb-spacing-left-medium:2.88%;--awb-width-small:100%;--awb-order-small:0;--awb-spacing-right-small:1.92%;--awb-spacing-left-small:1.92%;\" data-animationType=\"slideInLeft\" data-animationDuration=\"0.9\" data-animationOffset=\"top-into-view\"><div class=\"fusion-column-wrapper fusion-column-has-shadow fusion-flex-justify-content-flex-start fusion-content-layout-column\">\n<div class=\"table-2\">\n<div class=\"table-2\">\n<div class=\"table-2\">\n<div class=\"table-2\">\n<div class=\"table-2\">\n<table style=\"height: 345px;\" width=\"900\">\n<thead>\n<tr>\n<th align=\"left\">Parametry techniczne<\/th>\n<th align=\"left\"><\/th>\n<\/tr>\n<\/thead>\n<tbody>\n<tr>\n<td align=\"left\"><strong>Marka<\/strong><\/td>\n<td align=\"left\">Aluprof<\/td>\n<\/tr>\n<tr>\n<td align=\"left\"><strong>Maks. waga skrzyd\u0142a<\/strong><\/td>\n<td align=\"left\">160 kg<\/td>\n<\/tr>\n<tr>\n<td align=\"left\"><strong>Maks. wymiar skrzyd\u0142a<\/strong><\/td>\n<td align=\"left\">1,8 m x 2,5 m<\/td>\n<\/tr>\n<tr>\n<td align=\"left\"><b>Uw<\/b><\/td>\n<td align=\"left\">0.9<\/td>\n<\/tr>\n<tr>\n<td align=\"left\"><strong>G\u0142\u0119boko\u015b\u0107 ramy<\/strong><\/td>\n<td align=\"left\">90 mm<\/td>\n<\/tr>\n<tr>\n<td align=\"left\"><strong>G\u0142\u0119boko\u015b\u0107 skrzyd\u0142a<\/strong><\/td>\n<td align=\"left\">90 mm<\/td>\n<\/tr>\n<\/tbody>\n<\/table>\n<\/div>\n<\/div>\n<\/div>\n<\/div>\n<\/div>\n<\/div><\/div><div class=\"fusion-layout-column fusion_builder_column fusion-builder-column-6 fusion_builder_column_1_3 1_3 fusion-flex-column fusion-flex-align-self-center fusion-animated\" style=\"--awb-bg-size:cover;--awb-width-large:33.333333333333%;--awb-margin-top-large:0px;--awb-spacing-right-large:5.76%;--awb-margin-bottom-large:20px;--awb-spacing-left-large:5.76%;--awb-width-medium:33.333333333333%;--awb-order-medium:0;--awb-spacing-right-medium:5.76%;--awb-spacing-left-medium:5.76%;--awb-width-small:100%;--awb-order-small:0;--awb-spacing-right-small:1.92%;--awb-spacing-left-small:1.92%;\" data-animationType=\"slideInRight\" data-animationDuration=\"0.9\" data-animationOffset=\"top-into-view\"><div class=\"fusion-column-wrapper fusion-column-has-shadow fusion-flex-justify-content-flex-start fusion-content-layout-column\"><div class=\"fusion-image-element \" style=\"text-align:center;--awb-caption-title-font-family:var(--h2_typography-font-family);--awb-caption-title-font-weight:var(--h2_typography-font-weight);--awb-caption-title-font-style:var(--h2_typography-font-style);--awb-caption-title-size:var(--h2_typography-font-size);--awb-caption-title-transform:var(--h2_typography-text-transform);--awb-caption-title-line-height:var(--h2_typography-line-height);--awb-caption-title-letter-spacing:var(--h2_typography-letter-spacing);\"><span class=\" fusion-imageframe imageframe-none imageframe-3 hover-type-none fusion-animated\" data-animationType=\"slideInRight\" data-animationDuration=\"0.9\" data-animationOffset=\"top-into-view\"><img decoding=\"async\" width=\"1000\" height=\"905\" title=\"194.3 mb-skyline skrzydlo-stale-rynna_72dpi_logo\" src=\"https:\/\/sapor.twindisc.pl\/wp-content\/uploads\/2023\/07\/194.3-mb-skyline-skrzydlo-stale-rynna_72dpi_logo.jpg\" data-orig-src=\"http:\/\/sapor.twindisc.pl\/wp-content\/uploads\/2023\/07\/194.3-mb-skyline-skrzydlo-stale-rynna_72dpi_logo.jpg\" alt class=\"lazyload img-responsive wp-image-3072\" srcset=\"data:image\/svg+xml,%3Csvg%20xmlns%3D%27http%3A%2F%2Fwww.w3.org%2F2000%2Fsvg%27%20width%3D%271000%27%20height%3D%27905%27%20viewBox%3D%270%200%201000%20905%27%3E%3Crect%20width%3D%271000%27%20height%3D%27905%27%20fill-opacity%3D%220%22%2F%3E%3C%2Fsvg%3E\" data-srcset=\"https:\/\/sapor.twindisc.pl\/wp-content\/uploads\/2023\/07\/194.3-mb-skyline-skrzydlo-stale-rynna_72dpi_logo-200x181.jpg 200w, https:\/\/sapor.twindisc.pl\/wp-content\/uploads\/2023\/07\/194.3-mb-skyline-skrzydlo-stale-rynna_72dpi_logo-400x362.jpg 400w, https:\/\/sapor.twindisc.pl\/wp-content\/uploads\/2023\/07\/194.3-mb-skyline-skrzydlo-stale-rynna_72dpi_logo-600x543.jpg 600w, https:\/\/sapor.twindisc.pl\/wp-content\/uploads\/2023\/07\/194.3-mb-skyline-skrzydlo-stale-rynna_72dpi_logo-800x724.jpg 800w, https:\/\/sapor.twindisc.pl\/wp-content\/uploads\/2023\/07\/194.3-mb-skyline-skrzydlo-stale-rynna_72dpi_logo.jpg 1000w\" data-sizes=\"auto\" data-orig-sizes=\"(max-width: 1024px) 100vw, 600px\" \/><\/span><\/div><\/div><\/div><div class=\"fusion-layout-column fusion_builder_column fusion-builder-column-7 fusion_builder_column_1_1 1_1 fusion-flex-column fusion-flex-align-self-center fusion-animated\" style=\"--awb-bg-size:cover;--awb-width-large:100%;--awb-margin-top-large:80px;--awb-spacing-right-large:1.92%;--awb-margin-bottom-large:20px;--awb-spacing-left-large:1.92%;--awb-width-medium:100%;--awb-order-medium:0;--awb-spacing-right-medium:1.92%;--awb-spacing-left-medium:1.92%;--awb-width-small:100%;--awb-order-small:0;--awb-spacing-right-small:1.92%;--awb-spacing-left-small:1.92%;\" data-animationType=\"slideInRight\" data-animationDuration=\"0.9\" data-animationOffset=\"top-into-view\"><div class=\"fusion-column-wrapper fusion-column-has-shadow fusion-flex-justify-content-flex-start fusion-content-layout-column\"><div class=\"fusion-text fusion-text-4\"><h2>Conoscere la finestra in alluminio MB-SKYLINE<\/h2>\n<p>Vi presentiamo la finestra in alluminio MB-SKYLINE, che rappresenta il massimo livello di qualit\u00e0 e design moderno. \u00c8 la scelta ideale per chi apprezza lo stile minimalista e vuole creare interni moderni e spaziosi. L&#8217;utilizzo di profili in alluminio garantisce la resistenza e la durata della finestra, mentre il design minimalista si adatta perfettamente alle tendenze architettoniche.<\/p>\n<h2>A chi consigliamo la finestra in alluminio MB-SKYLINE?<\/h2>\n<p>A chi cerca finestre esclusive con una lavorazione di altissima qualit\u00e0.<\/p>\n<p>A designer e architetti che desiderano creare interni moderni con un carattere spazioso.<\/p>\n<p>Quali clienti finali dovrebbero essere interessati alle finestre in alluminio MB-SKYLINE?<\/p>\n<p>Clienti che apprezzano il design moderno, le forme minimaliste e le soluzioni eleganti.<\/p>\n<p>Persone che richiedono eccellenti prestazioni termiche e acustiche per le loro finestre.<\/p>\n<p>Una buona alternativa alle finestre in alluminio MB-SKYLINE &#8211; Sch\u00fcco AWS 75.SI<\/p>\n<p>Se cercate finestre simili ad alte prestazioni, vale la pena considerare un&#8217;alternativa come la finestra Sch\u00fcco AWS 75.SI, che offre un eccellente isolamento termico e acustico.<\/p>\n<h3>Maggiori informazioni sul produttore di finestre in alluminio MB-SKYLINE<\/h3>\n<p>ALUPROF \u00e8 un rispettato produttore di sistemi in alluminio che da anni offre soluzioni di altissima qualit\u00e0 sul mercato. Le sue finestre sono caratterizzate da una lavorazione precisa e da un&#8217;attenta cura dei dettagli.<\/p>\n<p>I punti di forza della finestra in alluminio MB-SKYLINE<\/p>\n<p>&#8211; Un profilo dal design minimalista che d\u00e0 l&#8217;impressione di leggerezza e spazio.<\/p>\n<p>&#8211; L&#8217;utilizzo di tecnologie avanzate che garantiscono un eccellente isolamento termico.<\/p>\n<h2>Sintesi della finestra in alluminio MB-SKYLINE<\/h2>\n<p>La finestra in alluminio MB-SKYLINE \u00e8 sinonimo di eleganza e modernit\u00e0. Il suo design unico permette di creare spazi armoniosi, garantendo una lavorazione di alta qualit\u00e0 e prestazioni termiche eccellenti. \u00c8 la scelta perfetta per chi desidera enfatizzare l&#8217;unicit\u00e0 dei propri interni, prestando attenzione al comfort e al risparmio energetico. MB-SKYLINE \u00e8 una combinazione di funzionalit\u00e0, durata ed estetica che sicuramente soddisfer\u00e0 le aspettative dei clienti pi\u00f9 esigenti.<\/p>\n<\/div><\/div><\/div><\/div><\/div>\n","protected":false},"excerpt":{"rendered":"","protected":false},"author":1,"featured_media":0,"parent":4351,"menu_order":0,"comment_status":"closed","ping_status":"closed","template":"","meta":{"footnotes":""},"class_list":["post-7922","page","type-page","status-publish","hentry"],"yoast_head":"<!-- This site is optimized with the Yoast SEO plugin v26.5 - https:\/\/yoast.com\/wordpress\/plugins\/seo\/ -->\n<title>MB-SKYLINE - Sapor<\/title>\n<meta name=\"robots\" content=\"index, follow, max-snippet:-1, max-image-preview:large, max-video-preview:-1\" \/>\n<link rel=\"canonical\" href=\"https:\/\/sapor.twindisc.pl\/it\/alluminio\/finestre-in-alluminio\/mb-skyline\/\" \/>\n<meta property=\"og:locale\" content=\"it_IT\" \/>\n<meta property=\"og:type\" content=\"article\" \/>\n<meta property=\"og:title\" content=\"MB-SKYLINE - Sapor\" \/>\n<meta property=\"og:url\" content=\"https:\/\/sapor.twindisc.pl\/it\/alluminio\/finestre-in-alluminio\/mb-skyline\/\" \/>\n<meta property=\"og:site_name\" content=\"Sapor\" \/>\n<meta property=\"article:publisher\" content=\"https:\/\/www.facebook.com\/SAPOR.Fabryka.okien.i.drzwi\/\" \/>\n<meta property=\"article:modified_time\" content=\"2023-12-13T18:44:21+00:00\" \/>\n<meta name=\"twitter:card\" content=\"summary_large_image\" \/>\n<meta name=\"twitter:label1\" content=\"Tempo di lettura stimato\" \/>\n\t<meta name=\"twitter:data1\" content=\"8 minuti\" \/>\n<script type=\"application\/ld+json\" class=\"yoast-schema-graph\">{\"@context\":\"https:\/\/schema.org\",\"@graph\":[{\"@type\":\"WebPage\",\"@id\":\"https:\/\/sapor.twindisc.pl\/it\/alluminio\/finestre-in-alluminio\/mb-skyline\/\",\"url\":\"https:\/\/sapor.twindisc.pl\/it\/alluminio\/finestre-in-alluminio\/mb-skyline\/\",\"name\":\"MB-SKYLINE - Sapor\",\"isPartOf\":{\"@id\":\"https:\/\/sapor.twindisc.pl\/#website\"},\"datePublished\":\"2023-07-30T13:50:14+00:00\",\"dateModified\":\"2023-12-13T18:44:21+00:00\",\"breadcrumb\":{\"@id\":\"https:\/\/sapor.twindisc.pl\/it\/alluminio\/finestre-in-alluminio\/mb-skyline\/#breadcrumb\"},\"inLanguage\":\"it-IT\",\"potentialAction\":[{\"@type\":\"ReadAction\",\"target\":[\"https:\/\/sapor.twindisc.pl\/it\/alluminio\/finestre-in-alluminio\/mb-skyline\/\"]}]},{\"@type\":\"BreadcrumbList\",\"@id\":\"https:\/\/sapor.twindisc.pl\/it\/alluminio\/finestre-in-alluminio\/mb-skyline\/#breadcrumb\",\"itemListElement\":[{\"@type\":\"ListItem\",\"position\":1,\"name\":\"Homepage\",\"item\":\"https:\/\/sapor.twindisc.pl\/it\/\"},{\"@type\":\"ListItem\",\"position\":2,\"name\":\"Alluminio\",\"item\":\"http:\/\/sapor.twindisc.pl\/it\/alluminio\/\"},{\"@type\":\"ListItem\",\"position\":3,\"name\":\"Finestre in alluminio\",\"item\":\"https:\/\/sapor.twindisc.pl\/it\/alluminio\/finestre-in-alluminio\/\"},{\"@type\":\"ListItem\",\"position\":4,\"name\":\"MB-SKYLINE\"}]},{\"@type\":\"WebSite\",\"@id\":\"https:\/\/sapor.twindisc.pl\/#website\",\"url\":\"https:\/\/sapor.twindisc.pl\/\",\"name\":\"Sapor\",\"description\":\"\",\"publisher\":{\"@id\":\"https:\/\/sapor.twindisc.pl\/#organization\"},\"potentialAction\":[{\"@type\":\"SearchAction\",\"target\":{\"@type\":\"EntryPoint\",\"urlTemplate\":\"https:\/\/sapor.twindisc.pl\/?s={search_term_string}\"},\"query-input\":{\"@type\":\"PropertyValueSpecification\",\"valueRequired\":true,\"valueName\":\"search_term_string\"}}],\"inLanguage\":\"it-IT\"},{\"@type\":\"Organization\",\"@id\":\"https:\/\/sapor.twindisc.pl\/#organization\",\"name\":\"Sapor Sp. z o. o.\",\"url\":\"https:\/\/sapor.twindisc.pl\/\",\"logo\":{\"@type\":\"ImageObject\",\"inLanguage\":\"it-IT\",\"@id\":\"https:\/\/sapor.twindisc.pl\/#\/schema\/logo\/image\/\",\"url\":\"http:\/\/sapor.twindisc.pl\/wp-content\/uploads\/2021\/04\/logo-sapor-e1618419520128.png\",\"contentUrl\":\"http:\/\/sapor.twindisc.pl\/wp-content\/uploads\/2021\/04\/logo-sapor-e1618419520128.png\",\"width\":140,\"height\":67,\"caption\":\"Sapor Sp. z o. o.\"},\"image\":{\"@id\":\"https:\/\/sapor.twindisc.pl\/#\/schema\/logo\/image\/\"},\"sameAs\":[\"https:\/\/www.facebook.com\/SAPOR.Fabryka.okien.i.drzwi\/\"]}]}<\/script>\n<!-- \/ Yoast SEO plugin. -->","yoast_head_json":{"title":"MB-SKYLINE - Sapor","robots":{"index":"index","follow":"follow","max-snippet":"max-snippet:-1","max-image-preview":"max-image-preview:large","max-video-preview":"max-video-preview:-1"},"canonical":"https:\/\/sapor.twindisc.pl\/it\/alluminio\/finestre-in-alluminio\/mb-skyline\/","og_locale":"it_IT","og_type":"article","og_title":"MB-SKYLINE - Sapor","og_url":"https:\/\/sapor.twindisc.pl\/it\/alluminio\/finestre-in-alluminio\/mb-skyline\/","og_site_name":"Sapor","article_publisher":"https:\/\/www.facebook.com\/SAPOR.Fabryka.okien.i.drzwi\/","article_modified_time":"2023-12-13T18:44:21+00:00","twitter_card":"summary_large_image","twitter_misc":{"Tempo di lettura stimato":"8 minuti"},"schema":{"@context":"https:\/\/schema.org","@graph":[{"@type":"WebPage","@id":"https:\/\/sapor.twindisc.pl\/it\/alluminio\/finestre-in-alluminio\/mb-skyline\/","url":"https:\/\/sapor.twindisc.pl\/it\/alluminio\/finestre-in-alluminio\/mb-skyline\/","name":"MB-SKYLINE - Sapor","isPartOf":{"@id":"https:\/\/sapor.twindisc.pl\/#website"},"datePublished":"2023-07-30T13:50:14+00:00","dateModified":"2023-12-13T18:44:21+00:00","breadcrumb":{"@id":"https:\/\/sapor.twindisc.pl\/it\/alluminio\/finestre-in-alluminio\/mb-skyline\/#breadcrumb"},"inLanguage":"it-IT","potentialAction":[{"@type":"ReadAction","target":["https:\/\/sapor.twindisc.pl\/it\/alluminio\/finestre-in-alluminio\/mb-skyline\/"]}]},{"@type":"BreadcrumbList","@id":"https:\/\/sapor.twindisc.pl\/it\/alluminio\/finestre-in-alluminio\/mb-skyline\/#breadcrumb","itemListElement":[{"@type":"ListItem","position":1,"name":"Homepage","item":"https:\/\/sapor.twindisc.pl\/it\/"},{"@type":"ListItem","position":2,"name":"Alluminio","item":"http:\/\/sapor.twindisc.pl\/it\/alluminio\/"},{"@type":"ListItem","position":3,"name":"Finestre in alluminio","item":"https:\/\/sapor.twindisc.pl\/it\/alluminio\/finestre-in-alluminio\/"},{"@type":"ListItem","position":4,"name":"MB-SKYLINE"}]},{"@type":"WebSite","@id":"https:\/\/sapor.twindisc.pl\/#website","url":"https:\/\/sapor.twindisc.pl\/","name":"Sapor","description":"","publisher":{"@id":"https:\/\/sapor.twindisc.pl\/#organization"},"potentialAction":[{"@type":"SearchAction","target":{"@type":"EntryPoint","urlTemplate":"https:\/\/sapor.twindisc.pl\/?s={search_term_string}"},"query-input":{"@type":"PropertyValueSpecification","valueRequired":true,"valueName":"search_term_string"}}],"inLanguage":"it-IT"},{"@type":"Organization","@id":"https:\/\/sapor.twindisc.pl\/#organization","name":"Sapor Sp. z o. o.","url":"https:\/\/sapor.twindisc.pl\/","logo":{"@type":"ImageObject","inLanguage":"it-IT","@id":"https:\/\/sapor.twindisc.pl\/#\/schema\/logo\/image\/","url":"http:\/\/sapor.twindisc.pl\/wp-content\/uploads\/2021\/04\/logo-sapor-e1618419520128.png","contentUrl":"http:\/\/sapor.twindisc.pl\/wp-content\/uploads\/2021\/04\/logo-sapor-e1618419520128.png","width":140,"height":67,"caption":"Sapor Sp. z o. o."},"image":{"@id":"https:\/\/sapor.twindisc.pl\/#\/schema\/logo\/image\/"},"sameAs":["https:\/\/www.facebook.com\/SAPOR.Fabryka.okien.i.drzwi\/"]}]}},"_links":{"self":[{"href":"https:\/\/sapor.twindisc.pl\/it\/wp-json\/wp\/v2\/pages\/7922","targetHints":{"allow":["GET"]}}],"collection":[{"href":"https:\/\/sapor.twindisc.pl\/it\/wp-json\/wp\/v2\/pages"}],"about":[{"href":"https:\/\/sapor.twindisc.pl\/it\/wp-json\/wp\/v2\/types\/page"}],"author":[{"embeddable":true,"href":"https:\/\/sapor.twindisc.pl\/it\/wp-json\/wp\/v2\/users\/1"}],"replies":[{"embeddable":true,"href":"https:\/\/sapor.twindisc.pl\/it\/wp-json\/wp\/v2\/comments?post=7922"}],"version-history":[{"count":2,"href":"https:\/\/sapor.twindisc.pl\/it\/wp-json\/wp\/v2\/pages\/7922\/revisions"}],"predecessor-version":[{"id":7932,"href":"https:\/\/sapor.twindisc.pl\/it\/wp-json\/wp\/v2\/pages\/7922\/revisions\/7932"}],"up":[{"embeddable":true,"href":"https:\/\/sapor.twindisc.pl\/it\/wp-json\/wp\/v2\/pages\/4351"}],"wp:attachment":[{"href":"https:\/\/sapor.twindisc.pl\/it\/wp-json\/wp\/v2\/media?parent=7922"}],"curies":[{"name":"wp","href":"https:\/\/api.w.org\/{rel}","templated":true}]}}